{"id":5062,"date":"2023-11-22T06:08:24","date_gmt":"2023-11-22T05:08:24","guid":{"rendered":"https:\/\/kozeliving.com\/boot-stoelverwarming\/"},"modified":"2025-03-20T16:30:28","modified_gmt":"2025-03-20T15:30:28","slug":"boot-stoelverwarming","status":"publish","type":"page","link":"https:\/\/kozeliving.com\/nl\/boot-stoelverwarming\/","title":{"rendered":"Boot"},"content":{"rendered":"\r\n<h1 data-pm-slice=\"1 1 []\">Nachtzweten Oorzaak &amp; Oplossing<\/h1>\r\n<nav aria-label=\"breadcrumbs\">\r\n<p><a href=\"https:\/\/kozeliving.com\/nl\/\">Home<\/a> &#8211; Boot<\/p>\r\n<\/nav>\r\n<h2 data-pm-slice=\"1 1 []\">Waarom heb je last van nachtzweten?<\/h2>\r\n<p>Nachtzweten kan diverse oorzaken hebben:<\/p>\r\n<ul data-spread=\"false\">\r\n<li>Hormonale veranderingen (menopauze)<\/li>\r\n<li>Stress en angst<\/li>\r\n<li>Warme slaapkamer<\/li>\r\n<li>Oncomfortabel beddengoed<\/li>\r\n<li>Medicatie en medische aandoeningen<\/li>\r\n<\/ul>\r\n<p>Maar \u00e9\u00e9n ding is duidelijk: nachtzweten kan je nachtrust ernstig verstoren en je energie overdag be\u00efnvloeden.<\/p>\r\n<p><img decoding=\"async\" title=\"Koz-e reel 6_8_4\" src=\"https:\/\/kozeliving.com\/wp-content\/uploads\/2025\/03\/Koz-e-reel-6_8_4-scaled.jpg\" alt=\"Koz-e reel 6_8_4\" width=\"2560\" height=\"1440\" \/> <img decoding=\"async\" title=\"KOZ-E Sleep Cool&amp;Warm Matras Topper (2)\" src=\"https:\/\/kozeliving.com\/wp-content\/uploads\/2024\/03\/KOZ-E-Sleep-CoolWarm-Matras-Topper-2.gif\" alt=\"KOZ-E Sleep Cool&amp;Warm Matras Topper (2)\" width=\"768\" height=\"432\" \/><\/p>\r\n<h2 data-pm-slice=\"1 3 []\">Hoe KOZ-E Sleep je helpt nachtzweten te stoppen<\/h2>\r\n<p>KOZ-E Sleep is een innovatieve matrastopper die actief je bedtemperatuur reguleert. Door je lichaamstemperatuur tijdens de slaap te verlagen, biedt KOZ-E Sleep een natuurlijke en effectieve oplossing tegen nachtzweten.<\/p>\r\n<h3>Voordelen van KOZ-E Sleep:<\/h3>\r\n<ul data-spread=\"false\">\r\n<li>Actieve temperatuurregeling tussen 12\u00b0C en 48\u00b0C<\/li>\r\n<li>Verbetert slaapkwaliteit en vermindert nachtelijk ontwaken<\/li>\r\n<li>Energiezuinig alternatief voor airconditioning<\/li>\r\n<li>Getest en goedgekeurd door slaapexperts van Auping en Morgana<\/li>\r\n<\/ul>\r\n<p><a href=\"https:\/\/kozeliving.com\/nl\/product\/koz-e-sleep-koel-matras-topper\/\" target=\"_self\"> Shop nu <\/a><\/p>\r\n<h2 data-pm-slice=\"1 1 []\">Ervaringen van onze klanten<\/h2>\r\n<p>&#8220;Sinds ik KOZ-E Sleep gebruik,<\/p>\r\n<p>slaap ik eindelijk zonder nachtelijk<\/p>\r\n<p>zweten. Ik voel me &#8217;s ochtends fris<\/p>\r\n<p>en uitgerust!&#8221; &#8211; Anne, 52 jaar<\/p>\r\n<h2>Probeer KOZ-E Sleep<br \/>risico vrij voor 30dagen<\/h2>\r\n<p>Wij geloven de transformerende kracht van een perfecte nachtrust bij de juiste slaaptemperatuur.Daarom bieden we je de kans om onze temperatuurregulerende matrastopper 30 dagen lang volledig risicovrij uit te proberen.<\/p>\r\n<p><a target=\"_self\"> Nu Bestel <\/a><\/p>\r\n<p><strong>Hoe Het Werkt:<\/strong><\/p>\r\n<p><strong>Bestel je KOZ-E Matrastopper<\/strong>: Plaats je bestelling en leg de topper op je matras.<\/p>\r\n<p><strong>Ervaar KOZ-E Sleep gedurende 30 dagen<\/strong>: Geniet van een comfortabele nachtrust en<\/p>\r\n<p>ontdek\u00a0hoe onze topper je slaapkwaliteit verbetert.<\/p>\r\n<p><strong>Tevreden of geld terug<\/strong>: Als je niet helemaal tevreden bent, stuur het dan binnen 30 dagen<\/p>\r\n<p>terug voor een volledige terugbetaling. Geen zorgen.<\/p>\r\n<p><img decoding=\"async\" title=\"Cool&amp;Warm Matras Topper\" src=\"https:\/\/kozeliving.com\/wp-content\/uploads\/2023\/12\/CoolWarm-Matras-Topper.png\" alt=\"Cool&amp;Warm Matras Topper\" width=\"2000\" height=\"2000\" \/><\/p>\r\n","protected":false},"excerpt":{"rendered":"<p>Nachtzweten Oorzaak &amp; Oplossing Home &#8211; Boot Waarom heb je last van nachtzweten? Nachtzweten kan diverse oorzaken hebben: Hormonale veranderingen (menopauze) Stress en angst Warme slaapkamer Oncomfortabel beddengoed Medicatie en medische aandoeningen Maar \u00e9\u00e9n ding is duidelijk: nachtzweten kan je nachtrust ernstig verstoren en je energie overdag be\u00efnvloeden. Hoe KOZ-E Sleep je helpt nachtzweten te&hellip;<\/p>\n","protected":false},"author":1,"featured_media":0,"parent":0,"menu_order":0,"comment_status":"closed","ping_status":"closed","template":"","meta":{"_acf_changed":false,"inline_featured_image":false,"footnotes":""},"class_list":["post-5062","page","type-page","status-publish","hentry"],"acf":[],"_links":{"self":[{"href":"https:\/\/kozeliving.com\/nl\/wp-json\/wp\/v2\/pages\/5062","targetHints":{"allow":["GET"]}}],"collection":[{"href":"https:\/\/kozeliving.com\/nl\/wp-json\/wp\/v2\/pages"}],"about":[{"href":"https:\/\/kozeliving.com\/nl\/wp-json\/wp\/v2\/types\/page"}],"author":[{"embeddable":true,"href":"https:\/\/kozeliving.com\/nl\/wp-json\/wp\/v2\/users\/1"}],"replies":[{"embeddable":true,"href":"https:\/\/kozeliving.com\/nl\/wp-json\/wp\/v2\/comments?post=5062"}],"version-history":[{"count":0,"href":"https:\/\/kozeliving.com\/nl\/wp-json\/wp\/v2\/pages\/5062\/revisions"}],"wp:attachment":[{"href":"https:\/\/kozeliving.com\/nl\/wp-json\/wp\/v2\/media?parent=5062"}],"curies":[{"name":"wp","href":"https:\/\/api.w.org\/{rel}","templated":true}]}}