{"id":13384,"date":"2026-03-18T11:36:36","date_gmt":"2026-03-18T10:36:36","guid":{"rendered":"https:\/\/staging.kozeliving.com\/matraskoeler-voor-partner-die-het-te-warm-krijgt-in-bed\/"},"modified":"2026-03-25T13:01:16","modified_gmt":"2026-03-25T12:01:16","slug":"partner-te-warm-in-bed","status":"publish","type":"page","link":"https:\/\/kozeliving.com\/nl\/partner-te-warm-in-bed\/","title":{"rendered":"Partner te warm in bed? Slaap weer fris naast een hete slaper met CoolSleep\u00ae"},"content":{"rendered":"\n<h2>\n\t\t\tCoolSleep\t<\/h2>\n<h1>\n\t\t\tPartner te warm in bed? Ontdek<br \/>het verkoelend topmatras,<br \/>slaap weer fris samen\t<\/h1>\n\t\t\t<a href=\"https:\/\/kozeliving.com\/nl\/product\/coolsleep-matras-koeler\/\"  target=\"_self\">\n\t\t\t\t\t\t\tontdek CoolSleep\u00ae collectie\n\t\t\t\t\t<\/a>\n\t\t\t\t\t\t\t<img decoding=\"async\" src=\"https:\/\/kozeliving.com\/wp-content\/uploads\/2026\/03\/icoon-houd-je-lichaam-koel-grey.png\" alt=\"icoon - houd je lichaam koel - grey\" width=\"568\" height=\"568\" title=\"\">\n\t\t\t\t\t\t<h4>CoolSleep  <\/h4>\t\t\t\t\t\n\t\t\t\t\t<p>individuele temperatuurregeling<\/p>\t\t\t\t\n\t\t\t\t\t\t\t<img decoding=\"async\" src=\"https:\/\/kozeliving.com\/wp-content\/uploads\/2026\/02\/icoon-past-op-elk-matras-grey.png\" alt=\"icoon - past op elk matras - grey\" width=\"568\" height=\"568\" title=\"\">\n\t\t\t\t\t\t<h4>CoolSleep<\/h4>\t\t\t\t\t\n\t\t\t\t\t<p>geen straling in bed<\/p>\t\t\t\t\n\t\t\t\t\t\t\t<img decoding=\"async\" src=\"https:\/\/kozeliving.com\/wp-content\/uploads\/2026\/03\/icoon-maximal-hygiene-in-bed-grey.png\" alt=\"icoon - maximal hygie\u0308ne in bed - grey\" width=\"568\" height=\"568\" title=\"\">\n\t\t\t\t\t\t<h4>CoolSleep<\/h4>\t\t\t\t\t\n\t\t\t\t\t<p>past op elk matras<\/p>\t\t\t\t\n\t<iframe allowfullscreen allow=\"autoplay\" data-src=\"https:\/\/www.youtube-nocookie.com\/embed\/4X9FUzOHLhQ?feature=oembed&amp;autoplay=1&amp;playlist=4X9FUzOHLhQ&amp;start=3&amp;end=15&amp;wmode=opaque&amp;loop=1&amp;controls=1&amp;mute=1&amp;rel=0&amp;modestbranding=1\"><\/iframe>\t\t\n\t\t\t\t\tPlay Video\n<h2>\n\t\t\tSlaap weer fris naast een hete slaper: De kracht van een verkoelend topmatras \t<\/h2>\n<h3>\n\t\t\tCoolSlaap samen fris, Slaap fris naast een warme slaper\t<\/h3>\n\tVeel stellen kunnen het niet eens worden over de ideale temperatuur in bed. Dit verschil in lichaamstemperatuur tussen man en vrouw kan op den duur een bron van irritatie worden. De \u00e9\u00e9n wil het behaaglijk warm hebben, de ander is een van de vele hete slapers die juist snakt naar een verkoelend topmatras.<br \/>\nRuzie maken over het slaapklimaat is echt niet nodig. Met het Koz-E CoolSleep verkoelend topmatras (ook wel matras topper genoemd) reguleer je de temperatuur per persoon. Zo is nachtzweten verleden tijd en slapen jij en jouw partner voortaan allebei op je eigen favoriete temperatuur\n\t\t<h4>Houd je matras koel, de hele nacht door met jouw eigen standje<\/h4>\n\t\t\t<a href=\"https:\/\/kozeliving.com\/nl\/coolsleep\"  target=\"_self\">\n\t\t\t\t\t\t\tontdek hoe CoolSleep werkt\n\t\t\t\t\t<\/a>\n<h2>\n\t\t\tCoolSleep: E\u00e9n bed, twee temperaturen. Eindelijk een manier om in harmonie te slapen zonder oververhitting \t<\/h2>\n<h3>\n\t\t\tSlaap fris en in harmonie naast je partner zonder oververhitting\t<\/h3>\n\t<p>CoolSleep is d\u00e9 comfortabele oplossing voor zowel hete slapers als koude slapers in \u00e9\u00e9n bed. Onze verkoelende topmatras\u00a0 zijn 90 centimeter breed, waardoor er precies twee naast elkaar passen op een standaard tweepersoonsbed. Zo kunnen jullie allebei je eigen ideale slaapklimaat beheren en het natuurlijke verschil in lichaamstemperatuur tussen man en vrouw overbruggen. Een optimale temperatuur is essentieel voor een diepe nachtrust; je valt sneller in slaap en voorkomt zweten in slaap of onnodig woelen. Met de eenvoudig vanuit bed te bedienen regelunit pas je de temperatuur aan op jouw kant aan van 12\u00b0C tot maar liefst 48\u00b0C. In tegenstelling tot een verkoelend deken of verkoelende dekbed, koelt CoolSleep\u00ae je matras direct bij de bron. Geniet van een ongestoorde nachtrust zonder concessies te doen aan je partner.&#8221;<\/p>\n\t\t<h2>Stop met apart slapen omdat je partner het te warm heeft<\/h2>\n\t\t<p>Herinner je de intimiteit van je huwelijksreis &#8211; slaap fris en blijf dichtbij met de KOZ-E CoolSleep matraskoeler.<\/p>\n\t\t\t<a href=\"https:\/\/kozeliving.com\/nl\/product\/coolsleep-matras-koeler\/\"  target=\"_self\">\n\t\t\t\t\t\t\tprobeer 30nachten CoolSleep thuis\n\t\t\t\t\t<\/a>\n<h2>\n\t\t\tCoolSleep is de coolste oplossing voor een partner die te warm slaapt \t<\/h2>\n<h3>\n\t\t\tNeutraliseer overtollige lichaamswarmte en behoud de hele nacht het perfecte slaapklimaat van 18\u00b0C.\t<\/h3>\n\t<p>Wordt de lichaamstemperatuur van je partner te warm in bed, waardoor jullie allebei midden in de nacht wakker worden? De oplossing voor een onrustige nacht kan eenvoudiger zijn dan je denkt. Voor de meeste mensen ligt de optimale slaaptemperatuur rond de 18\u00b0C tot 19\u00b0C. Dikke dekbedden, een warme kamer of de interne lichaamswarmte van je partner kunnen er echter voor zorgen dat het bed oververhit raakt. Als je partner het te warm krijgt in bed, verstoort dat de diepe slaapcyclus voor iedereen. Met KOZ-E CoolSleep kun je de bedtemperatuur neutraliseren en eindelijk de hele nacht fris blijven slapen.<\/p>\n\t\t<h5><a href=\"https:\/\/kozeliving.com\/nl\/wetenschappelijk-bewijs\/\" target=\"_self\">Koel slapen heeft nog meer te bieden. het is zo belangrijk voor je gezondheid<\/a><\/h5><p>CoolSleep helpt je sneller en ononderbroken in slaap te vallen. Vertrouwd door slaapexperts, gedekt door 3 jaar garantie.<\/p>\n\t\t\t<a href=\"https:\/\/kozeliving.com\/nl\/wetenschappelijk-bewijs\/\"  target=\"_self\">\n\t\t\t\t\t\t\tbekijken meer info over slaap \n\t\t\t\t\t<\/a>\n<h2>\n\t\t\tCoolSleep: Maak samen slapen weer leuk en liefdvol\t<\/h2>\n<h3>\n\t\t\tGeen afstand meer door de hitte, maar alle ruimte voor echte intimiteit.\t<\/h3>\n\t<p>Als je partner het te warm heeft in bed, is intimiteit het eerste dat verdwijnt. Je kunt gedwongen worden om op de rand van de matras te slapen &#8211; of zelfs in aparte kamers &#8211; alleen maar om koel te blijven. Dit verstoort niet alleen je slaap, maar cre\u00ebert ook afstand tussen jullie. KOZ-E CoolSleep is speciaal ontworpen om jullie beiden koel en comfortabel te houden terwijl jullie samen slapen. Met behulp van actieve koeltechnologie voert het overtollige warmte af, waardoor je koel en comfortabel blijft terwijl je knuffelt om te slapen zonder dat je je oververhit voelt. Als je wakker wordt, voel je je dichter bij elkaar dan ooit tevoren.<\/p>\n\t\t<h5>Slaap fris en in harmonie naast je partner  <\/h5>\n\t\t<p>Gewoon het plezier om samen fris wakker te worden, elke ochtend weer.<\/p>\n\t\t\t<a href=\"https:\/\/kozeliving.com\/nl\/product\/coolsleep-matras-koeler\/\"  target=\"_self\">\n\t\t\t\t\t\t\tstart 30 nachten proefabonnement\n\t\t\t\t\t<\/a>\n<h2>\n\t\t\tCoolSleep: Verkoelende matras topper die je het hele jaar door fris houdt en nachtelijk zweten voorkomt\t<\/h2>\n<h3>\n\t\t\tWord droog, fris en klaar voor de dag wakker.\t<\/h3>\n\t<p>Drijfnat van het zweet wakker worden is een van de meest vermoeiende manieren om je dag te beginnen. Het is niet alleen ongemakkelijk; het verstoort ook het natuurlijke herstelproces van je lichaam. Of het nu wordt veroorzaakt door hormonale veranderingen, een hoge stofwisseling of gewoon omdat je partner het te warm krijgt in bed vanwege een hoge spiermassa, nachtelijk zweten is een duidelijk teken dat je slaapklimaat uit balans is.  <\/p>\n<p>Onze CoolSleep koelmatras topper houdt je huid droog en je lichaam op de optimale temperatuur. Geen vochtige lakens of nachtelijk zweten meer &#8211; gewoon een diepe, ononderbroken slaap zodat je verfrist wakker wordt. <\/p>\n\t\t<p>Probeer het thuis 30 nachten lang. Niet tevreden? Geld terug.<\/p>\n\t\t\t<a href=\"https:\/\/kozeliving.com\/nl\/product\/coolsleep-matras-koeler\/\"  target=\"_self\">\n\t\t\t\t\t\t\tvind jouw ideale standje\n\t\t\t\t\t<\/a>\n<h2>\n\t\t\tDe koelkracht van water, de meest effici\u00ebnte bron in de natuur om de bedtemperatuur aan te passen\t<\/h2>\n<h3>\n\t\t\tErvaar de natuurlijke effici\u00ebntie van een watergekoeld slaapsysteem voor warmteregeling, van 12\u00b0C tot 48\u00b0C.\t<\/h3>\n\t<p>Met KOZ-E CoolSleep hebt je volledige controle over je slaapklimaat, en dat met een eenvoudige bediening vanuit je bed. De fluisterstille matraskoeler naast je bed circuleert gekoeld water door de matrashoes, waardoor dit de meest effectieve watergekoelde matrasoplossing is. Geen elektriciteit of straling onder de dekens dus, alleen de verkoelende kracht van water.<\/p>\n<figure itemscope itemtype=\"https:\/\/schema.org\/ImageObject\">\n\t\t\t\t<img decoding=\"async\" src=\"https:\/\/kozeliving.com\/wp-content\/uploads\/2024\/05\/KOZ-E_01-23-1200x1200-1.png\" alt=\"beheizte Matratzen\" height=\"2712\" width=\"3014\" title=\"KOZ-E_01-23-1200x1200\" onerror=\"this.style.display='none'\" loading=\"lazy\" \/>\n\t<\/figure>\n\t\t<h5>Ben je klaar voor CoolSleep-nachten?<\/h5>\n\t\t<p>Maak er gebruik van en kijk hoe het je diepe slaap be\u00efnvloedt:<\/p>\n<ul>\n<li>30 nachten zonder risico uitproberen<\/li>\n<li>3 jaar garantie<\/li>\n<li>Nederlands bedrijf<\/li>\n<li>Gratis en snelle levering<\/li>\n<\/ul>\n\n\t\t\t<a href=\"https:\/\/kozeliving.com\/nl\/product\/coolsleep-matras-koeler\/\"  target=\"_self\">\n\t\t\t\t\t\t\tshop nu CoolSleep\n\t\t\t\t\t<\/a>\n<h2>CoolSleep matras koeler<\/h2>\n<p><bdi>&euro;735.00<\/bdi><\/p>\n\t<p>Effici\u00ebnte matras koeler (12 \u00b0C &#8211; 48 \u00b0C), speciaal ontworpen voor hete slapers, die sneller in slaap vallen en de hele nacht heerlijk fris blijven.<\/p>\n\t<a \n\t\thref=\"https:\/\/kozeliving.com\/nl\/product\/coolsleep-matras-koeler\/\" \n\t\ttarget=\"_self\" \n\t\t\t\tclass=\"button woopack-product-button woopack-product-button-custom\">\n\t\tLees meer\t<\/a>\n  <!-- product-content -->\n\t\t\t <!-- summary -->\n\t\t <!-- woopack-single-product -->\n\t\t\t<a href=\"https:\/\/kozeliving.com\/nl\/product\/matras-verwarmer\/\"  target=\"_blank\" rel=\"noopener\"    rel=\"noopener\">\n\t\t\t\t\t\t\t30 nachten zonder risico uitproberen\n\t\t\t\t\t<\/a>\n\t\t\t<a href=\"https:\/\/kozeliving.com\/nl\/product\/matras-verwarmer\/\"  target=\"_blank\" rel=\"noopener\"    rel=\"noopener\">\n\t\t\t\t\t\t\t3 jaar garantie\n\t\t\t\t\t<\/a>\n\t\t\t<a href=\"https:\/\/kozeliving.com\/nl\/product\/matras-verwarmer\/\"  target=\"_blank\" rel=\"noopener\"    rel=\"noopener\">\n\t\t\t\t\t\t\tNederlands bedrijf\n\t\t\t\t\t<\/a>\n\t\t\t<a href=\"https:\/\/kozeliving.com\/nl\/product\/matras-verwarmer\/\"  target=\"_blank\" rel=\"noopener\"    rel=\"noopener\">\n\t\t\t\t\t\t\tGratis en snelle levering\n\t\t\t\t\t<\/a>\n<figure itemscope itemtype=\"https:\/\/schema.org\/ImageObject\">\n\t\t\t\t<img decoding=\"async\" src=\"https:\/\/kozeliving.com\/wp-content\/uploads\/2026\/03\/221239-1.jpg\" alt=\"221239 (1)\" height=\"1696\" width=\"2528\" title=\"221239 (1)\" onerror=\"this.style.display='none'\" loading=\"lazy\" \/>\n\t<\/figure>\n<h2>\n\t\t\tCompact en moeiteloos, past op elk bed\t<\/h2>\n<h6>\n\t\t\tEen zacht verkoelend topdek om de hele nacht comfortabel te slapen\t<\/h6>\n\tOnze matraskoeler zijn 90 centimeter breed. Heb je een<br \/>\n\u00e9\u00e9npersoonsmatras, twijfelaar of kingsize bed? We got you covered. Met CoolSleep<br \/>\nslaap je koel en comfortabel ongeacht jouw bedmaat.\n\t\t\n\t\t<p>Meer weten over de voordelen van KOZ-E CoolSleep?<\/p>\n\t\t\t<a href=\"https:\/\/kozeliving.com\/nl\/koel-warm-comfort-met-koz-e-sleep-onderdekens\/\"  target=\"_self\">\n\t\t\t\t\t\t\tbekijk de voordelen\n\t\t\t\t\t<\/a>\n\t\t\t\t\t\t\t\t\t\t<button type=\"button\" id=\"fl-accordion--icon-0\" aria-expanded=\"true\" aria-controls=\"fl-accordion--panel-0\"><i>Samenvouwen<\/i><\/button>\n\t\t\t\t\t<h4 id=\"fl-accordion--label-0\">hoofdkenmerken<\/h4>\n\t\t\t\t\t<ul>\n<li>Het krachtige waterkoelsysteem voert overtollige lichaamswarmte af.<\/li>\n<li>Werkt nauwelijks hoorbaar, zodat u van een rustige nachtrust kunt genieten.<\/li>\n<li>Zacht, comfortabele topdek<\/li>\n<li>Gevormde lange banden die op elke matras passen<\/li>\n<li>Het licht gaat automatisch uit zonder de slaap te verstoren<\/li>\n<li>Grote watertank met melding bij laag water<\/li>\n<li>Kan ook in de winter worden gebruikt: het verwarmt ook tijdens koude nachten<\/li>\n<\/ul>\n\t\t\t\t\t\t\t\t\t\t<button type=\"button\" id=\"fl-accordion--icon-1\" aria-expanded=\"false\" aria-controls=\"fl-accordion--panel-1\"><i>Uitbreiden<\/i><\/button>\n\t\t\t\t\t<h4 id=\"fl-accordion--label-1\">KOZ-E<\/h4>\n\t\t\t\t\t<ul>\n<li>Van Nederlandse bodem<\/li>\n<li>Langere levensduur<\/li>\n<li>Betrouwbare kwaliteit<\/li>\n<\/ul>\n\t\t\t\t\t\t\t\t\t\t<button type=\"button\" id=\"fl-accordion--icon-2\" aria-expanded=\"false\" aria-controls=\"fl-accordion--panel-2\"><i>Uitbreiden<\/i><\/button>\n\t\t\t\t\t<h4 id=\"fl-accordion--label-2\">CoolSleep bij KOZ-E<\/h4>\n\t\t\t\t\t<ul>\n<li>Bespaar energie<\/li>\n<li>Powerful yet quiet<\/li>\n<li>Gemaakt van natuurlijke materialen<\/li>\n<li>Geen straling in bed<\/li>\n<\/ul>\n\t\t\t\t\t\t\t\t\t\t<button type=\"button\" id=\"fl-accordion--icon-3\" aria-expanded=\"false\" aria-controls=\"fl-accordion--panel-3\"><i>Uitbreiden<\/i><\/button>\n\t\t\t\t\t<h4 id=\"fl-accordion--label-3\">Benefits voor jou<\/h4>\n\t\t\t\t\t<ul>\n<li>Slaap dieper<\/li>\n<li>Ontwaak fit en fris<\/li>\n<li>Voorkom nachtelijk zweten<\/li>\n<\/ul>\n\t\t<h2><a href=\"https:\/\/nl.trustpilot.com\/review\/kozeliving.com\" target=\"_self\">echte verhalen, echte ervaringen<\/a><\/h2><p>Dit is wat onze community zegt na meer dan 6 maanden CoolSleep<\/p>\n\t\t\t<a href=\"https:\/\/nl.trustpilot.com\/review\/kozeliving.com\"  target=\"_self\">\n\t\t\t\t\t\t\tkennis maken met onze community\n\t\t\t\t\t<\/a>\n\t\t\t\t&#8220;Top product\nDit matras heeft mij heel veel geholpen met winter warmte en zomer koelte. En daardoor een veel beter slaapritme.\nIk zou niet meer zonder willen.\ud83d\ude0a\ud83d\udc4d&#8221;\n\t\t\t\t<h4>Anneke<\/h4>\n\t\t\t\t&#8220;Betere nachten met de matraskoeler\nAfgelopen jaar heb ik de matraskoeler gekocht. Ik ben iemand die het snel heet heeft &#8217;s nachts (heel snel) \u00e9n het wordt in de zomer ontzettend heet in mijn huis. De matraskoeler is echt een uitkomst. Zelfs mijn Whoop laat zien dat ik beter slaap en herstel wanneer ik met de matraskoeler slaap. Makkelijk in gebruik en redelijk stil. Een aanrader!&#8221;\n\t\t\t\t<h4>Nikita<\/h4>\n\t\t\t\t&#8220;Onder de dekens liggen in de zomer en toch koel blijven\nIk ben iemand die niet zonder dekens kan slapen, in de zomer kan dat erg heet zijn. Zelfs met een airco aan kan ik het onder de dekens nog bloedheet hebben.\nlees verder via community&#8230;.\n\n\t\t\t\t<h4>Jeroen<\/h4>\n<h2>\n\t\t\tWat zegt een slaapexpert?\t<\/h2>\n\t\t\t\t&#8220;Als slaaponderzoeker weet ik, dat te warm of te koud zijn een van de meest gehoorde problemen zijn voor een goede nachtrust. Het duurt vooral langer om in slaap te vallen als het warm of koud is in bed.\nDaarom heb ik in 2023 de KOZ-E Sleep getest en gezien dat het product functioneel gezien goed presteert; zowel koelen als verwarmen werkt goed en is comfortabel. Het kan je helpen gemakkelijker en beter in slaap te vallen tijdens een hittegolf of een koude winter.&#8221;\n\t\t\t\t<h4>Geert<\/h4>\n<figure itemscope itemtype=\"https:\/\/schema.org\/ImageObject\">\n\t\t\t\t<img decoding=\"async\" src=\"https:\/\/kozeliving.com\/wp-content\/uploads\/2024\/05\/GEERT-DOORLAG.jpeg\" alt=\"GEERT DOORLAG\" height=\"896\" width=\"1600\" title=\"GEERT DOORLAG\" onerror=\"this.style.display='none'\" loading=\"lazy\" \/>\n\t<\/figure>\n\t<h6>GEERT DOORSLAG<\/h6>\n<p>Slaaponderzoeker Koninklijke Auping<\/p>\n\t<p>Geert Doorlag, is onderzoeker bij Koninklijke Auping en richt zich daarbij op twee strategische onderwerpen: slaap en duurzaamheid. Opgeleid aan de Technische Universiteit van Delft als Industrieel Ontwerper (Msc 2008) werkt hij sinds 2009 bij Auping, eerst als productontwikkelaar, vervolgens als test- en validatie-ingenieur en in de afgelopen jaren als onderzoeker.<\/p>\n<h2>\n\t\t\tEindelijk: in harmonie wakker worden en genieten van de intimiteit van een gedeeld bed, zonder de hitte\t<\/h2>\n<h3>\n\t\t\tJij en je partner slapen op de perfecte temperatuur &#8211; nooit te warm, nooit te koud.\t<\/h3>\n\t<p>De strijd van de partner die het te warm krijgt in bed is voorbij, je hoeft niet meer aan verschillende kanten te slapen, CoolSleep helpt je om dicht bij elkaar te blijven terwijl je fris doorslaapt.<\/p>\n\t\t<h4><a href=\"https:\/\/kozeliving.com\/nl\/product\/koz-e-sleep-koel-matras-topper\/\" target=\"_self\">Klaar om weer fris wakker te worden?<\/a><\/h4><p>Probeer het uit en kijk hoe het je diepe slaap be\u00efnvloedt<\/p>\n\t\t\t<a href=\"https:\/\/kozeliving.com\/nl\/product\/koz-e-sleep-koel-matras-topper\/\"  target=\"_self\">\n\t\t\t\t\t\t\tProbeer CoolSleep zonder risico\n\t\t\t\t\t<\/a>\n<h2>\n\t\t\tCoolSleep Matraskoeler FAQ\t<\/h2>\n\t\t\t\t<h2>Wat kan ik doen voor mijn partner die te warm slaapt in bed?<\/h2>\n\t\t\t\t\t<p>Als je partner aanvoelt als een &#8220;menselijke oven&#8221;, is standaardadvies zoals een raam openzetten of katoenen lakens kopen vaak niet genoeg. Om het probleem echt op te lossen, moet je de hitte aanpakken waar het begint: op het slaapoppervlak. Dit is wat je kunt doen Gebruik een speciale verkoelende matras topper zoals de kOZ-E CoolSleep. Omdat hij 90 cm breed is, kun je de kant van je partner tot 12\u00b0C koelen zonder dat je zelf uit bed bevriest. In plaats van alleen &#8220;ademende&#8221; stoffen die uiteindelijk opwarmen, gebruikt kOZ-E waterkoelingstechnologie om de hele nacht actief overtollige lichaamswarmte te neutraliseren en af te voeren. Help het lichaam van je partner om de optimale slaaptemperatuur van 18\u00b0C-19\u00b0C te bereiken. Dit stopt het woelen en draaien en voorkomt het vermoeiende nachtzweten. Door de temperatuur aan hun kant te regelen, kunnen jullie eindelijk dicht bij elkaar blijven en genieten van meer knuffels zonder het ongemak van oververhitting.       <\/p>\n\t\t\t\t<h2>Is het mogelijk om mijn partner van een warme slaper naar een normale lichaamstemperatuur te brengen?<\/h2>\n\t\t\t\t\t<p>Je kunt hun metabolisme niet veranderen, maar je kunt wel de warmte die ze produceren neutraliseren. Wanneer de lichaamstemperatuur van een partner te warm wordt in bed, is dat vaak omdat het beddengoed als een isolator werkt. Door de CoolSleep matrasoplegger te gebruiken, zorg je voor een &#8220;koellichaam&#8221; dat de overtollige warmte van hun huid afvoert. Dit verlaagt hun kerntemperatuur op natuurlijke wijze en helpt hen om in het &#8220;normale&#8221; bereik van 18\u00b0C tot 19\u00b0C te blijven, de ideale temperatuur voor een diepe, rustgevende slaap.   <\/p>\n\t\t\t\t<h2>Hoe helpt de CoolSleep koelende matras topper partners die het te warm hebben?<\/h2>\n\t\t\t\t\t<p>De kOZ-E CoolSleep is speciaal ontworpen voor warme slapers.  Terwijl een normaal matras lichaamswarmte absorbeert en vasthoudt, pompt onze watergekoelde topper die warmte actief weg.  <b data-path-to-node=\"9,0,0\" data-index-in-node=\"0\"><\/b>Omdat hij 90 cm breed is, koelt hij alleen de kant van de persoon die het moeilijk heeft. Hij begint niet koud en warmt dan weer op; hij blijft de hele nacht precies op de temperatuur die je instelt (tot 12\u00b0C). Hierdoor kan de warme slaper koel genoeg blijven om te knuffelen en dicht tegen elkaar aan te slapen zonder dat de andere partner bevriest.  <\/p>\n\n","protected":false},"excerpt":{"rendered":"<p>CoolSleep Partner te warm in bed? Ontdekhet verkoelend topmatras,slaap weer fris samen ontdek CoolSleep\u00ae collectie CoolSleep individuele temperatuurregeling CoolSleep geen straling in bed CoolSleep past op elk matras Play Video Slaap weer fris naast een hete slaper: De kracht van een verkoelend topmatras CoolSlaap samen fris, Slaap fris naast een warme slaper Veel stellen kunnen&hellip;<\/p>\n","protected":false},"author":2,"featured_media":13559,"parent":0,"menu_order":0,"comment_status":"closed","ping_status":"closed","template":"","meta":{"_acf_changed":false,"inline_featured_image":false,"footnotes":""},"class_list":["post-13384","page","type-page","status-publish","has-post-thumbnail","hentry"],"acf":[],"_links":{"self":[{"href":"https:\/\/kozeliving.com\/nl\/wp-json\/wp\/v2\/pages\/13384","targetHints":{"allow":["GET"]}}],"collection":[{"href":"https:\/\/kozeliving.com\/nl\/wp-json\/wp\/v2\/pages"}],"about":[{"href":"https:\/\/kozeliving.com\/nl\/wp-json\/wp\/v2\/types\/page"}],"author":[{"embeddable":true,"href":"https:\/\/kozeliving.com\/nl\/wp-json\/wp\/v2\/users\/2"}],"replies":[{"embeddable":true,"href":"https:\/\/kozeliving.com\/nl\/wp-json\/wp\/v2\/comments?post=13384"}],"version-history":[{"count":1,"href":"https:\/\/kozeliving.com\/nl\/wp-json\/wp\/v2\/pages\/13384\/revisions"}],"predecessor-version":[{"id":14025,"href":"https:\/\/kozeliving.com\/nl\/wp-json\/wp\/v2\/pages\/13384\/revisions\/14025"}],"wp:featuredmedia":[{"embeddable":true,"href":"https:\/\/kozeliving.com\/nl\/wp-json\/wp\/v2\/media\/13559"}],"wp:attachment":[{"href":"https:\/\/kozeliving.com\/nl\/wp-json\/wp\/v2\/media?parent=13384"}],"curies":[{"name":"wp","href":"https:\/\/api.w.org\/{rel}","templated":true}]}}