{"id":8336,"date":"2023-10-06T09:17:43","date_gmt":"2023-10-06T07:17:43","guid":{"rendered":"https:\/\/kozeliving.com\/product\/heizdecke-3\/"},"modified":"2025-10-14T14:17:49","modified_gmt":"2025-10-14T12:17:49","slug":"heizdecke-3","status":"publish","type":"product","link":"https:\/\/kozeliving.com\/de\/produkt\/heizdecke-3\/","title":{"rendered":"Beheizbare Sitzauflage"},"content":{"rendered":"<h2>Beheizbare Sitzauflage mit Akku<\/h2>\n<ul>\n<li>Der Leinen-\/Baumwollstoff bietet eine strukturierte Haptik und kuschelige W\u00e4rme auf jedem Sitz.<\/li>\n<li>Heizdecke f\u00fcr drinnen und drau\u00dfen. Warme Stunden auf der Terrasse oder auf dem Boot. Gezielte und sparsame W\u00e4rme.<\/li>\n<li>Luxus und Eleganz dank innovativer Infrarottechnologie.<\/li>\n<li>Komfortable W\u00e4rme mit drei W\u00e4rmestufen von \u00b135 \u00baC, 45 \u00baC bis 55 \u00baC. Temperatur individuell einstellbar.<\/li>\n<li>Leistungsstarker Akku f\u00fcr stundenlange W\u00e4rme. Keine Kabel, keine gef\u00e4hrlichen Dr\u00e4hte. Sicheres und flexibles W\u00e4rmen.<\/li>\n<li>Magnetischer Konnektor f\u00fcr einfaches Aufladen.<\/li>\n<\/ul>\n","protected":false},"excerpt":{"rendered":"<p>Beheizbare Sitzauflage mit Akku Der Leinen-\/Baumwollstoff bietet eine strukturierte Haptik und kuschelige W\u00e4rme auf jedem Sitz. Heizdecke f\u00fcr drinnen und drau\u00dfen. Warme Stunden auf der Terrasse oder auf dem Boot. Gezielte und sparsame W\u00e4rme. Luxus und Eleganz dank innovativer Infrarottechnologie. Komfortable W\u00e4rme mit drei W\u00e4rmestufen von \u00b135 \u00baC, 45 \u00baC bis 55 \u00baC. Temperatur individuell&hellip;<\/p>\n","protected":false},"featured_media":8337,"comment_status":"closed","ping_status":"closed","template":"","meta":{"_acf_changed":false,"inline_featured_image":false},"product_brand":[],"product_cat":[300],"product_tag":[],"class_list":{"0":"post-8336","1":"product","2":"type-product","3":"status-publish","4":"has-post-thumbnail","6":"product_cat-heizdecke","7":"pa_size-46-5x139cm-de","9":"first","10":"instock","11":"sale","12":"taxable","13":"shipping-taxable","14":"purchasable","15":"product-type-simple"},"bundled_by":[],"bundle_stock_status":"instock","bundle_stock_quantity":76,"bundle_virtual":false,"bundle_layout":"","bundle_add_to_cart_form_location":"","bundle_editable_in_cart":false,"bundle_sold_individually_context":"","bundle_item_grouping":"","bundle_min_size":"","bundle_max_size":"","bundle_price":[],"bundled_items":[],"bundle_sell_ids":[],"acf":[],"_links":{"self":[{"href":"https:\/\/kozeliving.com\/de\/wp-json\/wp\/v2\/product\/8336","targetHints":{"allow":["GET"]}}],"collection":[{"href":"https:\/\/kozeliving.com\/de\/wp-json\/wp\/v2\/product"}],"about":[{"href":"https:\/\/kozeliving.com\/de\/wp-json\/wp\/v2\/types\/product"}],"replies":[{"embeddable":true,"href":"https:\/\/kozeliving.com\/de\/wp-json\/wp\/v2\/comments?post=8336"}],"wp:featuredmedia":[{"embeddable":true,"href":"https:\/\/kozeliving.com\/de\/wp-json\/wp\/v2\/media\/8337"}],"wp:attachment":[{"href":"https:\/\/kozeliving.com\/de\/wp-json\/wp\/v2\/media?parent=8336"}],"wp:term":[{"taxonomy":"product_brand","embeddable":true,"href":"https:\/\/kozeliving.com\/de\/wp-json\/wp\/v2\/product_brand?post=8336"},{"taxonomy":"product_cat","embeddable":true,"href":"https:\/\/kozeliving.com\/de\/wp-json\/wp\/v2\/product_cat?post=8336"},{"taxonomy":"product_tag","embeddable":true,"href":"https:\/\/kozeliving.com\/de\/wp-json\/wp\/v2\/product_tag?post=8336"}],"curies":[{"name":"wp","href":"https:\/\/api.w.org\/{rel}","templated":true}]}}