{"id":8324,"date":"2023-10-06T09:17:43","date_gmt":"2023-10-06T07:17:43","guid":{"rendered":"https:\/\/kozeliving.com\/product\/heizdecke-2\/"},"modified":"2026-01-01T14:08:05","modified_gmt":"2026-01-01T13:08:05","slug":"heizdecke-2","status":"publish","type":"product","link":"https:\/\/kozeliving.com\/de\/produkt\/heizdecke-2\/","title":{"rendered":"Beheizbare sitzauflage"},"content":{"rendered":"<h2>Beheizbare Sitzauflage f\u00fcr Auto &amp; Stuhl mit Akku<\/h2>\n<ul>\n<li>Der Wollstoff bietet Komfort und Eleganz. Genie\u00dfen Sie wohltuende W\u00e4rme auf jeder Sitzgelegenheit.<\/li>\n<li>Heizdecke f\u00fcr drinnen und drau\u00dfen. Warme Stunden auf der Terrasse oder auf dem Boot. Gezielte und sparsame W\u00e4rme.<\/li>\n<li>Luxus und Eleganz dank innovativer Infrarottechnologie.<\/li>\n<li>Komfortable W\u00e4rme mit drei W\u00e4rmestufen von \u00b135 \u00baC, 45 \u00baC bis 55 \u00baC. Temperatur individuell einstellbar.<\/li>\n<li>Leistungsstarker Akku f\u00fcr stundenlange W\u00e4rme. Keine Kabel, keine gef\u00e4hrlichen Dr\u00e4hte. Sicheres und flexibles W\u00e4rmen.<\/li>\n<li>Magnetischer Konnektor f\u00fcr einfaches Aufladen.<\/li>\n<\/ul>\n","protected":false},"excerpt":{"rendered":"<p>Beheizbare Sitzauflage f\u00fcr Auto &amp; Stuhl mit Akku Der Wollstoff bietet Komfort und Eleganz. Genie\u00dfen Sie wohltuende W\u00e4rme auf jeder Sitzgelegenheit. Heizdecke f\u00fcr drinnen und drau\u00dfen. Warme Stunden auf der Terrasse oder auf dem Boot. Gezielte und sparsame W\u00e4rme. Luxus und Eleganz dank innovativer Infrarottechnologie. Komfortable W\u00e4rme mit drei W\u00e4rmestufen von \u00b135 \u00baC, 45 \u00baC&hellip;<\/p>\n","protected":false},"featured_media":8325,"comment_status":"closed","ping_status":"closed","template":"","meta":{"_acf_changed":false,"inline_featured_image":false},"product_brand":[],"product_cat":[300],"product_tag":[],"class_list":{"0":"post-8324","1":"product","2":"type-product","3":"status-publish","4":"has-post-thumbnail","6":"product_cat-heizdecke","7":"pa_size-46-5x139cm-de","9":"first","10":"instock","11":"taxable","12":"shipping-taxable","13":"purchasable","14":"product-type-simple"},"bundled_by":["11928"],"bundle_stock_status":"instock","bundle_stock_quantity":41,"bundle_virtual":false,"bundle_layout":"","bundle_add_to_cart_form_location":"","bundle_editable_in_cart":false,"bundle_sold_individually_context":"","bundle_item_grouping":"","bundle_min_size":"","bundle_max_size":"","bundle_price":[],"bundled_items":[],"bundle_sell_ids":[],"acf":[],"_links":{"self":[{"href":"https:\/\/kozeliving.com\/de\/wp-json\/wp\/v2\/product\/8324","targetHints":{"allow":["GET"]}}],"collection":[{"href":"https:\/\/kozeliving.com\/de\/wp-json\/wp\/v2\/product"}],"about":[{"href":"https:\/\/kozeliving.com\/de\/wp-json\/wp\/v2\/types\/product"}],"replies":[{"embeddable":true,"href":"https:\/\/kozeliving.com\/de\/wp-json\/wp\/v2\/comments?post=8324"}],"wp:featuredmedia":[{"embeddable":true,"href":"https:\/\/kozeliving.com\/de\/wp-json\/wp\/v2\/media\/8325"}],"wp:attachment":[{"href":"https:\/\/kozeliving.com\/de\/wp-json\/wp\/v2\/media?parent=8324"}],"wp:term":[{"taxonomy":"product_brand","embeddable":true,"href":"https:\/\/kozeliving.com\/de\/wp-json\/wp\/v2\/product_brand?post=8324"},{"taxonomy":"product_cat","embeddable":true,"href":"https:\/\/kozeliving.com\/de\/wp-json\/wp\/v2\/product_cat?post=8324"},{"taxonomy":"product_tag","embeddable":true,"href":"https:\/\/kozeliving.com\/de\/wp-json\/wp\/v2\/product_tag?post=8324"}],"curies":[{"name":"wp","href":"https:\/\/api.w.org\/{rel}","templated":true}]}}