{"id":8074,"date":"2023-10-06T09:17:43","date_gmt":"2023-10-06T07:17:43","guid":{"rendered":"https:\/\/kozeliving.com\/product\/beheiztes-sitzkissen\/"},"modified":"2025-10-14T15:12:46","modified_gmt":"2025-10-14T13:12:46","slug":"beheiztes-sitzkissen","status":"publish","type":"product","link":"https:\/\/kozeliving.com\/de\/produkt\/beheiztes-sitzkissen\/","title":{"rendered":"Beheizbares sitzkissen"},"content":{"rendered":"<h2>Beheizbares sitzkissen mit akku<\/h2>\n<ul>\n<li>Erleben Sie mit dem beheizbaren Sitzkissen h\u00f6chsten Sitzkomfort und langanhaltende W\u00e4rme.<\/li>\n<li>Luxus und Eleganz dank innovativer Infrarottechnologie.<\/li>\n<li>Sitzkissen f\u00fcr drinnen und drau\u00dfen. Flexible und sparsame W\u00e4rme, wo immer Sie sitzen.<\/li>\n<li>Das Sitzkissen ist mit hochwertigem Memory Schaum gef\u00fcllt. So ist auch stundenlanges Sitzen auf hartem Grund sehr angenehm.<\/li>\n<li>Komfortable W\u00e4rme mit drei W\u00e4rmestufen von \u00b135 \u00baC, 45 \u00baC bis 55 \u00baC. Die Temperatur ist individuell einstellbar.<\/li>\n<li>Die automatische Ein-\/Ausschaltfunktion sch\u00fctzt das Sitzkissen vor \u00dcberhitzung<\/li>\n<li>Nachhaltige und langlebige Materialien.<\/li>\n<li>Leistungsstarker Akku f\u00fcr bis zu 5,5 Stunden W\u00e4rme.<\/li>\n<\/ul>\n","protected":false},"excerpt":{"rendered":"<p>Beheizbares sitzkissen mit akku Erleben Sie mit dem beheizbaren Sitzkissen h\u00f6chsten Sitzkomfort und langanhaltende W\u00e4rme. Luxus und Eleganz dank innovativer Infrarottechnologie. Sitzkissen f\u00fcr drinnen und drau\u00dfen. Flexible und sparsame W\u00e4rme, wo immer Sie sitzen. Das Sitzkissen ist mit hochwertigem Memory Schaum gef\u00fcllt. So ist auch stundenlanges Sitzen auf hartem Grund sehr angenehm. Komfortable W\u00e4rme mit&hellip;<\/p>\n","protected":false},"featured_media":8075,"comment_status":"closed","ping_status":"closed","template":"","meta":{"_acf_changed":false,"inline_featured_image":false},"product_brand":[],"product_cat":[326],"product_tag":[],"class_list":{"0":"post-8074","1":"product","2":"type-product","3":"status-publish","4":"has-post-thumbnail","6":"product_cat-beheizbares-sitzkissen","7":"pa_size-50x45cm-de","9":"first","10":"instock","11":"sale","12":"taxable","13":"shipping-taxable","14":"purchasable","15":"product-type-simple"},"bundled_by":[],"bundle_stock_status":"instock","bundle_stock_quantity":50,"bundle_virtual":false,"bundle_layout":"","bundle_add_to_cart_form_location":"","bundle_editable_in_cart":false,"bundle_sold_individually_context":"","bundle_item_grouping":"","bundle_min_size":"","bundle_max_size":"","bundle_price":[],"bundled_items":[],"bundle_sell_ids":[],"acf":[],"_links":{"self":[{"href":"https:\/\/kozeliving.com\/de\/wp-json\/wp\/v2\/product\/8074","targetHints":{"allow":["GET"]}}],"collection":[{"href":"https:\/\/kozeliving.com\/de\/wp-json\/wp\/v2\/product"}],"about":[{"href":"https:\/\/kozeliving.com\/de\/wp-json\/wp\/v2\/types\/product"}],"replies":[{"embeddable":true,"href":"https:\/\/kozeliving.com\/de\/wp-json\/wp\/v2\/comments?post=8074"}],"wp:featuredmedia":[{"embeddable":true,"href":"https:\/\/kozeliving.com\/de\/wp-json\/wp\/v2\/media\/8075"}],"wp:attachment":[{"href":"https:\/\/kozeliving.com\/de\/wp-json\/wp\/v2\/media?parent=8074"}],"wp:term":[{"taxonomy":"product_brand","embeddable":true,"href":"https:\/\/kozeliving.com\/de\/wp-json\/wp\/v2\/product_brand?post=8074"},{"taxonomy":"product_cat","embeddable":true,"href":"https:\/\/kozeliving.com\/de\/wp-json\/wp\/v2\/product_cat?post=8074"},{"taxonomy":"product_tag","embeddable":true,"href":"https:\/\/kozeliving.com\/de\/wp-json\/wp\/v2\/product_tag?post=8074"}],"curies":[{"name":"wp","href":"https:\/\/api.w.org\/{rel}","templated":true}]}}