{"id":7956,"date":"2023-08-09T22:19:24","date_gmt":"2023-08-09T20:19:24","guid":{"rendered":"https:\/\/kozeliving.com\/product\/coolwarm-matras-topper\/"},"modified":"2026-03-30T16:46:32","modified_gmt":"2026-03-30T14:46:32","slug":"bett-kuehler","status":"publish","type":"product","link":"https:\/\/kozeliving.com\/de\/produkt\/bett-kuehler\/","title":{"rendered":"CoolSleep Bett k\u00fchler"},"content":{"rendered":"<h2><strong>KOZ-E CoolSleep<\/strong> Bett k\u00fchler <b>200 x 90 cm<\/b><\/h2>\n<p>CoolSleep hilft dir, in hei\u00dfen N\u00e4chten leichter einzuschlafen und tiefer durchzuschlafen.<br \/>\nk\u00fchlende matratzenauflage liefert W\u00e4rme oder K\u00fchle, ganz nach individueller Vorliebe. Der Matratzen Topper mit dem Ma\u00dfen 200 x 90 cm aus langlebigem Mesh-Gewebe ist pflegeleicht und eignet sich f\u00fcr jede Art von Matratze.<br \/>\nTemperatur per Fernbedienung einstellen<br \/>\nMit der praktischen Fernbedienung k\u00f6nnen Sie bequem Ihre Wunschtemperatur zwischen 12 \u00baC und 48 \u00baC einstellen. Empfohlen werden kleine Temperaturver\u00e4nderungen, da der K\u00f6rper etwas Zeit braucht, sich an die neue Temperatur zu gew\u00f6hnen. Nat\u00fcrlich kann die Temperatur auch direkt am Ger\u00e4t eingestellt werden.<br \/>\nVorteile der CoolSleep Bett k\u00fchler<br \/>\nGesunder und komfortabler Schlaf<br \/>\nSchneller einschlafen und besser durchschlafen<br \/>\nKonstante Betttemperatur f\u00fcr eine gesunde Schlafumgebung<br \/>\nIndividuell einstellbare Temperatur<br \/>\nEinfache Reinigung, f\u00fcr eine saubere und langlebige Matratzenauflage<br \/>\nRegulierung der K\u00f6rpertemperatur: weniger Schwitzen<br \/>\nFungiert auch als Matratzenschoner<\/p>\n","protected":false},"excerpt":{"rendered":"<p>Die aktive Matratzenauflage k\u00fchlend mit pr\u00e4ziser Temperaturregulierung zwischen 12 \u00b0C und 48 \u00b0C f\u00fcr jede Nacht.<\/p>\n","protected":false},"featured_media":6323,"comment_status":"closed","ping_status":"closed","template":"","meta":{"_acf_changed":false,"inline_featured_image":false},"product_brand":[],"product_cat":[251],"product_tag":[],"class_list":{"0":"post-7956","1":"product","2":"type-product","3":"status-publish","4":"has-post-thumbnail","6":"product_cat-coolsleep","7":"pa_size-2x-09m-de","9":"first","10":"instock","11":"featured","12":"taxable","13":"shipping-taxable","14":"purchasable","15":"product-type-simple"},"bundled_by":[],"bundle_stock_status":"instock","bundle_stock_quantity":147,"bundle_virtual":false,"bundle_layout":"","bundle_add_to_cart_form_location":"","bundle_editable_in_cart":false,"bundle_sold_individually_context":"","bundle_item_grouping":"","bundle_min_size":"","bundle_max_size":"","bundle_price":[],"bundled_items":[],"bundle_sell_ids":[9308],"acf":[],"_links":{"self":[{"href":"https:\/\/kozeliving.com\/de\/wp-json\/wp\/v2\/product\/7956","targetHints":{"allow":["GET"]}}],"collection":[{"href":"https:\/\/kozeliving.com\/de\/wp-json\/wp\/v2\/product"}],"about":[{"href":"https:\/\/kozeliving.com\/de\/wp-json\/wp\/v2\/types\/product"}],"replies":[{"embeddable":true,"href":"https:\/\/kozeliving.com\/de\/wp-json\/wp\/v2\/comments?post=7956"}],"wp:featuredmedia":[{"embeddable":true,"href":"https:\/\/kozeliving.com\/de\/wp-json\/wp\/v2\/media\/6323"}],"wp:attachment":[{"href":"https:\/\/kozeliving.com\/de\/wp-json\/wp\/v2\/media?parent=7956"}],"wp:term":[{"taxonomy":"product_brand","embeddable":true,"href":"https:\/\/kozeliving.com\/de\/wp-json\/wp\/v2\/product_brand?post=7956"},{"taxonomy":"product_cat","embeddable":true,"href":"https:\/\/kozeliving.com\/de\/wp-json\/wp\/v2\/product_cat?post=7956"},{"taxonomy":"product_tag","embeddable":true,"href":"https:\/\/kozeliving.com\/de\/wp-json\/wp\/v2\/product_tag?post=7956"}],"curies":[{"name":"wp","href":"https:\/\/api.w.org\/{rel}","templated":true}]}}