{"id":11928,"date":"2025-09-16T14:14:36","date_gmt":"2025-09-16T12:14:36","guid":{"rendered":"https:\/\/kozeliving.com\/product\/warmtebundel\/"},"modified":"2025-10-13T16:38:48","modified_gmt":"2025-10-13T14:38:48","slug":"warmepaket","status":"publish","type":"product","link":"https:\/\/kozeliving.com\/de\/produkt\/warmepaket\/","title":{"rendered":"W\u00e4rmepaket 4-in-1"},"content":{"rendered":"<article class=\"text-token-text-primary w-full focus:outline-none scroll-mt-[calc(var(--header-height)+min(200px,max(70px,20svh)))]\" dir=\"auto\" tabindex=\"-1\" data-turn-id=\"request-WEB:957bb60a-7265-4251-98b4-e12a6991d5d5-0\" data-testid=\"conversation-turn-2\" data-scroll-anchor=\"true\" data-turn=\"assistant\">\n<div class=\"text-base my-auto mx-auto pb-10 [--thread-content-margin:--spacing(4)] thread-sm:[--thread-content-margin:--spacing(6)] thread-lg:[--thread-content-margin:--spacing(16)] px-(--thread-content-margin)\">\n<div class=\"[--thread-content-max-width:40rem] thread-sm:[--thread-content-max-width:40rem] thread-lg:[--thread-content-max-width:48rem] mx-auto max-w-(--thread-content-max-width) flex-1 group\/turn-messages focus-visible:outline-hidden relative flex w-full min-w-0 flex-col agent-turn\" tabindex=\"-1\">\n<div class=\"flex max-w-full flex-col grow\">\n<div class=\"min-h-8 text-message relative flex w-full flex-col items-end gap-2 text-start break-words whitespace-normal [.text-message+&amp;]:mt-5\" dir=\"auto\" data-message-author-role=\"assistant\" data-message-id=\"484cfcbe-de6d-448c-834f-4e3d185e58ae\" data-message-model-slug=\"gpt-5\">\n<div class=\"flex w-full flex-col gap-1 empty:hidden first:pt-[3px]\">\n<div class=\"markdown prose dark:prose-invert w-full break-words dark markdown-new-styling\">\n<p data-start=\"0\" data-end=\"50\"><strong data-start=\"0\" data-end=\"50\">KOZ-E W\u00e4rmepaket \u2013 4-in-1 Komplett-W\u00e4rmebundle<\/strong><\/p>\n<p data-start=\"52\" data-end=\"296\">Bleiben Sie warm und behaglich in jeder Situation mit dem KOZ-E W\u00e4rmepaket. Dieses sorgf\u00e4ltig zusammengestellte Bundle vereint vier einzigartige KOZ-E Produkte f\u00fcr gezielte W\u00e4rme und maximale Gem\u00fctlichkeit \u2013 zu Hause, auf dem Sofa oder im Bett.<\/p>\n<p data-start=\"298\" data-end=\"322\"><strong data-start=\"298\" data-end=\"322\">Im Bundle enthalten:<\/strong><\/p>\n<ul data-start=\"324\" data-end=\"729\" data-is-last-node=\"\" data-is-only-node=\"\">\n<li data-start=\"324\" data-end=\"428\">\n<p data-start=\"326\" data-end=\"428\"><strong data-start=\"326\" data-end=\"348\">1\u00d7 Matratzenw\u00e4rmer<\/strong> \u2013 Schlafen Sie komfortabel in einem vorgew\u00e4rmten Bett, ganz ohne kalte Laken.<\/p>\n<\/li>\n<li data-start=\"429\" data-end=\"530\">\n<p data-start=\"431\" data-end=\"530\"><strong data-start=\"431\" data-end=\"465\">1\u00d7 Heizdecke (Farbe nach Wahl)<\/strong> \u2013 H\u00fcllen Sie sich in wohltuende W\u00e4rme in Ihrer Lieblingsfarbe.<\/p>\n<\/li>\n<li data-start=\"531\" data-end=\"613\">\n<p data-start=\"533\" data-end=\"613\"><strong data-start=\"533\" data-end=\"556\">1\u00d7 Beheiztes Kissen<\/strong> \u2013 Perfekt f\u00fcrs B\u00fcro, Auto oder zu Hause auf dem Stuhl.<\/p>\n<\/li>\n<li data-start=\"614\" data-end=\"729\" data-is-last-node=\"\">\n<p data-start=\"616\" data-end=\"729\" data-is-last-node=\"\"><strong data-start=\"616\" data-end=\"651\">1\u00d7 Decke mit Hand- &amp; Fu\u00dftaschen<\/strong> \u2013 Extra kuscheliges Design mit integrierten Taschen f\u00fcr warme H\u00e4nde und F\u00fc\u00dfe.<\/p>\n<\/li>\n<\/ul>\n<\/div>\n<\/div>\n<\/div>\n<\/div>\n<\/div>\n<\/div>\n<\/article>\n","protected":false},"excerpt":{"rendered":"<p><strong data-start=\"0\" data-end=\"27\" data-is-only-node=\"\">KOZ-E W\u00e4rmepaket 4-in-1<\/strong> kombiniert einen Matratzenw\u00e4rmer, eine Heizdecke, ein Sitzkissen und eine Decke mit Hand- &amp; Fu\u00dftaschen. Genie\u00dfen Sie schnelle, gezielte W\u00e4rme \u2013 im Bett, auf dem Sofa, am Schreibtisch oder unterwegs. Sicher, energiesparend und ideal f\u00fcr kalte F\u00fc\u00dfe oder k\u00fchle R\u00e4ume..<\/p>\n","protected":false},"featured_media":11810,"comment_status":"closed","ping_status":"closed","template":"","meta":{"_acf_changed":false,"inline_featured_image":false},"product_brand":[],"product_cat":[299],"product_tag":[545],"class_list":{"0":"post-11928","1":"product","2":"type-product","3":"status-publish","4":"has-post-thumbnail","6":"product_cat-warm","7":"product_tag-bundle","9":"first","10":"instock","11":"sale","12":"taxable","13":"shipping-taxable","14":"purchasable","15":"product-type-bundle"},"bundled_by":[],"bundle_stock_status":"instock","bundle_stock_quantity":"","bundle_virtual":false,"bundle_layout":"default","bundle_add_to_cart_form_location":"default","bundle_editable_in_cart":false,"bundle_sold_individually_context":"product","bundle_item_grouping":"parent","bundle_min_size":"","bundle_max_size":"","bundle_price":{"price":{"min":{"incl_tax":"789","excl_tax":"652.066116"},"max":{"incl_tax":"789","excl_tax":"652.066116"}},"regular_price":{"min":{"incl_tax":"1050","excl_tax":"867.768595"},"max":{"incl_tax":"1050","excl_tax":"867.768595"}}},"bundled_items":[{"bundled_item_id":9,"product_id":11055,"menu_order":0,"quantity_min":1,"quantity_max":1,"quantity_default":1,"priced_individually":false,"shipped_individually":false,"override_title":false,"title":"WarmSleep Bettw\u00e4rmer","override_description":false,"description":"WarmSleep Bettw\u00e4rmer","optional":true,"hide_thumbnail":false,"discount":"","override_variations":false,"allowed_variations":[""],"override_default_variation_attributes":false,"default_variation_attributes":[],"single_product_visibility":"visible","cart_visibility":"visible","order_visibility":"visible","single_product_price_visibility":"visible","cart_price_visibility":"visible","order_price_visibility":"visible","stock_status":"in_stock"},{"bundled_item_id":10,"product_id":8324,"menu_order":1,"quantity_min":1,"quantity_max":1,"quantity_default":1,"priced_individually":false,"shipped_individually":false,"override_title":false,"title":"Beheizbare sitzauflage","override_description":false,"description":"Beheizbare sitzauflage","optional":true,"hide_thumbnail":false,"discount":"","override_variations":false,"allowed_variations":[""],"override_default_variation_attributes":false,"default_variation_attributes":[],"single_product_visibility":"visible","cart_visibility":"visible","order_visibility":"visible","single_product_price_visibility":"visible","cart_price_visibility":"visible","order_price_visibility":"visible","stock_status":"in_stock"},{"bundled_item_id":11,"product_id":8366,"menu_order":2,"quantity_min":1,"quantity_max":1,"quantity_default":1,"priced_individually":false,"shipped_individually":false,"override_title":false,"title":"W\u00e4rmekissen","override_description":false,"description":"W\u00e4rmekissen","optional":true,"hide_thumbnail":false,"discount":"","override_variations":false,"allowed_variations":[""],"override_default_variation_attributes":false,"default_variation_attributes":[],"single_product_visibility":"visible","cart_visibility":"visible","order_visibility":"visible","single_product_price_visibility":"visible","cart_price_visibility":"visible","order_price_visibility":"visible","stock_status":"in_stock"},{"bundled_item_id":12,"product_id":7975,"menu_order":3,"quantity_min":1,"quantity_max":1,"quantity_default":1,"priced_individually":false,"shipped_individually":false,"override_title":false,"title":"W\u00e4rmedecke mit Fu\u00dfsack","override_description":false,"description":"W\u00e4rmedecke mit Fu\u00dfsack","optional":true,"hide_thumbnail":false,"discount":"","override_variations":false,"allowed_variations":[""],"override_default_variation_attributes":false,"default_variation_attributes":[],"single_product_visibility":"visible","cart_visibility":"visible","order_visibility":"visible","single_product_price_visibility":"visible","cart_price_visibility":"visible","order_price_visibility":"visible","stock_status":"in_stock"}],"bundle_sell_ids":[],"acf":[],"_links":{"self":[{"href":"https:\/\/kozeliving.com\/de\/wp-json\/wp\/v2\/product\/11928","targetHints":{"allow":["GET"]}}],"collection":[{"href":"https:\/\/kozeliving.com\/de\/wp-json\/wp\/v2\/product"}],"about":[{"href":"https:\/\/kozeliving.com\/de\/wp-json\/wp\/v2\/types\/product"}],"replies":[{"embeddable":true,"href":"https:\/\/kozeliving.com\/de\/wp-json\/wp\/v2\/comments?post=11928"}],"wp:featuredmedia":[{"embeddable":true,"href":"https:\/\/kozeliving.com\/de\/wp-json\/wp\/v2\/media\/11810"}],"wp:attachment":[{"href":"https:\/\/kozeliving.com\/de\/wp-json\/wp\/v2\/media?parent=11928"}],"wp:term":[{"taxonomy":"product_brand","embeddable":true,"href":"https:\/\/kozeliving.com\/de\/wp-json\/wp\/v2\/product_brand?post=11928"},{"taxonomy":"product_cat","embeddable":true,"href":"https:\/\/kozeliving.com\/de\/wp-json\/wp\/v2\/product_cat?post=11928"},{"taxonomy":"product_tag","embeddable":true,"href":"https:\/\/kozeliving.com\/de\/wp-json\/wp\/v2\/product_tag?post=11928"}],"curies":[{"name":"wp","href":"https:\/\/api.w.org\/{rel}","templated":true}]}}