{"id":6736,"date":"2024-02-23T16:31:50","date_gmt":"2024-02-23T15:31:50","guid":{"rendered":"https:\/\/kozeliving.com\/bestellungen-und-zahlungen\/wie-schnell-erhalte-ich-nach-ruecksendungen-eine-rueckerstattung\/"},"modified":"2024-07-16T10:19:06","modified_gmt":"2024-07-16T08:19:06","slug":"wie-schnell-erhalte-ich-nach-ruecksendungen-eine-rueckerstattung","status":"publish","type":"page","link":"https:\/\/kozeliving.com\/de\/bestellungen-und-zahlungen\/wie-schnell-erhalte-ich-nach-ruecksendungen-eine-rueckerstattung\/","title":{"rendered":"Wie schnell erhalte ich nach R\u00fccksendungen eine R\u00fcckerstattung?"},"content":{"rendered":"\n\n\t<nav aria-label=\"breadcrumbs\"><p><a href=\"https:\/\/kozeliving.com\/de\/\">Home<\/a> &#8211; <a href=\"https:\/\/kozeliving.com\/de\/bestellungen-und-zahlungen\/\">Bestellungen und Zahlungen<\/a> &#8211; Wie schnell erhalte ich nach R\u00fccksendungen eine R\u00fcckerstattung?<\/p><\/nav>\n\n\t<ul>\n<li>Sobald wir Ihre R\u00fccksendung bearbeitet haben, erstatten wir Ihnen den Betrag innerhalb von 15 Werktagen. Wie schnell Sie das Geld auf Ihrem Konto haben, h\u00e4ngt von Ihrer Zahlungsmethode und von Ihrer Bank ab.<\/li>\n<li>Sie haben ein Produkt gegen ein anderes Produkt umgetauscht? In diesem Fall erstatten wir Ihnen den Kaufwert des ersten Produkts auf die Zahlungsmethode, mit der Sie zuerst gezahlt haben. Haben Sie f\u00fcr das Ersatzprodukt mehr bezahlt? Den Differenzbetrag erhalten Sie separat erstattet.<\/li>\n<li>Sie haben mehrere Produkte zur\u00fcckgegeben? Es kann sein, dass ein Produkt etwas fr\u00fcher verarbeitet wurde als das andere. Das bedeutet, dass Sie f\u00fcr das eine Produkt Ihr gesamtes Geld zur\u00fcckerhalten, f\u00fcr das andere jedoch noch nicht. In diesem Fall m\u00f6chten wir Sie um etwas Geduld bitten.<\/li>\n<\/ul>\n<h5>\n\t\tIst das nicht die Antwort auf Ihre Frage? Kontaktieren Sie uns, wir helfen Ihnen gerne weiter!\n\t<\/h5>\n<h5>\n\t\tKontaktformular\n\t<\/h5>\n\t<p><em>Schreiben Sie uns!<\/em><\/p>\n                            \n                        <form method='post' enctype='multipart\/form-data' target='gform_ajax_frame_1' id='gform_1'  action='\/de\/?page_id=6736&#038;fl_builder#gf_1' data-formid='1' novalidate>\n                        <ul id='gform_fields_1' class='gform_fields top_label form_sublabel_above description_below'><li id=\"field_1_3\"  data-js-reload=\"field_1_3\"><label class='gfield_label gform-field-label gfield_label_before_complex'>Name*<\/label>\n                                                    <label for='input_1_3_3' class='gform-field-label gform-field-label--type-sub '>First name<\/label>\n                                                    <input type='text' name='input_3.3' id='input_1_3_3' value='' tabindex='101'  aria-required='true'     \/>\n                                                            <label for='input_1_3_6' class='gform-field-label gform-field-label--type-sub '>Last name<\/label>\n                                                            <input type='text' name='input_3.6' id='input_1_3_6' value='' tabindex='103'  aria-required='true'     \/>\n                        <\/li><li id=\"field_1_4\"  data-js-reload=\"field_1_4\"><label class='gfield_label gform-field-label' for='input_1_4'>E-mail*<\/label>\n                            <input name='input_4' id='input_1_4' type='email' value='' class='large' tabindex='105'   aria-required=\"true\" aria-invalid=\"false\"  \/>\n                        <\/li><li id=\"field_1_8\"  data-js-reload=\"field_1_8\"><label class='gfield_label gform-field-label' for='input_1_8'>Subject<\/label><input name='input_8' id='input_1_8' type='text' value='' class='large'   tabindex='106'   aria-invalid=\"false\"   \/> <\/li><li id=\"field_1_7\"  data-js-reload=\"field_1_7\"><label class='gfield_label gform-field-label' for='input_1_7'>Message*<\/label><textarea name='input_7' id='input_1_7' class='textarea medium' tabindex='107'    aria-required=\"true\" aria-invalid=\"false\"   rows='10' cols='50'><\/textarea><\/li><li id=\"field_1_9\"  data-js-reload=\"field_1_9\"><label class='gfield_label gform-field-label' for='input_1_9'>Name<\/label><input name='input_9' id='input_1_9' type='text' value='' autocomplete='new-password'\/>Dieses Feld dient zur Validierung und sollte nicht ver\u00e4ndert werden.<\/li><\/ul>\n         <input type='submit' id='gform_submit_button_1' class='gform_button button' value='Send' tabindex='108' onclick='if(window[\"gf_submitting_1\"]){return false;}  if( !jQuery(\"#gform_1\")[0].checkValidity || jQuery(\"#gform_1\")[0].checkValidity()){window[\"gf_submitting_1\"]=true;}  ' onkeypress='if( event.keyCode == 13 ){ if(window[\"gf_submitting_1\"]){return false;} if( !jQuery(\"#gform_1\")[0].checkValidity || jQuery(\"#gform_1\")[0].checkValidity()){window[\"gf_submitting_1\"]=true;}  jQuery(\"#gform_1\").trigger(\"submit\",[true]); }' \/> <input type='hidden' name='gform_ajax' value='form_id=1&amp;title=&amp;description=1&amp;tabindex=100&amp;theme=legacy' \/>\n            <input type='hidden' class='gform_hidden' name='is_submit_1' value='1' \/>\n            <input type='hidden' class='gform_hidden' name='gform_submit' value='1' \/>\n            <input type='hidden' class='gform_hidden' name='gform_unique_id' value='' \/>\n            <input type='hidden' class='gform_hidden' name='state_1' value='WyJbXSIsIjhmNzE2NjA2OTQ3Y2I3ZWQzODM5OTg0NGYwZjQ1YzcyIl0=' \/>\n            <input type='hidden' class='gform_hidden' name='gform_target_page_number_1' id='gform_target_page_number_1' value='0' \/>\n            <input type='hidden' class='gform_hidden' name='gform_source_page_number_1' id='gform_source_page_number_1' value='1' \/>\n            <input type='hidden' name='gform_field_values' value='' \/>\n                        <\/form>\n\t\t                <iframe style='display:none;width:0px;height:0px;' src='about:blank' name='gform_ajax_frame_1' id='gform_ajax_frame_1' title='Dieser iframe enth\u00e4lt die erforderliche Logik um Gravity Forms Formulare mit AJAX zu handhaben.'><\/iframe>\n\n","protected":false},"excerpt":{"rendered":"<p>Home &#8211; Bestellungen und Zahlungen &#8211; Wie schnell erhalte ich nach R\u00fccksendungen eine R\u00fcckerstattung? Sobald wir Ihre R\u00fccksendung bearbeitet haben, erstatten wir Ihnen den Betrag innerhalb von 15 Werktagen. Wie schnell Sie das Geld auf Ihrem Konto haben, h\u00e4ngt von Ihrer Zahlungsmethode und von Ihrer Bank ab. Sie haben ein Produkt gegen ein anderes Produkt&hellip;<\/p>\n","protected":false},"author":2,"featured_media":0,"parent":6526,"menu_order":0,"comment_status":"closed","ping_status":"closed","template":"","meta":{"_acf_changed":false,"inline_featured_image":false,"footnotes":""},"class_list":["post-6736","page","type-page","status-publish","hentry"],"acf":[],"_links":{"self":[{"href":"https:\/\/kozeliving.com\/de\/wp-json\/wp\/v2\/pages\/6736","targetHints":{"allow":["GET"]}}],"collection":[{"href":"https:\/\/kozeliving.com\/de\/wp-json\/wp\/v2\/pages"}],"about":[{"href":"https:\/\/kozeliving.com\/de\/wp-json\/wp\/v2\/types\/page"}],"author":[{"embeddable":true,"href":"https:\/\/kozeliving.com\/de\/wp-json\/wp\/v2\/users\/2"}],"replies":[{"embeddable":true,"href":"https:\/\/kozeliving.com\/de\/wp-json\/wp\/v2\/comments?post=6736"}],"version-history":[{"count":0,"href":"https:\/\/kozeliving.com\/de\/wp-json\/wp\/v2\/pages\/6736\/revisions"}],"up":[{"embeddable":true,"href":"https:\/\/kozeliving.com\/de\/wp-json\/wp\/v2\/pages\/6526"}],"wp:attachment":[{"href":"https:\/\/kozeliving.com\/de\/wp-json\/wp\/v2\/media?parent=6736"}],"curies":[{"name":"wp","href":"https:\/\/api.w.org\/{rel}","templated":true}]}}