{"id":6574,"date":"2024-02-23T16:27:43","date_gmt":"2024-02-23T15:27:43","guid":{"rendered":"https:\/\/kozeliving.com\/kuehlwarm\/"},"modified":"2026-04-09T12:22:02","modified_gmt":"2026-04-09T10:22:02","slug":"coolsleep-bett-kuehler","status":"publish","type":"page","link":"https:\/\/kozeliving.com\/de\/coolsleep-bett-kuehler\/","title":{"rendered":"CoolSleep Vorteile"},"content":{"rendered":"\r\n<p><img decoding=\"async\" src=\"https:\/\/kozeliving.com\/wp-content\/uploads\/2026\/02\/icoon-val-sneller-in-slaap-grey.png\" alt=\"icoon - val sneller in slaap - grey\" width=\"568\" height=\"568\" title=\"\"><\/p>\r\n<h4>CoolSleep<\/h4>\r\n<p>Schneller einschlafen &amp; tiefer durchschlafen<\/p>\r\n<p><img decoding=\"async\" src=\"https:\/\/kozeliving.com\/wp-content\/uploads\/2026\/02\/icoon-past-op-elk-matras-grey.png\" alt=\"icoon - past op elk matras - grey\" width=\"568\" height=\"568\" title=\"\"><\/p>\r\n<h4>CoolSleep<\/h4>\r\n<p>Individuelle Temperaturregelung<\/p>\r\n<p><img decoding=\"async\" src=\"https:\/\/kozeliving.com\/wp-content\/uploads\/2026\/03\/icoon-voorkomt-nachtelijk-zweten-grey.png\" alt=\"icoon - voorkomt nachtelijk zweten - grey\" width=\"568\" height=\"567\" title=\"\"><\/p>\r\n<h4>CoolSleep<\/h4>\r\n<p>Beugt n\u00e4chtlichem Schwitzen vor<\/p>\r\n<h2>CoolSleep: Der Favorit f\u00fcr hei\u00dfe Schl\u00e4fer<\/h2>\r\n<p><a target=\"_self\"> 12\u00b0C K\u00fchlung <\/a> <a target=\"_self\"> fl\u00fcsterleise <\/a> <a target=\"_self\"> passt in jedes Bett <\/a> <a target=\"_self\"> nat\u00fcrliche Wasserthermoressource <\/a> <a target=\"_self\"> Ungefilzte Wasserschl\u00e4uche <\/a><\/p>\r\n<h2>CoolSleep: Der Favorit f\u00fcr kuschelige Schl\u00e4fer<\/h2>\r\n<p><a target=\"_self\"> 48\u00b0C Heizung <\/a> <a target=\"_self\"> maschinenwaschbar <\/a> <a target=\"_self\"> kein Strom im Bett <\/a> <a target=\"_self\"> nat\u00fcrliche Wasserthermoressource <\/a><\/p>\r\n<h2>Verwandle jedes Bett in eine k\u00fchle Matratze<\/h2>\r\n<h3>Halte die Sommerhitze aus deinem Bett fern. Bestimme dein eigenes Klima und schlafe ungest\u00f6rt durch die Sommerhitze hindurch.<\/h3>\r\n<p>Stellen Sie ganz einfach Ihre ideale K\u00fchle f\u00fcr ein angenehmes Bettklima ein. Das KOZ-E CoolSleep reguliert die Temperatur, sodass Sie w\u00e4hrend der Sommerhitze ungest\u00f6rt durchschlafen k\u00f6nnen.<\/p>\r\n<h4>Halte deine Matratze die ganze Nacht k\u00fchl &#8211; mit deiner ganz pers\u00f6nlichen Einstellung.<\/h4>\r\n<p>Teste es 30 N\u00e4chte lang bei dir zu Hause. Nicht zufrieden? Geld zur\u00fcck.<\/p>\r\n<p><a href=\"https:\/\/kozeliving.com\/de\/kuehlender-topper-matratzen-gegen-schwitzen\/\" target=\"_self\"> mehr Infos <\/a><\/p>\r\n<h2>Endlich eine wirklich k\u00fchle Matratze.<\/h2>\r\n<h3>K\u00fchlen und erfrischenden Schlaf, ohne dass es zu kalt wird.<\/h3>\r\n<p>Schlafexperten wissen es: Eine k\u00fchle Matratze ist das Geheimnis f\u00fcr einen besseren und tiefen Schlaf. W\u00e4hrend die optimale Schlaftemperatur f\u00fcr die meisten Menschen bei etwa 18 bis 19 Grad liegt, bleiben \u201eW\u00e4rmeschl\u00e4fer&#8220; oft im Wachmodus h\u00e4ngen, weil ihr K\u00f6rper nicht ausreichend abk\u00fchlt.<\/p>\r\n<p>Die KOZ-E CoolSleep sorgt f\u00fcr wieder mehr K\u00fchle in deinem Bett. Mit dieser k\u00fchlenden Matratzenauflage kannst du deine Matratze um bis zu 12 Grad k\u00fchlen. Bleibe k\u00fchl durch den direkten Kontakt von Wasser auf deiner Haut statt durch Luftheizung wie bei Klimaanlagen.<\/p>\r\n<h4>Herrlich k\u00fchl schlafen &#8211; ganz ohne Klimaanlage<\/h4>\r\n<p><a href=\"https:\/\/kozeliving.com\/de\/produkt\/bett-kuehler\/\" target=\"_self\"> zum Produkt <\/a> <iframe allowfullscreen=\"allowfullscreen\" data-src=\"https:\/\/www.youtube.com\/embed\/2lvIbgiSfBE?feature=oembed&amp;autoplay=1&amp;playlist=2lvIbgiSfBE&amp;start&amp;end&amp;wmode=opaque&amp;loop=1&amp;controls=0&amp;mute=0&amp;rel=0&amp;modestbranding=1\"><\/iframe> Play Video<\/p>\r\n<h2>CoolSleep: basierend auf Halbleitertechnologie<\/h2>\r\n<h3>Fortschrittliches thermisches Wasserzirkulationssystem<\/h3>\r\n<h4>Hohe Effizienz und zuverl\u00e4ssige K\u00fchlung und Heizung. 100 % sicher f\u00fcr Ihren Komfort<\/h4>\r\n<h2>CoolSleep Matratzen k\u00fchler: Verbessere deinen Tiefschlaf<\/h2>\r\n<h3>Das Beste aus deinem Schlaf herausholen<\/h3>\r\n<p>Bei der richtigen Temperatur im Bett schl\u00e4fst du tiefer und wachst seltener auf. Guter Schlaf hat viele Vorteile: Er st\u00e4rkt unter anderem dein Immunsystem, dein Ged\u00e4chtnis und deine Konzentrationsf\u00e4higkeit. Mit CoolSleep kannst du die Temperatur stufenlos von 12 bis 48 Grad einstellen, ganz auf deinen K\u00f6rper abgestimmt.<\/p>\r\n<p>Wir empfehlen dir, eine Schlaf-App oder einen Tracker zu verwenden, um die Verbesserungen deiner Schlafqualit\u00e4t zu \u00fcberwachen.<\/p>\r\n<p><a target=\"_self\"> mehr \u00fcber Tiefschlaf <\/a> <a href=\"https:\/\/kozeliving.com\/de\/produkt\/warmsleep-bettwarmer\/\" target=\"_blank\" rel=\"noopener\"> 30 N\u00e4chte lang risikofrei testen <\/a> <a href=\"https:\/\/kozeliving.com\/de\/produkt\/warmsleep-bettwarmer\/\" target=\"_blank\" rel=\"noopener\"> 3 Jahre Garantie <\/a> <a href=\"https:\/\/kozeliving.com\/de\/produkt\/warmsleep-bettwarmer\/\" target=\"_blank\" rel=\"noopener\"> Niederl\u00e4ndisches Unternehmen <\/a> <a href=\"https:\/\/kozeliving.com\/de\/produkt\/warmsleep-bettwarmer\/\" target=\"_blank\" rel=\"noopener\"> Schnelle Lieferung <\/a><\/p>\r\n<h2>CoolSleep Matratzenk\u00fchlung: Schluss mit n\u00e4chtlichem Schwitzen<\/h2>\r\n<h3>Halte dein Bett sauber und trocken.<\/h3>\r\n<p>Keine Sorge mehr, mitten in der Nacht schwei\u00dfgebadet aufzuwachen. Halte deine Matratze hygienisch sauber und trocken, indem du die Schlaftemperatur genau nach deinen W\u00fcnschen einstellst. Durch die aktive Temperaturregelung bleibt auch die Luftfeuchtigkeit in deinem Bett auf einem idealen Niveau. Jeden Morgen f\u00fchlt sich dein Bett wieder frisch und sauber an, sodass du voller Energie in den Tag startest.<\/p>\r\n<h2>CoolSleep Matratzenk\u00fchler: das coolste Rezept gegen die Wechseljahre und hei\u00dfe N\u00e4chte.<\/h2>\r\n<h3>Leite die Hitze von Hitzewallungen ab, damit du endlich einen guten, ungest\u00f6rten Schlaf genie\u00dfen kannst<\/h3>\r\n<p>Wachst du oft mitten in der Nacht auf? Schlechter Schlaf w\u00e4hrend der Wechseljahre ist eine schwierige Zeit. Das l\u00e4sst sich l\u00f6sen, indem du dein Bett mit dem CoolSleep-System zu einer k\u00fchlen Matratze machst. Ideal, wenn du zum Beispiel unter Hitzewallungen leidest und dir pl\u00f6tzlich sehr warm wird. Mit CoolSleep kannst du die Temperatur ganz einfach vom Bett aus anpassen, damit sie deinen Bed\u00fcrfnissen entspricht.<\/p>\r\n<h4>Einfacher durch die Wechseljahre schlafen.<\/h4>\r\n<p>Testen Sie CoolSleep 30 N\u00e4chte lang zu Hause. Nicht zufrieden? Geld zur\u00fcck.<\/p>\r\n<p><a href=\"https:\/\/kozeliving.com\/de\/matratzen-kuehler-gegen-nachtschweiss\/\" target=\"_self\"> mehr \u00fcber <\/a><\/p>\r\n<h2>KOZ-E CoolSleep: Dein Begleiter f\u00fcr die perfekte Schlaftemperatur<\/h2>\r\n<h3>Mit der CoolSleep-Technologie wieder die Kontrolle \u00fcber die Temperaturschwankungen des K\u00f6rpers erlangen.<\/h3>\r\n<p>Ob es friert oder drau\u00dfen 30 Grad warm ist: Der KOZ-E ist f\u00fcr dich da. Das System k\u00fchlt im Sommer und heizt im Winter, sodass du es das ganze Jahr \u00fcber nutzen kannst. Hast du Probleme mit einer gest\u00f6rten Temperaturregulierung? Stelle die ideale Temperatur fest, noch bevor du ins Bett steigst. Ob du nun tiefgehende K\u00fchle oder behagliche W\u00e4rme ben\u00f6tigst, du genie\u00dft jede Nacht die perfekte Balance in deinem Bett.<\/p>\r\n<h4>Schluss mit dem Kampf gegen deinen inneren Thermostat<\/h4>\r\n<p>Von Schlafexperten empfohlen, mit 3 Jahren Garantie.<\/p>\r\n<p><a href=\"https:\/\/kozeliving.com\/de\/produkt\/bett-kuehler\/\" target=\"_self\"> jetzt kaufen <\/a><\/p>\r\n<h2>CoolSleep: Die komfortable Alternative zu Klimaanlage oder Ventilator.<\/h2>\r\n<h3>Kein L\u00e4rm und keine trockene Luft. Erleben Sie die pure Kraft der Wasserk\u00fchlung und genie\u00dfen Sie einen tiefen Schlaf bei perfekter Temperatur.<\/h3>\r\n<p>CoolSleep ist die ideale Alternative f\u00fcr n\u00e4chtliche Abk\u00fchlung. Das Wasser im Tank k\u00fchlt deine Matratze ohne Strom oder Strahlung unter der Bettdecke. Kein unheimliches Getue in deinem Bett, sondern einfach die ehrliche Wirkung von kaltem Wasser. So kannst du sicher sein, dass du jede Nacht tief durchschl\u00e4fst, ohne Gesundheitsrisiken.<\/p>\r\n<h4>CoolSleep: herrlich k\u00fchl schlafen ohne Klimaanlage<\/h4>\r\n<p>Spare Energiekosten und schlafe tief und fest. CoolSleep\u00ae k\u00fchlt nur dich, nicht den ganzen Raum. Effizient, nat\u00fcrlich und 100 % sicher.<\/p>\r\n<p><a href=\"https:\/\/kozeliving.com\/de\/?page_id=13438\" target=\"_self\"> Mehr \u00fcber CoolSleep-Technologie <\/a><\/p>\r\n<h2>Frisch aufwachen: keine trockene Kehle oder Kopfschmerzen mehr<\/h2>\r\n<h3>Der Matratzenk\u00fchler f\u00fcr einen k\u00fchlen Schlaf in warmen N\u00e4chten &#8211; keine kalte Luft, die auf die Haut bl\u00e4st, frisch aufwachen, keine trockene Kehle und keine gereizten Augen<\/h3>\r\n<p>CoolSleep\u00ae k\u00fchlt dein Bett mit nat\u00fcrlicher Wassertechnologie, ohne die Luft auszutrocknen. Erlebe K\u00fchlung auf ganz nat\u00fcrliche Weise: Durch den direkten Kontakt genie\u00dft du die Frische direkt an deinem K\u00f6rper &#8211; im Gegensatz zu Klimaanlagen, die nur die Luft umw\u00e4lzen und austrocknen. Genie\u00dfe einen tiefen, gesunden Schlaf und wach jeden Morgen herrlich erfrischt auf.<\/p>\r\n<p>&nbsp;<\/p>\r\n<h4>CoolSleep: K\u00fchle die Nacht schlauer und umweltfreundlicher<\/h4>\r\n<p>Entscheide dich f\u00fcr einen gesunden Schlaf ohne die trockene Luft einer Klimaanlage. Steige noch heute auf die intelligente K\u00fchlung von CoolSleep\u00ae um.<\/p>\r\n<p><a href=\"https:\/\/kozeliving.com\/de\/produkt\/bett-kuehler\/\" target=\"_self\"> ohne Klimaanlage k\u00fchlen <\/a><\/p>\r\n<h2>CoolSleep: Macht das gemeinsame Schlafen wieder zum Genuss<\/h2>\r\n<h3>Keine Distanz mehr wegen der Hitze &#8211; sondern endlich wieder Raum f\u00fcr echte N\u00e4he.<\/h3>\r\n<p>Ist dein Partner im Bett eine menschliche Heizung oder w\u00e4lzt du dich selbst vor Hitze hin und her? Mit CoolSleep m\u00fcsst ihr keine Distanz mehr halten &#8211; es ist wieder Platz f\u00fcr eine Umarmung und Kuschelmomente. Schafft euch das ideale Klima f\u00fcr euch beide auf einer perfekt gek\u00fchlten Matratze. Genie\u00dft eine ungest\u00f6rte Nachtruhe und wacht gemeinsam erfrischt auf, egal wie hei\u00df es drau\u00dfen ist. Schluss mit klebrigen N\u00e4chten &#8211; genie\u00dft einfach die reine, nat\u00fcrliche Frische von Wasser.<\/p>\r\n<p>&nbsp;<\/p>\r\n<h4>Endlich wieder kuscheln: Macht gemeinsames Schlafen wieder cool<\/h4>\r\n<p><a href=\"https:\/\/kozeliving.com\/de\/produkt\/bett-kuehler\/\" target=\"_self\"> bestelle jetzt CoolSleep <\/a><\/p>\r\n<h2>Die Wissenschaft hinter erholsamem Schlaf<\/h2>\r\n<h3>CoolSleep: Macht jede Nacht zum ultimativen Power-Up.<\/h3>\r\n<p>KOZ-E CoolSleep ist der ultimative Life-Hack f\u00fcr alle, die maximale Performance bringen wollen. Trainierst du t\u00e4glich hart, triffst du wichtige Entscheidungen oder ist dein Terminkalender randvoll? Dann brauchst du einen klaren Kopf und Energie im \u00dcberfluss. Ein aktiver Lebensstil steht und f\u00e4llt mit der Qualit\u00e4t deines Schlafs. Gerade wenn dein K\u00f6rper und Geist abends noch auf Hochtouren laufen, verhindert eine zu hohe Temperatur im Bett die n\u00f6tige Regeneration. Schlafforscher haben best\u00e4tigt: Eine konstante Hauttemperatur verbessert die Tiefschlafphasen deutlich und minimiert n\u00e4chtliches Aufwachen. CoolSleep hilft dir, schneller runterzufahren und das Maximum aus deiner Nacht herauszuholen.<\/p>\r\n<p>&nbsp;<\/p>\r\n<p>M\u00f6chtest du mehr \u00fcber die wissenschaftlich belegten Vorteile von k\u00fchlem Schlaf erfahren?<\/p>\r\n<p><a href=\"https:\/\/kozeliving.com\/de\/wissenschaftliche-beweise\/\" target=\"_self\"> mehr \u00fcber Die Wissenschaft hinter k\u00fchlem Schlaf <\/a><\/p>\r\n<figure><img decoding=\"async\" title=\"Cool bed\" src=\"https:\/\/kozeliving.com\/wp-content\/uploads\/2026\/04\/Cool-bed.jpg\" alt=\"Cool bed\" width=\"2528\" height=\"1696\" \/><\/figure>\r\n<h5>Kompakt und m\u00fchelos, passt in jedes Bett<\/h5>\r\n<h3>Ein weiches K\u00fchlkissen, das die ganze Nacht \u00fcber bequem bleibt<\/h3>\r\n<p>Wir haben genau das Richtige f\u00fcr Sie. Egal, ob Sie eine Einzelmatratze, ein franz\u00f6sisches Bett of een Kingsize-Bett haben &#8211; unsere k\u00fchlenden Matratzenauflagen passen perfekt.<br \/>Mit einer Standardbreite von 90 cm (35 Zoll) ist das kOZ-E cooLsleep\u2122 so konzipiert, dass es auf jede Matratzengr\u00f6\u00dfe passt. Genie\u00dfen Sie k\u00fchlen und komfortablen Schlaf, unabh\u00e4ngig von Ihrer Bettgr\u00f6\u00dfe.<\/p>\r\n<p>M\u00f6chtest du mehr \u00fcber\u00a0 KOZ-E CoolSleep ?<\/p>\r\n<p><a target=\"_self\"> mehr \u00fcber <\/a> <button id=\"fl-accordion--icon-0\" type=\"button\" aria-expanded=\"true\" aria-controls=\"fl-accordion--panel-0\"><i>Collapse<\/i><\/button><\/p>\r\n<h4 id=\"fl-accordion--label-0\">KOZ-E<\/h4>\r\n<ul>\r\n<li>Einfachheit der Nutzung<\/li>\r\n<li>Verl\u00e4sslichkeit<\/li>\r\n<li>Komfort<\/li>\r\n<\/ul>\r\n<p><button id=\"fl-accordion--icon-1\" type=\"button\" aria-expanded=\"false\" aria-controls=\"fl-accordion--panel-1\"><i>Expand<\/i><\/button><\/p>\r\n<h4 id=\"fl-accordion--label-1\">Hauptmerkmale<\/h4>\r\n<ul>\r\n<li>Effiziente W\u00e4rmeableitung: Unser Hochleistungs-Wasserk\u00fchlsystem leitet \u00fcbersch\u00fcssige W\u00e4rme direkt von Ihrem K\u00f6rper ab.<\/li>\r\n<li>Fl\u00fcsterleiser Betrieb: Ger\u00e4uscharm konzipiert f\u00fcr einen ungest\u00f6rten und tiefen Schlaf.<\/li>\r\n<li>Weich gepolsterte Auflage f\u00fcr ein angenehmes Liegegef\u00fchl.<\/li>\r\n<li>Vormontierte Spanngurte, die auf jede Matratzengr\u00f6\u00dfe passen.<\/li>\r\n<li>Gro\u00dfer Wassertank mit automatischer Warnanzeige bei Wassermangel.<\/li>\r\n<li>Langlebiges Design: Hochwertige Verarbeitung f\u00fcr jahrelange Zuverl\u00e4ssigkeit.<\/li>\r\n<li>Ganzj\u00e4hrig nutzbar: Verwenden Sie das System auch im Winter &#8211; es w\u00e4rmt Sie in kalten N\u00e4chten zuverl\u00e4ssig bis zu 48\u00b0C.<\/li>\r\n<\/ul>\r\n<p><button id=\"fl-accordion--icon-2\" type=\"button\" aria-expanded=\"false\" aria-controls=\"fl-accordion--panel-2\"><i>Expand<\/i><\/button><\/p>\r\n<h4 id=\"fl-accordion--label-2\">CoolSleep von KOZ-E<\/h4>\r\n<h4>Der Matratzen k\u00fchler, der dich in warmen N\u00e4chten angenehm k\u00fchl h\u00e4lt<\/h4>\r\n<p>Da bekommt man richtig Lust, ins Bett zu gehen.<\/p>\r\n<ul>\r\n<li>Leistungsstark und fl\u00fcsterleise<\/li>\r\n<li>Komfortabel und einfach<\/li>\r\n<li>Passt auf jedes Bett<\/li>\r\n<\/ul>\r\n<h4>Produktvorteile:<\/h4>\r\n<ul>\r\n<li>Effiziente W\u00e4rmeableitung: Unser Hochleistungs-Wasserk\u00fchlsystem leitet \u00fcbersch\u00fcssige W\u00e4rme direkt von Ihrem K\u00f6rper ab.<\/li>\r\n<li>Fl\u00fcsterleiser Betrieb f\u00fcr ungest\u00f6rten Schlaf<\/li>\r\n<li>Weich gepolsterte Auflage f\u00fcr ein angenehmes Liegegef\u00fchl.<\/li>\r\n<li>Vormontierte Spanngurte, die auf jede Matratzengr\u00f6\u00dfe passen.<\/li>\r\n<li>Gro\u00dfer Wassertank mit automatischer Warnanzeige bei Wassermangel.<\/li>\r\n<li>Langlebiges Design: Hochwertige Verarbeitung f\u00fcr jahrelange Zuverl\u00e4ssigkeit.<\/li>\r\n<li>Use it in winter:it also warms on cold nights<\/li>\r\n<\/ul>\r\n<p><button id=\"fl-accordion--icon-3\" type=\"button\" aria-expanded=\"false\" aria-controls=\"fl-accordion--panel-3\"><i>Expand<\/i><\/button><\/p>\r\n<h4 id=\"fl-accordion--label-3\">Vorteile f\u00fcr dich<\/h4>\r\n<ul>\r\n<li>Schneller einschlafen, selbst an hei\u00dfen Sommertagen.<\/li>\r\n<li>Tiefer und ungest\u00f6rter Schlaf &#8211; das ganze Jahr \u00fcber.<\/li>\r\n<li>Individueller Komfort: Stellen Sie Ihre Wunschtemperatur pr\u00e4zise ab 12 Grad ein.<\/li>\r\n<\/ul>\r\n<h2>Was sagt ein Schlafexperte?<\/h2>\r\n<p>&#8222;Als Schlafforscher wei\u00df ich, dass zu warm oder zu kalt eines der Hauptprobleme f\u00fcr einen guten Schlaf ist. Vor allem die Einschlaflatenz wird negativ beeinflusst; es dauert l\u00e4nger, bis man einschl\u00e4ft, wenn es im Bett zu warm oder zu kalt ist. Deshalb habe ich im Jahr 2023 KOZ-E Sleep getestet. Ich stellte fest, dass das Produkt ausgezeichnet funktioniert; sowohl das K\u00fchlen als auch das W\u00e4rmen waren sehr angenehm. KOZ-E Sleep kann dazu beitragen, dass man in warmen Sommer- und kalten Wintern\u00e4chten leichter einschl\u00e4ft und besser durchschl\u00e4ft.&#8220; That&#8217;s why in 2023 I&#8217;ve tested the KOZ-E sleep. We see that the product performs well from a functional point of view; both cooling and warming works well and is comfortable. It can help you fall asleep more easy and better during a heatwave or a cold winter.&#8220;<\/p>\r\n<h4>Geert<\/h4>\r\n<figure><img decoding=\"async\" title=\"GEERT DOORLAG\" src=\"https:\/\/kozeliving.com\/wp-content\/uploads\/2024\/05\/GEERT-DOORLAG.jpeg\" alt=\"GEERT DOORLAG\" width=\"1600\" height=\"896\" \/><\/figure>\r\n<h6>GEERT DOORSLAG<\/h6>\r\n<p>Schlafforscher Koninglijke, Auping<\/p>\r\n<p>Geert Doorlag ist Forscher bei Royal Auping und besch\u00e4ftigt sich mit zwei strategischen Themen: Schlaf und Nachhaltigkeit. Ausgebildet an der Technischen Universit\u00e4t Delft als Industriedesigner (MSc 2008), arbeitet er seit 2009 bei Auping, zun\u00e4chst als Produktentwickler, dann als Test- und Validierungsingenieur und in den letzten Jahren als Forscher.<\/p>\r\n<h4>Unsere Matratzenk\u00fchlung wird von Spitzensportlern, Schlafexperten und Wissenschaftlern empfohlen, damit du jede Nacht &#8211; das ganze Jahr \u00fcber &#8211; tiefer und besser schl\u00e4fst.<\/h4>\r\n<p>Wir wissen, dass CoolSleep funktioniert. Aber wir verstehen auch, dass du dich selbst \u00fcberzeugen m\u00f6chtest. Deshalb kannst du unsere Produkte 30 Tage lang risikofrei testen. Die CoolSleep-Matratzenauflage ist auf Langlebigkeit ausgelegt en damit besonders nachhaltig. Wir bieten dir unsere umfassende 3-Jahres-Garantie mit vollem Vertrauen an.<\/p>\r\n<figure><img decoding=\"async\" title=\"KOZ-E Cool Mesh Fabric for Sleep\" src=\"https:\/\/kozeliving.com\/wp-content\/uploads\/2023\/11\/KOZ-E-Cool-Mesh-Fabric-for-Sleep.jpg\" alt=\"KOZ-E Cool Mesh Fabric for Sleep\" width=\"2560\" height=\"1707\" \/><\/figure>\r\n<p><a href=\"https:\/\/kozeliving.com\/de\/produkt\/warmsleep-bettwarmer\/\" target=\"_blank\" rel=\"noopener\"> 30 N\u00e4chte lang risikofrei testen <\/a> <a href=\"https:\/\/kozeliving.com\/de\/produkt\/warmsleep-bettwarmer\/\" target=\"_blank\" rel=\"noopener\"> 3 Jahre Garantie <\/a> <a href=\"https:\/\/kozeliving.com\/de\/produkt\/warmsleep-bettwarmer\/\" target=\"_blank\" rel=\"noopener\"> Niederl\u00e4ndisches Unternehmen <\/a> <a href=\"https:\/\/kozeliving.com\/de\/produkt\/warmsleep-bettwarmer\/\" target=\"_blank\" rel=\"noopener\"> Schnelle Lieferung <\/a><\/p>\r\n<figure><img decoding=\"async\" title=\"KOZ-E_01-23-1200x1200\" src=\"https:\/\/kozeliving.com\/wp-content\/uploads\/2024\/05\/KOZ-E_01-23-1200x1200-1.png\" alt=\"Hilfe bei Nachtschwei\u00df und Hitzewallungen in den Wechseljahren.\" width=\"3014\" height=\"2712\" \/><\/figure>\r\n<h5><a href=\"https:\/\/kozeliving.com\/de\/produkt\/bett-kuehler\/\" target=\"_self\">Bist du bereit f\u00fcr CoolSleep-N\u00e4chte?<\/a><\/h5>\r\n<p>Probiere es aus und sieh, wie es deinen Tiefschlaf beeinflusst:<\/p>\r\n<ul>\r\n<li>30 N\u00e4chte lang risikofrei testen<\/li>\r\n<li>3 Jahre Garantie<\/li>\r\n<li>Niederl\u00e4ndisches Unternehmen<\/li>\r\n<li>Schnelle Lieferung<\/li>\r\n<\/ul>\r\n<p><a href=\"https:\/\/kozeliving.com\/de\/produkt\/bett-kuehler\/\" target=\"_self\"> jetzt bestellen <\/a><\/p>\r\n<h2>CoolSleep Bett k\u00fchler<\/h2>\r\n<p>Die aktive Matratzenauflage k\u00fchlend mit pr\u00e4ziser Temperaturregulierung zwischen 12 \u00b0C und 48 \u00b0C f\u00fcr jede Nacht.<\/p>\r\n<p><a class=\"button woopack-product-button woopack-product-button-custom\" target=\"_self\"> mehr \u00fcber CoolSleep <\/a><\/p>\r\n<!-- product-content --><!-- summary --><!-- woopack-single-product -->\r\n<p><img decoding=\"async\" title=\"_DSC9344\" src=\"https:\/\/kozeliving.com\/wp-content\/uploads\/2026\/03\/DSC9344-scaled.jpg\" alt=\"CoolSleep\" \/> Play Video<\/p>\r\n<h5>Neugierig, wie k\u00fchl dein Bett mit CoolSleep tats\u00e4chlich werden kann?<\/h5>\r\n<p>Schau dir das Video an und entdecke die Kraft der aktiven K\u00fchlung. Erlebe den effizientesten Matratzenk\u00fchler, der h\u00e4lt, was er verspricht: die perfekte Temperatur, die genau zu deinem K\u00f6rper passt. Schlafe besser, tiefer und wache endlich wirklich erholt auf.<\/p>\r\n","protected":false},"excerpt":{"rendered":"<p>CoolSleep Schneller einschlafen &amp; tiefer durchschlafen CoolSleep Individuelle Temperaturregelung CoolSleep Beugt n\u00e4chtlichem Schwitzen vor CoolSleep: Der Favorit f\u00fcr hei\u00dfe Schl\u00e4fer 12\u00b0C K\u00fchlung fl\u00fcsterleise passt in jedes Bett nat\u00fcrliche Wasserthermoressource Ungefilzte Wasserschl\u00e4uche CoolSleep: Der Favorit f\u00fcr kuschelige Schl\u00e4fer 48\u00b0C Heizung maschinenwaschbar kein Strom im Bett nat\u00fcrliche Wasserthermoressource Verwandle jedes Bett in eine k\u00fchle Matratze Halte die&hellip;<\/p>\n","protected":false},"author":1,"featured_media":14059,"parent":0,"menu_order":0,"comment_status":"closed","ping_status":"closed","template":"","meta":{"_acf_changed":false,"inline_featured_image":false,"footnotes":""},"class_list":["post-6574","page","type-page","status-publish","has-post-thumbnail","hentry"],"acf":[],"_links":{"self":[{"href":"https:\/\/kozeliving.com\/de\/wp-json\/wp\/v2\/pages\/6574","targetHints":{"allow":["GET"]}}],"collection":[{"href":"https:\/\/kozeliving.com\/de\/wp-json\/wp\/v2\/pages"}],"about":[{"href":"https:\/\/kozeliving.com\/de\/wp-json\/wp\/v2\/types\/page"}],"author":[{"embeddable":true,"href":"https:\/\/kozeliving.com\/de\/wp-json\/wp\/v2\/users\/1"}],"replies":[{"embeddable":true,"href":"https:\/\/kozeliving.com\/de\/wp-json\/wp\/v2\/comments?post=6574"}],"version-history":[{"count":7,"href":"https:\/\/kozeliving.com\/de\/wp-json\/wp\/v2\/pages\/6574\/revisions"}],"predecessor-version":[{"id":14274,"href":"https:\/\/kozeliving.com\/de\/wp-json\/wp\/v2\/pages\/6574\/revisions\/14274"}],"wp:featuredmedia":[{"embeddable":true,"href":"https:\/\/kozeliving.com\/de\/wp-json\/wp\/v2\/media\/14059"}],"wp:attachment":[{"href":"https:\/\/kozeliving.com\/de\/wp-json\/wp\/v2\/media?parent=6574"}],"curies":[{"name":"wp","href":"https:\/\/api.w.org\/{rel}","templated":true}]}}