{"id":6489,"date":"2024-02-23T16:27:31","date_gmt":"2024-02-23T15:27:31","guid":{"rendered":"https:\/\/kozeliving.com\/boot\/"},"modified":"2024-07-17T08:50:13","modified_gmt":"2024-07-17T06:50:13","slug":"boot","status":"publish","type":"page","link":"https:\/\/kozeliving.com\/de\/inspiration\/boot\/","title":{"rendered":"Boot"},"content":{"rendered":"\n\n\t<nav aria-label=\"breadcrumbs\"><p><a href=\"https:\/\/kozeliving.com\/de\/\">Home<\/a> &#8211; <a href=\"https:\/\/kozeliving.com\/de\/inspiration\/\">Inspiration<\/a> &#8211; Boot<\/p><\/nav>\n\t<h2>Warm Segeln mit beheizbaren Sitzkissen | KOZ-E<\/h2>\n\t<p><strong>Warm Segeln mit beheizbaren Sitzkissen von KOZ-E<\/strong><\/p>\n<p>Entdecken Sie die beheizbaren Sitzkissen von KOZ-E Warm und begeben Sie sich auf einen Segelt\u00f6rn voller Komfort! Innovative beheizbare Sitzkissen, ohne Kabel, ohne freiliegende Dr\u00e4hte, f\u00fcr flexible und sichere W\u00e4rme. Dazu unsere Heizdecke oder die W\u00e4rmedecke mit Fu\u00dfsack und der Seewind kann Ihnen nichts mehr anhaben. Genie\u00dfen Sie mit KOZ-E angenehme W\u00e4rme und spannende Abenteuer!<\/p>\n\t\t\t\t<img decoding=\"async\" src=\"https:\/\/kozeliving.com\/wp-content\/uploads\/2024\/03\/KOZ-E-Warmte-Kussen_Boat.jpg\" alt=\"KOZ-E-Warmte-Kussen_Boat\" itemprop=\"image\" height=\"873\" width=\"1080\" title=\"KOZ-E-Warmte-Kussen_Boat\" onerror=\"this.style.display='none'\"  \/>\n\t<p><strong>Warm bleiben beim Segeln mit KOZ-E<\/strong><\/p>\n<p><strong>Kabellose W\u00e4rme mit beheizbaren Sitzkissen<\/strong><\/p>\n<p><strong>Automatische Ein-\/Ausschaltfunktion<\/strong><\/p>\n\t\t\t\t<img decoding=\"async\" src=\"https:\/\/kozeliving.com\/wp-content\/uploads\/2024\/03\/Warmte-zitkussen-1.jpg\" alt=\"Warmte zitkussen\" itemprop=\"image\" height=\"873\" width=\"1080\" title=\"Warmte zitkussen\" onerror=\"this.style.display='none'\"  \/>\n\t<a href=\"https:\/\/kozeliving.com\/de\/produkt\/beheiztes-sitzkissen-4\/\" rel=\"bookmark\" title=\"Beheiztes Sitzkissen\">\n\t\t\t<img width=\"600\" height=\"600\" src=\"https:\/\/kozeliving.com\/wp-content\/uploads\/2023\/10\/Packshot-Marissa13151-1-600x600.jpg\" alt=\"\" data-no-lazy=\"1\" decoding=\"async\" srcset=\"https:\/\/kozeliving.com\/wp-content\/uploads\/2023\/10\/Packshot-Marissa13151-1-600x600.jpg 600w, https:\/\/kozeliving.com\/wp-content\/uploads\/2023\/10\/Packshot-Marissa13151-1-1200x1200.jpg 1200w, https:\/\/kozeliving.com\/wp-content\/uploads\/2023\/10\/Packshot-Marissa13151-1-300x300.jpg 300w, https:\/\/kozeliving.com\/wp-content\/uploads\/2023\/10\/Packshot-Marissa13151-1-768x768.jpg 768w, https:\/\/kozeliving.com\/wp-content\/uploads\/2023\/10\/Packshot-Marissa13151-1-1536x1536.jpg 1536w, https:\/\/kozeliving.com\/wp-content\/uploads\/2023\/10\/Packshot-Marissa13151-1-2048x2048.jpg 2048w, https:\/\/kozeliving.com\/wp-content\/uploads\/2023\/10\/Packshot-Marissa13151-1-100x100.jpg 100w, https:\/\/kozeliving.com\/wp-content\/uploads\/2023\/10\/Packshot-Marissa13151-1-50x50.jpg 50w\" sizes=\"(max-width: 600px) 100vw, 600px\" title=\"\">\n\t\t\t\t\t\t\tSchnellansicht\n\t\t\t\t\t<\/a>\n<h2>\n\t<a href=\"https:\/\/kozeliving.com\/de\/produkt\/beheiztes-sitzkissen-4\/\" rel=\"bookmark\" title=\"Beheiztes Sitzkissen\">\n\t\tBeheiztes Sitzkissen\t<\/a>\n<\/h2>\n\t<a href=\"https:\/\/kozeliving.com\/de\/produkt\/beheiztes-sitzkissen-5\/\" rel=\"bookmark\" title=\"Beheiztes Sitzkissen\">\n\t\t\t<img width=\"600\" height=\"600\" src=\"https:\/\/kozeliving.com\/wp-content\/uploads\/2023\/10\/Packshot-Marissa13158-1-600x600.jpg\" alt=\"\" data-no-lazy=\"1\" decoding=\"async\" srcset=\"https:\/\/kozeliving.com\/wp-content\/uploads\/2023\/10\/Packshot-Marissa13158-1-600x600.jpg 600w, https:\/\/kozeliving.com\/wp-content\/uploads\/2023\/10\/Packshot-Marissa13158-1-1200x1200.jpg 1200w, https:\/\/kozeliving.com\/wp-content\/uploads\/2023\/10\/Packshot-Marissa13158-1-300x300.jpg 300w, https:\/\/kozeliving.com\/wp-content\/uploads\/2023\/10\/Packshot-Marissa13158-1-768x768.jpg 768w, https:\/\/kozeliving.com\/wp-content\/uploads\/2023\/10\/Packshot-Marissa13158-1-1536x1536.jpg 1536w, https:\/\/kozeliving.com\/wp-content\/uploads\/2023\/10\/Packshot-Marissa13158-1-2048x2048.jpg 2048w, https:\/\/kozeliving.com\/wp-content\/uploads\/2023\/10\/Packshot-Marissa13158-1-100x100.jpg 100w, https:\/\/kozeliving.com\/wp-content\/uploads\/2023\/10\/Packshot-Marissa13158-1-50x50.jpg 50w\" sizes=\"(max-width: 600px) 100vw, 600px\" title=\"\">\n\t\t\t\t\t\t\tSchnellansicht\n\t\t\t\t\t<\/a>\n<h2>\n\t<a href=\"https:\/\/kozeliving.com\/de\/produkt\/beheiztes-sitzkissen-5\/\" rel=\"bookmark\" title=\"Beheiztes Sitzkissen\">\n\t\tBeheiztes Sitzkissen\t<\/a>\n<\/h2>\n\t<a href=\"https:\/\/kozeliving.com\/de\/produkt\/beheiztes-sitzkissen\/\" rel=\"bookmark\" title=\"Beheiztes Sitzkissen\">\n\t\t\t<img width=\"600\" height=\"600\" src=\"https:\/\/kozeliving.com\/wp-content\/uploads\/2023\/10\/Packshot-Marissa13155-1-600x600.jpg\" alt=\"\" data-no-lazy=\"1\" decoding=\"async\" srcset=\"https:\/\/kozeliving.com\/wp-content\/uploads\/2023\/10\/Packshot-Marissa13155-1-600x600.jpg 600w, https:\/\/kozeliving.com\/wp-content\/uploads\/2023\/10\/Packshot-Marissa13155-1-1200x1200.jpg 1200w, https:\/\/kozeliving.com\/wp-content\/uploads\/2023\/10\/Packshot-Marissa13155-1-300x300.jpg 300w, https:\/\/kozeliving.com\/wp-content\/uploads\/2023\/10\/Packshot-Marissa13155-1-768x768.jpg 768w, https:\/\/kozeliving.com\/wp-content\/uploads\/2023\/10\/Packshot-Marissa13155-1-1536x1536.jpg 1536w, https:\/\/kozeliving.com\/wp-content\/uploads\/2023\/10\/Packshot-Marissa13155-1-2048x2048.jpg 2048w, https:\/\/kozeliving.com\/wp-content\/uploads\/2023\/10\/Packshot-Marissa13155-1-100x100.jpg 100w, https:\/\/kozeliving.com\/wp-content\/uploads\/2023\/10\/Packshot-Marissa13155-1-50x50.jpg 50w\" sizes=\"(max-width: 600px) 100vw, 600px\" title=\"\">\n\t\t\t\t\t\t\tSchnellansicht\n\t\t\t\t\t<\/a>\n<h2>\n\t<a href=\"https:\/\/kozeliving.com\/de\/produkt\/beheiztes-sitzkissen\/\" rel=\"bookmark\" title=\"Beheiztes Sitzkissen\">\n\t\tBeheiztes Sitzkissen\t<\/a>\n<\/h2>\n\t<a href=\"https:\/\/kozeliving.com\/de\/produkt\/beheiztes-sitzkissen-2\/\" rel=\"bookmark\" title=\"Beheiztes Sitzkissen\">\n\t\t\t<img width=\"600\" height=\"600\" src=\"https:\/\/kozeliving.com\/wp-content\/uploads\/2023\/10\/Packshot-Marissa13145-1-600x600.jpg\" alt=\"\" data-no-lazy=\"1\" decoding=\"async\" srcset=\"https:\/\/kozeliving.com\/wp-content\/uploads\/2023\/10\/Packshot-Marissa13145-1-600x600.jpg 600w, https:\/\/kozeliving.com\/wp-content\/uploads\/2023\/10\/Packshot-Marissa13145-1-1200x1200.jpg 1200w, https:\/\/kozeliving.com\/wp-content\/uploads\/2023\/10\/Packshot-Marissa13145-1-300x300.jpg 300w, https:\/\/kozeliving.com\/wp-content\/uploads\/2023\/10\/Packshot-Marissa13145-1-768x768.jpg 768w, https:\/\/kozeliving.com\/wp-content\/uploads\/2023\/10\/Packshot-Marissa13145-1-1536x1536.jpg 1536w, https:\/\/kozeliving.com\/wp-content\/uploads\/2023\/10\/Packshot-Marissa13145-1-2048x2048.jpg 2048w, https:\/\/kozeliving.com\/wp-content\/uploads\/2023\/10\/Packshot-Marissa13145-1-100x100.jpg 100w, https:\/\/kozeliving.com\/wp-content\/uploads\/2023\/10\/Packshot-Marissa13145-1-50x50.jpg 50w\" sizes=\"(max-width: 600px) 100vw, 600px\" title=\"\">\n\t\t\t\t\t\t\tSchnellansicht\n\t\t\t\t\t<\/a>\n<h2>\n\t<a href=\"https:\/\/kozeliving.com\/de\/produkt\/beheiztes-sitzkissen-2\/\" rel=\"bookmark\" title=\"Beheiztes Sitzkissen\">\n\t\tBeheiztes Sitzkissen\t<\/a>\n<\/h2>\n\t<a href=\"https:\/\/kozeliving.com\/de\/produkt\/beheiztes-sitzkissen-3\/\" rel=\"bookmark\" title=\"Beheiztes Sitzkissen\">\n\t\t\t<img width=\"600\" height=\"600\" src=\"https:\/\/kozeliving.com\/wp-content\/uploads\/2023\/10\/Packshot-Marissa13160-1-600x600.jpg\" alt=\"\" data-no-lazy=\"1\" decoding=\"async\" srcset=\"https:\/\/kozeliving.com\/wp-content\/uploads\/2023\/10\/Packshot-Marissa13160-1-600x600.jpg 600w, https:\/\/kozeliving.com\/wp-content\/uploads\/2023\/10\/Packshot-Marissa13160-1-1200x1200.jpg 1200w, https:\/\/kozeliving.com\/wp-content\/uploads\/2023\/10\/Packshot-Marissa13160-1-300x300.jpg 300w, https:\/\/kozeliving.com\/wp-content\/uploads\/2023\/10\/Packshot-Marissa13160-1-768x768.jpg 768w, https:\/\/kozeliving.com\/wp-content\/uploads\/2023\/10\/Packshot-Marissa13160-1-1536x1536.jpg 1536w, https:\/\/kozeliving.com\/wp-content\/uploads\/2023\/10\/Packshot-Marissa13160-1-2048x2048.jpg 2048w, https:\/\/kozeliving.com\/wp-content\/uploads\/2023\/10\/Packshot-Marissa13160-1-100x100.jpg 100w, https:\/\/kozeliving.com\/wp-content\/uploads\/2023\/10\/Packshot-Marissa13160-1-50x50.jpg 50w\" sizes=\"(max-width: 600px) 100vw, 600px\" title=\"\">\n\t\t\t\t\t\t\tSchnellansicht\n\t\t\t\t\t<\/a>\n<h2>\n\t<a href=\"https:\/\/kozeliving.com\/de\/produkt\/beheiztes-sitzkissen-3\/\" rel=\"bookmark\" title=\"Beheiztes Sitzkissen\">\n\t\tBeheiztes Sitzkissen\t<\/a>\n<\/h2>\n\t\n","protected":false},"excerpt":{"rendered":"<p>Home &#8211; Inspiration &#8211; Boot Warm Segeln mit beheizbaren Sitzkissen | KOZ-E Warm Segeln mit beheizbaren Sitzkissen von KOZ-E Entdecken Sie die beheizbaren Sitzkissen von KOZ-E Warm und begeben Sie sich auf einen Segelt\u00f6rn voller Komfort! Innovative beheizbare Sitzkissen, ohne Kabel, ohne freiliegende Dr\u00e4hte, f\u00fcr flexible und sichere W\u00e4rme. Dazu unsere Heizdecke oder die W\u00e4rmedecke&hellip;<\/p>\n","protected":false},"author":1,"featured_media":0,"parent":6560,"menu_order":0,"comment_status":"closed","ping_status":"closed","template":"","meta":{"_acf_changed":false,"inline_featured_image":false,"footnotes":""},"class_list":["post-6489","page","type-page","status-publish","hentry"],"acf":[],"_links":{"self":[{"href":"https:\/\/kozeliving.com\/de\/wp-json\/wp\/v2\/pages\/6489","targetHints":{"allow":["GET"]}}],"collection":[{"href":"https:\/\/kozeliving.com\/de\/wp-json\/wp\/v2\/pages"}],"about":[{"href":"https:\/\/kozeliving.com\/de\/wp-json\/wp\/v2\/types\/page"}],"author":[{"embeddable":true,"href":"https:\/\/kozeliving.com\/de\/wp-json\/wp\/v2\/users\/1"}],"replies":[{"embeddable":true,"href":"https:\/\/kozeliving.com\/de\/wp-json\/wp\/v2\/comments?post=6489"}],"version-history":[{"count":0,"href":"https:\/\/kozeliving.com\/de\/wp-json\/wp\/v2\/pages\/6489\/revisions"}],"up":[{"embeddable":true,"href":"https:\/\/kozeliving.com\/de\/wp-json\/wp\/v2\/pages\/6560"}],"wp:attachment":[{"href":"https:\/\/kozeliving.com\/de\/wp-json\/wp\/v2\/media?parent=6489"}],"curies":[{"name":"wp","href":"https:\/\/api.w.org\/{rel}","templated":true}]}}