{"id":6457,"date":"2024-02-23T16:27:25","date_gmt":"2024-02-23T15:27:25","guid":{"rendered":"https:\/\/kozeliving.com\/b2b-kunden\/"},"modified":"2024-09-04T06:02:07","modified_gmt":"2024-09-04T04:02:07","slug":"b2b-kunden","status":"publish","type":"page","link":"https:\/\/kozeliving.com\/de\/b2b-kunden\/","title":{"rendered":"B2B-Kunden"},"content":{"rendered":"\n\n\t<nav aria-label=\"breadcrumbs\"><p><a href=\"https:\/\/kozeliving.com\/de\/\">Home<\/a> &#8211; B2B-Kunden<\/p><\/nav>\n<h2>\n\t\tWillkommen bei KOZ-E Business Solutions!\n\t<\/h2>\n\t<p>Dienstleistungen<\/p>\n\t<p>Werden Sie jetzt Gesch\u00e4ftskunde bei KOZ-E Business Solutions. KOZ-E bietet Ihnen pers\u00f6nliche Beratung, zus\u00e4tzliche Personalisierungsm\u00f6glichkeiten und wettbewerbsf\u00e4hige Preise. Melden Sie sich noch heute an!<\/p>\n                            \n                        <form method='post' enctype='multipart\/form-data' target='gform_ajax_frame_4' id='gform_4'  action='\/de\/?page_id=6457&#038;fl_builder#gf_4' data-formid='4' novalidate>\n                        <ul id='gform_fields_4' class='gform_fields top_label form_sublabel_above description_below'><li id=\"field_4_20\"  data-js-reload=\"field_4_20\"><label class='gfield_label gform-field-label' for='input_4_20'>Company Name*<\/label><input name='input_20' id='input_4_20' type='text' value='' class='large'   tabindex='100'  aria-required=\"true\" aria-invalid=\"false\"   \/> <\/li><li id=\"field_4_1\"  data-js-reload=\"field_4_1\"><label class='gfield_label gform-field-label gfield_label_before_complex'>Name*<\/label>\n                                                    <label for='input_4_1_3' class='gform-field-label gform-field-label--type-sub '>First name<\/label>\n                                                    <input type='text' name='input_1.3' id='input_4_1_3' value='' tabindex='102'  aria-required='true'     \/>\n                                                            <label for='input_4_1_6' class='gform-field-label gform-field-label--type-sub '>Last name<\/label>\n                                                            <input type='text' name='input_1.6' id='input_4_1_6' value='' tabindex='104'  aria-required='true'     \/>\n                        <\/li><li id=\"field_4_23\"  data-js-reload=\"field_4_23\"><label class='gfield_label gform-field-label' for='input_4_23'>Email*<\/label>\n                            <input name='input_23' id='input_4_23' type='email' value='' class='large' tabindex='106'   aria-required=\"true\" aria-invalid=\"false\"  \/>\n                        <\/li><li id=\"field_4_24\"  data-js-reload=\"field_4_24\"><label class='gfield_label gform-field-label gfield_label_before_complex'>Address*<\/label>    \n                                    <label for='input_4_24_3' id='input_4_24_3_label' class='gform-field-label gform-field-label--type-sub '>Postal Code:<\/label>\n                                    <input type='text' name='input_24.3' id='input_4_24_3' value='' tabindex='108'   aria-required='true'    \/>\n                                        <label for='input_4_24_4' id='input_4_24_4_label' class='gform-field-label gform-field-label--type-sub '>Place:<\/label>\n                                        <input type='text' name='input_24.4' id='input_4_24_4' value='' tabindex='110'     aria-required='true'    \/>\n                                      <input type='hidden' class='gform_hidden' name='input_24.6' id='input_4_24_6' value='' \/>\n                <\/li><li id=\"field_4_26\"  data-js-reload=\"field_4_26\"><label class='gfield_label gform-field-label' for='input_4_26'>Phone number*<\/label><input name='input_26' id='input_4_26' type='tel' value='' class='large' tabindex='112'  aria-required=\"true\" aria-invalid=\"false\"   \/><\/li><li id=\"field_4_25\"  data-js-reload=\"field_4_25\"><label class='gfield_label gform-field-label' for='input_4_25'>Website<\/label>\n                    <input name='input_25' id='input_4_25' type='url' value='' class='large' tabindex='113'   placeholder='https:\/\/'  aria-invalid=\"false\"\/>\n                <\/li><li id=\"field_4_30\"  data-js-reload=\"field_4_30\"><label class='gfield_label gform-field-label' for='input_4_30'>Submit your request here:*<\/label>\n\t\t\t\t\t<textarea name='input_30' id='input_4_30' class='textarea medium' tabindex='114'  aria-required=\"true\" aria-invalid=\"false\"   rows='10' cols='50'><\/textarea>\n\t\t\t\t<\/li><li id=\"field_4_31\"  data-js-reload=\"field_4_31\"><label class='gfield_label gform-field-label' for='input_4_31'>Comments<\/label><input name='input_31' id='input_4_31' type='text' value='' autocomplete='new-password'\/>Dieses Feld dient zur Validierung und sollte nicht ver\u00e4ndert werden.<\/li><\/ul>\n         <input type='submit' id='gform_submit_button_4' class='gform_button button' value='Send' tabindex='115' onclick='if(window[\"gf_submitting_4\"]){return false;}  if( !jQuery(\"#gform_4\")[0].checkValidity || jQuery(\"#gform_4\")[0].checkValidity()){window[\"gf_submitting_4\"]=true;}  ' onkeypress='if( event.keyCode == 13 ){ if(window[\"gf_submitting_4\"]){return false;} if( !jQuery(\"#gform_4\")[0].checkValidity || jQuery(\"#gform_4\")[0].checkValidity()){window[\"gf_submitting_4\"]=true;}  jQuery(\"#gform_4\").trigger(\"submit\",[true]); }' \/> <input type='hidden' name='gform_ajax' value='form_id=4&amp;title=&amp;description=1&amp;tabindex=100&amp;theme=legacy' \/>\n            <input type='hidden' class='gform_hidden' name='is_submit_4' value='1' \/>\n            <input type='hidden' class='gform_hidden' name='gform_submit' value='4' \/>\n            <input type='hidden' class='gform_hidden' name='gform_unique_id' value='' \/>\n            <input type='hidden' class='gform_hidden' name='state_4' value='WyJbXSIsIjhmNzE2NjA2OTQ3Y2I3ZWQzODM5OTg0NGYwZjQ1YzcyIl0=' \/>\n            <input type='hidden' class='gform_hidden' name='gform_target_page_number_4' id='gform_target_page_number_4' value='0' \/>\n            <input type='hidden' class='gform_hidden' name='gform_source_page_number_4' id='gform_source_page_number_4' value='1' \/>\n            <input type='hidden' name='gform_field_values' value='' \/>\n                        <\/form>\n\t\t                <iframe style='display:none;width:0px;height:0px;' src='about:blank' name='gform_ajax_frame_4' id='gform_ajax_frame_4' title='Dieser iframe enth\u00e4lt die erforderliche Logik um Gravity Forms Formulare mit AJAX zu handhaben.'><\/iframe>\n\t<h1><strong>Unsere B2B-Geschichte:<\/strong><\/h1>\n<p>Mit \u00fcber 20 Jahren Erfahrung in der Gro\u00dfhandelsbranche verf\u00fcgen wir \u00fcber umfassende Kenntnisse im Bereich der Produktion und Qualit\u00e4tskontrolle. Wir entwerfen unsere Produkte von A bis Z, von der Stoffauswahl bis zur elektronischen Steuerung. Unser engagiertes Einkaufs- und Logistikteam ist stets bem\u00fcht, den Weg zum Kunden zu verk\u00fcrzen. Eine vertrauensvolle Zusammenarbeit und Aufmerksamkeit f\u00fcr Details haben f\u00fcr uns oberste Priorit\u00e4t. Wir leben eine Unternehmenskultur, die auf Offenheit, Ehrlichkeit und kritischem Denken beruht.<\/p>\n<p>Schon oft haben wir mit Einzelh\u00e4ndlern, Werbegeschenkfirmen und E-Commerce-Kunden zusammengearbeitet und anspruchsvolle Projekte erfolgreich umgesetzt.<\/p>\n<p>Wir bieten Standardprodukte von KOZ-E an, sind aber auch offen f\u00fcr neue Ideen, die Sie als potentieller Gesch\u00e4ftspartner in unsere Branche einbringen m\u00f6chten. Wir hoffen, dass unser Know-how und unsere Produkte Sie angenehm \u00fcberraschen werden und freuen uns darauf, Sie schon bald als Gesch\u00e4ftskunde bei KOZ-E Business Solutions zu begr\u00fc\u00dfen.<\/p>\n<h1><strong>Unsere B2B-Bereiche:<\/strong><\/h1>\n<ul>\n<li>Weihnachts- und Werbegeschenke<\/li>\n<li>Wohnen &amp; Schlafen<\/li>\n<li>Hotel &amp; Restaurant<\/li>\n<li>Outdoor &amp; Camping<\/li>\n<li>E-Commerce-Gesch\u00e4ft<\/li>\n<li>&#8230;und mehr<\/li>\n<\/ul>\nAnstelle des Kontaktformulars k\u00f6nnen Sie auch eine Anfrage per E-Mail senden: <a href=\"mailto:info@kozeliving.com\"><u>info@kozeliving.com <\/u><br \/>\n<\/a>.\n\n","protected":false},"excerpt":{"rendered":"<p>Home &#8211; B2B-Kunden Willkommen bei KOZ-E Business Solutions! Dienstleistungen Werden Sie jetzt Gesch\u00e4ftskunde bei KOZ-E Business Solutions. KOZ-E bietet Ihnen pers\u00f6nliche Beratung, zus\u00e4tzliche Personalisierungsm\u00f6glichkeiten und wettbewerbsf\u00e4hige Preise. Melden Sie sich noch heute an! Company Name* Name* First name Last name Email* Address* Postal Code: Place: Phone number* Website Submit your request here:* CommentsDieses Feld dient&hellip;<\/p>\n","protected":false},"author":1,"featured_media":0,"parent":0,"menu_order":0,"comment_status":"closed","ping_status":"closed","template":"","meta":{"_acf_changed":false,"inline_featured_image":false,"footnotes":""},"class_list":["post-6457","page","type-page","status-publish","hentry"],"acf":[],"_links":{"self":[{"href":"https:\/\/kozeliving.com\/de\/wp-json\/wp\/v2\/pages\/6457","targetHints":{"allow":["GET"]}}],"collection":[{"href":"https:\/\/kozeliving.com\/de\/wp-json\/wp\/v2\/pages"}],"about":[{"href":"https:\/\/kozeliving.com\/de\/wp-json\/wp\/v2\/types\/page"}],"author":[{"embeddable":true,"href":"https:\/\/kozeliving.com\/de\/wp-json\/wp\/v2\/users\/1"}],"replies":[{"embeddable":true,"href":"https:\/\/kozeliving.com\/de\/wp-json\/wp\/v2\/comments?post=6457"}],"version-history":[{"count":0,"href":"https:\/\/kozeliving.com\/de\/wp-json\/wp\/v2\/pages\/6457\/revisions"}],"wp:attachment":[{"href":"https:\/\/kozeliving.com\/de\/wp-json\/wp\/v2\/media?parent=6457"}],"curies":[{"name":"wp","href":"https:\/\/api.w.org\/{rel}","templated":true}]}}