{"id":6426,"date":"2024-02-23T16:27:21","date_gmt":"2024-02-23T15:27:21","guid":{"rendered":"https:\/\/kozeliving.com\/ueber-uns\/"},"modified":"2026-04-09T16:14:39","modified_gmt":"2026-04-09T14:14:39","slug":"ueber-uns","status":"publish","type":"page","link":"https:\/\/kozeliving.com\/de\/ueber-uns\/","title":{"rendered":"\u00dcber uns"},"content":{"rendered":"\n\n\t<nav aria-label=\"breadcrumbs\"><p><a href=\"https:\/\/kozeliving.com\">Home<\/a> &#8211; \u00dcber uns<\/p><\/nav><h1>\n\t\t\t\u00dcber KOZ-E\t<\/h1>\n\t\t\t\t\t\t\t<img decoding=\"async\" src=\"https:\/\/kozeliving.com\/wp-content\/uploads\/2026\/02\/icoon-comfort-grey.png\" alt=\"icoon comfort grey\" width=\"285\" height=\"284\" title=\"\">\n\t\t\t\t\t\t<h4>KOZ-E<\/h4>\t\t\t\t\t\n\t\t\t\t\t<p>reliable qualit\u00e4t<\/p>\t\t\t\t\n\t\t\t\t\t\t\t<img decoding=\"async\" src=\"https:\/\/kozeliving.com\/wp-content\/uploads\/2026\/02\/icoon-hou-je-hersens-in-topvorm-grey.png\" alt=\"icoon - hou je hersens in topvorm - grey\" width=\"568\" height=\"567\" title=\"\">\n\t\t\t\t\t\t<h4>KOZ-E<\/h4>\t\t\t\t\t\n\t\t\t\t\t<p>in den Niederlanden kultiviert<\/p>\t\t\t\t\n\t\t\t\t\t\t\t<img decoding=\"async\" src=\"https:\/\/kozeliving.com\/wp-content\/uploads\/2026\/02\/icoon-gezond-grey.png\" alt=\"icoon gezond grey\" width=\"285\" height=\"284\" title=\"\">\n\t\t\t\t\t\t<h4>KOZ-E<\/h4>\t\t\t\t\t\n\t\t\t\t\t<p>Ihr Wohlbefinden steigern<\/p>\t\t\t\t\n<h2>\n\t\t\t\u00dcber KOZ-E\t<\/h2>\n\t<h3>Unser Leitbild: Wohlbefinden durch Innovation<\/h3>\n\t<p>Wir bei KOZ-E sind fest von der Kraft globaler Zusammenarbeit \u00fcberzeugt. W\u00e4hrend unsere Leidenschaft f\u00fcr die Verbesserung des menschlichen Wohlbefindens tief in den Niederlanden verwurzelt ist, arbeiten wir mit den weltweit f\u00fchrenden technischen Experten in Asien zusammen, um unsere hochentwickelte K\u00fchltechnologie zum Leben zu erwecken. Mit 20 Jahren Erfahrung in dieser Region schlagen wir eine Br\u00fccke zwischen komplexer Technik und nachhaltigen, hochwertigen L\u00f6sungen, die zuvor unerreichbar waren.<\/p>\n<figure itemscope itemtype=\"https:\/\/schema.org\/ImageObject\">\n\t\t\t\t<img decoding=\"async\" src=\"https:\/\/kozeliving.com\/wp-content\/uploads\/2026\/03\/Firefly_Gemini-Flash_could-you-add-temperatuur-bar-in-circle-shape-above-the-white-duvet-de-man-side-is-307325.jpg\" alt=\"K\u00fchlender Topper CoolSleep mit elektrischer Steuereinheit f\u00fcr Temperaturregelung von 12 bis 48 Grad.\" height=\"672\" width=\"1595\" title=\"_could you add temperatuur bar in circle shape, above the white duvet, de man side is 307325\" onerror=\"this.style.display='none'\" loading=\"lazy\" \/>\n\t<\/figure>\n<h2>\n\t\t\tKOZ-E Philosophie: No-Nonsense und zug\u00e4nglich\t<\/h2>\n<h2>\n\t\t\tKOZ-E-Verpflichtung: Wir setzen uns f\u00fcr Ihr Wohlbefinden ein\t<\/h2>\n<figure itemscope itemtype=\"https:\/\/schema.org\/ImageObject\">\n\t\t\t\t<img decoding=\"async\" src=\"https:\/\/kozeliving.com\/wp-content\/uploads\/2026\/03\/Logo-Koze-Pay-off-Light.png\" alt=\"Logo Koze Pay-off Light\" height=\"296\" width=\"781\" title=\"Logo Koze Pay-off Light\" onerror=\"this.style.display='none'\" loading=\"lazy\" \/>\n\t<\/figure>\n\t<p>KOZ-E-Philosophie: Einfachheit als Ma\u00dfstab Wir sind davon \u00fcberzeugt, dass Technologie das Leben einfacher machen sollte, nicht komplizierter. Unser \u201eNo-Nonsense&#8220;-Ansatz bedeutet, dass Einfachheit unser Ma\u00dfstab ist. Keine unn\u00f6tigen Spielereien, keine komplizierten Men\u00fcs &#8211; nur zuverl\u00e4ssige, hochwertige K\u00fchlung, die f\u00fcr jeden zug\u00e4nglich und erschwinglich ist. Was Sie sehen, ist das, was Sie bekommen: ein benutzerfreundliches System, das einfach h\u00e4lt, was es verspricht.<\/p>\n\t<p>KOZ-E-Verpflichtung: Wir setzen uns daf\u00fcr ein, das Wohlbefinden der Menschen zu steigern. Alles, was wir tun, zielt darauf ab, das Leben der Menschen zu verbessern. Wir sind fest davon \u00fcberzeugt, dass Innovation der Gesundheit und dem Wohlbefinden der Menschen dienen sollte.<\/p>\n\n","protected":false},"excerpt":{"rendered":"<p>Home &#8211; \u00dcber uns \u00dcber KOZ-E KOZ-E reliable qualit\u00e4t KOZ-E in den Niederlanden kultiviert KOZ-E Ihr Wohlbefinden steigern \u00dcber KOZ-E Unser Leitbild: Wohlbefinden durch Innovation Wir bei KOZ-E sind fest von der Kraft globaler Zusammenarbeit \u00fcberzeugt. W\u00e4hrend unsere Leidenschaft f\u00fcr die Verbesserung des menschlichen Wohlbefindens tief in den Niederlanden verwurzelt ist, arbeiten wir mit den&hellip;<\/p>\n","protected":false},"author":1,"featured_media":0,"parent":0,"menu_order":0,"comment_status":"closed","ping_status":"closed","template":"","meta":{"_acf_changed":false,"inline_featured_image":false,"footnotes":""},"class_list":["post-6426","page","type-page","status-publish","hentry"],"acf":[],"_links":{"self":[{"href":"https:\/\/kozeliving.com\/de\/wp-json\/wp\/v2\/pages\/6426","targetHints":{"allow":["GET"]}}],"collection":[{"href":"https:\/\/kozeliving.com\/de\/wp-json\/wp\/v2\/pages"}],"about":[{"href":"https:\/\/kozeliving.com\/de\/wp-json\/wp\/v2\/types\/page"}],"author":[{"embeddable":true,"href":"https:\/\/kozeliving.com\/de\/wp-json\/wp\/v2\/users\/1"}],"replies":[{"embeddable":true,"href":"https:\/\/kozeliving.com\/de\/wp-json\/wp\/v2\/comments?post=6426"}],"version-history":[{"count":2,"href":"https:\/\/kozeliving.com\/de\/wp-json\/wp\/v2\/pages\/6426\/revisions"}],"predecessor-version":[{"id":14296,"href":"https:\/\/kozeliving.com\/de\/wp-json\/wp\/v2\/pages\/6426\/revisions\/14296"}],"wp:attachment":[{"href":"https:\/\/kozeliving.com\/de\/wp-json\/wp\/v2\/media?parent=6426"}],"curies":[{"name":"wp","href":"https:\/\/api.w.org\/{rel}","templated":true}]}}