{"id":6423,"date":"2024-02-23T16:27:21","date_gmt":"2024-02-23T15:27:21","guid":{"rendered":"https:\/\/kozeliving.com\/faq-koz-e-schlaf\/"},"modified":"2024-09-09T11:55:00","modified_gmt":"2024-09-09T09:55:00","slug":"faq-koz-e-sleep","status":"publish","type":"page","link":"https:\/\/kozeliving.com\/de\/support\/faq\/faq-koz-e-sleep\/","title":{"rendered":"FAQ KOZ-E Sleep"},"content":{"rendered":"<nav aria-label=\"breadcrumbs\">\r\n<p><a href=\"https:\/\/kozeliving.com\/de\/\">Home<\/a> \/ <a href=\"https:\/\/kozeliving.com\/de\/unterstuetzung\/\">Unterst\u00fctzung<\/a> \/ <a href=\"https:\/\/kozeliving.com\/de\/faq\/\">FAQ<\/a><\/p>\r\n<\/nav>\r\n<h2>KOZ-E Schlaf<\/h2>\r\n<h3>Erste Schritte<\/h3>\r\n<p>Wie richte ich meinen KOZ-E Sleep ein? Das Aufstellen Ihres KOZ-E Sleep umfasst zwei wichtige Schritte: das Anbringen der Matratzenauflage<u>(Video<\/u>) und das erstmalige Bef\u00fcllen mit Wasser<u>(Video<\/u>).<br \/>Es ist wichtig, dass Sie Ihr KOZ-E Sleep 2 bis 3 Stunden vor dem Zubettgehen aufstellen, um Zeit f\u00fcr den &#8222;Priming&#8220;-Prozess zu haben, bei dem das Active Grid mit Wasser gef\u00fcllt wird.<br \/>Dieser Vorgang kann einige Zeit in Anspruch nehmen. Auf welcher Seite der Matratzenauflage soll ich schlafen? Die KOZ-E Sleep Matratzenauflage ist so konzipiert, dass beide Seiten zum Schlafen geeignet sind.<br \/>Eine Seite besteht aus Baumwollstoff, die andere aus k\u00fchlem Netzgewebe.<br \/>Ihre Wahl h\u00e4ngt von Ihren pers\u00f6nlichen Vorlieben ab.<br \/>F\u00fcr einen besseren K\u00fchleffekt empfehlen wir, die Seite mit dem k\u00fchlen Netz zu verwenden. Wie laut ist das KOZ-E Schlafsystem? Das Steuerger\u00e4t gibt ein leises Brummen von sich, w\u00e4hrend es l\u00e4uft.<br \/>Die meisten unserer Kunden haben jedoch gesagt, dass sie das Ger\u00e4usch nicht st\u00f6rt, da es dem Ger\u00e4usch eines Bodenventilators \u00e4hnelt. Wie viel Wasser fasst das Ger\u00e4t? Die Matratzenauflage fasst 800 ml Wasser, wenn sie vollst\u00e4ndig gef\u00fcllt ist.<br \/>Es ist normal, dass Sie Ihr Ger\u00e4t in den ersten Wochen nach der Erstausstattung h\u00e4ufiger nachf\u00fcllen m\u00fcssen.<br \/>Dies liegt daran, dass Luftblasen aus der Auflage entfernt werden m\u00fcssen und dass sich die Auflage mit der Zeit ausdehnen kann. Was genau geh\u00f6rt zum Lieferumfang des KOZ-E Sleep? Der KOZ-E Sleep ist eine temperaturgesteuerte Matratzenauflage, die \u00fcber eine angeschlossene Steuereinheit mit Wassertank gesteuert wird.<br \/>Als neuer Benutzer erhalten Sie eine reversible, wasserbetriebene Cool-Mesh-Matratzenauflage, eine Steuereinheit und eine Fernbedienung, mit der Sie die Temperatur der Matratzenauflage bequem einstellen k\u00f6nnen.<br \/>Unser innovatives Produkt k\u00fchlt oder w\u00e4rmt Ihr Bett zwischen 12 und 46 \u00b0C und schafft so eine revolution\u00e4re, individuell anpassbare Schlafumgebung. Kann ich KOZ-E Sleep mit jeder Art von Matratze verwenden?<\/p>\r\n<p>Ja, Sie k\u00f6nnen KOZ-E Sleep mit allen Matratzentypen verwenden, da es mit verschiedenen Matratzenmaterialien kompatibel ist.<\/p>\r\n<p>Kann das KOZ-E Schlafsystem helfen, meine Hitzewallungen und n\u00e4chtlichen Schwei\u00dfausbr\u00fcche zu reduzieren? Ja, unsere k\u00fchlende Matratzenauflage kann dazu beitragen, die Symptome von Hitzewallungen sowohl in ihrer Schwere als auch in ihrer Dauer zu reduzieren, indem sie die Temperatur Ihres Bettes reguliert.<br \/>F\u00fcr weitere Informationen lesen Sie bitte unsere Blogs zur Menopause.<br \/>Das KOZ-E Sleep System hat einen Temperaturbereich von 12-46\u00b0C, so dass Sie immer in Ihrem idealen Bettklima schlafen k\u00f6nnen.<br \/>Wenn Sie unter n\u00e4chtlichen Schwei\u00dfausbr\u00fcchen leiden. Kann ich bei KOZ-E Sleep einen Matratzenschoner verwenden? Sie k\u00f6nnen jeden beliebigen Matratzenschoner \u00fcber der KOZ-E Sleep Auflage verwenden.<br \/>F\u00fcr eine optimale K\u00fchlung empfehlen wir, ein d\u00fcnneres Bettlaken zu verwenden. Sollte ich einen wasserdichten Matratzenschoner verwenden?<\/p>\r\n<p>A6: Es ist nicht notwendig, eine wasserdichte Schutzh\u00fclle zu verwenden.<\/p>\r\n<p>Welche Art von Wasser sollte ich f\u00fcr KOZ-E Sleep verwenden?<\/p>\r\n<p>A7: Wir empfehlen dringend die Verwendung von destilliertem Wasser, um eine optimale Leistung und Langlebigkeit des Produkts zu gew\u00e4hrleisten.<\/p>\r\n<p>Wie finde ich meine ideale Temperatur? Um die perfekte Schlaftemperatur zu finden, m\u00fcssen verschiedene Faktoren wie Standort, Jahreszeit und Umgebungstemperatur ber\u00fccksichtigt werden.<br \/>Auch Ihr K\u00f6rper spielt eine entscheidende Rolle bei der Bestimmung der besten Temperatur.<br \/>Wenn Sie dazu neigen, beim Schlafen zu frieren, versuchen Sie es mit einer Temperatur zwischen 25 und 28 \u00b0C.<br \/>Wenn Sie sich unsicher sind oder bequem schlafen, w\u00e4hlen Sie eine Temperatur zwischen 22 und 25 \u00b0C.<br \/>Wenn Sie wissen, dass Sie sich beim Schlafen hei\u00df f\u00fchlen, sollten Sie eine Temperatur zwischen 12 und 22 \u00b0C w\u00e4hlen. Um die beste Temperatur zu ermitteln, w\u00e4hlen Sie eine Temperatur innerhalb des empfohlenen Bereichs und legen Sie sich 3 bis 5 Minuten auf das Kissen, um zu pr\u00fcfen, wie es sich anf\u00fchlt.<br \/>Bei der Einrichtung Ihres KOZ-E Sleep ist es ratsam, anfangs extreme Temperaturen zu vermeiden.<br \/>Beachten Sie, dass es 7-10 Tage dauern kann, bis Sie Ihre bevorzugten Temperatureinstellungen gefunden haben. Wo ist der beste Platz f\u00fcr das Ger\u00e4t? Das KOZ-E Sleep Ger\u00e4t kann neben oder unter Ihrem Bett oder auf einem Nachttisch in der N\u00e4he aufgestellt werden.<br \/>Achten Sie darauf, dass es auf einer ebenen Fl\u00e4che in der N\u00e4he einer Steckdose aufgestellt wird.<br \/>Lassen Sie zwischen der Matratze und dem Kopf-\/Fu\u00dfteil mindestens 5 cm Platz f\u00fcr den Anschluss. Kann ich KOZ-E Sleep auf einem geteilten oder verstellbaren Bett verwenden? A10: Ja, KOZ-E Sleep passt auf die meisten geteilten und verstellbaren Betten.<br \/>Platzieren Sie den Anschluss am Fu\u00dfende der Matratze und pr\u00fcfen Sie, ob der Schlauch geknickt ist, wenn das Fu\u00dfende des Bettes verstellbar ist. Wie kann ich die Temperatureinheit am Ger\u00e4t zwischen Fahrenheit und Celsius umschalten?<\/p>\r\n<p>Halten Sie die Tasten Temperatur (+) und Temperatur (-) gleichzeitig f\u00fcr weniger als 5 Sekunden gedr\u00fcckt, um die Temperatureinheiten zu \u00e4ndern.<\/p>\r\n<p>Kann die Schlafumgebung die Leistung des KOZ-E beeinflussen?<\/p>\r\n<p>Ja, die Spitzenleistung wird von der Umgebungstemperatur, der Luftfeuchtigkeit und dem individuellen K\u00f6rpergewicht beeinflusst.<\/p>\r\n<h3>Fehlersuche<\/h3>\r\n<p>Was soll ich tun, wenn sich mein KOZ-E Sleep ausschaltet? \u00dcberpr\u00fcfen Sie die Steckdose und vergewissern Sie sich, dass das Kabel ordnungsgem\u00e4\u00df mit der Steckdose und dem Ger\u00e4t verbunden ist.<br \/>Wenn eine blinkende Wassertropfenanzeige erscheint, befindet sich m\u00f6glicherweise nicht gen\u00fcgend Wasser im Ger\u00e4t. Was ist, wenn mein KOZ-E Sleep das Wasser nicht in die Matratzenauflage pumpt? A14: Dieses Problem kann durch Luftblasen, Verunreinigungen oder Fehlanschl\u00fcsse verursacht werden.<br \/>F\u00fchren Sie die folgenden Schritte aus, um das Problem zu beheben:<\/p>\r\n<ol>\r\n<li>Ziehen Sie den Schlauch vom Ger\u00e4t ab und schlie\u00dfen Sie ihn wieder an.<br \/>Wiederholen Sie diesen Vorgang mehrere Male.<\/li>\r\n<li>Trennen Sie den Schlauch vom Polster und f\u00fchren Sie den gleichen Vorgang durch, um ihn vom Polster zu trennen und wieder anzuschlie\u00dfen.<\/li>\r\n<li>Nehmen Sie den Beh\u00e4lter aus dem Ger\u00e4t und setzen Sie ihn wieder ein. Achten Sie dabei darauf, dass der Schaft des Beh\u00e4lters mit dem Ventil am unteren Ende des Beh\u00e4lters \u00fcbereinstimmt.<br \/>Vergewissern Sie sich auch, dass Sie den Beh\u00e4lter bis zum Anschlag herunterdr\u00fccken.<\/li>\r\n<li>Ziehen Sie das Netzkabel entweder an der R\u00fcckseite des Ger\u00e4ts oder aus der Steckdose, warten Sie 30 Sekunden und stecken Sie es dann wieder ein.<\/li>\r\n<\/ol>\r\n<p>Wenn Sie nach diesen Schritten feststellen, dass das Problem weiterhin besteht, versuchen Sie bitte, die Schritte 1 und 2 erneut auszuf\u00fchren, aber dieses Mal mit dem Abflusswerkzeug.<br \/>Wir empfehlen, das Ger\u00e4t zu einem Waschbecken oder einer Wanne zu bringen und entweder das Kissen vom Bett zu nehmen, bevor Sie den Anschluss vorbereiten, oder eine Art Beh\u00e4lter in der N\u00e4he des Ger\u00e4ts aufzustellen, um das Wasser aufzufangen, das w\u00e4hrend dieses Vorgangs austritt. Wenn das Problem weiterhin besteht, liegt m\u00f6glicherweise ein Hindernis vor, das nicht beseitigt werden kann, oder es liegt eine Fehlfunktion des Systems vor.<br \/>In diesem Fall sollten Sie sich an unseren technischen Support wenden. Was kann ich tun, wenn mein KOZ-E Sleep undicht ist? Wenn Ihr KOZ-E Sleep undicht ist, pr\u00fcfen Sie zun\u00e4chst, ob der Deckel des Beh\u00e4lters fest auf dem Beh\u00e4lter sitzt.<br \/>Wenn Sie den Beh\u00e4lter in den &#8222;Sitz&#8220; des Ger\u00e4ts einsetzen, achten Sie darauf, dass er leichtg\u00e4ngig schlie\u00dft.<br \/>Ist dies nicht der Fall, nehmen Sie den Beh\u00e4lter ab und setzen Sie ihn wieder ein, so dass &#8222;KOZ-E Sleep&#8220; von links nach rechts zu lesen ist und Sie sp\u00fcren, wie das Ger\u00e4t leicht in den Sitz f\u00e4llt.<br \/>Ziehen Sie den Schlauch, der sowohl mit dem Ger\u00e4t als auch mit dem Kissen verbunden ist, an beiden Enden ab und schlie\u00dfen Sie ihn dann wieder an.<br \/>Sie sollten ein h\u00f6rbares &#8222;Klicken&#8220; h\u00f6ren. Wie kann ich das Wasser aus meinem KOZ-E Sleep-Ger\u00e4t ablassen?<\/p>\r\n<p>Um den KOZ-E Sleep zu entleeren, gehen Sie wie folgt vor:<\/p>\r\n<ol>\r\n<li>Heben Sie den abnehmbaren Beh\u00e4lter an und gie\u00dfen Sie das Wasser in ein Waschbecken.<br \/>Trocknen Sie das restliche Wasser im Beh\u00e4lter mit einem Handtuch ab.<\/li>\r\n<\/ol>\r\n<p>Ziehen Sie die Schl\u00e4uche an der R\u00fcckseite des KOZ-E Ger\u00e4ts ab.<br \/>Tragen Sie das Ger\u00e4t zu einem Waschbecken oder einem M\u00fclleimer.<br \/>Kippen Sie das Ger\u00e4t nach hinten und stecken Sie dann den Ablassschl\u00fcssel ein, der in der Originalverpackung enthalten war.<br \/>Das Wasser in den internen Schl\u00e4uchen beginnt herauszuflie\u00dfen. Wie lasse ich das Wasser aus meiner KOZ-E Matratzenauflage ab?<\/p>\r\n<p>Gehen Sie folgenderma\u00dfen vor, um das Wasser aus der Matratzenauflage abzulassen:<\/p>\r\n<ol>\r\n<li>Nehmen Sie das Kissen aus dem Bett und bringen Sie es zum Waschbecken, zur Wanne oder zur Dusche.<\/li>\r\n<li>Heben Sie das der Anschlussstelle gegen\u00fcberliegende Ende an, damit die Schwerkraft die Entleerung unterst\u00fctzt.<\/li>\r\n<li>Setzen Sie den Ablassschl\u00fcssel ein und halten Sie ihn fest, w\u00e4hrend Sie das Kissen entleeren.<br \/>Lassen Sie so viel wie m\u00f6glich ablaufen.<\/li>\r\n<\/ol>\r\n<p>Wie bereite ich mein Ger\u00e4t f\u00fcr die Reise vor? Entleeren Sie sowohl das KOZ-E Sleep Ger\u00e4t als auch die Matratzenauflage vor dem Verpacken.<br \/>Sch\u00fctzen Sie das Steuerger\u00e4t in einem Karton, falten Sie die Matratzenauflage zusammen und legen Sie sie in eine Tasche, die von scharfen Gegenst\u00e4nden ferngehalten wird.<br \/>Lagern Sie das Ger\u00e4t bei Raumtemperatur.<\/p>\r\n<h3>Pflege f\u00fcr Ihren KOZ-E Sleep<\/h3>\r\n<p>Wie reinige ich meinen KOZ-E Sleep-Topper? Der Topper sollte saisonal oder bei Verschmutzung gewaschen werden.<br \/>Ziehen Sie den Verbindungsschlauch ab und lassen Sie das Wasser ablaufen, bevor Sie ihn in einer Front- oder Toplader-Waschmaschine waschen.<br \/>Weitere Einzelheiten finden Sie in unserer Reinigungsanleitung.<br \/>Dort erfahren Sie, wie Sie das Schlafsystem und die Matratzenauflage richtig pflegen. Warum scheint KOZ-E Sleep anfangs eine Menge destilliertes Wasser zu verwenden? Ein anf\u00e4nglich hoher Wasserverbrauch ist normal und kann auf Luftblasen zur\u00fcckzuf\u00fchren sein, die sich ihren Weg aus dem System bahnen.<br \/>Wenn dies nach einem Monat weiterhin der Fall ist, insbesondere bei hohen Temperaturen, sollten Sie den Topper entfernen und den Kundendienst kontaktieren. Wie lange dauert es, sich an KOZ-E Sleep zu gew\u00f6hnen, und kann ich die Temperatur einstellen? Die Gew\u00f6hnung an KOZ-E Sleep kann bis zu 2 Wochen dauern.<br \/>Passen Sie Ihre Temperaturen nach Bedarf an und beginnen Sie mit kleinen \u00c4nderungen.<br \/>Ihre Temperaturpr\u00e4ferenzen k\u00f6nnen sich im Laufe der Zeit aufgrund von Faktoren wie Kleidung, t\u00e4glichen Aktivit\u00e4ten und Gew\u00f6hnung an den K\u00f6rper \u00e4ndern. Warum ist f\u00fcr KOZ-E Sleep eine Mitgliedschaft erforderlich? KOZ-E Sleep ist ein intelligentes System, das sich t\u00e4glich verbessert, indem es kontinuierlich von Ihren Vorlieben lernt, seine Intelligenz verbessert und regelm\u00e4\u00dfig neue Funktionen hinzuf\u00fcgt.<br \/>Um diese Intelligenz und die neuen Funktionen zusammen mit Analysen, Software-Updates und Vorteilen bereitzustellen, erm\u00f6glicht uns das Mitgliedschaftsmodell, nachhaltig in die Bereitstellung der bestm\u00f6glichen Kundenerfahrung zu investieren.<br \/>Es erm\u00f6glicht uns auch, ein au\u00dfergew\u00f6hnliches Team zusammenzustellen, das sich der Produktverbesserung und dem Kundensupport widmet und so Ihre Erfahrung Tag f\u00fcr Tag verbessert. Wie lange kann ich KOZ-E Sleep in einer Schachtel aufbewahren? Aufgrund der Beschaffenheit von Schaumstoff raten wir davon ab, die Matratzenauflage l\u00e4nger als zwei Wochen nach der Lieferung in der Schachtel aufzubewahren.<br \/>Wenn sie \u00fcber einen l\u00e4ngeren Zeitraum in der Schachtel bleibt, kann die Ausdehnung des Schaums beeintr\u00e4chtigt werden. Zur Erinnerung: Das 30-N\u00e4chte-Testprogramm beginnt mit dem Tag der Lieferung, nicht mit der Nacht, in der Sie anfangen, darauf zu schlafen.<br \/>Wir empfehlen daher, Ihr KOZ-E Sleep so schnell wie m\u00f6glich auszupacken.<\/p>\r\n<h3>Garantiebestimmungen KOZ-E Sleep<\/h3>\r\n<p>Wie hoch ist die Garantie f\u00fcr KOZ-E Sleep?<\/p>\r\n<p>KOZ-E Sleep wird mit einer 2-j\u00e4hrigen Garantie geliefert, die den Ersatz bei Problemen oder St\u00f6rungen gew\u00e4hrleistet, wenn es direkt \u00fcber KOZ-E mit einer aktiven Mitgliedschaft gekauft wird.<\/p>\r\n<p>Was ist die 30-N\u00e4chte-Schlafversuchsgarantie? Wir sind sicher, dass Sie Ihr(e) Produkt(e) lieben werden.<br \/>Sollten Sie jedoch aus irgendeinem Grund unzufrieden sein, k\u00f6nnen Sie das Produkt innerhalb von 30 Tagen ab dem Datum der Lieferung an uns zur\u00fcckgeben und erhalten den vollen Kaufpreis erstattet.<\/p>\r\n<h3>Allgemeine Fragen<\/h3>\r\n<p>Warum brauchen Sie den KOZ-E Sleep?<\/p>\r\n<p><strong>Temperaturregelung:<\/strong> Einer der wichtigsten Faktoren, die die Schlafqualit\u00e4t beeinflussen, ist die Temperatur. Der KOZ-E Sleep erm\u00f6glicht eine pr\u00e4zise Temperaturkontrolle, k\u00fchlt auf bis zu 12\u00b0C ab und w\u00e4rmt auf bis zu 46\u00b0C auf. Diese gro\u00dfe Auswahl gew\u00e4hrleistet, dass Sie die perfekte Temperatur f\u00fcr Ihren Schlaf finden, egal ob Sie sich in einer hei\u00dfen Sommernacht abk\u00fchlen oder in den kalten Wintermonaten aufw\u00e4rmen m\u00f6chten.<\/p>\r\n<p><strong>Verbesserte Schlafqualit\u00e4t:<\/strong> Durch die Aufrechterhaltung einer idealen Schlaftemperatur kann das KOZ-E Sleep System dazu beitragen, die allgemeine Qualit\u00e4t Ihres Schlafes zu verbessern. Eine bessere Temperaturkontrolle wird mit tieferem Schlaf, weniger n\u00e4chtlichem Erwachen und erholsameren Schlafzyklen in Verbindung gebracht.<\/p>\r\n<p><strong>Individuelle Anpassung:<\/strong> Das System erm\u00f6glicht eine individuelle Temperatureinstellung, was besonders f\u00fcr Paare mit unterschiedlichen Komfortvorlieben von Vorteil ist. Jede Person kann ihre Seite des Bettes auf die f\u00fcr sie ideale Temperatur einstellen und so f\u00fcr Komfort und Harmonie im Schlafzimmer sorgen.<\/p>\r\n<p><strong>Energie-Effizienz:<\/strong> In einer Zeit, in der der Energieverbrauch und die damit verbundenen Kosten st\u00e4ndig steigen, bietet das KOZ-E Sleep-System eine energieeffiziente Alternative zum Heizen oder K\u00fchlen Ihres gesamten Schlafzimmers. Im Vergleich zu herk\u00f6mmlichen Heizungs- oder Klimatisierungssystemen verbraucht es deutlich weniger Energie, was es zu einer umweltfreundlichen und kosteng\u00fcnstigen L\u00f6sung macht.<\/p>\r\n<p><strong>Komfort und Gesundheit:<\/strong> Das System nutzt Wasser zur Temperaturregulierung und vermeidet so die trockene Luft, die von herk\u00f6mmlichen Heizungen und Klimaanlagen erzeugt wird. Dies kann dazu beitragen, den nat\u00fcrlichen Feuchtigkeitsgehalt der Haut und der Atemwege aufrechtzuerhalten, was dem allgemeinen Komfort und der Gesundheit zugute kommt.<\/p>\r\n<p><strong>Einfache Bedienung und Wartung:<\/strong> Das KOZ-E Sleep System ist auf Bequemlichkeit ausgelegt und verf\u00fcgt \u00fcber Funktionen wie Fernsteuerung und einfache Reinigung. Er ist au\u00dferdem mit allen Arten von Matratzen kompatibel, was ihn zu einer vielseitigen Erg\u00e4nzung f\u00fcr jedes Bett macht.<\/p>\r\n<p>Wie funktioniert der KOZ-E Sleep?<\/p>\r\n<p>Das KOZ-E Sleep System bietet eine vielseitige L\u00f6sung, um die ideale Schlaftemperatur zu erreichen, indem es sowohl k\u00fchle als auch warme Bed\u00fcrfnisse durch eine Matratzenauflage abdeckt. Damit k\u00f6nnen Sie die Temperatur Ihres Bettes in einem Bereich von 12\u00b0C bis 46\u00b0C individuell einstellen. Diese individuelle Anpassung wird durch ein K\u00fchl- und Heizsystem erm\u00f6glicht, bei dem das Wasser innerhalb der Matratzenauflage zirkuliert und so die Temperatur effizient angepasst werden kann. Das System ist wartungsfreundlich und sorgt f\u00fcr eine angenehme, feuchtigkeitsregulierte Schlafumgebung, die sowohl f\u00fcr die Gesundheit als auch f\u00fcr den Komfort entscheidend ist. Das KOZ-E Sleep System legt gro\u00dfen Wert auf Energieeffizienz mit einem geringen Energieverbrauch von 1,2 kWh bei 8 Stunden Nutzung. Es besteht aus Bettwaren und vermeidet elektronische Dr\u00e4hte in der Schlafumgebung, um den Komfort und die Sicherheit zu erh\u00f6hen.<\/p>\r\n<p>Das KOZ-E Sleep System besteht aus einer k\u00fchlen Netzmatratzenauflage, einer Steuereinheit und einer Fernbedienung zur bequemen Temperatureinstellung. Das System kann f\u00fcr alle Arten von Matratzen verwendet werden.<\/p>\r\n<p>Ich habe eine Klimaanlage, brauche ich einen KOZ-E Sleep?<\/p>\r\n<p>Ja, nat\u00fcrlich, auch mit einer Klimaanlage hat ein KOZ-E Sleep einige Vorteile:<\/p>\r\n<p><strong>Pers\u00f6nliche Temperaturkontrolle:<\/strong> Die Klimaanlage steuert die Raumtemperatur, nicht die Betttemperatur. Mit einem KOZ-E Sleep k\u00f6nnen Sie die Temperatur genau auf Ihr pers\u00f6nliches Wohlbefinden abstimmen. So k\u00f6nnen Sie Ihre Schlafumgebung direkt beeinflussen, ohne das Klima im ganzen Raum zu ver\u00e4ndern.<\/p>\r\n<p><strong>Energieeffizienz:<\/strong> Eine Klimaanlage, die die ganze Nacht l\u00e4uft, kann teuer und weniger energieeffizient sein, vor allem, wenn Sie ein ganzes Haus oder einen gro\u00dfen Raum k\u00fchlen, um nur den Schlafbereich zu beeinflussen. Ein KOZ-Esleep verbraucht deutlich weniger Energie, um die gew\u00fcnschte Temperatur aufrechtzuerhalten, was eine umweltfreundlichere und kosteng\u00fcnstigere L\u00f6sung darstellt.<\/p>\r\n<p><strong>Gesundheit und Komfort:<\/strong> Klimaanlagen k\u00f6nnen die Luftfeuchtigkeit senken und Staub und Allergene zirkulieren lassen, was zu trockener Haut, gereizten Augen und Atemproblemen f\u00fchren kann. Ein KOZ-E Schlaf reguliert die Temperatur, ohne die Luftqualit\u00e4t zu ver\u00e4ndern, und sorgt so f\u00fcr eine ges\u00fcndere Schlafumgebung.<\/p>\r\n<p><strong>Zweifacher Komfort f\u00fcr Paare:<\/strong> F\u00fcr Paare mit unterschiedlichen Temperaturvorlieben kann ein KOZ-E Sleep mit zwei Zonen individuellen Komfort ohne Kompromisse bieten, was eine Klimaanlage nicht leisten kann.<\/p>\r\n<p><strong>KOZ-E Sleep unterst\u00fctzt den Tiefschlaf und die REM-Zyklen:<\/strong> Durch die Aufrechterhaltung einer optimalen Temperatur kann KOZ-E Sleep die nat\u00fcrlichen Schlafzyklen des K\u00f6rpers unterst\u00fctzen, einschlie\u00dflich Tiefschlaf und REM-Phasen, was zu einer erholsameren Erholung f\u00fchrt.<\/p>\r\n<p><strong>Tragbar und platzsparend:<\/strong> Im Gegensatz zu fest installierten Klimager\u00e4ten k\u00f6nnen Sie den KOZ-E Sleep nach Bedarf transportieren, ohne dass er Platz im Fenster wegnimmt oder aufwendig installiert werden muss.<\/p>\r\n<p>Wissenschaftliche Einblicke in Temperatur und Schlaf<\/p>\r\n<p><strong><b>Die Wissenschaft hinter Warmschl\u00e4fern<\/b><\/strong><\/p>\r\n<p>Die Forschung hat gezeigt, dass warme Schl\u00e4fer eine h\u00f6here Basaltemperatur haben, was bedeutet, dass sie von Natur aus eine Umgebung bevorzugen, die ihren k\u00f6rperlichen Neigungen entspricht. Diese Vorliebe kann sich darauf auswirken, wie schnell sie in den REM-Schlaf eintreten und wie gut sie die Nacht durchschlafen.<\/p>\r\n<p><strong><b>Wie W\u00e4rme den REM-Schlaf beeinflusst<\/b><\/strong><\/p>\r\n<p>W\u00e4rme kann die Einschlafzeit beschleunigen, aber eine zu hohe Temperatur kann den REM-Schlaf beeintr\u00e4chtigen, seine erholsame Wirkung verringern und m\u00f6glicherweise zu n\u00e4chtlichem Erwachen f\u00fchren.<\/p>\r\n<p><strong><b>Die Wissenschaft hinter k\u00fchlen Schl\u00e4fern<\/b><\/strong><\/p>\r\n<p>Bei k\u00fchlen Schl\u00e4fern entspricht die Vorliebe f\u00fcr eine k\u00fchlere Schlafumgebung dem nat\u00fcrlichen Absinken der K\u00f6rpertemperatur. Diese Ausrichtung kann die Qualit\u00e4t des Tiefschlafs und die gesamte Schlafarchitektur verbessern.<\/p>\r\n<p><strong><b>Der Zusammenhang zwischen k\u00fchlen Temperaturen und tiefem Schlaf<\/b><\/strong><\/p>\r\n<p>Studien zeigen, dass k\u00fchlere Schlafbedingungen dem Tiefschlaf zutr\u00e4glich sind. Sie helfen dem K\u00f6rper, einen Zustand aufrechtzuerhalten, der die Schlafphasen beg\u00fcnstigt, die f\u00fcr die k\u00f6rperliche Erholung und die Konsolidierung des Ged\u00e4chtnisses am g\u00fcnstigsten sind.<\/p>\r\n<p>Schlafpr\u00e4ferenzen verstehen: Warme vs. k\u00fchle Umgebungen<\/p>\r\n<p><strong>Die Bedeutung der Schlafumgebung f\u00fcr die Qualit\u00e4t der Erholung<\/strong><\/p>\r\n<p>Die Qualit\u00e4t Ihres Schlafs wird nicht nur durch die Anzahl der Stunden bestimmt, die Sie schlafen, sondern auch stark von Ihrer Schlafumgebung beeinflusst. Ein kritischer Faktor, der oft \u00fcbersehen wird, ist die Raumtemperatur. Unabh\u00e4ngig davon, ob Sie eine warme oder k\u00fchle Schlafumgebung bevorzugen, kann dies Ihre Schlafqualit\u00e4t, die Dauer Ihres Schlafs und sogar Ihre Gesundheit erheblich beeinflussen.<\/p>\r\n<p><strong>Vorlieben f\u00fcr warmen Schlaf: Vorteile und Herausforderungen<\/strong><\/p>\r\n<p>Diejenigen, die einen warmen Schlaf bevorzugen, profitieren von einem Gef\u00fchl der Gem\u00fctlichkeit und Geborgenheit, das tr\u00f6stlich sein kann und Ihnen hilft, schneller einzuschlafen. Es gibt jedoch auch Herausforderungen. Schlafen in einer warmen Umgebung kann zu \u00dcberhitzung f\u00fchren, die den Schlaf st\u00f6ren und die Anzahl der REM-Schlafphasen reduzieren kann.<\/p>\r\n<p><strong>Vorlieben f\u00fcr k\u00fchlen Schlaf: Vorteile und Herausforderungen<\/strong><\/p>\r\n<p>Andererseits stellen k\u00fchle Schl\u00e4fer oft fest, dass eine niedrigere Raumtemperatur dazu beitr\u00e4gt, ihre Kerntemperatur zu senken, was den Schlaf beschleunigen und tiefere Schlafzyklen f\u00f6rdern kann. Zu den Herausforderungen geh\u00f6rt die Aufrechterhaltung einer k\u00fchlen Umgebung w\u00e4hrend der Nacht, was in den w\u00e4rmeren Monaten oder in schlecht bel\u00fcfteten R\u00e4umen schwierig sein kann.<\/p>\r\n<p><strong>Wie sich die K\u00f6rpertemperatur im Schlaf reguliert<\/strong><\/p>\r\n<p>Es ist wichtig zu verstehen, wie Ihr K\u00f6rper die Temperatur w\u00e4hrend des Schlafs reguliert. W\u00e4hrend des Schlafs sinkt der k\u00f6rpereigene Thermostat und erreicht am fr\u00fchen Morgen seinen niedrigsten Stand. Diese nat\u00fcrliche K\u00fchlung ist f\u00fcr einen tieferen, erholsameren Schlaf unerl\u00e4sslich.<\/p>\r\n<h2>Brauchen Sie weitere Hilfe?<\/h2>\r\n<p>Keine Sorge!<\/p>\r\n<p><a href=\"https:\/\/kozeliving.com\/de\/dienst\/\" target=\"_self\" rel=\"noopener\"> Kontakt <\/a><\/p>\r\n","protected":false},"excerpt":{"rendered":"<p>Home \/ Unterst\u00fctzung \/ FAQ KOZ-E Schlaf Erste Schritte Wie richte ich meinen KOZ-E Sleep ein? Das Aufstellen Ihres KOZ-E Sleep umfasst zwei wichtige Schritte: das Anbringen der Matratzenauflage(Video) und das erstmalige Bef\u00fcllen mit Wasser(Video).Es ist wichtig, dass Sie Ihr KOZ-E Sleep 2 bis 3 Stunden vor dem Zubettgehen aufstellen, um Zeit f\u00fcr den &#8222;Priming&#8220;-Prozess&hellip;<\/p>\n","protected":false},"author":1,"featured_media":0,"parent":6681,"menu_order":0,"comment_status":"closed","ping_status":"closed","template":"","meta":{"_acf_changed":false,"inline_featured_image":false,"footnotes":""},"class_list":["post-6423","page","type-page","status-publish","hentry"],"acf":[],"_links":{"self":[{"href":"https:\/\/kozeliving.com\/de\/wp-json\/wp\/v2\/pages\/6423","targetHints":{"allow":["GET"]}}],"collection":[{"href":"https:\/\/kozeliving.com\/de\/wp-json\/wp\/v2\/pages"}],"about":[{"href":"https:\/\/kozeliving.com\/de\/wp-json\/wp\/v2\/types\/page"}],"author":[{"embeddable":true,"href":"https:\/\/kozeliving.com\/de\/wp-json\/wp\/v2\/users\/1"}],"replies":[{"embeddable":true,"href":"https:\/\/kozeliving.com\/de\/wp-json\/wp\/v2\/comments?post=6423"}],"version-history":[{"count":0,"href":"https:\/\/kozeliving.com\/de\/wp-json\/wp\/v2\/pages\/6423\/revisions"}],"up":[{"embeddable":true,"href":"https:\/\/kozeliving.com\/de\/wp-json\/wp\/v2\/pages\/6681"}],"wp:attachment":[{"href":"https:\/\/kozeliving.com\/de\/wp-json\/wp\/v2\/media?parent=6423"}],"curies":[{"name":"wp","href":"https:\/\/api.w.org\/{rel}","templated":true}]}}