{"id":6355,"date":"2024-02-23T11:52:44","date_gmt":"2024-02-23T10:52:44","guid":{"rendered":"https:\/\/kozeliving.com\/wagen\/"},"modified":"2026-04-10T13:34:13","modified_gmt":"2026-04-10T11:34:13","slug":"warenkorb-abrechnen","status":"publish","type":"page","link":"https:\/\/kozeliving.com\/de\/warenkorb-abrechnen\/","title":{"rendered":"warenkorb"},"content":{"rendered":"\n\n\t\t\t\t\t\t\t<img decoding=\"async\" src=\"https:\/\/kozeliving.com\/wp-content\/uploads\/2026\/03\/icoon-slaap-beter-dieper-grey.png\" alt=\"icoon - slaap beter &amp; dieper - grey\" width=\"568\" height=\"568\" title=\"\">\n\t\t\t\t\t\t<h4>CoolSleep <\/h4>\t\t\t\t\t\n\t\t\t\t\t<p>Schneller einschlafen<\/p>\t\t\t\t\n\t\t\t\t\t\t\t<img decoding=\"async\" src=\"https:\/\/kozeliving.com\/wp-content\/uploads\/2026\/02\/icoon-val-sneller-in-slaap-grey.png\" alt=\"icoon - val sneller in slaap - grey\" width=\"568\" height=\"568\" title=\"\">\n\t\t\t\t\t\t<h4>CoolSleep<\/h4>\t\t\t\t\t\n\t\t\t\t\t<p>Tiefer schlafen<\/p>\t\t\t\t\n\t\t\t\t\t\t\t<img decoding=\"async\" src=\"https:\/\/kozeliving.com\/wp-content\/uploads\/2026\/02\/icoon-gezond-grey.png\" alt=\"icoon gezond grey\" width=\"285\" height=\"284\" title=\"\">\n\t\t\t\t\t\t<h4>CoolSleep<\/h4>\t\t\t\t\t\n\t\t\t\t\t<p>Passend f\u00fcr jede Matratze<\/p>\t\t\t\t\n\t<h2>mein Warenkorb<\/h2>\n\t<p><a href=\"https:\/\/kozeliving.com\/de\/\"><strong>WEITER EINKAUFEN &gt;    <\/strong><\/a><\/p>\n<form action=\"https:\/\/kozeliving.com\/de\/warenkorb-abrechnen\/\" method=\"post\">\n\t<table cellspacing=\"0\">\n\t\t<thead>\n\t\t\t<tr>\n\t\t\t\t<th>Artikel entfernen<\/th>\n\t\t\t\t<th>Vorschaubild<\/th>\n\t\t\t\t<th scope=\"col\">Produkt<\/th>\n\t\t\t\t<th scope=\"col\">Preis<\/th>\n\t\t\t\t<th scope=\"col\">Anzahl<\/th>\n\t\t\t\t<th scope=\"col\">Zwischensumme<\/th>\n\t\t\t<\/tr>\n\t\t<\/thead>\n\t\t<tbody>\n\t\t\t\t\t\t\t\t<tr>\n\t\t\t\t\t\t<td>\n\t\t\t\t\t\t\t<a role=\"button\" data-gtm4wp_product_data=\"{&quot;internal_id&quot;:7956,&quot;item_id&quot;:&quot;SLE2706WT&quot;,&quot;item_name&quot;:&quot;CoolSleep Bett ku00fchler&quot;,&quot;sku&quot;:&quot;SLE2706WT&quot;,&quot;price&quot;:735,&quot;stocklevel&quot;:148,&quot;stockstatus&quot;:&quot;instock&quot;,&quot;google_business_vertical&quot;:&quot;retail&quot;,&quot;item_category&quot;:&quot;CoolSleep&quot;,&quot;id&quot;:&quot;SLE2706WT&quot;,&quot;productlink&quot;:&quot;https:\/\/kozeliving.com\/de\/warenkorb-abrechnen\/&quot;,&quot;item_variant&quot;:&quot;&quot;,&quot;item_brand&quot;:&quot;&quot;}\" href=\"https:\/\/kozeliving.com\/de\/warenkorb-abrechnen\/?remove_item=b837f636ce089428c61299b384b6d622&#038;_wpnonce=35bb50ea12\" aria-label=\"CoolSleep Bett k\u00fchler&nbsp;2x0,9mGer\u00e4t: Wei\u00df\uff0c Matratzenauflage: Gray aus dem Warenkorb entfernen\" data-product_id=\"7956\" data-product_sku=\"SLE2706WT\">&times;<\/a>\t\t\t\t\t\t<\/td>\n\t\t\t\t\t\t<td>\n\t\t\t\t\t\t<a href=\"https:\/\/kozeliving.com\/de\/produkt\/bett-kuehler\/\"><img width=\"300\" height=\"300\" src=\"https:\/\/kozeliving.com\/wp-content\/uploads\/2023\/11\/KOZ-E_01-22-300x300.jpg\" alt=\"CoolSleep Bett k\u00fchler\" decoding=\"async\" srcset=\"https:\/\/kozeliving.com\/wp-content\/uploads\/2023\/11\/KOZ-E_01-22-300x300.jpg 300w, https:\/\/kozeliving.com\/wp-content\/uploads\/2023\/11\/KOZ-E_01-22-600x600.jpg 600w, https:\/\/kozeliving.com\/wp-content\/uploads\/2023\/11\/KOZ-E_01-22-1200x1200.jpg 1200w, https:\/\/kozeliving.com\/wp-content\/uploads\/2023\/11\/KOZ-E_01-22-768x768.jpg 768w, https:\/\/kozeliving.com\/wp-content\/uploads\/2023\/11\/KOZ-E_01-22-1536x1536.jpg 1536w, https:\/\/kozeliving.com\/wp-content\/uploads\/2023\/11\/KOZ-E_01-22-2048x2048.jpg 2048w, https:\/\/kozeliving.com\/wp-content\/uploads\/2023\/11\/KOZ-E_01-22-100x100.jpg 100w, https:\/\/kozeliving.com\/wp-content\/uploads\/2023\/11\/KOZ-E_01-22-50x50.jpg 50w\" sizes=\"(max-width: 300px) 100vw, 300px\" title=\"\"><\/a>\t\t\t\t\t\t<\/td>\n\t\t\t\t\t\t<td scope=\"row\" role=\"rowheader\" data-title=\"Produkt\">\n\t\t\t\t\t\t<a href=\"https:\/\/kozeliving.com\/de\/produkt\/bett-kuehler\/\">CoolSleep Bett k\u00fchler<\/a>2&#215;0,9mGer\u00e4t: Wei\u00df\uff0c Matratzenauflage: Gray\t\t\t\t\t\t<\/td>\n\t\t\t\t\t\t<td data-title=\"Preis\">\n\t\t\t\t\t\t\t<bdi>&euro;735.00<\/bdi>\t\t\t\t\t\t<\/td>\n\t\t\t\t\t\t<td data-title=\"Anzahl\">\n\t\t<label for=\"quantity_69d8e03567513\">CoolSleep Bett k\u00fchler&nbsp;2&#215;0,9mGer\u00e4t: Wei\u00df\uff0c Matratzenauflage: Gray Menge<\/label>\n\t<input type=\"number\"\n\t\t\t\tid=\"quantity_69d8e03567513\"\n\t\tclass=\"input-text qty text\"\n\t\tname=\"cart[b837f636ce089428c61299b384b6d622][qty]\"\n\t\tvalue=\"1\"\n\t\taria-label=\"Produktmenge\"\n\t\t\t\tmin=\"0\"\n\t\t\t\t\tmax=\"148\"\n\t\t\t\t\t\t\tstep=\"1\"\n\t\t\tplaceholder=\"\"\n\t\t\tinputmode=\"numeric\"\n\t\t\tautocomplete=\"off\"\n\t\t\t\/>\n\t\t\t\t\t\t<\/td>\n\t\t\t\t\t\t<td data-title=\"Zwischensumme\">\n\t\t\t\t\t\t\t<bdi>&euro;735.00<\/bdi>\t\t\t\t\t\t<\/td>\n\t\t\t\t\t<\/tr>\n\t\t\t<tr>\n\t\t\t\t<td colspan=\"6\">\n\t\t\t\t\t\t\t<label for=\"coupon_code\">Gutschein:<\/label> <input type=\"text\" name=\"coupon_code\" id=\"coupon_code\" value=\"\" placeholder=\"Gutscheincode\" \/> <button type=\"submit\" name=\"apply_coupon\" value=\"Gutschein anwenden\">Gutschein anwenden<\/button>\n\t\t\t\t\t<button type=\"submit\" name=\"update_cart\" value=\"Warenkorb aktualisieren\">Warenkorb aktualisieren<\/button>\n\t\t\t\t\t<input type=\"hidden\" id=\"woocommerce-cart-nonce\" name=\"woocommerce-cart-nonce\" value=\"35bb50ea12\" \/><input type=\"hidden\" name=\"_wp_http_referer\" value=\"\/de\/?page_id=6355&#038;fl_builder\" \/>\t\t\t\t<\/td>\n\t\t\t<\/tr>\n\t\t\t\t\t<\/tbody>\n\t<\/table>\n\t<\/form>\n\t<h2>Warenkorb-Summe<\/h2>\n\t<table cellspacing=\"0\">\n\t\t<tr>\n\t\t\t<th>Zwischensumme<\/th>\n\t\t\t<td data-title=\"Zwischensumme\"><bdi>&euro;735.00<\/bdi><\/td>\n\t\t<\/tr>\n\t\t\t<tr>\n\t<th>Versand<\/th>\n\t<td data-title=\"Versand\">\n\t\t\t\t\t<ul id=\"shipping_method\">\n\t\t\t\t\t\t\t\t\t<li>\n\t\t\t\t\t\t<input type=\"hidden\" name=\"shipping_method[0]\" data-index=\"0\" id=\"shipping_method_0_free_shipping3\" value=\"free_shipping:3\" \/><label for=\"shipping_method_0_free_shipping3\">Free shipping<\/label>\t\t\t\t\t<\/li>\n\t\t\t\t\t\t\t<\/ul>\n\t\t\t\t\t\t\t\n\t\t\t\t\tVersand nach <strong>karl braunstraat 4, 1341 DD almere<\/strong>. \t\t\t\t\n\t\t\t\t\t\t\t\t<\/td>\n<\/tr>\n\t\t<tr>\n\t\t\t<th>Gesamtsumme<\/th>\n\t\t\t<td data-title=\"Gesamtsumme\"><strong><bdi>&euro;735.00<\/bdi><\/strong> <small>(inkl. &euro;127.56 BTW)<\/small><\/td>\n\t\t<\/tr>\n\t<\/table>\n<a href=\"https:\/\/kozeliving.com\/de\/kasse\/\">\n\tWeiter zur Kasse<\/a>\n\t\t<ul>\n\t\t\t\t\t<li>\n\t\t\t\t<p>Kostenloser Versand und 30-t\u00e4giges R\u00fcckgaberecht<\/p>\n\t\t<p>Ihre Bestellung wird schnell geliefert. R\u00fcckgabe ganz unkompliziert.<\/p>\t\t\t\n\t\t\t<\/li>\n\t\t\t\t\t<li>\n\t\t\t\t<p>Jetzt 2 oder mehr kaufen und 10 % Rabatt erhalten<\/p>\n\t\t<p>Jetzt 2 oder mehr CoolSleep-Systeme kaufen und 10 % Rabatt an der Kasse erhalten<\/p>\t\t\t\n\t\t\t<\/li>\n\t\t\t\t\t<li>\n\t\t\t\t<p>Jetzt kaufen, sp\u00e4ter bezahlen.<\/p>\n\t\t<p>Einfache und flexible Zahlungsm\u00f6glichkeiten.<\/p>\t\t\t\n\t\t\t<\/li>\n\t\t\t\t\t<li>\n\t\t\t\t<p>Frag einen Schlafexperten<\/p>\n\t\t<p>Kontaktiere uns, um Antworten auf all deine Fragen zu erhalten.<\/p>\t\t\t\n\t\t\t<\/li>\n\t\t\t\t<\/ul>\n\n","protected":false},"excerpt":{"rendered":"<p>CoolSleep Schneller einschlafen CoolSleep Tiefer schlafen CoolSleep Passend f\u00fcr jede Matratze mein Warenkorb WEITER EINKAUFEN &gt; Artikel entfernen Vorschaubild Produkt Preis Anzahl Zwischensumme &times; CoolSleep Bett k\u00fchler2&#215;0,9mGer\u00e4t: Wei\u00df\uff0c Matratzenauflage: Gray &euro;735.00 CoolSleep Bett k\u00fchler&nbsp;2&#215;0,9mGer\u00e4t: Wei\u00df\uff0c Matratzenauflage: Gray Menge &euro;735.00 Gutschein: Gutschein anwenden Warenkorb aktualisieren Warenkorb-Summe Zwischensumme &euro;735.00 Versand Free shipping Versand nach karl braunstraat 4,&hellip;<\/p>\n","protected":false},"author":1,"featured_media":0,"parent":0,"menu_order":0,"comment_status":"closed","ping_status":"closed","template":"","meta":{"_acf_changed":false,"inline_featured_image":false,"footnotes":""},"class_list":["post-6355","page","type-page","status-publish","hentry"],"acf":[],"_links":{"self":[{"href":"https:\/\/kozeliving.com\/de\/wp-json\/wp\/v2\/pages\/6355","targetHints":{"allow":["GET"]}}],"collection":[{"href":"https:\/\/kozeliving.com\/de\/wp-json\/wp\/v2\/pages"}],"about":[{"href":"https:\/\/kozeliving.com\/de\/wp-json\/wp\/v2\/types\/page"}],"author":[{"embeddable":true,"href":"https:\/\/kozeliving.com\/de\/wp-json\/wp\/v2\/users\/1"}],"replies":[{"embeddable":true,"href":"https:\/\/kozeliving.com\/de\/wp-json\/wp\/v2\/comments?post=6355"}],"version-history":[{"count":3,"href":"https:\/\/kozeliving.com\/de\/wp-json\/wp\/v2\/pages\/6355\/revisions"}],"predecessor-version":[{"id":14344,"href":"https:\/\/kozeliving.com\/de\/wp-json\/wp\/v2\/pages\/6355\/revisions\/14344"}],"wp:attachment":[{"href":"https:\/\/kozeliving.com\/de\/wp-json\/wp\/v2\/media?parent=6355"}],"curies":[{"name":"wp","href":"https:\/\/api.w.org\/{rel}","templated":true}]}}