{"id":6352,"date":"2024-02-23T11:52:38","date_gmt":"2024-02-23T10:52:38","guid":{"rendered":"https:\/\/kozeliving.com\/datenschutzbestimmungen\/"},"modified":"2026-04-09T17:01:39","modified_gmt":"2026-04-09T15:01:39","slug":"datenschutzbestimmungen","status":"publish","type":"page","link":"https:\/\/kozeliving.com\/de\/datenschutzbestimmungen\/","title":{"rendered":"Datenschutzbestimmungen"},"content":{"rendered":"\n\n\t<nav aria-label=\"breadcrumbs\"><p><a href=\"https:\/\/kozeliving.com\">Home<\/a> &#8211; Datenschutzbestimmungen<\/p><\/nav>\n\t<h2>\u00dcber unsere Datenschutzrichtlinie<\/h2>\n<p>Allyco legt gro\u00dfen Wert auf Ihre Privatsph\u00e4re. Daher verarbeiten wir nur Daten, die zur Verbesserung unserer Dienstleistungen erforderlich sind, und gehen mit den Informationen, die wir \u00fcber Sie und Ihre Nutzung unserer Dienstleistungen gesammelt haben, sorgf\u00e4ltig um. Wir werden Ihre Daten niemals zu kommerziellen Zwecken an Dritte weitergeben.<\/p>\n<p>Diese Datenschutzrichtlinie gilt f\u00fcr die Nutzung der Allyco-Website und der damit verbundenen Dienste. Das Datum des Inkrafttretens dieser Bedingungen ist der 25.08.2023 (<sup>25.<\/sup> August 2023). Mit der Ver\u00f6ffentlichung einer neuen Version werden alle fr\u00fcheren Versionen ung\u00fcltig. In dieser Datenschutzerkl\u00e4rung beschreiben wir, welche Daten wir sammeln, wie wir diese Daten verwenden und unter welchen Bedingungen wir diese Daten an Dritte weitergeben k\u00f6nnen. Wir erkl\u00e4ren auch, wie wir Ihre Daten speichern und vor Missbrauch sch\u00fctzen, und erl\u00e4utern Ihre Rechte in Bezug auf die personenbezogenen Daten, die Sie uns zur Verf\u00fcgung gestellt haben.<\/p>\n<p>Wenn Sie Fragen zu unserer Datenschutzpolitik haben, k\u00f6nnen Sie sich an unseren Datenschutzbeauftragten wenden. Die Kontaktdaten finden Sie am Ende unserer Datenschutzrichtlinie.<\/p>\n<p>&nbsp;<\/p>\n<h3>Datenverarbeitung<\/h3>\n<p>Im Folgenden k\u00f6nnen Sie nachlesen, wie wir Ihre Daten verarbeiten, wo wir sie speichern, welche Sicherheitstechniken wir verwenden und wer Zugang zu den Daten hat.<\/p>\n<p>&nbsp;<\/p>\n<h4>E-Mail- und Mailing-Listen<\/h4>\n<p><strong>MailChimp<\/strong><\/p>\n<p>Wir versenden unsere E-Mail-Newsletter \u00fcber MailChimp. MailChimp wird Ihren Namen und Ihre E-Mail-Adresse niemals f\u00fcr eigene Zwecke verwenden. Am Ende jeder E-Mail, die \u00fcber unsere Website versandt wird, finden Sie den Link &#8222;Abbestellen&#8220;. Damit k\u00f6nnen Sie unseren Newsletter abbestellen. Ihre pers\u00f6nlichen Daten werden von MailChimp sicher gespeichert. MailChimp verwendet Cookies und andere Internettechnologien, um festzustellen, ob E-Mails ge\u00f6ffnet und gelesen werden. MailChimp beh\u00e4lt sich das Recht vor, Ihre Daten zur Verbesserung seiner Dienste zu verwenden und in diesem Zusammenhang Informationen an Dritte weiterzugeben.<\/p>\n<p>&nbsp;<\/p>\n<p><strong>Mein Webhost<\/strong><\/p>\n<p>F\u00fcr unsere regelm\u00e4\u00dfige gesch\u00e4ftliche E-Mail-Kommunikation nutzen wir die Dienste von My Webhost. Diese Partei hat angemessene technische und organisatorische Ma\u00dfnahmen ergriffen, um Missbrauch, Verlust und Verf\u00e4lschung Ihrer und unserer Daten so weit wie m\u00f6glich zu verhindern. Mein Webhost hat keinen Zugriff auf unsere Mailbox, und wir behandeln unseren gesamten E-Mail-Verkehr vertraulich.<\/p>\n<p>&nbsp;<\/p>\n<h4>Zahlungsabwickler<\/h4>\n<p><strong>Mollie<\/strong><\/p>\n<p>Um einen Teil der Zahlungen in unserem Webshop abzuwickeln, verwenden wir die Plattform von Mollie. Mollie verarbeitet Ihren Namen, Ihre Adresse und Ihren Wohnsitz sowie Ihre Zahlungsdaten wie Ihre Bankverbindung oder Kreditkartennummer. Mollie hat angemessene technische und organisatorische Ma\u00dfnahmen zum Schutz Ihrer personenbezogenen Daten getroffen. Mollie beh\u00e4lt sich das Recht vor, Ihre Daten zur Verbesserung seiner Dienstleistungen zu verwenden und anonymisierte Daten an Dritte weiterzugeben. Alle Garantien bez\u00fcglich des Schutzes Ihrer pers\u00f6nlichen Daten gelten auch f\u00fcr die Teile der Dienstleistungen von Mollie, f\u00fcr die sie Dritte beauftragt. Mollie speichert Ihre Daten nicht l\u00e4nger als gesetzlich erlaubt.<\/p>\n<p>&nbsp;<\/p>\n<h4>Versand und Logistik<\/h4>\n<p><strong>DPD<\/strong><\/p>\n<p>Wenn Sie eine Bestellung bei uns aufgeben, sind wir daf\u00fcr verantwortlich, dass Ihr Paket an Sie geliefert wird. Wir nutzen die Dienste von DPD f\u00fcr Lieferungen. Daher ist es notwendig, dass wir Ihren Namen, Ihre Adresse und Ihren Wohnort an DPD weitergeben. DPD verwendet diese Daten nur f\u00fcr die Durchf\u00fchrung des Vertrages. Wenn DPD Subunternehmer einsetzt, stellt DPD Ihre Daten auch diesen zur Verf\u00fcgung.<\/p>\n<p>&nbsp;<\/p>\n<p><strong>DHL<\/strong><\/p>\n<p>Wenn Sie eine Bestellung bei uns aufgeben, sind wir daf\u00fcr verantwortlich, dass Ihr Paket an Sie geliefert wird. Wir nutzen die Dienste von DHL f\u00fcr Lieferungen. Daher ist es notwendig, dass wir Ihren Namen, Ihre Adresse und Ihren Wohnort an DHL weitergeben. DHL verwendet diese Daten nur f\u00fcr die Durchf\u00fchrung des Vertrages. Wenn DHL Subunternehmer beauftragt, stellt DHL Ihre Daten auch diesen Parteien zur Verf\u00fcgung.<\/p>\n<p>&nbsp;<\/p>\n<h4>Rechnungsstellung und Buchhaltung<\/h4>\n<p><strong>Woocommerce, e-boekhouden<\/strong><\/p>\n<p>F\u00fcr die Verwaltung und Buchhaltung unseres Unternehmens, nutzen wir die Dienste von Woocommerce und e-boekhouden. Wir geben Ihren Namen, Ihre Adresse und Ihren Wohnort sowie Einzelheiten zu Ihrer Bestellung weiter. Diese Daten werden f\u00fcr die Verwaltung der Verkaufsrechnungen verwendet. Ihre pers\u00f6nlichen Daten werden sicher \u00fcbermittelt und gespeichert. Woocommerce und e-boekhouden sind zur Vertraulichkeit verpflichtet und werden Ihre Daten vertraulich behandeln. Sie verwenden Ihre personenbezogenen Daten nicht f\u00fcr andere als die oben beschriebenen Zwecke.<\/p>\n<p>&nbsp;<\/p>\n<h4>Zweck der Datenverarbeitung<\/h4>\n<p><strong>Allgemeiner Zweck der Verarbeitung<\/strong><\/p>\n<p>Wir verwenden Ihre Daten ausschlie\u00dflich f\u00fcr unsere Dienstleistungen. Das bedeutet, dass der Zweck der Verarbeitung immer in direktem Zusammenhang mit dem Auftrag steht, den Sie uns erteilt haben. Wir verwenden Ihre Daten nicht f\u00fcr (gezieltes) Marketing, es sei denn, Sie haben uns ausdr\u00fccklich die Erlaubnis dazu erteilt. Wir geben Ihre Daten nicht an Dritte weiter, es sei denn, um buchhalterischen und anderen administrativen Verpflichtungen nachzukommen. Diese Dritten sind alle aufgrund von Vereinbarungen mit uns oder aufgrund gesetzlicher Verpflichtungen zur Vertraulichkeit verpflichtet.<\/p>\n<p>&nbsp;<\/p>\n<h4>Automatisch erfasste Daten<\/h4>\n<p>Daten, die von unserer Website automatisch erfasst werden, werden zur weiteren Verbesserung unserer Dienstleistungen verarbeitet. Diese Daten, wie z. B. Ihre IP-Adresse, Ihr Webbrowser und Ihr Betriebssystem, werden nicht als personenbezogene Daten betrachtet.<\/p>\n<p>&nbsp;<\/p>\n<h4>Zusammenarbeit bei Steuer- und Strafermittlungen<\/h4>\n<p>In einigen F\u00e4llen kann Allyco gesetzlich verpflichtet sein, Ihre Daten im Zusammenhang mit Steuer- oder Strafermittlungen von Regierungsbeh\u00f6rden weiterzugeben. In diesem Fall werden wir uns im Rahmen der M\u00f6glichkeiten, die uns das Gesetz bietet, wehren.<\/p>\n<p>&nbsp;<\/p>\n<h4>Aufbewahrungsfristen<\/h4>\n<p>Wir speichern Ihre Daten so lange, wie Sie Kunde bei uns sind. Das bedeutet, dass wir Ihr Kundenprofil so lange aufbewahren, bis Sie uns mitteilen, dass Sie unsere Dienste nicht mehr in Anspruch nehmen m\u00f6chten. Wenn Sie uns dies mitteilen, betrachten wir dies auch als Antrag auf L\u00f6schung Ihrer Daten. Aufgrund geltender verwaltungstechnischer Verpflichtungen sind wir verpflichtet, Rechnungen mit Ihren (personenbezogenen) Daten aufzubewahren, und daher werden wir diese Daten f\u00fcr den gesetzlich vorgeschriebenen Zeitraum aufbewahren. Die Mitarbeiter haben jedoch keinen Zugriff mehr auf Ihr Kundenprofil und die Dokumente, die auf der Grundlage Ihrer Bestellung erstellt wurden.<\/p>\n<p>&nbsp;<\/p>\n<h3>Ihre Rechte<\/h3>\n<p>Nach niederl\u00e4ndischem und europ\u00e4ischem Recht haben Sie als betroffene Person bestimmte Rechte in Bezug auf Ihre von uns verarbeiteten personenbezogenen Daten. Im Folgenden erl\u00e4utern wir, welche Rechte Sie haben und wie Sie diese wahrnehmen k\u00f6nnen.<\/p>\n<p>&nbsp;<\/p>\n<h4>Recht auf Zugang<\/h4>\n<p>Sie haben jederzeit das Recht, die Daten einzusehen, die wir verarbeiten (lassen) und die sich auf Ihre Person beziehen oder zu Ihnen zur\u00fcckverfolgt werden k\u00f6nnen. Sie k\u00f6nnen zu diesem Zweck eine Anfrage an unsere Kontaktperson f\u00fcr den Datenschutz stellen. Sie werden innerhalb von 30 Tagen eine Antwort auf Ihren Antrag erhalten. Wenn Ihrem Antrag stattgegeben wird, senden wir Ihnen eine Kopie aller Daten mit einer \u00dcbersicht der Verarbeiter, die diese Daten unter ihrer Kontrolle haben, unter Angabe der Kategorie, unter der wir diese Daten gespeichert haben.<\/p>\n<p>&nbsp;<\/p>\n<h4>Recht auf Berichtigung<\/h4>\n<p>Sie haben jederzeit das Recht, die von uns verarbeiteten Daten, die sich auf Ihre Person beziehen oder auf Sie zur\u00fcckgef\u00fchrt werden k\u00f6nnen, berichtigen zu lassen. Sie k\u00f6nnen zu diesem Zweck eine Anfrage an unsere Kontaktperson f\u00fcr den Datenschutz stellen. Sie werden innerhalb von 30 Tagen eine Antwort auf Ihren Antrag erhalten. Wenn Ihrem Antrag stattgegeben wird, senden wir Ihnen eine Best\u00e4tigung, dass die Daten angepasst wurden.<\/p>\n<p>&nbsp;<\/p>\n<h4>Recht auf Einschr\u00e4nkung der Verarbeitung<\/h4>\n<p>Sie haben jederzeit das Recht, die von uns verarbeiteten Daten, die sich auf Ihre Person beziehen oder zu Ihnen zur\u00fcckverfolgt werden k\u00f6nnen, einzuschr\u00e4nken. Sie k\u00f6nnen zu diesem Zweck eine Anfrage an unsere Kontaktperson f\u00fcr den Datenschutz stellen. Sie werden innerhalb von 30 Tagen eine Antwort auf Ihren Antrag erhalten. Wenn Ihrem Antrag stattgegeben wird, senden wir Ihnen eine Best\u00e4tigung, dass die Daten nicht verarbeitet werden, bis Sie die Einschr\u00e4nkung aufheben.<\/p>\n<p>&nbsp;<\/p>\n<h4>Recht auf Daten\u00fcbertragbarkeit<\/h4>\n<p>Sie haben jederzeit das Recht, dass die von uns verarbeiteten Daten, die sich auf Ihre Person beziehen oder zu Ihnen zur\u00fcckverfolgt werden k\u00f6nnen, von einer anderen Partei ausgef\u00fchrt werden. Sie k\u00f6nnen zu diesem Zweck eine Anfrage an unsere Kontaktperson f\u00fcr den Datenschutz stellen. Sie werden innerhalb von 30 Tagen eine Antwort auf Ihren Antrag erhalten. Wenn Ihr<\/p>\n<p>Wenn Ihrem Antrag stattgegeben wird, werden wir Ihnen Kopien oder Duplikate aller Daten \u00fcber Sie zusenden, die wir verarbeitet haben oder die in unserem Auftrag von anderen Auftragsverarbeitern oder Dritten verarbeitet wurden. Aller Voraussicht nach k\u00f6nnen wir in einem solchen Fall den Dienst nicht mehr fortsetzen, da die sichere Verkn\u00fcpfung der Dateien dann nicht mehr gew\u00e4hrleistet werden kann.<\/p>\n<p>&nbsp;<\/p>\n<h4>Widerspruchsrecht und andere Rechte<\/h4>\n<p>In einigen F\u00e4llen haben Sie das Recht, der Verarbeitung Ihrer personenbezogenen Daten durch oder im Namen von Allyco zu widersprechen. Wenn Sie Widerspruch einlegen, werden wir die Verarbeitung der Daten unverz\u00fcglich einstellen, w\u00e4hrend Ihr Widerspruch bearbeitet wird. Wenn Ihr Widerspruch begr\u00fcndet ist, werden wir Ihnen Kopien und\/oder Kopien der Daten, die wir verarbeiten (lassen), zur Verf\u00fcgung stellen und sie nicht weiter verarbeiten. Sie haben auch das Recht, nicht einer automatisierten individuellen Entscheidungsfindung oder einem Profiling unterworfen zu werden. Wir verarbeiten Ihre Daten nicht in der Weise, dass dieses Recht Anwendung findet. Wenn Sie glauben, dass dies der Fall ist, wenden Sie sich bitte an unsere Kontaktperson f\u00fcr den Datenschutz.<\/p>\n<p>&nbsp;<\/p>\n<h3>Cookies<\/h3>\n<p>&nbsp;<\/p>\n<h4>Google Analytics<\/h4>\n<p>Auf unserer Website werden von dem amerikanischen Unternehmen Google im Rahmen des Dienstes &#8222;Analytics&#8220; Cookies gesetzt. Wir nutzen diesen Dienst, um das Besucherverhalten auf unserer Website zu verfolgen und Berichte zu erstellen. Dieser Auftragsverarbeiter kann nach den geltenden Gesetzen und Vorschriften verpflichtet sein, Zugang zu diesen Daten zu gew\u00e4hren. Wir sammeln Informationen \u00fcber Ihr Surfverhalten und teilen diese Daten mit Google. Google kann diese Informationen mit anderen Datens\u00e4tzen kombinieren und Ihre Online-Aktivit\u00e4ten verfolgen. Google verwendet diese Informationen f\u00fcr gezielte Werbung (Adwords) und andere Google-Dienste und -Produkte.<\/p>\n<p>&nbsp;<\/p>\n<h4>Cookies von Drittanbietern<\/h4>\n<p>Wenn Softwarel\u00f6sungen von Drittanbietern Cookies verwenden, wird dies in dieser Datenschutzerkl\u00e4rung angegeben.<\/p>\n<p>&nbsp;<\/p>\n<h3>\u00c4nderungen der Datenschutzrichtlinie<\/h3>\n<p>Wir behalten uns das Recht vor, unsere Datenschutzpolitik jederzeit zu \u00e4ndern. Auf dieser Seite finden Sie immer die aktuellste Version. Wenn die neue Datenschutzrichtlinie Auswirkungen auf die Art und Weise hat, wie wir bereits \u00fcber Sie erfasste Daten verarbeiten, werden wir Sie per E-Mail benachrichtigen.<\/p>\n\t\n","protected":false},"excerpt":{"rendered":"<p>Home &#8211; Datenschutzbestimmungen \u00dcber unsere Datenschutzrichtlinie Allyco legt gro\u00dfen Wert auf Ihre Privatsph\u00e4re. Daher verarbeiten wir nur Daten, die zur Verbesserung unserer Dienstleistungen erforderlich sind, und gehen mit den Informationen, die wir \u00fcber Sie und Ihre Nutzung unserer Dienstleistungen gesammelt haben, sorgf\u00e4ltig um. Wir werden Ihre Daten niemals zu kommerziellen Zwecken an Dritte weitergeben. Diese&hellip;<\/p>\n","protected":false},"author":1,"featured_media":0,"parent":0,"menu_order":101,"comment_status":"closed","ping_status":"closed","template":"","meta":{"_acf_changed":false,"inline_featured_image":false,"footnotes":""},"class_list":["post-6352","page","type-page","status-publish","hentry"],"acf":[],"_links":{"self":[{"href":"https:\/\/kozeliving.com\/de\/wp-json\/wp\/v2\/pages\/6352","targetHints":{"allow":["GET"]}}],"collection":[{"href":"https:\/\/kozeliving.com\/de\/wp-json\/wp\/v2\/pages"}],"about":[{"href":"https:\/\/kozeliving.com\/de\/wp-json\/wp\/v2\/types\/page"}],"author":[{"embeddable":true,"href":"https:\/\/kozeliving.com\/de\/wp-json\/wp\/v2\/users\/1"}],"replies":[{"embeddable":true,"href":"https:\/\/kozeliving.com\/de\/wp-json\/wp\/v2\/comments?post=6352"}],"version-history":[{"count":1,"href":"https:\/\/kozeliving.com\/de\/wp-json\/wp\/v2\/pages\/6352\/revisions"}],"predecessor-version":[{"id":14305,"href":"https:\/\/kozeliving.com\/de\/wp-json\/wp\/v2\/pages\/6352\/revisions\/14305"}],"wp:attachment":[{"href":"https:\/\/kozeliving.com\/de\/wp-json\/wp\/v2\/media?parent=6352"}],"curies":[{"name":"wp","href":"https:\/\/api.w.org\/{rel}","templated":true}]}}