{"id":13444,"date":"2026-03-18T11:37:04","date_gmt":"2026-03-18T10:37:04","guid":{"rendered":"https:\/\/staging.kozeliving.com\/wie-du-dein-schlafzimmer-ohne-ac-kuehlen-kannst\/"},"modified":"2026-04-09T12:09:27","modified_gmt":"2026-04-09T10:09:27","slug":"kuhlende-matratzenauflage-klimaanlage-alternative","status":"publish","type":"page","link":"https:\/\/kozeliving.com\/de\/kuhlende-matratzenauflage-klimaanlage-alternative\/","title":{"rendered":"CoolSleep: So bleibt das Schlafzimmer auch ohne Klimaanlage k\u00fchl"},"content":{"rendered":"\n<h2>\n\t\t\tCoolSleep\t<\/h2>\n<h1>\n\t\t\tK\u00fchlende Matratzenauflage: <br \/>Die leistungsstarke 12\u00b0C K\u00fchlung<br \/> Alternative zur Klimaanlage\t<\/h1>\n\t\t\t<a href=\"https:\/\/kozeliving.com\/de\/produkt\/bett-kuehler\/\"  target=\"_self\">\n\t\t\t\t\t\t\tentdecke CoolSleep\u00ae\n\t\t\t\t\t<\/a>\n\t\t\t\t\t\t\t<img decoding=\"async\" src=\"https:\/\/kozeliving.com\/wp-content\/uploads\/2026\/03\/icoon-houd-je-lichaam-koel-grey.png\" alt=\"icoon - houd je lichaam koel - grey\" width=\"568\" height=\"568\" title=\"\">\n\t\t\t\t\t\t<h4>CoolSleep  <\/h4>\t\t\t\t\t\n\t\t\t\t\t<p>Hohe K\u00fchlleistung bis zu 12Grad<\/p>\t\t\t\t\n\t\t\t\t\t\t\t<img decoding=\"async\" src=\"https:\/\/kozeliving.com\/wp-content\/uploads\/2026\/03\/icoon-verkoeling-zonder-airco-grey.png\" alt=\"icoon - verkoeling zonder airco - grey\" width=\"568\" height=\"568\" title=\"\">\n\t\t\t\t\t\t<h4>CoolSleep<\/h4>\t\t\t\t\t\n\t\t\t\t\t<p>Fl\u00fcsterleise Leistung und flexible Platzierung<\/p>\t\t\t\t\n\t\t\t\t\t\t\t<img decoding=\"async\" src=\"https:\/\/kozeliving.com\/wp-content\/uploads\/2026\/03\/icoon-maximal-hygiene-in-bed-grey.png\" alt=\"icoon - maximal hygie\u0308ne in bed - grey\" width=\"568\" height=\"568\" title=\"\">\n\t\t\t\t\t\t<h4>CoolSleep<\/h4>\t\t\t\t\t\n\t\t\t\t\t<p>Bequemer und einfacher Aufbau, passt auf jedes Bett.<\/p>\t\t\t\t\n\t<iframe allowfullscreen allow=\"autoplay\" data-src=\"https:\/\/www.youtube-nocookie.com\/embed\/g33ajJ_IEPU?feature=oembed&amp;autoplay=1&amp;playlist=g33ajJ_IEPU&amp;start=3&amp;end=15&amp;wmode=opaque&amp;loop=1&amp;controls=1&amp;mute=1&amp;rel=0&amp;modestbranding=1\"><\/iframe>\t\t\n\t\t\t\t\tPlay Video\n<h2>\n\t\t\tSuchst du nach einer Alternative f\u00fcr die Klimaanlage?\t<\/h2>\n<h3>\n\t\t\tVersuche, deinen K\u00f6rper zu k\u00fchlen, anstatt den ganzen Raum\t<\/h3>\n\t<p>Suchst du nach einer praktischen Alternative zu herk\u00f6mmlichen Klimaanlagen? KOZ-E verzichtet auf die energieintensive K\u00fchlung des gesamten Raums und setzt stattdessen auf das Prinzip der punktgenauen K\u00fchlung: Der K\u00f6rper wird direkt an der Matratze gek\u00fchlt. Viele Menschen finden, dass die trockene Luft und die Ger\u00e4usche herk\u00f6mmlicher Klimaanlagen den Schlaf st\u00f6ren. Zudem sind hohe Stromkosten und aufwendige Installationsarbeiten oft ein gro\u00dfes Hindernis. Wir bieten eine technische L\u00f6sung, die genau dort ansetzt, wo es f\u00fcr den thermischen Komfort am wichtigsten ist &#8211; direkt unter dem Bett.<\/p>\n\t\t\n\t\t<p>K\u00fchlen ohne Klimaanlage: CoolSleep k\u00fchlende matratzenauflage f\u00fcr die effiziente, optimale Schlaftemperatur in Ihrem Bett.<\/p>\n\t\t\t<a href=\"https:\/\/kozeliving.com\/de\/produkt\/bett-kuehler\/\"  target=\"_self\">\n\t\t\t\t\t\t\tmehr \u00fcber  CoolSleep\n\t\t\t\t\t<\/a>\n<h2>\n\t\t\tCoolSleep: Funktionale K\u00fchlung f\u00fcr eine erholsame Nachtruhe\t<\/h2>\n<h3>\n\t\t\tDer CoolSleep\u2122 bett k\u00fchler: Eine energieeffiziente L\u00f6sung f\u00fcr Ihr Schlafzimmer.\t<\/h3>\n\tDer CoolSleep\u2122 Matratzenk\u00fchler: Eine energieeffiziente L\u00f6sung f\u00fcr Ihr Schlafzimmer.<br \/>\nAnstatt mit hohem Energieaufwand den gesamten Raum zu k\u00fchlen, konzentriert sich das KOZ-E CoolSleep System auf die direkte Regulierung der K\u00f6rpertemperatur. Es bietet eine technisch durchdachte Alternative zu herk\u00f6mmlichen Klimaanlagen, um auch in warmen Sommern\u00e4chten ein angenehmes Schlafklima zu schaffen.<br \/>\nMit unserer wassergef\u00fchrten Matratzenauflage l\u00e4sst sich de Temperatur im Liegebereich um bis zu 12 \u00b0C senken. Das System leitet \u00fcbersch\u00fcssige K\u00f6rperw\u00e4rme aktiv ab. Dabei arbeitet das Ger\u00e4t mit einer geringen, konstanten Ger\u00e4uschentwicklung, die speziell darauf ausgelegt ist, die Nachtruhe nicht zu beeintr\u00e4chtigen. So wird ein ungest\u00f6rter Schlaf bei Ihrer gew\u00e4hlten Wohlf\u00fchltemperatur erm\u00f6glicht.<br \/>\nEinfache Integration und Handhabung:<br \/>\nDie Installation ist unkompliziert und erfordert keine baulichen Ver\u00e4nderungen; die Auflage passt auf jedes g\u00e4ngige Bett. Das Prinzip ist simpel: Die Technik sorgt f\u00fcr die n\u00f6tige K\u00fchlung direkt am K\u00f6rper, sodass Sie auch bei hohen Au\u00dfentemperaturen erholt aufwachen k\u00f6nnen.\n\t\t<h5>Bequem und m\u00fchelos, passt in jedes Bett<\/h5>\n\t\t<p>Du solltest einfach diese K\u00fchle auf deiner Haut sp\u00fcren<\/p>\n\t\t\t<a href=\"https:\/\/kozeliving.com\/de\/coolsleep-matratzenkuehlung\/\"  target=\"_self\">\n\t\t\t\t\t\t\tmehr \u00fcber Technik\n\t\t\t\t\t<\/a>\n<h2>\n\t\t\tOptimale Schlaftemperatur: Warum die k\u00fchlende Matratzen von CoolSleep der Klimaanlage voraus sind\t<\/h2>\n<h3>\n\t\t\tGenie\u00dfen einen nat\u00fcrlichen Schlaf und sparen gleichzeitig Kosten.\t<\/h3>\n\tWussten du schon? Wasser leitet W\u00e4rme wesentlich besser als Luft. Herk\u00f6mmliche Klimaanlagen zirkulieren meist nur trockene Luft im Raum, w\u00e4hrend KOZ-E CoolSleep die nat\u00fcrliche Leitf\u00e4higkeit von Wasser nutzt. Das System leitet \u00fcbersch\u00fcssige Hitze direkt vom K\u00f6rper ab.<br \/>\nDas ist nicht nur angenehmer f\u00fcr deine Haut und Atemwege, sondern auch umweltfreundlicher. Mal ehrlich: Wozu viel Energie verbrauchen, um den ganzen Raum zu k\u00fchlen, wenn man denselben K\u00fchleffekt direkt am K\u00f6rper erzielen kann?<br \/>\nCoolSleep verbraucht pro Nacht nur etwa 1,2 kWh und ist damit bis zu siebenmal energieeffizienter als herk\u00f6mmliche Klimaanlagen.\n\t\t\n\t\t<p>CoolSleep k\u00fchlende matratzen topper: Die effizienteste Klimaanlage f\u00fcr Ihr Schlafzimmer<\/p>\n\t\t\t<a href=\"https:\/\/kozeliving.com\/de\/nachhaltigkeit\/\"  target=\"_self\">\n\t\t\t\t\t\t\tmehr \u00fcber energieeinsparung\n\t\t\t\t\t<\/a>\n<h2>\n\t\t\tMit frischem Kopf aufwachen: Schluss damit, dass die Atemwege austrocknen und Kopfschmerzen auftreten\t<\/h2>\n<h3>\n\t\t\tDu genie\u00dft einen angenehmen Schlaf und vermeidest die typischen Nebenwirkungen herk\u00f6mmlicher K\u00fchlmethoden.\t<\/h3>\n\tWachst du oft mit einem trockenen Hals oder brennenden Augen auf? Wenn die Klimaanlage im Sommer die ganze Nacht l\u00e4uft, ist das keine Seltenheit. Herk\u00f6mmliche Klimaanlagen senken die Temperatur, indem sie der Luft Feuchtigkeit entziehen. Die Folge: Sie wachen morgens mit verstopfter Nase und trockenem Hals auf, oft begleitet von den typischen \u201eKlimaanlagen-Kopfschmerzen&#8220;.<br \/>\nDie Luftqualit\u00e4t bleibt erhalten<br \/>\nKOZ-E CoolSleep verfolgt einen anderen Ansatz. Da das System die Matratze \u00fcber einen geschlossenen Wasserkreislauf k\u00fchlt, bleibt die nat\u00fcrliche Luftfeuchtigkeit im Schlafzimmer erhalten.<br \/>\nKein kalter Luftstrom: Es bl\u00e4st Ihnen keine eiskalte Umluft ins Gesicht.<br \/>\nNat\u00fcrliche Feuchtigkeitsversorgung: Ihre Schleimh\u00e4ute trocknen nicht aus, und Sie f\u00fchlen sich beim Aufwachen deutlich erfrischt.<br \/>\nAngenehme K\u00fchle: Sie genie\u00dfen eine k\u00fchle Matratze, w\u00e4hrend die Luft im Raum angenehm und nat\u00fcrlich bleibt.\n\t\t\n\t\t<p>Teste CoolSleep risikofrei: Teste es 30 N\u00e4chte lang in deinem eigenen Bett.<\/p>\n\t\t\t<a href=\"https:\/\/kozeliving.com\/de\/produkt\/bett-kuehler\/\"  target=\"_self\">\n\t\t\t\t\t\t\t30 N\u00e4chte zu Hause testen\n\t\t\t\t\t<\/a>\n<h2>\n\t\t\tIst das Schlafzimmer im Sommer zu warm und im Winter zu kalt, um bequem zu schlafen?\t<\/h2>\n<h3>\n\t\t\tKOZ-E CoolSleep bietet das perfekte Klima: Es k\u00fchlt im Sommer und w\u00e4rmt im Winter.\t<\/h3>\n\t<p>Egal, ob du in einem gut isolierten Neubau wohnst, der die Sommerhitze einschlie\u00dft, oder in einem klassischen Altbau, der im Winter mit Zugluft zu k\u00e4mpfen hat, wir alle stehen vor der gleichen Herausforderung: einer unangenehmen Temperatur im Schlafzimmer. Herk\u00f6mmliche Klimaanlagen sind oft zu teuer oder f\u00fcr \u00e4ltere Geb\u00e4ude einfach keine Option. Seien wir mal ehrlich: Wie viele Stunden am Tag verbringst du eigentlich in deinem Schlafzimmer? Tags\u00fcber bewegst du dich, du arbeitest oder bist aktiv. Aber wenn es Zeit zum Schlafen ist, ist die einzige Temperatur, die wirklich z\u00e4hlt, die in deinem Bett. Indem du deine Matratze und nicht den ganzen Raum regulierst, bleibst du das ganze Jahr \u00fcber komfortabel. Du bist nicht mehr auf schwere Decken oder teure Klimaanlagen angewiesen. Das ist die intelligenteste Art, die Kontrolle \u00fcber deine Umgebung zu \u00fcbernehmen &#8211; indem du nur den Raum regulierst, den du tats\u00e4chlich nutzt.<\/p>\n\t\t<p>Probiere es zu Hause 30 N\u00e4chte lang aus. Nicht zufrieden? Geld zur\u00fcck.<\/p>\n\t\t\t<a href=\"https:\/\/kozeliving.com\/de\/produkt\/bett-kuehler\/\"  target=\"_self\">\n\t\t\t\t\t\t\tjetzt kaufen\n\t\t\t\t\t<\/a>\n<h2>\n\t\t\tWarum ist k\u00fchler Schlaf so wichtig f\u00fcr deine Gesundheit?\t<\/h2>\n<h3>\n\t\t\tDas Koz-e CoolSleep ist dein pers\u00f6nliches Schlafsystem\t<\/h3>\n\tEin k\u00fchler Schlaf ist wichtig f\u00fcr deine Gesundheit, denn er passt sich dem nat\u00fcrlichen n\u00e4chtlichen Temperaturabfall deines K\u00f6rpers an und erm\u00f6glicht so einen schnelleren, tieferen und erholsameren Schlaf. Mit KOZ-E CoolSleep kannst du die Temperatur stufenlos von 12\u00b0C bis 48\u00b0C einstellen, ganz nach den Bed\u00fcrfnissen deines K\u00f6rpers. Eine erholsame Nachtruhe ist die Grundlage f\u00fcr ein gesundes Leben, und unser System wurde mit einem Ziel entwickelt: dir zu helfen, den bestm\u00f6glichen Schlaf zu erreichen. St\u00e4rkeres Immunsystem: Dein K\u00f6rper repariert sich effektiver, wenn er k\u00fchl ist. Sch\u00e4rferes Ged\u00e4chtnis: Im Tiefschlaf verarbeitet und speichert dein Gehirn Informationen.Bessere Konzentrationsf\u00e4higkeit: Wache mit der geistigen Klarheit auf, die du f\u00fcr den kommenden Tag brauchst. Ununterbrochene Zyklen: Vermeide das &#8222;mittern\u00e4chtliche Aufwachen&#8220;, das durch \u00dcberhitzung verursacht wird.     \n\t\t<p>Von Schlafexperten anerkannt und mit einer 3-Jahres-Garantie versehen.<\/p>\n\t\t\t<a href=\"https:\/\/kozeliving.com\/de\/wissenschaftliche-beweise\/\"  target=\"_self\">\n\t\t\t\t\t\t\tmehr \u00fcber schlafwissenschaft \n\t\t\t\t\t<\/a>\n<h2>\n\t\t\tDie k\u00fchlende Kraft des Wassers\t<\/h2>\n<h3>\n\t\t\tErlebe die nat\u00fcrliche Effizienz eines wassergek\u00fchlten Schlafsystems zur W\u00e4rmeregulierung, von 12\u00b0C bis 48\u00b0C.\t<\/h3>\n\t<p>Mit Koz-e CoolSleep hast du die volle Kontrolle \u00fcber dein Bettklima und kannst es ganz einfach vom Bett aus bedienen. Die fl\u00fcsterleise Matratzenk\u00fchleinheit neben deinem Bett l\u00e4sst gek\u00fchltes Wasser in der Matratzenauflage zirkulieren und ist damit die effektivste L\u00f6sung f\u00fcr wassergek\u00fchlte Matratzen. Also kein Strom oder Strahlung unter der Bettdecke, nur die K\u00fchlkraft des Wassers.<\/p>\n\t\t\t<a href=\"\"  target=\"_self\">\n\t\t\t\t\t\t\t30 N\u00e4chte lang risikofrei testen\n\t\t\t\t\t<\/a>\n\t\t\t<a href=\"\"  target=\"_self\">\n\t\t\t\t\t\t\t3 Jahre Garantie\n\t\t\t\t\t<\/a>\n\t\t\t<a href=\"\"  target=\"_self\">\n\t\t\t\t\t\t\tNiederl\u00e4ndisches Unternehmen\n\t\t\t\t\t<\/a>\n\t\t\t<a href=\"\"  target=\"_self\">\n\t\t\t\t\t\t\tSchnelle Lieferung\n\t\t\t\t\t<\/a>\n<figure itemscope itemtype=\"https:\/\/schema.org\/ImageObject\">\n\t\t\t\t<img decoding=\"async\" src=\"https:\/\/kozeliving.com\/wp-content\/uploads\/2024\/05\/KOZ-E_01-23-1200x1200-1.png\" alt=\"Hilfe bei Nachtschwei\u00df und Hitzewallungen in den Wechseljahren.\" height=\"2712\" width=\"3014\" title=\"KOZ-E_01-23-1200x1200\" onerror=\"this.style.display='none'\" loading=\"lazy\" \/>\n\t<\/figure>\n\t\t<h5><a href=\"https:\/\/kozeliving.com\/de\/produkt\/bett-kuehler\/\" target=\"_self\">Bist du bereit f\u00fcr CoolSleep-N\u00e4chte?<\/a><\/h5><p>Probiere es aus und sieh, wie es deinen Tiefschlaf beeinflusst:<\/p>\n<ul>\n<li>30 N\u00e4chte lang risikofrei testen<\/li>\n<li>3 Jahre Garantie<\/li>\n<li>Niederl\u00e4ndisches Unternehmen<\/li>\n<li>Schnelle Lieferung<\/li>\n<\/ul>\n\t\t\t<a href=\"https:\/\/kozeliving.com\/de\/produkt\/bett-kuehler\/\"  target=\"_self\">\n\t\t\t\t\t\t\tjetzt bestellen\n\t\t\t\t\t<\/a>\n<h2>CoolSleep Bett k\u00fchler<\/h2>\n\t<p>Die aktive Matratzenauflage k\u00fchlend mit pr\u00e4ziser Temperaturregulierung zwischen 12 \u00b0C und 48 \u00b0C f\u00fcr jede Nacht.<\/p>\n\t<a \n\t\thref=\"https:\/\/kozeliving.com\/de\/produkt\/bett-kuehler\/\" \n\t\ttarget=\"_self\" \n\t\t\t\tclass=\"button woopack-product-button woopack-product-button-custom\">\n\t\tmehr \u00fcber CoolSleep\t<\/a>\n  <!-- product-content -->\n\t\t\t <!-- summary -->\n\t\t <!-- woopack-single-product -->\n\t\t<figure itemscope itemtype=\"https:\/\/schema.org\/ImageObject\">\n\t\t\t\t<img decoding=\"async\" src=\"https:\/\/kozeliving.com\/wp-content\/uploads\/2026\/04\/Cool-bed.jpg\" alt=\"Cool bed\" height=\"1696\" width=\"2528\" title=\"Cool bed\" onerror=\"this.style.display='none'\" loading=\"lazy\" \/>\n\t<\/figure>\n<h5>\n\t\t\tKompakt und m\u00fchelos, passt in jedes Bett\t<\/h5>\n<h3>\n\t\t\tEin weiches K\u00fchlkissen, das die ganze Nacht \u00fcber bequem bleibt\t<\/h3>\n\tWir haben genau das Richtige f\u00fcr Sie. Egal, ob Sie eine Einzelmatratze, ein franz\u00f6sisches Bett of een Kingsize-Bett haben &#8211; unsere k\u00fchlenden Matratzenauflagen passen perfekt.<br \/>\nMit einer Standardbreite von 90 cm (35 Zoll) ist das kOZ-E cooLsleep\u2122 so konzipiert, dass es auf jede Matratzengr\u00f6\u00dfe passt. Genie\u00dfen Sie k\u00fchlen und komfortablen Schlaf, unabh\u00e4ngig von Ihrer Bettgr\u00f6\u00dfe.\n\t\t\n\t\t<p>M\u00f6chtest du mehr \u00fcber die Vorteile von KOZ-E CoolSleep erfahren?<\/p>\n\t\t\t<a href=\"https:\/\/kozeliving.com\/de\/coolsleep-bett-kuehler\/\"  target=\"_self\">\n\t\t\t\t\t\t\tCoolSleep Vorteile\n\t\t\t\t\t<\/a>\n\t\t\t\t\t\t\t\t\t\t<button type=\"button\" id=\"fl-accordion--icon-0\" aria-expanded=\"true\" aria-controls=\"fl-accordion--panel-0\"><i>Collapse<\/i><\/button>\n\t\t\t\t\t<h4 id=\"fl-accordion--label-0\">KOZ-E<\/h4>\n\t\t\t\t\t<ul>\n<li>Einfachheit der Nutzung<\/li>\n<li>Verl\u00e4sslichkeit<\/li>\n<li>Komfort<\/li>\n<\/ul>\n\t\t\t\t\t\t\t\t\t\t<button type=\"button\" id=\"fl-accordion--icon-1\" aria-expanded=\"false\" aria-controls=\"fl-accordion--panel-1\"><i>Expand<\/i><\/button>\n\t\t\t\t\t<h4 id=\"fl-accordion--label-1\">Hauptmerkmale<\/h4>\n\t\t\t\t\t<ul>\n<li>Effiziente W\u00e4rmeableitung: Unser Hochleistungs-Wasserk\u00fchlsystem leitet \u00fcbersch\u00fcssige W\u00e4rme direkt von Ihrem K\u00f6rper ab.<\/li>\n<li>Fl\u00fcsterleiser Betrieb: Ger\u00e4uscharm konzipiert f\u00fcr einen ungest\u00f6rten und tiefen Schlaf.<\/li>\n<li>Weich gepolsterte Auflage f\u00fcr ein angenehmes Liegegef\u00fchl.<\/li>\n<li>Vormontierte Spanngurte, die auf jede Matratzengr\u00f6\u00dfe passen.<\/li>\n<li>Gro\u00dfer Wassertank mit automatischer Warnanzeige bei Wassermangel.<\/li>\n<li>Langlebiges Design: Hochwertige Verarbeitung f\u00fcr jahrelange Zuverl\u00e4ssigkeit.<\/li>\n<li>Ganzj\u00e4hrig nutzbar: Verwenden Sie das System auch im Winter &#8211; es w\u00e4rmt Sie in kalten N\u00e4chten zuverl\u00e4ssig bis zu 48\u00b0C.<\/li>\n<\/ul>\n\t\t\t\t\t\t\t\t\t\t<button type=\"button\" id=\"fl-accordion--icon-2\" aria-expanded=\"false\" aria-controls=\"fl-accordion--panel-2\"><i>Expand<\/i><\/button>\n\t\t\t\t\t<h4 id=\"fl-accordion--label-2\">CoolSleep von KOZ-E<\/h4>\n\t\t\t\t\t<h4>Der Matratzen k\u00fchler, der dich in warmen N\u00e4chten angenehm k\u00fchl h\u00e4lt<\/h4>\n<p>Da bekommt man richtig Lust, ins Bett zu gehen.<\/p>\n<ul>\n<li>Leistungsstark und fl\u00fcsterleise<\/li>\n<li>Komfortabel und einfach<\/li>\n<li>Passt auf jedes Bett<\/li>\n<\/ul>\n<h4>Produktvorteile:<\/h4>\n<ul>\n<li>Effiziente W\u00e4rmeableitung: Unser Hochleistungs-Wasserk\u00fchlsystem leitet \u00fcbersch\u00fcssige W\u00e4rme direkt von Ihrem K\u00f6rper ab.<\/li>\n<li>Fl\u00fcsterleiser Betrieb f\u00fcr ungest\u00f6rten Schlaf<\/li>\n<li>Weich gepolsterte Auflage f\u00fcr ein angenehmes Liegegef\u00fchl.<\/li>\n<li>Vormontierte Spanngurte, die auf jede Matratzengr\u00f6\u00dfe passen.<\/li>\n<li>Gro\u00dfer Wassertank mit automatischer Warnanzeige bei Wassermangel.<\/li>\n<li>Langlebiges Design: Hochwertige Verarbeitung f\u00fcr jahrelange Zuverl\u00e4ssigkeit.<\/li>\n<li>Use it in winter:it also warms on cold nights<\/li>\n\n<\/ul>\n\t\t\t\t\t\t\t\t\t\t<button type=\"button\" id=\"fl-accordion--icon-3\" aria-expanded=\"false\" aria-controls=\"fl-accordion--panel-3\"><i>Expand<\/i><\/button>\n\t\t\t\t\t<h4 id=\"fl-accordion--label-3\">Vorteile f\u00fcr dich<\/h4>\n\t\t\t\t\t<ul>\n<li>Schneller einschlafen, selbst an hei\u00dfen Sommertagen.<\/li>\n<li>Tiefer und ungest\u00f6rter Schlaf &#8211; das ganze Jahr \u00fcber.<\/li>\n<li>Individueller Komfort: Stellen Sie Ihre Wunschtemperatur pr\u00e4zise ab 12 Grad ein.<\/li>\n<\/ul>\n\t\t<h5><a href=\"https:\/\/nl.trustpilot.com\/review\/kozeliving.com\" target=\"_self\">Echte Erfahrungen:<\/a><\/h5><p>Das sagt unsere Community nach mehr als 6 Monaten mit kOZ-E CoolSleep\u2122<\/p>\n\t\t\t<a href=\"https:\/\/nl.trustpilot.com\/review\/kozeliving.com\"  target=\"_self\">\n\t\t\t\t\t\t\tMehr Bewertungen lesen\n\t\t\t\t\t<\/a>\n\t\t\t\tTop-Produkt \nDiese Matratze hat mir im Winter mit ihrer W\u00e4rme und im Sommer mit ihrer K\u00fchle sehr geholfen. Dadurch schlafe ich jetzt viel besser.\nIch m\u00f6chte sie nicht mehr missen.\ud83d\ude0a\ud83d\udc4d\n\t\t\t\t<h4>Anneke<\/h4>\n\t\t\t\t&#8222;Bessere N\u00e4chte mit dem Matratzenk\u00fchler\nLetztes Jahr habe ich mir den Matratzenk\u00fchler gekauft. Ich bin jemand, dem nachts schnell (wirklich sehr schnell) hei\u00df wird, und im Sommer wird es bei mir zu Hause unglaublich hei\u00df. Der Matratzenk\u00fchler ist ein echter Gl\u00fccksfall. Sogar mein Whoop zeigt, dass ich besser schlafe und mich besser erhole, wenn ich mit dem Matratzenk\u00fchler schlafe. Einfach zu bedienen und relativ leise. Sehr zu empfehlen!&#8220;\n\t\t\t\t<h4>Nikita<\/h4>\n\t\t\t\t<p>&#8222;Ich habe die KOZ-E Sleep-Matratzenauflage nun seit 9 Monaten und bin wirklich sehr zufrieden damit. Was f\u00fcr eine Verbesserung! Ich schwitze nachts nicht mehr; die Temperatur ist genau richtig. Ich kann sie jedem empfehlen.&#8220;<\/p>\n\t\t\t\t<h4>Mark<\/h4>\n<h2>\n\t\t\tWas sagt ein Schlafexperte?\t<\/h2>\n\t\t\t\t&#8222;Als Schlafforscher wei\u00df ich, dass zu warm oder zu kalt eines der Hauptprobleme f\u00fcr einen guten Schlaf ist. Vor allem die Einschlaflatenz wird negativ beeinflusst; es dauert l\u00e4nger, bis man einschl\u00e4ft, wenn es im Bett zu warm oder zu kalt ist.\nDeshalb habe ich im Jahr 2023 KOZ-E Sleep getestet. Ich stellte fest, dass das Produkt ausgezeichnet funktioniert; sowohl das K\u00fchlen als auch das W\u00e4rmen waren sehr angenehm. KOZ-E Sleep kann dazu beitragen, dass man in warmen Sommer- und kalten Wintern\u00e4chten leichter einschl\u00e4ft und besser durchschl\u00e4ft.&#8220;\nThat&#8217;s why in 2023 I&#8217;ve tested the KOZ-E sleep. We see that the product performs well from a functional point of view; both cooling and warming works well and is comfortable. It can help you fall asleep more easy and better during a heatwave or a cold winter.&#8220;\n\t\t\t\t<h4>Geert<\/h4>\n<figure itemscope itemtype=\"https:\/\/schema.org\/ImageObject\">\n\t\t\t\t<img decoding=\"async\" src=\"https:\/\/kozeliving.com\/wp-content\/uploads\/2024\/05\/GEERT-DOORLAG.jpeg\" alt=\"GEERT DOORLAG\" height=\"896\" width=\"1600\" title=\"GEERT DOORLAG\" onerror=\"this.style.display='none'\" loading=\"lazy\" \/>\n\t<\/figure>\n\t<h6>GEERT DOORSLAG<\/h6>\n<p>Schlafforscher Koninglijke, Auping<\/p>\n\t<p>Geert Doorlag ist Forscher bei Royal Auping und besch\u00e4ftigt sich mit zwei strategischen Themen: Schlaf und Nachhaltigkeit. Ausgebildet an der Technischen Universit\u00e4t Delft als Industriedesigner (MSc 2008), arbeitet er seit 2009 bei Auping, zun\u00e4chst als Produktentwickler, dann als Test- und Validierungsingenieur und in den letzten Jahren als Forscher.<\/p>\n<h2>\n\t\t\tEndlich: Du schl\u00e4fst in den warmen Sommern\u00e4chten frisch, ohne dich um deine Energierechnung zu k\u00fcmmern.\t<\/h2>\n<h3>\n\t\t\tDu freust dich darauf, ins Bett zu gehen\t<\/h3>\n\tUnser Ziel bei KOZ-E ist es, technologische Innovationen gezielt f\u00fcr dein Wohlbefinden einzusetzen. Wir sind davon \u00fcberzeugt, dass k\u00fchler Schlaf eines der wichtigsten Felder der modernen Schlafforschung ist. Dabei geht es um mehr als nur Komfort: Es geht um die effektive Regeneration deines K\u00f6rpers und den Schutz deines Gehirns durch optimale thermische Entlastung.<br \/>\nSt\u00e4rke deine Widerstandskraft:<br \/>\nEin gut reguliertes Schlafklima unterst\u00fctzt dein Immunsystem. Im Gegensatz zu Klimaanlagen, die durch trockene Zugluft oft Erk\u00e4ltungen beg\u00fcnstigen, hilft die sanfte Wasserk\u00fchlung deinem K\u00f6rper, sich an k\u00fchlere Temperaturen zu gew\u00f6hnen. Du schl\u00e4fst nicht nur tiefer, sondern wirst auch widerstandsf\u00e4higer gegen\u00fcber \u00e4u\u00dferen Einfl\u00fcssen.<br \/>\nWir glauben fest daran, das Richtige zu tun: Wir entwickeln L\u00f6sungen, die wissenschaftlich fundiert, nachhaltig und f\u00fcr jeden bezahlbar sind. Denn jeder Mensch verdient eine Nachtruhe, die K\u00f6rper und Geist wirklich st\u00e4rkt.\n\t\t<h4><a href=\"https:\/\/kozeliving.com\/de\/produkt\/bett-kuehler\/\" target=\"_self\">Bist du bereit f\u00fcr CoolSleep?<\/a><\/h4><p>\u00dcberzeuge dich selbst und erlebe, wie eine regulierte Schlaftemperatur deine Tiefschlafphasen und dein t\u00e4gliches Wohlbefinden positiv beeinflussen kann. 30 N\u00e4chte Probeschlafen in deinem eigenen Bett.<\/p>\n\t\t\t<a href=\"https:\/\/kozeliving.com\/de\/produkt\/bett-kuehler\/\"  target=\"_self\">\n\t\t\t\t\t\t\tCoolSleep risikofrei testen\n\t\t\t\t\t<\/a>\n<h2>\n\t\t\tCoolSleep Matratzenk\u00fchler FAQ\t<\/h2>\n\t\t\t\t<h2>Was ist eine gute Alternative zu Klimaanlagen im Schlafzimmer?<\/h2>\n\t\t\t\t\t<p>Eine Klimaanlage k\u00fchlt zwar die Luft, aber sie verbraucht viel Strom und kann laut sein. Eine wassergek\u00fchlte Matratzenauflage wie CoolSleep ist die intelligenteste Alternative. Anstatt den gesamten Raum zu k\u00fchlen, leitet sie die W\u00e4rme mit Hilfe von Wasser direkt von deinem K\u00f6rper weg. Sie ist 7x energieeffizienter, fl\u00fcsterleise und l\u00e4sst weder Staub noch trockene Luft zirkulieren.   <\/p>\n\t\t\t\t<h2>Wie kann ich mein Schlafzimmer schnell abk\u00fchlen?<\/h2>\n\t\t\t\t\t<p>Die Abk\u00fchlung der Luft in einem Raum dauert lange und die W\u00e4nde strahlen oft weiter W\u00e4rme ab. Der schnellste Weg, <i data-path-to-node=\"6\" data-index-in-node=\"111\">dich<\/i> abzuk\u00fchlen, ist der direkte Kontakt. Der CoolSleep-Topper senkt deine K\u00f6rpertemperatur innerhalb von Minuten, indem er kaltes Wasser (bis zu 12\u00b0C) direkt unter dir zirkulieren l\u00e4sst. Das ist viel effektiver und schneller als ein normaler Ventilator.   <\/p>\n\t\t\t\t<h2>Was ist besser? Luftk\u00fchlung oder Wasserk\u00fchlung?<\/h2>\n\t\t\t\t\tWasser ist ein viel st\u00e4rkeres W\u00e4rmemedium als Luft. Es kann W\u00e4rme bis zu 25 Mal effektiver leiten. \n<ul data-path-to-node=\"9\">\n<li>\nLuftk\u00fchlung: Trocknet die Luft, bl\u00e4st Staub auf und k\u00fchlt indirekt.\n<\/li>\n<li>\nWasserk\u00fchlung (CoolSleep): K\u00fchlt deinen K\u00f6rper direkt, erh\u00e4lt die nat\u00fcrliche Luftfeuchtigkeit und ist deutlich energieeffizienter.\n<\/li>\n<\/ul>\n\t\t\t\t<h2>Was soll ich tun, wenn ich mich krank f\u00fchle oder von der Klimaanlage Halsschmerzen bekomme?<\/h2>\n\t\t\t\t\tDie meisten &#8222;Klimakrankheiten&#8220; (trockener Hals, verstopfte Nase oder steifer Nacken) werden dadurch verursacht, dass die Klimaanlage der Luft die gesamte Feuchtigkeit entzieht. Das trocknet deine Schleimh\u00e4ute aus und macht dich anf\u00e4llig f\u00fcr Bakterien. \nDie sofortige L\u00f6sung: Schalte die Klimaanlage aus, trinke viel Wasser und lass die nat\u00fcrliche Luftfeuchtigkeit im Raum wiederherstellen. Die langfristige L\u00f6sung: Wechsle zu KOZ-E CoolSleep. Da deine Matratze mit einem geschlossenen Wassersystem gek\u00fchlt wird, anstatt trockene, recycelte Luft in den Raum zu blasen, bleibt deine Luftqualit\u00e4t nat\u00fcrlich und gesund. Keine Zugluft, keine trockene Kehle &#8211; nur tiefer, erholsamer Schlaf.   \n\n","protected":false},"excerpt":{"rendered":"<p>CoolSleep K\u00fchlende Matratzenauflage: Die leistungsstarke 12\u00b0C K\u00fchlung Alternative zur Klimaanlage entdecke CoolSleep\u00ae CoolSleep Hohe K\u00fchlleistung bis zu 12Grad CoolSleep Fl\u00fcsterleise Leistung und flexible Platzierung CoolSleep Bequemer und einfacher Aufbau, passt auf jedes Bett. Play Video Suchst du nach einer Alternative f\u00fcr die Klimaanlage? Versuche, deinen K\u00f6rper zu k\u00fchlen, anstatt den ganzen Raum Suchst du nach&hellip;<\/p>\n","protected":false},"author":2,"featured_media":14160,"parent":0,"menu_order":0,"comment_status":"closed","ping_status":"closed","template":"","meta":{"_acf_changed":false,"inline_featured_image":false,"footnotes":""},"class_list":["post-13444","page","type-page","status-publish","has-post-thumbnail","hentry"],"acf":[],"_links":{"self":[{"href":"https:\/\/kozeliving.com\/de\/wp-json\/wp\/v2\/pages\/13444","targetHints":{"allow":["GET"]}}],"collection":[{"href":"https:\/\/kozeliving.com\/de\/wp-json\/wp\/v2\/pages"}],"about":[{"href":"https:\/\/kozeliving.com\/de\/wp-json\/wp\/v2\/types\/page"}],"author":[{"embeddable":true,"href":"https:\/\/kozeliving.com\/de\/wp-json\/wp\/v2\/users\/2"}],"replies":[{"embeddable":true,"href":"https:\/\/kozeliving.com\/de\/wp-json\/wp\/v2\/comments?post=13444"}],"version-history":[{"count":13,"href":"https:\/\/kozeliving.com\/de\/wp-json\/wp\/v2\/pages\/13444\/revisions"}],"predecessor-version":[{"id":14269,"href":"https:\/\/kozeliving.com\/de\/wp-json\/wp\/v2\/pages\/13444\/revisions\/14269"}],"wp:featuredmedia":[{"embeddable":true,"href":"https:\/\/kozeliving.com\/de\/wp-json\/wp\/v2\/media\/14160"}],"wp:attachment":[{"href":"https:\/\/kozeliving.com\/de\/wp-json\/wp\/v2\/media?parent=13444"}],"curies":[{"name":"wp","href":"https:\/\/api.w.org\/{rel}","templated":true}]}}