{"id":13438,"date":"2026-03-18T11:36:56","date_gmt":"2026-03-18T10:36:56","guid":{"rendered":"https:\/\/staging.kozeliving.com\/coolsleep\/"},"modified":"2026-04-09T12:16:19","modified_gmt":"2026-04-09T10:16:19","slug":"coolsleep-matratzenkuehlung","status":"publish","type":"page","link":"https:\/\/kozeliving.com\/de\/coolsleep-matratzenkuehlung\/","title":{"rendered":"\u00fcber CoolSleep"},"content":{"rendered":"\r\n<p><img decoding=\"async\" src=\"https:\/\/kozeliving.com\/wp-content\/uploads\/2026\/03\/icoon-houd-je-lichaam-koel-grey.png\" alt=\"icoon - houd je lichaam koel - grey\" width=\"568\" height=\"568\" title=\"\"><\/p>\r\n<h4>CoolSleep<\/h4>\r\n<p>Hohe K\u00fchlleistung und fl\u00fcsterleise Technik<\/p>\r\n<p><img decoding=\"async\" src=\"https:\/\/kozeliving.com\/wp-content\/uploads\/2026\/02\/icoon-past-op-elk-matras-grey.png\" alt=\"icoon - past op elk matras - grey\" width=\"568\" height=\"568\" title=\"\"><\/p>\r\n<h4>CoolSleep<\/h4>\r\n<p>Keine sp\u00fcrbaren Schl\u00e4uche und hochwertiges atmungsaktives Textil f\u00fcr Komfort<\/p>\r\n<p><img decoding=\"async\" src=\"https:\/\/kozeliving.com\/wp-content\/uploads\/2026\/02\/icoon-comfort-grey.png\" alt=\"icoon comfort grey\" width=\"285\" height=\"284\" title=\"\"><\/p>\r\n<h4>CoolSleep<\/h4>\r\n<p>nat\u00fcrliche Wasserthermoressource<\/p>\r\n<h2>CoolSleep: Der Favorit f\u00fcr hei\u00dfe Schl\u00e4fer<\/h2>\r\n<p><a target=\"_self\"> 12\u00b0C K\u00fchlung <\/a> <a target=\"_self\"> fl\u00fcsterleise <\/a> <a target=\"_self\"> passt in jedes Bett <\/a> <a target=\"_self\"> nat\u00fcrliche Wasserthermoressource <\/a> <a target=\"_self\"> Ungefilzte Wasserschl\u00e4uche <\/a><\/p>\r\n<h2>CoolSleep: Der Favorit f\u00fcr kuschelige Schl\u00e4fer<\/h2>\r\n<p><a target=\"_self\"> 48\u00b0C Heizung <\/a> <a target=\"_self\"> maschinenwaschbar <\/a> <a target=\"_self\"> kein Strom im Bett <\/a> <a target=\"_self\"> nat\u00fcrliche Wasserthermoressource <\/a><\/p>\r\n<h2>CoolSleep: Angetrieben von Halbleitertechnologie<\/h2>\r\n<h3>Hightech-W\u00e4rmetechnik-Wasserbasissystem<\/h3>\r\n<h4>Hocheffiziente und zuverl\u00e4ssige K\u00fchlung und Heizung. 100% sicher f\u00fcr pers\u00f6nlichen Komfort<\/h4>\r\n<p><iframe allowfullscreen=\"allowfullscreen\" data-src=\"https:\/\/www.youtube-nocookie.com\/embed\/2lvIbgiSfBE?feature=oembed&amp;autoplay=1&amp;playlist=2lvIbgiSfBE&amp;start&amp;end&amp;wmode=opaque&amp;loop=1&amp;controls=0&amp;mute=1&amp;rel=0&amp;modestbranding=1\"><\/iframe> Play Video <a href=\"https:\/\/kozeliving.com\/de\/produkt\/warmsleep-bettwarmer\/\" target=\"_blank\" rel=\"noopener\"> 30 N\u00e4chte lang risikofrei testen <\/a> <a href=\"https:\/\/kozeliving.com\/de\/produkt\/warmsleep-bettwarmer\/\" target=\"_blank\" rel=\"noopener\"> 3 Jahre Garantie <\/a> <a href=\"https:\/\/kozeliving.com\/de\/produkt\/warmsleep-bettwarmer\/\" target=\"_blank\" rel=\"noopener\"> Niederl\u00e4ndisches Unternehmen <\/a> <a href=\"https:\/\/kozeliving.com\/de\/produkt\/warmsleep-bettwarmer\/\" target=\"_blank\" rel=\"noopener\"> Schnelle Lieferung <\/a><\/p>\r\n<h2>Beidseitige Leistung f\u00fcr die Lieblingswahl jedes Nutzers<\/h2>\r\n<h4>F\u00fcr hei\u00dfe Schl\u00e4fer: Atmungsaktive, weiche, k\u00fchle Netzseite<\/h4>\r\n<h4>F\u00fcr gem\u00fctliche Schl\u00e4fer: Atmungsaktive weiche 100% Baumwolle<\/h4>\r\n<h2>Kleine Funktion, starke Leistung<\/h2>\r\n<h4>Handlich und tragbar, passt \u00fcberall hin<\/h4>\r\n<h4>Leistungsstarker K\u00fchlmotor<\/h4>\r\n<h4>Gro\u00dfer Wassertank mit Wassermangelwarnung<\/h4>\r\n<h4>Schlafmodus: Auto LCD Light-Off, keine Ablenkung durch Licht<\/h4>\r\n<h4>Pr\u00e4zision in jedem Grad der Wahl.<\/h4>\r\n<h5><a href=\"https:\/\/kozeliving.com\/de\/wissenschaftliche-beweise\/\" target=\"_self\">CoolSleep: die Matratzenk\u00fchlung, die deine Schlafqualit\u00e4t verbessert<\/a><\/h5>\r\n<p>CoolSleep hilft dir, schneller, tiefer und ohne Unterbrechung einzuschlafen<\/p>\r\n<p><a href=\"https:\/\/kozeliving.com\/de\/wissenschaftliche-beweise\/\" target=\"_self\"> Mehr Wissenschaft lernen <\/a><\/p>\r\n<h2>Die k\u00fchlende Kraft des Wassers<\/h2>\r\n<p>Mit Koz-e CoolSleep hast du die volle Kontrolle \u00fcber dein Bettklima und kannst es ganz einfach vom Bett aus bedienen. Die fl\u00fcsterleise Matratzenk\u00fchleinheit neben deinem Bett l\u00e4sst gek\u00fchltes Wasser in der Matratzenauflage zirkulieren und ist damit die effektivste L\u00f6sung f\u00fcr wassergek\u00fchlte Matratzen. Also kein Strom oder Strahlung unter der Bettdecke, nur die K\u00fchlkraft des Wassers.<\/p>\r\n<h2>Kompakt und m\u00fchelos<\/h2>\r\n<h4>Passt in jedes Bett<\/h4>\r\n<h4>F\u00fcr eine oder zwei Personen, du hast die Wahl<\/h4>\r\n<h4>Einfach zu installierende K\u00fchlvorrichtung und flexible Platzierung, leicht zu verstecken oder leicht zu erreichen<\/h4>\r\n<h4>2,1 Meter Schlauch f\u00fcr eine v\u00f6llig freie Platzierung, platziere ihn \u00fcberall, am Fu\u00df, hinter oder neben dem Boxspringbett<\/h4>\r\n<p>Von Schlafexperten anerkannt und mit einer 3-Jahres-Garantie versehen.<\/p>\r\n<p><a target=\"_self\"> Mehr Wissenschaft lernen <\/a><\/p>\r\n<h2>Flexibel gemacht f\u00fcr jede Matratzengr\u00f6\u00dfe<\/h2>\r\n<h4>Weiches K\u00fchlkissen, einfach und flexibel zu platzieren<\/h4>\r\n<h4>Das flexible 90-cm-K\u00fchlkissen passt perfekt auf 80-cm-Betten und kann auch in der Mitte eines 140-cm-Bettes platziert werden, um eine komplette pers\u00f6nliche K\u00fchlzone zu schaffen.<\/h4>\r\n<figure><img decoding=\"async\" title=\"coolSleep (6)\" src=\"https:\/\/kozeliving.com\/wp-content\/uploads\/2026\/03\/coolSleep-6.jpg\" alt=\"CoolSleep matras koeler\" width=\"2528\" height=\"1694\" \/><\/figure>\r\n<h2>CoolSleep Vorteile f\u00fcr dich<\/h2>\r\n<h6>Ein weiches, k\u00fchlendes Kissen, das die ganze Nacht \u00fcber bequem bleibt, das ganze Jahr \u00fcber.<\/h6>\r\n<ul>\r\n<li>An warmen Tagen schneller schlafen<\/li>\r\n<li>Tiefer und ununterbrochener Schlaf das ganze Jahr \u00fcber<\/li>\r\n<li>Erstelle deine bevorzugte Betttemperatur von 12 Grad aufw\u00e4rts<\/li>\r\n<\/ul>\r\n<p>M\u00f6chtest du mehr \u00fcber die Vorteile von KOZ-E CoolSleep erfahren?<\/p>\r\n<p><a href=\"https:\/\/kozeliving.com\/de\/\" target=\"_self\"> CoolSleep Vorteile <\/a> <button id=\"fl-accordion--icon-0\" type=\"button\" aria-expanded=\"true\" aria-controls=\"fl-accordion--panel-0\"><i>Collapse<\/i><\/button><\/p>\r\n<h4 id=\"fl-accordion--label-0\">Hauptmerkmale<\/h4>\r\n<ul>\r\n<li>Unser Hochleistungs-Wasserk\u00fchlsystem leitet \u00fcbersch\u00fcssige K\u00f6rperw\u00e4rme ab.<\/li>\r\n<li>Ultraleise f\u00fcr eine ungest\u00f6rte Nachtruhe.<\/li>\r\n<li>Bequemes weiches Polster<\/li>\r\n<li>Vormontierte lange Gurte, die auf jede Matratze passen<\/li>\r\n<li>Gro\u00dfer Wassertank mit Wassermangelwarnung<\/li>\r\n<li>Langlebiges Design<\/li>\r\n<li>Kann auch im Winter verwendet werden: Er heizt auch in kalten N\u00e4chten<\/li>\r\n<\/ul>\r\n<p><button id=\"fl-accordion--icon-1\" type=\"button\" aria-expanded=\"false\" aria-controls=\"fl-accordion--panel-1\"><i>Expand<\/i><\/button><\/p>\r\n<h4 id=\"fl-accordion--label-1\">KOZ-E<\/h4>\r\n<ul>\r\n<li>Einfachheit der Nutzung<\/li>\r\n<li>Verl\u00e4sslichkeit<\/li>\r\n<li>Komfort<\/li>\r\n<\/ul>\r\n<p><button id=\"fl-accordion--icon-2\" type=\"button\" aria-expanded=\"false\" aria-controls=\"fl-accordion--panel-2\"><i>Expand<\/i><\/button><\/p>\r\n<h4 id=\"fl-accordion--label-2\">CoolSleep von KOZ-E<\/h4>\r\n<p>Da bekommt man Lust, ins Bett zu gehen.<\/p>\r\n<ul>\r\n<li>Kraftvoll und doch leise<\/li>\r\n<li>Bequem und einfach<\/li>\r\n<li>Passt in jedes Bett<\/li>\r\n<\/ul>\r\n<p><button id=\"fl-accordion--icon-3\" type=\"button\" aria-expanded=\"false\" aria-controls=\"fl-accordion--panel-3\"><i>Expand<\/i><\/button><\/p>\r\n<h4 id=\"fl-accordion--label-3\">Vorteile f\u00fcr dich<\/h4>\r\n<ul>\r\n<li>Schnelleres Einschlafen an Tagen, an denen es hei\u00df ist<\/li>\r\n<li>Tiefer und ununterbrochener Schlaf das ganze Jahr \u00fcber<\/li>\r\n<li>Stelle deine gew\u00fcnschte Betttemperatur von 12 Grad ein<\/li>\r\n<\/ul>\r\n<h4>Unser Matratzenk\u00fchler wird von Spitzensportlern, Schlafexperten und der Schlafforschung empfohlen, um dir zu helfen, jede Nacht einen tieferen und besseren Schlaf zu erreichen, das ganze Jahr hindurch<\/h4>\r\n<figure><img decoding=\"async\" title=\"KOZ-E Cool Mesh Fabric for Sleep\" src=\"https:\/\/kozeliving.com\/wp-content\/uploads\/2023\/11\/KOZ-E-Cool-Mesh-Fabric-for-Sleep.jpg\" alt=\"KOZ-E Cool Mesh Fabric for Sleep\" width=\"2560\" height=\"1707\" \/><\/figure>\r\n<p><img decoding=\"async\" title=\"_DSC9344\" src=\"https:\/\/kozeliving.com\/wp-content\/uploads\/2026\/03\/DSC9344-scaled.jpg\" alt=\"CoolSleep\" \/> Play Video<\/p>\r\n<h5>Bist du neugierig, wie kalt dein Bett mit CoolSleep tats\u00e4chlich werden kann?<\/h5>\r\n<p>Sieh dir den Videotest an.<\/p>\r\n<figure><img decoding=\"async\" title=\"KOZ-E_01-23-1200x1200\" src=\"https:\/\/kozeliving.com\/wp-content\/uploads\/2024\/05\/KOZ-E_01-23-1200x1200-1.png\" alt=\"Hilfe bei Nachtschwei\u00df und Hitzewallungen in den Wechseljahren.\" width=\"3014\" height=\"2712\" \/><\/figure>\r\n<h5><a href=\"https:\/\/kozeliving.com\/de\/produkt\/bett-kuehler\/\" target=\"_self\">Bist du bereit f\u00fcr CoolSleep-N\u00e4chte?<\/a><\/h5>\r\n<p>Probiere es aus und sieh, wie es deinen Tiefschlaf beeinflusst:<\/p>\r\n<ul>\r\n<li>30 N\u00e4chte lang risikofrei testen<\/li>\r\n<li>3 Jahre Garantie<\/li>\r\n<li>Niederl\u00e4ndisches Unternehmen<\/li>\r\n<li>Schnelle Lieferung<\/li>\r\n<\/ul>\r\n<p><a href=\"https:\/\/kozeliving.com\/de\/produkt\/bett-kuehler\/\" target=\"_self\"> jetzt bestellen <\/a><\/p>\r\n<h2>CoolSleep Bett k\u00fchler<\/h2>\r\n<p>Die aktive Matratzenauflage k\u00fchlend mit pr\u00e4ziser Temperaturregulierung zwischen 12 \u00b0C und 48 \u00b0C f\u00fcr jede Nacht.<\/p>\r\n<p><a class=\"button woopack-product-button woopack-product-button-custom\" target=\"_self\"> mehr \u00fcber CoolSleep <\/a><\/p>\r\n<!-- product-content --><!-- summary --><!-- woopack-single-product -->","protected":false},"excerpt":{"rendered":"<p>CoolSleep Hohe K\u00fchlleistung und fl\u00fcsterleise Technik CoolSleep Keine sp\u00fcrbaren Schl\u00e4uche und hochwertiges atmungsaktives Textil f\u00fcr Komfort CoolSleep nat\u00fcrliche Wasserthermoressource CoolSleep: Der Favorit f\u00fcr hei\u00dfe Schl\u00e4fer 12\u00b0C K\u00fchlung fl\u00fcsterleise passt in jedes Bett nat\u00fcrliche Wasserthermoressource Ungefilzte Wasserschl\u00e4uche CoolSleep: Der Favorit f\u00fcr kuschelige Schl\u00e4fer 48\u00b0C Heizung maschinenwaschbar kein Strom im Bett nat\u00fcrliche Wasserthermoressource CoolSleep: Angetrieben von Halbleitertechnologie&hellip;<\/p>\n","protected":false},"author":2,"featured_media":13972,"parent":0,"menu_order":0,"comment_status":"closed","ping_status":"closed","template":"","meta":{"_acf_changed":false,"inline_featured_image":false,"footnotes":""},"class_list":["post-13438","page","type-page","status-publish","has-post-thumbnail","hentry"],"acf":[],"_links":{"self":[{"href":"https:\/\/kozeliving.com\/de\/wp-json\/wp\/v2\/pages\/13438","targetHints":{"allow":["GET"]}}],"collection":[{"href":"https:\/\/kozeliving.com\/de\/wp-json\/wp\/v2\/pages"}],"about":[{"href":"https:\/\/kozeliving.com\/de\/wp-json\/wp\/v2\/types\/page"}],"author":[{"embeddable":true,"href":"https:\/\/kozeliving.com\/de\/wp-json\/wp\/v2\/users\/2"}],"replies":[{"embeddable":true,"href":"https:\/\/kozeliving.com\/de\/wp-json\/wp\/v2\/comments?post=13438"}],"version-history":[{"count":4,"href":"https:\/\/kozeliving.com\/de\/wp-json\/wp\/v2\/pages\/13438\/revisions"}],"predecessor-version":[{"id":14271,"href":"https:\/\/kozeliving.com\/de\/wp-json\/wp\/v2\/pages\/13438\/revisions\/14271"}],"wp:featuredmedia":[{"embeddable":true,"href":"https:\/\/kozeliving.com\/de\/wp-json\/wp\/v2\/media\/13972"}],"wp:attachment":[{"href":"https:\/\/kozeliving.com\/de\/wp-json\/wp\/v2\/media?parent=13438"}],"curies":[{"name":"wp","href":"https:\/\/api.w.org\/{rel}","templated":true}]}}