{"id":13432,"date":"2026-03-18T11:36:56","date_gmt":"2026-03-18T10:36:56","guid":{"rendered":"https:\/\/staging.kozeliving.com\/nachts-nicht-mehr-schweissgebadet-aufwachen\/"},"modified":"2026-04-08T16:51:56","modified_gmt":"2026-04-08T14:51:56","slug":"kuehlender-topper-matratzen-gegen-schwitzen","status":"publish","type":"page","link":"https:\/\/kozeliving.com\/de\/kuehlender-topper-matratzen-gegen-schwitzen\/","title":{"rendered":"K\u00fchlender Topper (12\u201348 \u00b0C) Elektrische Temperaturregelung"},"content":{"rendered":"\n<h4>\n\t\t\tCoolSleep\t<\/h4>\n<h1>\n\t\t\tK\u00fchlender Topper mit <br \/>aktiver Technologie zur <br \/>Temperaturregelung <br \/>zwischen 12 \u00b0C und 48 \u00b0C.\t<\/h1>\n\tGenie\u00dfe frischen Schlaf in hei\u00dfen Sommern\u00e4chten und reguliere dein<br \/>\nSchlafklima ganz nach deinen Bed\u00fcrfnissen.\n\t\t\t<a href=\"https:\/\/kozeliving.com\/de\/produkt\/bett-kuehler\/\"  target=\"_self\">\n\t\t\t\t\t\t\tentdecken CoolSleep\n\t\t\t\t\t<\/a>\n\t\t\t\t\t\t\t<img decoding=\"async\" src=\"https:\/\/kozeliving.com\/wp-content\/uploads\/2026\/03\/icoon-houd-je-lichaam-koel-grey.png\" alt=\"icoon - houd je lichaam koel - grey\" width=\"568\" height=\"568\" title=\"\">\n\t\t\t\t\t\t<h4>CoolSleep<\/h4>\t\t\t\t\t\n\t\t\t\t\t<p>h\u00e4lt deinen K\u00f6rper k\u00fchl<\/p>\t\t\t\t\n\t\t\t\t\t\t\t<img decoding=\"async\" src=\"https:\/\/kozeliving.com\/wp-content\/uploads\/2026\/03\/icoon-voorkomt-nachtelijk-zweten-grey.png\" alt=\"icoon - voorkomt nachtelijk zweten - grey\" width=\"568\" height=\"567\" title=\"\">\n\t\t\t\t\t\t<h4>CoolSleep<\/h4>\t\t\t\t\t\n\t\t\t\t\t<p>matratze gegen schwitzen<\/p>\t\t\t\t\n\t\t\t\t\t\t\t<img decoding=\"async\" src=\"https:\/\/kozeliving.com\/wp-content\/uploads\/2026\/03\/icoon-slaap-beter-dieper-grey.png\" alt=\"icoon - slaap beter &amp; dieper - grey\" width=\"568\" height=\"568\" title=\"\">\n\t\t\t\t\t\t<h4>CoolSleep<\/h4>\t\t\t\t\t\n\t\t\t\t\t<p>Schneller einschlafen, tiefer durchschlafen.<\/p>\t\t\t\t\n\t<iframe allowfullscreen allow=\"autoplay\" data-src=\"https:\/\/www.youtube-nocookie.com\/embed\/BwgmGEnDAhw?feature=oembed&amp;autoplay=1&amp;playlist=BwgmGEnDAhw&amp;start&amp;end=15&amp;wmode=opaque&amp;loop=1&amp;controls=0&amp;mute=1&amp;rel=0&amp;modestbranding=1\"><\/iframe>\t\t\n\t\t\t\t\tPlay Video\n\t\t<h5><a href=\"https:\/\/kozeliving.com\/de\/produkt\/bett-kuehler\/\" target=\"_self\">Wird dir im Schlaf auch zu warm?<\/a><\/h5><p>Hol dir jetzt die aktive L\u00f6sung gegen n\u00e4chtliches Schwitzen und schlafe endlich wieder tief und erholt durch.<\/p>\n\t\t\t<a href=\"https:\/\/kozeliving.com\/de\/produkt\/bett-kuehler\/\"  target=\"_self\">\n\t\t\t\t\t\t\tJetzt CoolSleep entdecken\n\t\t\t\t\t<\/a>\n<h2>\n\t\t\tInnere Hitze beim Schlafen? Suchst du nach einer effektiven L\u00f6sung gegen Schwitzen?\t<\/h2>\n<h3>\n\t\t\tInnovatives K\u00fchlsystem: K\u00fchlender Topper gegen Schwitzen mit aktiver Technologie zur Temperaturregelung.\t<\/h3>\n\tJede Nacht wachen tausende \u201eHitzeschl\u00e4fer&#8220; durchn\u00e4sst auf. Du hast wahrscheinlich schon alles geprobeert: Fenster auf, Baumwolle of een Ventilator, der nur warme Luft umherbewegt. Die nuchtere Wahrheit: Um \u00dcberhitzung wirklich zu stoppen, musst du genau die Oberfl\u00e4che k\u00fchlen, an der dein K\u00f6rper auf die Matratze trifft.<br \/>\nWusstest du, dass die falsche Betttemperatur deinen Schlaf st\u00f6rt?<br \/>\nBereits geringe Abweichungen von deiner gewohnten Wohlf\u00fchltemperatur k\u00f6nnen dazu f\u00fchren, dass du dich nachts unruhig im Bett hin- und herw\u00e4lzt.<br \/>\nCoolSleep\u2122 ist eine k\u00fchlende Topper Matratzenauflage mit aktiver Temperaturregelung, die diese Schwankungen &#8211; oft die Hauptursache f\u00fcr schlechten Schlaf &#8211; pr\u00e4zise ausgleicht. So bleibt dein Schlafklima die ganze Nacht \u00fcber stabil, egal wie warm es im Zimmer ist.\n<h2>\n\t\t\tCoolSleep: Effektive K\u00fchlung bis 12 \u00b0C &#8211; der k\u00fchlender  Matratzenschoner f\u00fcr hei\u00dfe N\u00e4chte.\t<\/h2>\n<h3>\n\t\t\tSchlaf k\u00fchl und frisch, ohne zu kalt zu sein.\t<\/h3>\n\tEine k\u00fchlende Matratzenauflage oder een sogenannter Cooling-Topper ist eine einfache L\u00f6sung, um dein Bett auf die richtige Temperatur zu bringen. Diese Auflagen bestehen aus atmungsaktiven Materialien en leiten \u00fcbersch\u00fcssige W\u00e4rme vom K\u00f6rper ab &#8211; f\u00fcr ein angenehm trockenes Gef\u00fchl, selbst in hei\u00dfen Sommern\u00e4chten.<br \/>\nMit Koz-e CoolSleep musst du nicht l\u00e4nger unter unruhigen N\u00e4chten leiden. Du kannst deine Matratze auf bis zu 12 \u00b0C herunterk\u00fchlen. W\u00e4hrend die optimale Schlaftemperatur f\u00fcr die meisten Menschen bei 18 bis 19 \u00b0C liegt, k\u00fchlen sogenannte \u201eHitzeschl\u00e4fer&#8220; oft nicht ausreichend von alleine ab.<br \/>\nCoolSleep bringt dein Bett schnell op de gewenste Temperatur voor jouw situatie. So schl\u00e4fst du schneller ein, genie\u00dft einen tieferen Schlaf und wachst nachts seltener auf.\n\t\t<h5><a href=\"https:\/\/kozeliving.com\/de\/coolsleep-matratzenkuehlung\/\" target=\"_self\">Abends w\u00e4lzt du dich oft im Bett hin und her?<\/a><\/h5><p>Beende das W\u00e4lzen. Reguliere deine Schlaftemperatur\u00a0 mit CoolSleep k\u00fchlender topper<\/p>\n\t\t\t<a href=\"https:\/\/kozeliving.com\/de\/coolsleep-matratzenkuehlung\/\"  target=\"_self\">\n\t\t\t\t\t\t\tmehr \u00fcber sleep cooler \n\t\t\t\t\t<\/a>\n<figure itemscope itemtype=\"https:\/\/schema.org\/ImageObject\">\n\t\t\t\t<img decoding=\"async\" src=\"https:\/\/kozeliving.com\/wp-content\/uploads\/2026\/03\/coolSleep-6.jpg\" alt=\"CoolSleep matras koeler\" height=\"1694\" width=\"2528\" title=\"coolSleep (6)\" onerror=\"this.style.display='none'\" loading=\"lazy\" \/>\n\t<\/figure>\n<h2>\n\t\t\tMatratzen k\u00fchler: Schneller einschlafen und k\u00fchl bleiben &#8211; auch in warmen N\u00e4chten.\t<\/h2>\n<h3>\n\t\t\tEndlich die K\u00fchle genie\u00dfen, wenn es drau\u00dfen hei\u00df ist.\t<\/h3>\n\tMit CoolSleep bestimmst du selbst, wie k\u00fchl du schl\u00e4fst. \u00dcber de praktische Steuereinheit direkt neben deinem Bett stellst du ganz einfach deine gew\u00fcnschte Temperatur ein. Unsere k\u00fchlende topper besteht aus einem speziellen Mesh-Gewebe (Netzstruktur), das f\u00fcr eine aktive Luftzirkulation und maximale W\u00e4rmeableitung sorgt. So wachst du nachts nicht mehr schwei\u00dfgebadet auf.<br \/>\nTieferer Schlaf durch pr\u00e4zise Regulierung: &gt; Nutze die aktive Temperatursteuerung von KOZ-E, um dein Bett genau auf deine Bed\u00fcrfnisse anzupassen. Das k\u00fchle Netzgewebe unterst\u00fctzt dabei sowohl die K\u00fchlung als auch die Erw\u00e4rmung hocheffizient. Das Ergebnis? Du schl\u00e4fst schneller ein, schl\u00e4fst l\u00e4nger durch und steigerst so sp\u00fcrbar deine Erholung.\n\t\t<h5><a href=\"https:\/\/kozeliving.com\/de\/produkt\/bett-kuehler\/\" target=\"_self\">Endlich die K\u00fchle genie\u00dfen, wenn es drau\u00dfen hei\u00df ist.<\/a><\/h5><p>Wir empfehlen dir, eine Schlaf-App te nutzen, um die Verbesserung deiner Schlafqualit\u00e4t zu verfolgen.<\/p>\n\t\t\t<a href=\"https:\/\/kozeliving.com\/de\/produkt\/bett-kuehler\/\"  target=\"_self\">\n\t\t\t\t\t\t\tjetzt bestellen\n\t\t\t\t\t<\/a>\n<figure itemscope itemtype=\"https:\/\/schema.org\/ImageObject\">\n\t\t\t\t<img decoding=\"async\" src=\"https:\/\/kozeliving.com\/wp-content\/uploads\/2026\/03\/06.jpg\" alt=\"Tiefschlaf-Optimierung durch pr\u00e4zise Thermoregulation\" height=\"848\" width=\"1264\" title=\"06\" onerror=\"this.style.display='none'\" loading=\"lazy\" \/>\n\t<\/figure>\n<h2>\n\t\t\tNat\u00fcrlich k\u00fchl: Die Kraft des Wassers f\u00fcr deinen Schlaf.\t<\/h2>\n<h3>\n\t\t\tIm Sommer schlafen wie im Winter: Ein k\u00fchlender Topper mit wasserbasierter Technologie gegen n\u00e4chtliches Schwitzen.\t<\/h3>\n\tWasser ist die effektivste Quelle f\u00fcr eine gesunde und gleichm\u00e4\u00dfige K\u00fchlung. Mit KOZ-E CoolSleep nutzt du dieses Prinzip, um dein Bettklima ganz einfach direkt vom Bett aus zu steuern.<br \/>\nDie fl\u00fcsterleise K\u00fchleinheit neben deinem Bett l\u00e4sst kontinuierlich Wasser durch die feinen Kan\u00e4le der Matratzenauflage zirkulieren. Dabei wird \u00fcbersch\u00fcssige K\u00f6rperw\u00e4rme aufgenommen und effizient abtransportiert. So regeneriert das System st\u00e4ndig eine angenehme Frische in deinem Bett.<br \/>\nSicherheit an erster Stelle: Bei CoolSleep flie\u00dft nur Wasser durch deine Unterlage. Das bedeutet: Kein Strom und keine Strahlung direkt unter deiner Bettdecke. Du genie\u00dft einfach nur die nat\u00fcrliche, k\u00fchlende Kraft des Wassers f\u00fcr eine ungest\u00f6rte Nachtruhe\n<h2>\n\t\t\t30 \u00b0C im Zimmer, aber 18 \u00b0C in deinem Bett.\t<\/h2>\n<h3>\n\t\t\tDer k\u00fchlender topper, der dein Bett in eine frische Oase verwandelt\t<\/h3>\n\tStell dir vor: In deinem Schlafzimmer herrschen 35 \u00b0C, aber du hast dein Bett auf erfrischende 18 \u00b0C vorgek\u00fchlt. In dem Moment, in dem du dich hinlegst, sp\u00fcrt deine Haut sofort die K\u00fchle. Dein K\u00f6rper entspannt sich und signalisiert deinem Gehirn, dass es Zeit ist, zur Ruhe zu kommen.<br \/>\nDer Kontakt mit der k\u00fchlen Oberfl\u00e4che hilft dabei, deine Kerntemperatur sanft zu senken &#8211; der biologische Ausl\u00f6ser, um schneller einzuschlafen. Es ist keine Zauberei, sondern einfache Biologie: Du passt dein Schlafklima aktiv an deine Bed\u00fcrfnisse an.\n<h2>\n\t\t\tMit k\u00fchlender topper k\u00f6nnen zwei Personen endlich wieder gemeinsam bequem und k\u00fchl schlafen\t<\/h2>\n<h3>\n\t\t\tCoolSleep is een k\u00fchlende Matratzenauflage, die elektrisch gesteuert wird, um dein Bett die ganze Nacht auf deiner Wunschtemperatur zu halten.\t<\/h3>\n\tK\u00f6rperw\u00e4rme mal zwei bedeutet oft doppeltes Schwitzen. Wenn die Matratze die Hitze speichert, wird de nachtliche Ruhe schnell zur Belastung.<br \/>\nCoolSleep sorgt f\u00fcr die n\u00f6tige Frische: Die fl\u00fcsterleise Einheit entzieht der Matratze st\u00e4ndig die aufgestaute W\u00e4rme en leitet sie sanft ab. So genie\u00dft ihr beide eine konstante K\u00fchle, ohne euch gegenseitig aufzuheizen. Verwandle dein Bett wieder in einen Ort der Erholung &#8211; f\u00fcr dich und deinen Partner.\n<h2>\n\t\t\tK\u00fchlender Matratzen Topper gegen Schwitzen\t<\/h2>\n<h3>\n\t\t\tCoolSleep is een k\u00fchlende Matratzenauflage, die elektrisch gesteuert wird, um dein Bett die ganze Nacht auf deiner Wunschtemperatur zu halten.\t<\/h3>\n\tWenn dich n\u00e4chtliches Schwitzen und aufgestaute W\u00e4rme st\u00f6ren, musst du nicht gleich eine neue Matratze kaufen. Erg\u00e4nze dein Bett einfach um eine k\u00fchlende Matratzenauflage. Sie bietet dir eine kosteng\u00fcnstige und effektive M\u00f6glichkeit, bei jeder Raumtemperatur komfortabel und angenehm frisch zu schlafen.<br \/>\nDie Ursachen sind verschieden &#8211; die L\u00f6sung ist einfach.<br \/>\nOb Wechseljahresbeschwerden, Stress oder Sport am Abend: Die Gr\u00fcnde f\u00fcr n\u00e4chtliches Schwitzen sind vielf\u00e4ltig, doch die Auswirkungen sind immer gleich: unruhiger Schlaf, fehlende Erholung und M\u00fcdigkeit am Tag. Das kann auf Dauer sehr anstrengend sein und die Lebensqualit\u00e4t beeintr\u00e4chtigen.<br \/>\nUnsere k\u00fchlende Matratzenauflage funktioniert elektrisch und leitet \u00fcbersch\u00fcssige K\u00f6rperw\u00e4rme \u00fcber ein fl\u00fcsterleises Wassersystem direkt ab, sodass kein W\u00e4rmestau entsteht. Solltest du nachts einmal fr\u00f6steln, kann das System die Temperatur auch sanft anpassen. So bleibt dein Schlafklima immer im Gleichgewicht und du wachst morgens endlich wieder erholt und leistungsbereit auf.\n\t\t\t<a href=\"https:\/\/kozeliving.com\/de\/produkt\/warmsleep-bettwarmer\/\"  target=\"_blank\" rel=\"noopener\"    rel=\"noopener\">\n\t\t\t\t\t\t\t30 N\u00e4chte lang risikofrei testen\n\t\t\t\t\t<\/a>\n\t\t\t<a href=\"https:\/\/kozeliving.com\/de\/produkt\/warmsleep-bettwarmer\/\"  target=\"_blank\" rel=\"noopener\"    rel=\"noopener\">\n\t\t\t\t\t\t\t3 Jahre Garantie\n\t\t\t\t\t<\/a>\n\t\t\t<a href=\"https:\/\/kozeliving.com\/de\/produkt\/warmsleep-bettwarmer\/\"  target=\"_blank\" rel=\"noopener\"    rel=\"noopener\">\n\t\t\t\t\t\t\tNiederl\u00e4ndisches Unternehmen\n\t\t\t\t\t<\/a>\n\t\t\t<a href=\"https:\/\/kozeliving.com\/de\/produkt\/warmsleep-bettwarmer\/\"  target=\"_blank\" rel=\"noopener\"    rel=\"noopener\">\n\t\t\t\t\t\t\tSchnelle Lieferung\n\t\t\t\t\t<\/a>\n<figure itemscope itemtype=\"https:\/\/schema.org\/ImageObject\">\n\t\t\t\t<img decoding=\"async\" src=\"https:\/\/kozeliving.com\/wp-content\/uploads\/2024\/05\/KOZ-E_01-23-1200x1200-1.png\" alt=\"Hilfe bei Nachtschwei\u00df und Hitzewallungen in den Wechseljahren.\" height=\"2712\" width=\"3014\" title=\"KOZ-E_01-23-1200x1200\" onerror=\"this.style.display='none'\" loading=\"lazy\" \/>\n\t<\/figure>\n\t\t<h5><a href=\"https:\/\/kozeliving.com\/de\/produkt\/bett-kuehler\/\" target=\"_self\">Bist du bereit f\u00fcr CoolSleep-N\u00e4chte?<\/a><\/h5><p>Probiere es aus und sieh, wie es deinen Tiefschlaf beeinflusst:<\/p>\n<ul>\n<li>30 N\u00e4chte lang risikofrei testen<\/li>\n<li>3 Jahre Garantie<\/li>\n<li>Niederl\u00e4ndisches Unternehmen<\/li>\n<li>Schnelle Lieferung<\/li>\n<\/ul>\n\n\t\t\t<a href=\"https:\/\/kozeliving.com\/de\/produkt\/bett-kuehler\/\"  target=\"_self\">\n\t\t\t\t\t\t\tjetzt bestellen\n\t\t\t\t\t<\/a>\n<h2>CoolSleep Bett k\u00fchler<\/h2>\n\t<p>Die aktive Matratzenauflage k\u00fchlend mit pr\u00e4ziser Temperaturregulierung zwischen 12 \u00b0C und 48 \u00b0C f\u00fcr jede Nacht.<\/p>\n\t<a \n\t\thref=\"https:\/\/kozeliving.com\/de\/produkt\/bett-kuehler\/\" \n\t\ttarget=\"_self\" \n\t\t\t\tclass=\"button woopack-product-button woopack-product-button-custom\">\n\t\tmehr \u00fcber CoolSleep\t<\/a>\n  <!-- product-content -->\n\t\t\t <!-- summary -->\n\t\t <!-- woopack-single-product -->\n\t\t<figure itemscope itemtype=\"https:\/\/schema.org\/ImageObject\">\n\t\t\t\t<img decoding=\"async\" src=\"https:\/\/kozeliving.com\/wp-content\/uploads\/2026\/04\/Cool-bed.jpg\" alt=\"Cool bed\" height=\"1696\" width=\"2528\" title=\"Cool bed\" onerror=\"this.style.display='none'\" loading=\"lazy\" \/>\n\t<\/figure>\n<h5>\n\t\t\tKompakt und m\u00fchelos, passt in jedes Bett\t<\/h5>\n<h3>\n\t\t\tEin weiches K\u00fchlkissen, das die ganze Nacht \u00fcber bequem bleibt\t<\/h3>\n\tWir haben genau das Richtige f\u00fcr Sie. Egal, ob Sie eine Einzelmatratze, ein franz\u00f6sisches Bett of een Kingsize-Bett haben &#8211; unsere k\u00fchlenden Matratzenauflagen passen perfekt.<br \/>\nMit einer Standardbreite von 90 cm (35 Zoll) ist das kOZ-E cooLsleep\u2122 so konzipiert, dass es auf jede Matratzengr\u00f6\u00dfe passt. Genie\u00dfen Sie k\u00fchlen und komfortablen Schlaf, unabh\u00e4ngig von Ihrer Bettgr\u00f6\u00dfe.\n\t\t\n\t\t<p>M\u00f6chtest du mehr \u00fcber die Vorteile von KOZ-E CoolSleep erfahren?<\/p>\n\t\t\t<a href=\"https:\/\/kozeliving.com\/de\/coolsleep-bett-kuehler\/\"  target=\"_self\">\n\t\t\t\t\t\t\tCoolSleep Vorteile\n\t\t\t\t\t<\/a>\n\t\t\t\t\t\t\t\t\t\t<button type=\"button\" id=\"fl-accordion--icon-0\" aria-expanded=\"true\" aria-controls=\"fl-accordion--panel-0\"><i>Collapse<\/i><\/button>\n\t\t\t\t\t<h4 id=\"fl-accordion--label-0\">Vorteile f\u00fcr dich<\/h4>\n\t\t\t\t\t<ul>\n<li>Schneller einschlafen, selbst an hei\u00dfen Sommertagen.<\/li>\n<li>Tiefer und ungest\u00f6rter Schlaf &#8211; das ganze Jahr \u00fcber.<\/li>\n<li>Individueller Komfort: Stellen Sie Ihre Wunschtemperatur pr\u00e4zise ab 12 Grad ein.<\/li>\n<\/ul>\n\t\t\t\t\t\t\t\t\t\t<button type=\"button\" id=\"fl-accordion--icon-1\" aria-expanded=\"false\" aria-controls=\"fl-accordion--panel-1\"><i>Expand<\/i><\/button>\n\t\t\t\t\t<h4 id=\"fl-accordion--label-1\">CoolSleep von KOZ-E<\/h4>\n\t\t\t\t\t<h4>Der Matratzen k\u00fchler, der dich in warmen N\u00e4chten angenehm k\u00fchl h\u00e4lt<\/h4>\n<p>Da bekommt man richtig Lust, ins Bett zu gehen.<\/p>\n<ul>\n<li>Leistungsstark und fl\u00fcsterleise<\/li>\n<li>Komfortabel und einfach<\/li>\n<li>Passt auf jedes Bett<\/li>\n<\/ul>\n<h4>Produktvorteile:<\/h4>\n<ul>\n<li>Effiziente W\u00e4rmeableitung: Unser Hochleistungs-Wasserk\u00fchlsystem leitet \u00fcbersch\u00fcssige W\u00e4rme direkt von Ihrem K\u00f6rper ab.<\/li>\n<li>Fl\u00fcsterleiser Betrieb f\u00fcr ungest\u00f6rten Schlaf<\/li>\n<li>Weich gepolsterte Auflage f\u00fcr ein angenehmes Liegegef\u00fchl.<\/li>\n<li>Vormontierte Spanngurte, die auf jede Matratzengr\u00f6\u00dfe passen.<\/li>\n<li>Gro\u00dfer Wassertank mit automatischer Warnanzeige bei Wassermangel.<\/li>\n<li>Langlebiges Design: Hochwertige Verarbeitung f\u00fcr jahrelange Zuverl\u00e4ssigkeit.<\/li>\n<li>Use it in winter:it also warms on cold nights<\/li>\n\n<\/ul>\n\t\t\t\t\t\t\t\t\t\t<button type=\"button\" id=\"fl-accordion--icon-2\" aria-expanded=\"false\" aria-controls=\"fl-accordion--panel-2\"><i>Expand<\/i><\/button>\n\t\t\t\t\t<h4 id=\"fl-accordion--label-2\">Hauptmerkmale<\/h4>\n\t\t\t\t\t<ul>\n<li>Effiziente W\u00e4rmeableitung: Unser Hochleistungs-Wasserk\u00fchlsystem leitet \u00fcbersch\u00fcssige W\u00e4rme direkt von Ihrem K\u00f6rper ab.<\/li>\n<li>Fl\u00fcsterleiser Betrieb: Ger\u00e4uscharm konzipiert f\u00fcr einen ungest\u00f6rten und tiefen Schlaf.<\/li>\n<li>Weich gepolsterte Auflage f\u00fcr ein angenehmes Liegegef\u00fchl.<\/li>\n<li>Vormontierte Spanngurte, die auf jede Matratzengr\u00f6\u00dfe passen.<\/li>\n<li>Gro\u00dfer Wassertank mit automatischer Warnanzeige bei Wassermangel.<\/li>\n<li>Langlebiges Design: Hochwertige Verarbeitung f\u00fcr jahrelange Zuverl\u00e4ssigkeit.<\/li>\n<li>Ganzj\u00e4hrig nutzbar: Verwenden Sie das System auch im Winter &#8211; es w\u00e4rmt Sie in kalten N\u00e4chten zuverl\u00e4ssig bis zu 48\u00b0C.<\/li>\n<\/ul>\n\t\t\t\t\t\t\t\t\t\t<button type=\"button\" id=\"fl-accordion--icon-3\" aria-expanded=\"false\" aria-controls=\"fl-accordion--panel-3\"><i>Expand<\/i><\/button>\n\t\t\t\t\t<h4 id=\"fl-accordion--label-3\">KOZ-E<\/h4>\n\t\t\t\t\t<ul>\n<li>Einfachheit der Nutzung<\/li>\n<li>Verl\u00e4sslichkeit<\/li>\n<li>Komfort<\/li>\n<\/ul>\n\t\t<h5><a href=\"https:\/\/nl.trustpilot.com\/review\/kozeliving.com\" target=\"_self\">Echte Erfahrungen:<\/a><\/h5><p>Das sagt unsere Community nach mehr als 6 Monaten mit kOZ-E CoolSleep\u2122<\/p>\n\t\t\t<a href=\"https:\/\/nl.trustpilot.com\/review\/kozeliving.com\"  target=\"_self\">\n\t\t\t\t\t\t\tMehr Bewertungen lesen\n\t\t\t\t\t<\/a>\n\t\t\t\tTop-Produkt \nDiese Matratze hat mir im Winter mit ihrer W\u00e4rme und im Sommer mit ihrer K\u00fchle sehr geholfen. Dadurch schlafe ich jetzt viel besser.\nIch m\u00f6chte sie nicht mehr missen.\ud83d\ude0a\ud83d\udc4d\n\t\t\t\t<h4>Anneke<\/h4>\n\t\t\t\t&#8222;Bessere N\u00e4chte mit dem Matratzenk\u00fchler\nLetztes Jahr habe ich mir den Matratzenk\u00fchler gekauft. Ich bin jemand, dem nachts schnell (wirklich sehr schnell) hei\u00df wird, und im Sommer wird es bei mir zu Hause unglaublich hei\u00df. Der Matratzenk\u00fchler ist ein echter Gl\u00fccksfall. Sogar mein Whoop zeigt, dass ich besser schlafe und mich besser erhole, wenn ich mit dem Matratzenk\u00fchler schlafe. Einfach zu bedienen und relativ leise. Sehr zu empfehlen!&#8220;\n\t\t\t\t<h4>Nikita<\/h4>\n\t\t\t\t<p>&#8222;Ich habe die KOZ-E Sleep-Matratzenauflage nun seit 9 Monaten und bin wirklich sehr zufrieden damit. Was f\u00fcr eine Verbesserung! Ich schwitze nachts nicht mehr; die Temperatur ist genau richtig. Ich kann sie jedem empfehlen.&#8220;<\/p>\n\t\t\t\t<h4>Mark<\/h4>\n<h2>\n\t\t\tWas sagt ein Schlafexperte?\t<\/h2>\n\t\t\t\t&#8222;Als Schlafforscher wei\u00df ich, dass zu warm oder zu kalt eines der Hauptprobleme f\u00fcr einen guten Schlaf ist. Vor allem die Einschlaflatenz wird negativ beeinflusst; es dauert l\u00e4nger, bis man einschl\u00e4ft, wenn es im Bett zu warm oder zu kalt ist.\nDeshalb habe ich im Jahr 2023 KOZ-E Sleep getestet. Ich stellte fest, dass das Produkt ausgezeichnet funktioniert; sowohl das K\u00fchlen als auch das W\u00e4rmen waren sehr angenehm. KOZ-E Sleep kann dazu beitragen, dass man in warmen Sommer- und kalten Wintern\u00e4chten leichter einschl\u00e4ft und besser durchschl\u00e4ft.&#8220;\nThat&#8217;s why in 2023 I&#8217;ve tested the KOZ-E sleep. We see that the product performs well from a functional point of view; both cooling and warming works well and is comfortable. It can help you fall asleep more easy and better during a heatwave or a cold winter.&#8220;\n\t\t\t\t<h4>Geert<\/h4>\n<figure itemscope itemtype=\"https:\/\/schema.org\/ImageObject\">\n\t\t\t\t<img decoding=\"async\" src=\"https:\/\/kozeliving.com\/wp-content\/uploads\/2024\/05\/GEERT-DOORLAG.jpeg\" alt=\"GEERT DOORLAG\" height=\"896\" width=\"1600\" title=\"GEERT DOORLAG\" onerror=\"this.style.display='none'\" loading=\"lazy\" \/>\n\t<\/figure>\n\t<h6>GEERT DOORSLAG<\/h6>\n<p>Schlafforscher Koninglijke, Auping<\/p>\n\t<p>Geert Doorlag ist Forscher bei Royal Auping und besch\u00e4ftigt sich mit zwei strategischen Themen: Schlaf und Nachhaltigkeit. Ausgebildet an der Technischen Universit\u00e4t Delft als Industriedesigner (MSc 2008), arbeitet er seit 2009 bei Auping, zun\u00e4chst als Produktentwickler, dann als Test- und Validierungsingenieur und in den letzten Jahren als Forscher.<\/p>\n<h2>\n\t\t\tMit CoolSleep: Endlich die Nacht durchschlafen, ohne schwei\u00dfgebadet aufzuwachen.\t<\/h2>\n<h3>\n\t\t\tGuter Schlaf. Gute Laune. Ein guter Tag.  \t<\/h3>\n\tEs gibt kein besseres Gef\u00fchl als aufzuwachen und festzustellen, dass du die ganze Nacht durchgeschlafen hast. Keine feuchten Laken mehr, kein Hin- und Herw\u00e4lzen und kein Blick auf den Wecker um 3 Uhr morgens.\n\t\t\t<a href=\"https:\/\/kozeliving.com\/de\/produkt\/bett-kuehler\/\"  target=\"_self\">\n\t\t\t\t\t\t\tCoolSleep kaufen\n\t\t\t\t\t<\/a>\n<h2>\n\t\t\tCoolSleep FAQ\t<\/h2>\n\t\t\t\tKann ein Matratzenk\u00fchler wirklich n\u00e4chtliche Schwei\u00dfausbr\u00fcche verhindern?\n\t\t\t\t\t<p>Ja. N\u00e4chtliche Schwei\u00dfausbr\u00fcche und Schwitzen in der Nacht werden oft durch eine zu warme Umgebung verursacht. Mit einer wassergek\u00fchlten Matratzenauflage kannst du das Klima in deinem Bett auf eine konstant k\u00fchle Temperatur regulieren. So wird verhindert, dass dein K\u00f6rper \u00fcberhitzt und du wachst frisch und trocken auf, statt feucht und ersch\u00f6pft.   <\/p>\n\t\t\t\tWie kann ich im Bett weniger warm werden und die ganze Nacht k\u00fchl bleiben?\n\t\t\t\t\t<p>Um im Bett weniger warm zu werden, musst du die Temperatur deiner Schlafunterlage aktiv senken. Offene Fenster oder Ventilatoren bewegen nur die warme Luft im Raum, aber sie helfen nicht gegen die Hitze, die in deiner Matratze eingeschlossen ist.<br \/>F\u00fcr hei\u00dfe Schl\u00e4fer ist die effektivste L\u00f6sung ein Matratzenk\u00fchlsystem. Durch die Zirkulation von gek\u00fchltem Wasser direkt unter deinem K\u00f6rper leitet CoolSleep \u00fcbersch\u00fcssige W\u00e4rme ab, verhindert n\u00e4chtliches Schwitzen und sorgt f\u00fcr eine k\u00fchle Temperatur vom Moment des Hinlegens bis zum Aufwachen.  <\/p>\n\t\t\t\tMacht die Matratzenk\u00fchlung L\u00e4rm?\n\t\t\t\t\t<p>Das Koz-e CoolSleep ist mit einer fl\u00fcsterleisen Steuereinheit ausgestattet. Es enth\u00e4lt einen kleinen Ventilator und eine Wasserpumpe, um dein Bett auf einer k\u00fchlen Temperatur zu halten, arbeitet aber mit einem sehr niedrigen Dezibelpegel (weniger als 40 dB) &#8211; \u00e4hnlich wie eine leise Bibliothek oder ein sanftes Brummen.<br \/>Die meisten Hitzeschl\u00e4fer finden, dass das subtile Ger\u00e4usch tats\u00e4chlich wie ein beruhigendes wei\u00dfes Rauschen wirkt, das ihnen hilft, in einen tiefen Schlaf zu fallen. Da das Ger\u00e4t auf dem Boden neben deinem Bett steht, bleibt es unauff\u00e4llig und verhindert n\u00e4chtliches Schwitzen die ganze Nacht \u00fcber.  <\/p>\n\t\t\t\tWas du tun kannst, wenn dir im Bett schnell warm wird\n\t\t\t\t\t<p>Wenn dir im Bett schnell warm wird, liegt das oft daran, dass dein K\u00f6rper noch im &#8222;Wachmodus&#8220; ist und darum k\u00e4mpft, seine Kernw\u00e4rme abzugeben. F\u00fcr hei\u00dfe Schl\u00e4fer k\u00f6nnen herk\u00f6mmliche Bettwaren wie Memory Foam diese W\u00e4rme auf der Haut einschlie\u00dfen, so dass du in einem Kreislauf des Hin- und Herdrehens aufwachst.<br \/>Die effektivste L\u00f6sung, um im Bett k\u00fchl zu bleiben, ist ein aktives Matratzenk\u00fchlsystem. W\u00e4hrend Ventilatoren nur warme Luft in den Raum blasen, zieht eine wassergek\u00fchlte Matratzenauflage die W\u00e4rme von deinem K\u00f6rper weg, sobald du dich hinlegst. Indem CoolSleep eine gleichm\u00e4\u00dfig k\u00fchle Temperatur aufrechterh\u00e4lt, verhindert es, dass dein K\u00f6rper \u00fcberhitzt. So kannst du schneller in einen tiefen Schlaf fallen und n\u00e4chtliches Schwitzen stoppen, bevor es entsteht.   <\/p>\n\n","protected":false},"excerpt":{"rendered":"<p>CoolSleep K\u00fchlender Topper mit aktiver Technologie zur Temperaturregelung zwischen 12 \u00b0C und 48 \u00b0C. Genie\u00dfe frischen Schlaf in hei\u00dfen Sommern\u00e4chten und reguliere dein Schlafklima ganz nach deinen Bed\u00fcrfnissen. entdecken CoolSleep CoolSleep h\u00e4lt deinen K\u00f6rper k\u00fchl CoolSleep matratze gegen schwitzen CoolSleep Schneller einschlafen, tiefer durchschlafen. Play Video Wird dir im Schlaf auch zu warm? Hol dir&hellip;<\/p>\n","protected":false},"author":2,"featured_media":13972,"parent":0,"menu_order":0,"comment_status":"closed","ping_status":"closed","template":"","meta":{"_acf_changed":false,"inline_featured_image":false,"footnotes":""},"class_list":["post-13432","page","type-page","status-publish","has-post-thumbnail","hentry"],"acf":[],"_links":{"self":[{"href":"https:\/\/kozeliving.com\/de\/wp-json\/wp\/v2\/pages\/13432","targetHints":{"allow":["GET"]}}],"collection":[{"href":"https:\/\/kozeliving.com\/de\/wp-json\/wp\/v2\/pages"}],"about":[{"href":"https:\/\/kozeliving.com\/de\/wp-json\/wp\/v2\/types\/page"}],"author":[{"embeddable":true,"href":"https:\/\/kozeliving.com\/de\/wp-json\/wp\/v2\/users\/2"}],"replies":[{"embeddable":true,"href":"https:\/\/kozeliving.com\/de\/wp-json\/wp\/v2\/comments?post=13432"}],"version-history":[{"count":7,"href":"https:\/\/kozeliving.com\/de\/wp-json\/wp\/v2\/pages\/13432\/revisions"}],"predecessor-version":[{"id":14262,"href":"https:\/\/kozeliving.com\/de\/wp-json\/wp\/v2\/pages\/13432\/revisions\/14262"}],"wp:featuredmedia":[{"embeddable":true,"href":"https:\/\/kozeliving.com\/de\/wp-json\/wp\/v2\/media\/13972"}],"wp:attachment":[{"href":"https:\/\/kozeliving.com\/de\/wp-json\/wp\/v2\/media?parent=13432"}],"curies":[{"name":"wp","href":"https:\/\/api.w.org\/{rel}","templated":true}]}}