{"id":13414,"date":"2026-03-18T11:36:49","date_gmt":"2026-03-18T10:36:49","guid":{"rendered":"https:\/\/staging.kozeliving.com\/matratzenkuehler-fuer-tieferen-schlaf\/"},"modified":"2026-04-09T10:57:19","modified_gmt":"2026-04-09T08:57:19","slug":"optimale-schlaftemperatur-tiefschlaf","status":"publish","type":"page","link":"https:\/\/kozeliving.com\/de\/optimale-schlaftemperatur-tiefschlaf\/","title":{"rendered":"Schlaf-Biohacking: Mit CoolSleep erreichen du die optimale Schlaftemperatur"},"content":{"rendered":"\n<h2>\n\t\t\tCoolSleep\t<\/h2>\n<h1>\n\t\t\tMit CoolSleep erreichst <br \/>du die optimale <br \/>Schlaftemperatur\t<\/h1>\n<h3>\n\t\t\tSchluss mit schlechtem Schlaf nach Sport &#8211; Optimiere deine Nachtruhe.\t<\/h3>\n\t\t\t<a href=\"https:\/\/kozeliving.com\/de\/produkt\/bett-kuehler\/\"  target=\"_self\">\n\t\t\t\t\t\t\tentdecke CoolSleep\n\t\t\t\t\t<\/a>\n\t\t\t\t\t\t\t<img decoding=\"async\" src=\"https:\/\/kozeliving.com\/wp-content\/uploads\/2026\/02\/icoon-hou-je-hersens-in-topvorm-grey.png\" alt=\"icoon - hou je hersens in topvorm - grey\" width=\"568\" height=\"567\" title=\"\">\n\t\t\t\t\t\t<h4>CoolSleep<\/h4>\t\t\t\t\t\n\t\t\t\t\t<p>k\u00f6rperlich und geistig wohltuend<\/p>\t\t\t\t\n\t\t\t\t\t\t\t<img decoding=\"async\" src=\"https:\/\/kozeliving.com\/wp-content\/uploads\/2026\/03\/icoon-twee-temperaturen-een-bed-grey.png\" alt=\"icoon - twee temperaturen e\u0301e\u0301n bed - grey\" width=\"568\" height=\"567\" title=\"\">\n\t\t\t\t\t\t<h4>CoolSleep<\/h4>\t\t\t\t\t\n\t\t\t\t\t<p>fit und frisch aufwachen<\/p>\t\t\t\t\n\t\t\t\t\t\t\t<img decoding=\"async\" src=\"https:\/\/kozeliving.com\/wp-content\/uploads\/2026\/03\/icoon-slaap-beter-dieper-grey.png\" alt=\"icoon - slaap beter &amp; dieper - grey\" width=\"568\" height=\"568\" title=\"\">\n\t\t\t\t\t\t<h4>CoolSleep<\/h4>\t\t\t\t\t\n\t\t\t\t\t<p>Schlafe Besser und Tiefer<\/p>\t\t\t\t\n\t<iframe allowfullscreen allow=\"autoplay\" data-src=\"https:\/\/www.youtube-nocookie.com\/embed\/W1ROS7fk5XQ?feature=oembed&amp;autoplay=1&amp;playlist=W1ROS7fk5XQ&amp;start&amp;end=15&amp;wmode=opaque&amp;loop=1&amp;controls=1&amp;mute=1&amp;rel=0&amp;modestbranding=1\"><\/iframe>\t\t\n\t\t\t\t\tPlay Video\n<h2>\n\t\t\tSchluss mit schlechtem Schlaf nach Sport &#8211; Optimiere deine Nachtruhe.\t<\/h2>\n<h3>\n\t\t\tDie optimale Schlaftemperatur einstellen: Eine wichtige L\u00f6sung f\u00fcr das Gleichgewicht zwischen abendlichem Training und Tiefschlaf\t<\/h3>\n\t<p>Kennst du das Gef\u00fchl? Du hast abends gerade ein intensives Training absolviert, bist k\u00f6rperlich ersch\u00f6pft, doch dein Herzschlag ist immer noch erh\u00f6ht, sodass du nur schwer einschlafen kannst. Schlechter Schlaf nach Sport ist ein Problem, mit dem Sportler und Biohacker h\u00e4ufig konfrontiert sind. Der Grund daf\u00fcr ist, dass deine K\u00f6rpertemperatur zu hoch ist, was den \u00dcbergang in den entscheidenden Tiefschlaf verhindert.<\/p>\n<p>Guter Schlaf ist f\u00fcr ein gesundes und aktives Leben von entscheidender Bedeutung. Studien zeigen, dass sich der K\u00f6rper w\u00e4hrend des Schlafs selbst reinigt, repariert und regeneriert. Guter Schlaf hat viele Vorteile: Er st\u00e4rkt das Immunsystem, verbessert das Ged\u00e4chtnis und steigert die Konzentrationsf\u00e4higkeit. Jeden Tag wachst du erfrischt und voller Energie auf und bist bereit, das Leben in vollen Z\u00fcgen zu genie\u00dfen.<\/p>\n\t\t<p>&#8222;Die Temperatur in Ihrem Schlafzimmer zu regulieren, ist einer der wirksamsten Tipps zur Verbesserung des modernen Schlafes.&#8220; &#8211; Inspiriert von Aaron Yuginovitch von der Harvard Medical School.<\/p>\n\t\t\t<a href=\"https:\/\/kozeliving.com\/de\/coolsleep-matratzenkuehlung\/\"  target=\"_self\">\n\t\t\t\t\t\t\tJetzt optimale Schlaftemperatur sichern\n\t\t\t\t\t<\/a>\n<h2>\n\t\t\tCoolSleep: Schlaf tiefer, leiste mehr\t<\/h2>\n<h6>\n\t\t\tSteigere dein Wohlbefinden im Schlaf\t<\/h6>\n\t<p>Mit KOZ-E CoolSleep k\u00fchlende Matratzen Topper musst du nicht mehr unter einem unterbrochenen Schlaf leiden. So kannst du voller Energie aufwachen und das Beste aus deinem Tag machen. Mit unserer k\u00fchlenden Matratzenauflage kannst du deine Matratze auf bis zu 12 Grad herunterk\u00fchlen. F\u00fcr die meisten Menschen liegt die optimale Schlaftemperatur bei 18 bis 19 Grad. Wir empfehlen die Verwendung einer Schlaf-App, um deine Tiefschlaf genau zu \u00fcberwachen.<\/p>\n\t\t<h5><a href=\"https:\/\/kozeliving.com\/de\/produkt\/bett-kuehler\/\" target=\"_self\">Erhalte mehr tiefSchlaf und REM-Schlaf<\/a><\/h5><p>Probiere es aus und sieh, wie es deinen Tiefschlaf beeinflusst: 30 N\u00e4chte risikofrei.<\/p>\n\t\t\t<a href=\"https:\/\/kozeliving.com\/de\/produkt\/bett-kuehler\/\"  target=\"_self\">\n\t\t\t\t\t\t\tTeste CoolSleep 30 N\u00e4chte\n\t\t\t\t\t<\/a>\n<figure itemscope itemtype=\"https:\/\/schema.org\/ImageObject\">\n\t\t\t\t<img decoding=\"async\" src=\"https:\/\/kozeliving.com\/wp-content\/uploads\/2026\/03\/06.jpg\" alt=\"Tiefschlaf-Optimierung durch pr\u00e4zise Thermoregulation\" height=\"848\" width=\"1264\" title=\"06\" onerror=\"this.style.display='none'\" loading=\"lazy\" \/>\n\t<\/figure>\n<h2>\n\t\t\tCoolSleep: der Favorit f\u00fcr alle, denen schnell warm wird\t<\/h2>\n\t\t\t<a href=\"\"  target=\"_self\">\n\t\t\t\t\t\t12 \u00b0C K\u00fchlung\n\t\t\t\t\t<\/a>\n\t\t\t<a href=\"\"  target=\"_self\">\n\t\t\t\t\t\tfl\u00fcsterleise\n\t\t\t\t\t<\/a>\n\t\t\t<a href=\"\"  target=\"_self\">\n\t\t\t\t\t\tpasst in jedes Bett\n\t\t\t\t\t<\/a>\n\t\t\t<a href=\"\"  target=\"_self\">\n\t\t\t\t\t\tnat\u00fcrliche thermische Wasserressource\n\t\t\t\t\t<\/a>\n\t\t\t<a href=\"\"  target=\"_self\">\n\t\t\t\t\t\tnicht wahrnehmbar rohre\n\t\t\t\t\t<\/a>\n<h2>\n\t\t\tCoolSleep: Der Favorit f\u00fcr gem\u00fctliche Schl\u00e4fer\t<\/h2>\n\t\t\t<a href=\"\"  target=\"_self\">\n\t\t\t\t\t\tHeizleistung bis max. 48 \u00b0C\n\t\t\t\t\t<\/a>\n\t\t\t<a href=\"\"  target=\"_self\">\n\t\t\t\t\t\tmaschinenwaschbar\n\t\t\t\t\t<\/a>\n\t\t\t<a href=\"\"  target=\"_self\">\n\t\t\t\t\t\tkeine elektrischen Teile im Bett\n\t\t\t\t\t<\/a>\n\t\t\t<a href=\"\"  target=\"_self\">\n\t\t\t\t\t\tnat\u00fcrliche thermische Wasserressource\n\t\t\t\t\t<\/a>\n<figure itemscope itemtype=\"https:\/\/schema.org\/ImageObject\">\n\t\t\t\t<img decoding=\"async\" src=\"https:\/\/kozeliving.com\/wp-content\/uploads\/2026\/04\/778441.jpg\" alt=\"778441\" height=\"1696\" width=\"2528\" title=\"778441\" onerror=\"this.style.display='none'\" loading=\"lazy\" \/>\n\t<\/figure>\n<h2>\n\t\t\tCoolSleep: Jede Nacht wird zum Powernap, Optimale Schlaftemperatur f\u00fcr Tiefschlaf\t<\/h2>\n<h6>\n\t\t\tSteigere dein Wohlbefinden im Schlaf\t<\/h6>\n\t<p>KOZ-E CoolSleep ist ein wirkungsvoller Life-Hack f\u00fcr alle, die optimale Leistung bringen wollen. Gehst du t\u00e4glich ins Fitnessstudio, musst du oft wichtige Entscheidungen treffen oder ist dein Terminkalender bis zum Rand mit Besprechungen gef\u00fcllt? In all diesen F\u00e4llen m\u00f6chtest du topfit sein, einen klaren Kopf haben und Energie im \u00dcberfluss. Einen solch aktiven Lebensstil kannst du nur durchhalten, wenn du gut schl\u00e4fst. CoolSleep hilft dir dabei, besser zu schlafen. Gerade wenn du ein sehr aktives Leben f\u00fchrst und dein K\u00f6rper und Geist beim Schlafengehen noch \u201eauf Hochtouren&#8220; laufen, kann die Temperatur im Bett die Ursache f\u00fcr unruhige N\u00e4chte sein. Schlafforscher haben herausgefunden, dass eine konstante Hauttemperatur in der Nacht den Tiefschlaf deutlich verbessert und die Wahrscheinlichkeit des Aufwachens minimiert.<\/p>\n\t\t<h5><a href=\"https:\/\/kozeliving.com\/de\/produkt\/bett-kuehler\/\" target=\"_self\">Bequem und m\u00fchelos, passt auf jedes Bett<\/a><\/h5><p>Du musst nur die K\u00fchle auf deiner Haut sp\u00fcren<\/p>\n\t\t\t<a href=\"https:\/\/kozeliving.com\/de\/produkt\/bett-kuehler\/\"  target=\"_self\">\n\t\t\t\t\t\t\tEntdecken deine ideale schlaftemperatur\n\t\t\t\t\t<\/a>\n<h2>\n\t\t\tCoolSleep: das Beste aus Ihrem Schlaf herausholen\t<\/h2>\n<h6>\n\t\t\tIhre Arbeit wird zum Kinderspiel. Optimale Schlaftemperatur f\u00fcr Tiefschlaf\t<\/h6>\n\t<p>Eine konstante Wasserzirkulation leitet \u00fcbersch\u00fcssige K\u00f6rperw\u00e4rme ab und verhindert so unruhige N\u00e4chte aufgrund von \u00dcberhitzung. Dadurch kannst du die tieferen Schlafphasen erreichen und den REM-Zyklus optimieren, die f\u00fcr die Erholung unerl\u00e4sslich sind. du wachst morgens auf, nachdem du die Nacht in deiner optimalen Schlaftemperatur verbracht hast. Dein System f\u00e4hrt sofort auf 100 % hoch &#8211; kein Coffee-Lag, kein langes Wachwerden. Ein tiefer, ungest\u00f6rter Tiefschlaf gibt dir genau die mentale Klarheit, die du brauchst, um selbst die komplexesten Aufgaben locker und souver\u00e4n zu wuppen.<\/p>\n\t\t<p>Probiere 30 N\u00e4chte lang &#8211; ganz ohne Risiko &#8211; aus, wie sich das auf deinen REM-Schlaf und deinen Tiefschlaf auswirkt.<\/p>\n\t\t\t<a href=\"https:\/\/kozeliving.com\/de\/produkt\/bett-kuehler\/\"  target=\"_self\">\n\t\t\t\t\t\t\tjetzt probiere CoolSleep\n\t\t\t\t\t<\/a>\n<figure itemscope itemtype=\"https:\/\/schema.org\/ImageObject\">\n\t\t\t\t<img decoding=\"async\" src=\"https:\/\/kozeliving.com\/wp-content\/uploads\/2026\/03\/215600.jpg\" alt=\"215600\" height=\"848\" width=\"1264\" title=\"215600\" onerror=\"this.style.display='none'\" loading=\"lazy\" \/>\n\t<\/figure>\n<figure itemscope itemtype=\"https:\/\/schema.org\/ImageObject\">\n\t\t\t\t<img decoding=\"async\" src=\"https:\/\/kozeliving.com\/wp-content\/uploads\/2026\/03\/Firefly-15.png\" alt=\"Firefly (15)\" height=\"540\" width=\"1024\" title=\"Firefly (15)\" onerror=\"this.style.display='none'\" loading=\"lazy\" \/>\n\t<\/figure>\n<h2>\n\t\t\tDie Wissenschaft hinter einem erfrischenden Schlaf\t<\/h2>\n\tF\u00fcr die meisten Menschen liegt die optimale Schlaftemperatur bei etwa 18 bis 19 Grad, aber vielleicht sieht das bei Ihnen ganz anders aus.<br \/>\nUnunterbrochene N\u00e4chte mit Tiefschlaf sind f\u00fcr ein vitales Leben unverzichtbar. Du wachst jeden Tag mit frischer Energie auf. Bereit, das Beste aus deinem Leben zu machen. Schlafwissenschaftler haben herausgefunden, dass eine konstante Hauttemperatur in der Nacht den Tiefschlaf erheblich verbessert und die Wahrscheinlichkeit des Aufwachens minimiert.\n\t\t<p>M\u00f6chtest du mehr \u00fcber die Vorteile des Schlafens bei k\u00fchlen Temperaturen erfahren, wie sie durch wissenschaftliche Untersuchungen belegt wurden?<\/p>\n\t\t\t<a href=\"https:\/\/kozeliving.com\/de\/wissenschaftliche-beweise\/\"  target=\"_self\">\n\t\t\t\t\t\t\t mehr \u00fcber Optimale Schlaftemperatur f\u00fcr Tiefschlaf\n\t\t\t\t\t<\/a>\n<h2>\n\t\t\tDie k\u00fchlende Kraft des Wassers, die effizienteste Ressource der Natur  \t<\/h2>\n<h3>\n\t\t\tAuf sichere und gesunde Weise cool bleiben  \t<\/h3>\n\t<p>Mit Koz-e CoolSleep hast du die volle Kontrolle \u00fcber dein Bettklima und kannst es ganz einfach vom Bett aus bedienen. Die fl\u00fcsterleise Matratzenk\u00fchleinheit neben deinem Bett l\u00e4sst gek\u00fchltes Wasser in der Matratzenauflage zirkulieren und ist damit die effektivste L\u00f6sung f\u00fcr wassergek\u00fchlte Matratzen. Also kein Strom oder Strahlung unter der Bettdecke, nur die K\u00fchlkraft des Wassers.<\/p>\n\t\t\t<a href=\"\"  target=\"_self\">\n\t\t\t\t\t\t\t30 N\u00e4chte lang risikofrei testen\n\t\t\t\t\t<\/a>\n\t\t\t<a href=\"\"  target=\"_self\">\n\t\t\t\t\t\t\t3 Jahre Garantie\n\t\t\t\t\t<\/a>\n\t\t\t<a href=\"\"  target=\"_self\">\n\t\t\t\t\t\t\tNiederl\u00e4ndisches Unternehmen\n\t\t\t\t\t<\/a>\n\t\t\t<a href=\"\"  target=\"_self\">\n\t\t\t\t\t\t\tSchnelle Lieferung\n\t\t\t\t\t<\/a>\n<figure itemscope itemtype=\"https:\/\/schema.org\/ImageObject\">\n\t\t\t\t<img decoding=\"async\" src=\"https:\/\/kozeliving.com\/wp-content\/uploads\/2024\/05\/KOZ-E_01-23-1200x1200-1.png\" alt=\"Hilfe bei Nachtschwei\u00df und Hitzewallungen in den Wechseljahren.\" height=\"2712\" width=\"3014\" title=\"KOZ-E_01-23-1200x1200\" onerror=\"this.style.display='none'\" loading=\"lazy\" \/>\n\t<\/figure>\n<h2>CoolSleep Bett k\u00fchler<\/h2>\n\t<p>Die aktive Matratzenauflage k\u00fchlend mit pr\u00e4ziser Temperaturregulierung zwischen 12 \u00b0C und 48 \u00b0C f\u00fcr jede Nacht.<\/p>\n\t<a \n\t\thref=\"https:\/\/kozeliving.com\/de\/produkt\/bett-kuehler\/\" \n\t\ttarget=\"_self\" \n\t\t\t\tclass=\"button woopack-product-button woopack-product-button-custom\">\n\t\tmehr \u00fcber CoolSleep\t<\/a>\n  <!-- product-content -->\n\t\t\t <!-- summary -->\n\t\t <!-- woopack-single-product -->\n\t\t<figure itemscope itemtype=\"https:\/\/schema.org\/ImageObject\">\n\t\t\t\t<img decoding=\"async\" src=\"https:\/\/kozeliving.com\/wp-content\/uploads\/2026\/04\/Cool-bed.jpg\" alt=\"Cool bed\" height=\"1696\" width=\"2528\" title=\"Cool bed\" onerror=\"this.style.display='none'\" loading=\"lazy\" \/>\n\t<\/figure>\n<h5>\n\t\t\tKompakt und m\u00fchelos, passt in jedes Bett\t<\/h5>\n<h3>\n\t\t\tEin weiches K\u00fchlkissen, das die ganze Nacht \u00fcber bequem bleibt\t<\/h3>\n\t<p>Wir haben genau das Richtige f\u00fcr Sie. Egal, ob Sie eine Einzelmatratze, ein franz\u00f6sisches Bett of een Kingsize-Bett haben &#8211; unsere k\u00fchlenden Matratzenauflagen passen perfekt.<br \/>Mit einer Standardbreite von 90 cm (35 Zoll) ist das kOZ-E cooLsleep\u2122 so konzipiert, dass es auf jede Matratzengr\u00f6\u00dfe passt. Genie\u00dfen Sie k\u00fchlen und komfortablen Schlaf, unabh\u00e4ngig von Ihrer Bettgr\u00f6\u00dfe.  <\/p>\n\t\t\n\t\t<p>M\u00f6chtest du mehr \u00fcber die Vorteile von KOZ-E CoolSleep erfahren?<\/p>\n\t\t\t<a href=\"https:\/\/kozeliving.com\/de\/coolsleep-bett-kuehler\/\"  target=\"_self\">\n\t\t\t\t\t\t\tCoolSleep Vorteile\n\t\t\t\t\t<\/a>\n\t\t\t\t\t\t\t\t\t\t<button type=\"button\" id=\"fl-accordion--icon-0\" aria-expanded=\"true\" aria-controls=\"fl-accordion--panel-0\"><i>Collapse<\/i><\/button>\n\t\t\t\t\t<h4 id=\"fl-accordion--label-0\">KOZ-E<\/h4>\n\t\t\t\t\t<ul>\n<li>Einfachheit der Nutzung<\/li>\n<li>Verl\u00e4sslichkeit<\/li>\n<li>Komfort<\/li>\n<\/ul>\n\t\t\t\t\t\t\t\t\t\t<button type=\"button\" id=\"fl-accordion--icon-1\" aria-expanded=\"false\" aria-controls=\"fl-accordion--panel-1\"><i>Expand<\/i><\/button>\n\t\t\t\t\t<h4 id=\"fl-accordion--label-1\">Hauptmerkmale<\/h4>\n\t\t\t\t\t<ul>\n<li>Effiziente W\u00e4rmeableitung: Unser Hochleistungs-Wasserk\u00fchlsystem leitet \u00fcbersch\u00fcssige W\u00e4rme direkt von Ihrem K\u00f6rper ab.<\/li>\n<li>Fl\u00fcsterleiser Betrieb: Ger\u00e4uscharm konzipiert f\u00fcr einen ungest\u00f6rten und tiefen Schlaf.<\/li>\n<li>Weich gepolsterte Auflage f\u00fcr ein angenehmes Liegegef\u00fchl.<\/li>\n<li>Vormontierte Spanngurte, die auf jede Matratzengr\u00f6\u00dfe passen.<\/li>\n<li>Gro\u00dfer Wassertank mit automatischer Warnanzeige bei Wassermangel.<\/li>\n<li>Langlebiges Design: Hochwertige Verarbeitung f\u00fcr jahrelange Zuverl\u00e4ssigkeit.<\/li>\n<li>Ganzj\u00e4hrig nutzbar: Verwenden Sie das System auch im Winter &#8211; es w\u00e4rmt Sie in kalten N\u00e4chten zuverl\u00e4ssig bis zu 48\u00b0C.<\/li>\n<\/ul>\n\t\t\t\t\t\t\t\t\t\t<button type=\"button\" id=\"fl-accordion--icon-2\" aria-expanded=\"false\" aria-controls=\"fl-accordion--panel-2\"><i>Expand<\/i><\/button>\n\t\t\t\t\t<h4 id=\"fl-accordion--label-2\">CoolSleep von KOZ-E<\/h4>\n\t\t\t\t\t<h4>Der Matratzen k\u00fchler, der dich in warmen N\u00e4chten angenehm k\u00fchl h\u00e4lt<\/h4>\n<p>Da bekommt man richtig Lust, ins Bett zu gehen.<\/p>\n<ul>\n<li>Leistungsstark und fl\u00fcsterleise<\/li>\n<li>Komfortabel und einfach<\/li>\n<li>Passt auf jedes Bett<\/li>\n<\/ul>\n<h4>Produktvorteile:<\/h4>\n<ul>\n<li>Effiziente W\u00e4rmeableitung: Unser Hochleistungs-Wasserk\u00fchlsystem leitet \u00fcbersch\u00fcssige W\u00e4rme direkt von Ihrem K\u00f6rper ab.<\/li>\n<li>Fl\u00fcsterleiser Betrieb f\u00fcr ungest\u00f6rten Schlaf<\/li>\n<li>Weich gepolsterte Auflage f\u00fcr ein angenehmes Liegegef\u00fchl.<\/li>\n<li>Vormontierte Spanngurte, die auf jede Matratzengr\u00f6\u00dfe passen.<\/li>\n<li>Gro\u00dfer Wassertank mit automatischer Warnanzeige bei Wassermangel.<\/li>\n<li>Langlebiges Design: Hochwertige Verarbeitung f\u00fcr jahrelange Zuverl\u00e4ssigkeit.<\/li>\n<li>Use it in winter:it also warms on cold nights<\/li>\n\n<\/ul>\n\t\t\t\t\t\t\t\t\t\t<button type=\"button\" id=\"fl-accordion--icon-3\" aria-expanded=\"false\" aria-controls=\"fl-accordion--panel-3\"><i>Expand<\/i><\/button>\n\t\t\t\t\t<h4 id=\"fl-accordion--label-3\">Vorteile f\u00fcr dich<\/h4>\n\t\t\t\t\t<ul>\n<li>Schneller einschlafen, selbst an hei\u00dfen Sommertagen.<\/li>\n<li>Tiefer und ungest\u00f6rter Schlaf &#8211; das ganze Jahr \u00fcber.<\/li>\n<li>Individueller Komfort: Stellen Sie Ihre Wunschtemperatur pr\u00e4zise ab 12 Grad ein.<\/li>\n<\/ul>\n\t\t<h5><a href=\"https:\/\/nl.trustpilot.com\/review\/kozeliving.com\" target=\"_self\">Echte Erfahrungen:<\/a><\/h5><p>Das sagt unsere Community nach mehr als 6 Monaten mit kOZ-E CoolSleep\u2122<\/p>\n\t\t\t<a href=\"https:\/\/nl.trustpilot.com\/review\/kozeliving.com\"  target=\"_self\">\n\t\t\t\t\t\t\tMehr Bewertungen lesen\n\t\t\t\t\t<\/a>\n\t\t\t\tTop-Produkt \nDiese Matratze hat mir im Winter mit ihrer W\u00e4rme und im Sommer mit ihrer K\u00fchle sehr geholfen. Dadurch schlafe ich jetzt viel besser.\nIch m\u00f6chte sie nicht mehr missen.\ud83d\ude0a\ud83d\udc4d\n\t\t\t\t<h4>Anneke<\/h4>\n\t\t\t\t&#8222;Bessere N\u00e4chte mit dem Matratzenk\u00fchler\nLetztes Jahr habe ich mir den Matratzenk\u00fchler gekauft. Ich bin jemand, dem nachts schnell (wirklich sehr schnell) hei\u00df wird, und im Sommer wird es bei mir zu Hause unglaublich hei\u00df. Der Matratzenk\u00fchler ist ein echter Gl\u00fccksfall. Sogar mein Whoop zeigt, dass ich besser schlafe und mich besser erhole, wenn ich mit dem Matratzenk\u00fchler schlafe. Einfach zu bedienen und relativ leise. Sehr zu empfehlen!&#8220;\n\t\t\t\t<h4>Nikita<\/h4>\n\t\t\t\t<p>&#8222;Ich habe die KOZ-E Sleep-Matratzenauflage nun seit 9 Monaten und bin wirklich sehr zufrieden damit. Was f\u00fcr eine Verbesserung! Ich schwitze nachts nicht mehr; die Temperatur ist genau richtig. Ich kann sie jedem empfehlen.&#8220;<\/p>\n\t\t\t\t<h4>Mark<\/h4>\n<h2>\n\t\t\tWas sagt ein Schlafexperte?\t<\/h2>\n\t\t\t\t&#8222;Als Schlafforscher wei\u00df ich, dass zu warm oder zu kalt eines der Hauptprobleme f\u00fcr einen guten Schlaf ist. Vor allem die Einschlaflatenz wird negativ beeinflusst; es dauert l\u00e4nger, bis man einschl\u00e4ft, wenn es im Bett zu warm oder zu kalt ist.\nDeshalb habe ich im Jahr 2023 KOZ-E Sleep getestet. Ich stellte fest, dass das Produkt ausgezeichnet funktioniert; sowohl das K\u00fchlen als auch das W\u00e4rmen waren sehr angenehm. KOZ-E Sleep kann dazu beitragen, dass man in warmen Sommer- und kalten Wintern\u00e4chten leichter einschl\u00e4ft und besser durchschl\u00e4ft.&#8220;\nThat&#8217;s why in 2023 I&#8217;ve tested the KOZ-E sleep. We see that the product performs well from a functional point of view; both cooling and warming works well and is comfortable. It can help you fall asleep more easy and better during a heatwave or a cold winter.&#8220;\n\t\t\t\t<h4>Geert<\/h4>\n<figure itemscope itemtype=\"https:\/\/schema.org\/ImageObject\">\n\t\t\t\t<img decoding=\"async\" src=\"https:\/\/kozeliving.com\/wp-content\/uploads\/2024\/05\/GEERT-DOORLAG.jpeg\" alt=\"GEERT DOORLAG\" height=\"896\" width=\"1600\" title=\"GEERT DOORLAG\" onerror=\"this.style.display='none'\" loading=\"lazy\" \/>\n\t<\/figure>\n\t<h6>GEERT DOORSLAG<\/h6>\n<p>Schlafforscher Koninglijke, Auping<\/p>\n\t<p>Geert Doorlag ist Forscher bei Royal Auping und besch\u00e4ftigt sich mit zwei strategischen Themen: Schlaf und Nachhaltigkeit. Ausgebildet an der Technischen Universit\u00e4t Delft als Industriedesigner (MSc 2008), arbeitet er seit 2009 bei Auping, zun\u00e4chst als Produktentwickler, dann als Test- und Validierungsingenieur und in den letzten Jahren als Forscher.<\/p>\n<h2>\n\t\t\tCoolSleep: Wache fit und frisch auf\t<\/h2>\n\t<h3>Entfessle das Potenzial eines Tiefschlafs und f\u00fchle dich wieder fit. Optimale Schlaftemperatur f\u00fcr Tiefschlaf<\/h3>\n\t<p>Ungest\u00f6rte N\u00e4chte mit Tiefschlaf sind f\u00fcr ein vitales Leben unverzichtbar.Du wachst jeden Tag voller frischer Energie auf. Bereit, das Beste aus deinem Leben zu machen.<\/p>\n\t\t<h4><a href=\"https:\/\/kozeliving.com\/de\/produkt\/bett-kuehler\/\" target=\"_self\">Bist du startklar, um wieder fit und frisch aufzuwachen?<\/a><\/h4><p>Probiere es aus und finde heraus, wie es deinen Tiefschlaf beeinflusst<\/p>\n\t\t\t<a href=\"https:\/\/kozeliving.com\/de\/produkt\/bett-kuehler\/\"  target=\"_self\">\n\t\t\t\t\t\t\tjetzt kaufen\n\t\t\t\t\t<\/a>\n<h5>\n\t\t\tCoolSleep Matratzenk\u00fchler FAQ\t<\/h5>\n\t\t\t\tWas ist der Unterschied zwischen REM-Schlaf und Tiefschlaf?\n\t\t\t\t\t<p>Obwohl beide f\u00fcr die Erholung wichtig sind, haben sie unterschiedliche Funktionen:<br \/>Tiefschlaf (physisch): Dies ist die Phase, in der dein K\u00f6rper Gewebe repariert, Zellen regeneriert und das Immunsystem st\u00e4rkt. Es ist die &#8222;Erhaltungsphase&#8220; f\u00fcr deine Muskeln und Organe.<br \/>REM-Schlaf (geistig): Der REM-Schlaf (Rapid Eye Movement) ist f\u00fcr dein Gehirn von entscheidender Bedeutung. Hier werden Erinnerungen gespeichert, Emotionen verarbeitet und deine Kreativit\u00e4t angeregt. Er sorgt f\u00fcr den &#8222;scharfen Blick&#8220; am n\u00e4chsten Tag.   <\/p>\n\t\t\t\tWoran liegt es, dass du keinen tiefen Schlaf bekommst?\n\t\t\t\t\t<p>Der gr\u00f6\u00dfte Feind des Tiefschlafs ist die Hitze. Wenn deine K\u00f6rpertemperatur nicht sinken kann, bleibt dein Nervensystem in einem erh\u00f6hten Wachheitszustand. Andere Ursachen sind Stress (Cortisol), blaues Licht vor dem Schlafengehen und Alkohol. Die thermodynamische K\u00fchlung durch CoolSleep hilft, die biologische Barriere der Hitze zu durchbrechen, damit du schneller in die Tiefschlafphase fallen kannst.   <\/p>\n\t\t\t\tWoher wei\u00df ich, ob ich genug Tiefschlaf hatte?\n\t\t\t\t\t<p>Subjektiv: Du wachst auf und f\u00fchlst dich k\u00f6rperlich stark und nicht benebelt.<\/p>\n<p>Objektiv (Biohacking): Verwende einen Tracker wie einen Oura-Ring, einen Whoop-Gurt oder eine Smartwatch. Diese messen deine Herzfrequenzvariabilit\u00e4t (HRV) und Bewegung, um deine Zeit im Tief- und REM-Schlaf genau zu verfolgen. CoolSleep-Nutzer sehen oft einen messbaren Anstieg dieser Werte.  <\/p>\n\t\t\t\tWann beginnt der Tiefschlaf und wann der REM-Schlaf?\n\t\t\t\t\t<p>Tiefschlaf: Dieser tritt haupts\u00e4chlich in der ersten H\u00e4lfte der Nacht auf. In dieser Phase legt dein K\u00f6rper den Schwerpunkt auf die k\u00f6rperliche Erholung. Deshalb ist die Abk\u00fchlung zu Beginn der Nacht so wichtig.  <\/p>\n<p>REM-Schlaf: Diese Phasen werden mit fortschreitender Nacht l\u00e4nger und treten vor allem in der zweiten H\u00e4lfte (den fr\u00fchen Morgenstunden) auf. Wenn du wegen der Hitze zu fr\u00fch aufwachst, opferst du deine wichtigste geistige Erholungszeit. <\/p>\n\t\t\t\tWie kann ich messen, ob sich meine Schlafqualit\u00e4t mit einer k\u00fchleren Matratze wirklich verbessert?\n\t\t\t\t\t<p>Der beste Weg, um die Auswirkungen des CoolSleep Matratzenk\u00fchlers auf deine Erholung zu \u00fcberpr\u00fcfen, sind objektive Daten:<br \/>Schlaf-Tracker (Wearables): Verwende einen Oura-Ring, einen Whoop-Gurt oder eine Smartwatch. Achte speziell auf die Zunahme der Minuten Tiefschlaf und REM-Schlaf. Eine k\u00fchlere Kerntemperatur f\u00fchrt oft direkt zu einem h\u00f6heren HRV-Wert (Heart Rate Variability).<br \/>Morgenwache: Achte auf deine Schlaftr\u00e4gheit. Wenn CoolSleep \u00fcbersch\u00fcssige W\u00e4rme effektiv ableitet, wachst du ohne Gehirnnebel auf und f\u00fchlst dich schon 15 Minuten nach dem Aufstehen munter und energiegeladen.<br \/>Analysiere Unterbrechungen: \u00dcberpr\u00fcfe dein Schlafdiagramm auf n\u00e4chtliches Aufwachen. Du wirst sehen, dass die Linie deines Schlafzyklus flacher und ununterbrochener wird, weil du nicht mehr durch Hitze oder Schwitzen aufwachst.    <\/p>\n\n","protected":false},"excerpt":{"rendered":"<p>CoolSleep Mit CoolSleep erreichst du die optimale Schlaftemperatur Schluss mit schlechtem Schlaf nach Sport &#8211; Optimiere deine Nachtruhe. entdecke CoolSleep CoolSleep k\u00f6rperlich und geistig wohltuend CoolSleep fit und frisch aufwachen CoolSleep Schlafe Besser und Tiefer Play Video Schluss mit schlechtem Schlaf nach Sport &#8211; Optimiere deine Nachtruhe. Die optimale Schlaftemperatur einstellen: Eine wichtige L\u00f6sung f\u00fcr&hellip;<\/p>\n","protected":false},"author":2,"featured_media":11143,"parent":0,"menu_order":0,"comment_status":"closed","ping_status":"closed","template":"","meta":{"_acf_changed":false,"inline_featured_image":false,"footnotes":""},"class_list":["post-13414","page","type-page","status-publish","has-post-thumbnail","hentry"],"acf":[],"_links":{"self":[{"href":"https:\/\/kozeliving.com\/de\/wp-json\/wp\/v2\/pages\/13414","targetHints":{"allow":["GET"]}}],"collection":[{"href":"https:\/\/kozeliving.com\/de\/wp-json\/wp\/v2\/pages"}],"about":[{"href":"https:\/\/kozeliving.com\/de\/wp-json\/wp\/v2\/types\/page"}],"author":[{"embeddable":true,"href":"https:\/\/kozeliving.com\/de\/wp-json\/wp\/v2\/users\/2"}],"replies":[{"embeddable":true,"href":"https:\/\/kozeliving.com\/de\/wp-json\/wp\/v2\/comments?post=13414"}],"version-history":[{"count":9,"href":"https:\/\/kozeliving.com\/de\/wp-json\/wp\/v2\/pages\/13414\/revisions"}],"predecessor-version":[{"id":14264,"href":"https:\/\/kozeliving.com\/de\/wp-json\/wp\/v2\/pages\/13414\/revisions\/14264"}],"wp:featuredmedia":[{"embeddable":true,"href":"https:\/\/kozeliving.com\/de\/wp-json\/wp\/v2\/media\/11143"}],"wp:attachment":[{"href":"https:\/\/kozeliving.com\/de\/wp-json\/wp\/v2\/media?parent=13414"}],"curies":[{"name":"wp","href":"https:\/\/api.w.org\/{rel}","templated":true}]}}