{"id":13402,"date":"2026-03-18T11:36:47","date_gmt":"2026-03-18T10:36:47","guid":{"rendered":"https:\/\/staging.kozeliving.com\/matratzenkuehler-die-effizienteste-loesung-zur-kuehlung-bei-stoerungen-der-koerpertemperaturregulierung\/"},"modified":"2026-04-09T11:55:29","modified_gmt":"2026-04-09T09:55:29","slug":"matratzen-kuehler-gegen-nachtschweiss","status":"publish","type":"page","link":"https:\/\/kozeliving.com\/de\/matratzen-kuehler-gegen-nachtschweiss\/","title":{"rendered":"CoolSleep:12\u00b0C Matratzen k\u00fchler gegen Nachtschwei\u00df &amp; Hitze-Endlich tief schlafen!"},"content":{"rendered":"\n<h2>\n\t\t\tCoolSleep\t<\/h2>\n<h1>\n\t\t\tMatratzen k\u00fchler: Die aktive<br \/>L\u00f6sung gegen Nachtschwei\u00df<br \/>f\u00fcr sp\u00fcrbar trockenere N\u00e4chte\t<\/h1>\n\t\t\t<a href=\"https:\/\/kozeliving.com\/de\/produkt\/bett-kuehler\/\"  target=\"_self\">\n\t\t\t\t\t\t\tentdecke Coolsleep\u00ae\n\t\t\t\t\t<\/a>\n\t\t\t\t\t\t\t<img decoding=\"async\" src=\"https:\/\/kozeliving.com\/wp-content\/uploads\/2026\/03\/icoon-slaap-beter-dieper-grey.png\" alt=\"icoon - slaap beter &amp; dieper - grey\" width=\"568\" height=\"568\" title=\"\">\n\t\t\t\t\t\t<h4>CoolSleep<\/h4>\t\t\t\t\t\n\t\t\t\t\t<p>Schneller und tiefer einschlafen<\/p>\t\t\t\t\n\t\t\t\t\t\t\t<img decoding=\"async\" src=\"https:\/\/kozeliving.com\/wp-content\/uploads\/2026\/02\/icoon-gezond-grey.png\" alt=\"icoon gezond grey\" width=\"285\" height=\"284\" title=\"\">\n\t\t\t\t\t\t<h4>CoolSleep<\/h4>\t\t\t\t\t\n\t\t\t\t\t<p>Ihr Begleiter f\u00fcr endlich erholsamen Schlaf.<\/p>\t\t\t\t\n\t\t\t\t\t\t\t<img decoding=\"async\" src=\"https:\/\/kozeliving.com\/wp-content\/uploads\/2026\/02\/icoon-verkoelt-en-verwarmt-grey.png\" alt=\"icoon - verkoelt en verwarmt - grey\" width=\"568\" height=\"567\" title=\"\">\n\t\t\t\t\t\t<h4>CoolSleep<\/h4>\t\t\t\t\t\n\t\t\t\t\t<p>Immer das perfekte Bettklima &#8211; exakt nach Ihren W\u00fcnschen.<\/p>\t\t\t\t\n\t<iframe allowfullscreen allow=\"autoplay\" data-src=\"https:\/\/www.youtube-nocookie.com\/embed\/ZabyXw_AXZw?feature=oembed&amp;autoplay=1&amp;playlist=ZabyXw_AXZw&amp;start=3&amp;end=15&amp;wmode=opaque&amp;loop=1&amp;controls=1&amp;mute=1&amp;rel=0&amp;modestbranding=1\"><\/iframe>\t\t\n\t\t\t\t\tPlay Video\n<h2>\n\t\t\tBring deinen K\u00f6rperthermostat ins Gleichgewicht: F\u00fcr N\u00e4chte ohne st\u00e4ndiges Auf und Ab.\t<\/h2>\n<h3>\n\t\t\tSind Sie es leid, dass die \u201ethermische Achterbahn&#8220; Ihnen die Nachtruhe raubt?\t<\/h3>\n\tDu gehst zu Bett und hoffst auf Erholung, aber dein K\u00f6rper hat andere Pl\u00e4ne. Innerhalb weniger Stunden bist du in einem Kreislauf gefangen: Zuerst eine Hitzewelle, die dich klatschnass zur\u00fcckl\u00e4sst, gefolgt von pl\u00f6tzlicher, fr\u00f6stelnder K\u00e4lte, sobald der Schwei\u00df verdunstet.\nDabei geht es nicht nur darum, dass dir warm ist &#8211; es geht darum, dass dein K\u00f6rperthermostat im Schlaf au\u00dfer Kontrolle geraten ist. Das ist ersch\u00f6pfend. Mit KOZ-E CoolSleep \u00fcbernimmst du die Kontrolle \u00fcber deine K\u00f6rpertemperatur zur\u00fcck.\n\t\t<h5>\u00dcbernimm die Kontrolle \u00fcber deine K\u00f6rpertemperatur <\/h5>\n\t\t<p>Bestimmen Sie Ihre Wunschtemperatur und genie\u00dfen Sie eine konstant k\u00fchle Matratze &#8211; die ganze Nacht.<\/p>\n\t\t\t<a href=\"https:\/\/kozeliving.com\/de\/coolsleep-bett-kuehler\/\"  target=\"_self\">\n\t\t\t\t\t\t\tmehr \u00fcber CoolSleep\n\t\t\t\t\t<\/a>\n<h2>\n\t\t\tEntdecken Sie die kOZ-E CoolSleep\u2122 Technologie: Ihre L\u00f6sung f\u00fcr ungest\u00f6rten Schlaf\t<\/h2>\n<h3>\n\t\t\tStelle deine ideale Schlaftemperatur ein, um schneller einzuschlafen und l\u00e4nger im Tiefschlaf zu bleiben.\t<\/h3>\n\t<p>Erleben Sie die effizienteste K\u00fchlungsl\u00f6sung f\u00fcr Ihre Nachtruhe. Mit der kOZ-E CoolSleep\u2122 Technologie geh\u00f6rt ein unterbrochener Schlaf der Vergangenheit an. Stellen Sie Ihre ideale Schlaftemperatur gradgenau ein, um schneller, einzuschlafen und deutlich l\u00e4nger in der Tiefschlafphase zu bleiben. W\u00e4hrend die optimale Temperatur f\u00fcr die meisten Menschen bei 18 bis 19 Grad liegt, erm\u00f6glicht,Ihnen unsere aktive Matratzen k\u00fchlung eine Abk\u00fchlung auf bis zu 12 Grad &#8211; perfekt f\u00fcr hei\u00dfe Sommern\u00e4chte oder starke Hitzewallungen. CoolSleep ist Ihr Schlafsystem, das sich das ganze Jahr \u00fcber Ihren Bed\u00fcrfnissen anpasst. Wachen Sie voller Energie auf und genie\u00dfen Sie den Tag &#8211; ohne die Ersch\u00f6pfung durch Nachtschwei\u00df.<\/p>\n\t\t<h5>CoolSleep: Passt sich deiner Temperatur das ganze Jahr \u00fcber an<\/h5>\n\t\t\t<a href=\"https:\/\/kozeliving.com\/de\/coolsleep-matratzenkuehlung\/\"  target=\"_self\">\n\t\t\t\t\t\t\tentdecke die Technik\n\t\t\t\t\t<\/a>\n<h2>\n\t\t\tCoolSleep Matratzen k\u00fchler: Die effektivste L\u00f6sung gegen Hitzewallungen\t<\/h2>\n<h3>\n\t\t\tBefreien Sie sich von n\u00e4chtlicher Hitze &#8211; f\u00fcr einen endlich ungest\u00f6rten Schlaf. \t<\/h3>\n\tF\u00fcr viele Frauen f\u00fchlen sich die Wechseljahre wie ein st\u00e4ndiger Kampf mit der eigenen K\u00f6rpertemperatur an. Pl\u00f6tzliche Hitzewallungen und starke n\u00e4chtliche Schwei\u00dfausbr\u00fcche machen einen erholsamen Schlaf oft unm\u00f6glich. Wenn dein k\u00f6rpereigener Thermostat aufgrund hormoneller Ver\u00e4nderungen schwankt, schenkt dir die KOZ-E CoolSleep\u2122 Matratzenk\u00fchlung de Stabilit\u00e4t, die du brauchst.\nAnstatt verschwitzt und fr\u00f6stelnd aufzuwachen, absorbiert unsere aktive Wasserk\u00fchlung \u00fcbersch\u00fcssige W\u00e4rme sofort. Erlebe den Komfort eines Bettes, das auch in den schwierigsten N\u00e4chten trocken und k\u00fchl bleibt. Es ist nie zu sp\u00e4t, dir Unterst\u00fctzung zu holen, wenn die Temperaturregulierung deines K\u00f6rpers in den Wechseljahren Kopf steht. Hol dir deine Nachtruhe zur\u00fcck!\n\t\t<h5><a href=\"https:\/\/kozeliving.com\/de\/produkt\/bett-kuehler\/\" target=\"_self\">Entferne die Hitze und finde Linderung bei Hitzewallungen in den Wechseljahren<\/a><\/h5><p>Teste CoolSleep zu Hause f\u00fcr 30 N\u00e4chte. Nicht zufrieden? Geld zur\u00fcck.<\/p>\n\t\t\t<a href=\"https:\/\/kozeliving.com\/de\/produkt\/bett-kuehler\/\"  target=\"_self\">\n\t\t\t\t\t\t\tStarte deinen 30-Tage-Test\n\t\t\t\t\t<\/a>\n<h2>\n\t\t\tCoolSleep\u2122: Ihr Partner f\u00fcr thermisches Gleichgewicht\t<\/h2>\n<h3>\n\t\t\tF\u00fcr ungest\u00f6rten Schlaf und pr\u00e4zise W\u00e4rmeregulierung.\t<\/h3>\n\t<p>Wenn Ihr K\u00f6rper nicht mehr in der Lage ist, seine eigene Temperatur eigenst\u00e4ndig te regulieren, wird echte Erholung zur Herausforderung. Das Koz-e CoolSleep fungiert als externer Partner, der diesen Prozess f\u00fcr dich \u00fcbernimmt. Indem es die nat\u00fcrlichen Schwankungen Ihres K\u00f6rpers aufnimmt und stabilisiert, schafft es eine konstante Umgebung f\u00fcr ungest\u00f6rten Schlaf. Wir erg\u00e4nzen dort, wo die eigene Biologie an ihre Grenzen st\u00f6\u00dft. Finden Sie das Gleichgewicht wieder, das Sie f\u00fcr eine gesunde Nachtruhe ben\u00f6tigen.<\/p>\n\t\t<h5><a href=\"https:\/\/kozeliving.com\/de\/wissenschaftliche-beweise\/\" target=\"_self\">Schluss mit St\u00f6rungen der K\u00f6rpertemperaturregulierung<\/a><\/h5><p>Von Schlafexperten anerkannt und mit einer 3-Jahres-Garantie versehen.<\/p>\n\t\t\t<a href=\"https:\/\/kozeliving.com\/de\/wissenschaftliche-beweise\/\"  target=\"_self\">\n\t\t\t\t\t\t\tDie Wissenschaft hinter CoolSleep\n\t\t\t\t\t<\/a>\n<h2>\n\t\t\tDie k\u00fchlende Kraft des Wassers: Nat\u00fcrliche Effizienz f\u00fcr Ihr Schlafklima\t<\/h2>\n<h3>\n\t\t\tErlebe die nat\u00fcrliche Effizienz eines wassergek\u00fchlten Schlafsystems zur W\u00e4rmeregulierung, von 12\u00b0C bis 48\u00b0C.\t<\/h3>\n\tMit KOZ-E CoolSleep\u2122 hast du die volle Kontrolle \u00fcber dein Bettklima und kannst es ganz einfach direkt vom Bett aus bedienen. Die fl\u00fcsterleise Matratzen-K\u00fchleinheit neben deinem Bett pumpt gek\u00fchltes Wasser durch die wassergek\u00fchlte Matratzenauflage.\nDa Wasser W\u00e4rme 25-mal effizienter leitet als Luft, ist dies die effektivste L\u00f6sung, um \u00fcbersch\u00fcssige K\u00f6rperw\u00e4rme direkt abzuleiten. Genie\u00dfe ein konstant temperiertes Bett, das sich genau deinen Bed\u00fcrfnissen anpasst &#8211; leise, kraftvoll und nat\u00fcrlich.\n<h2>\n\t\t\t Fernsteuerung vom Bett aus\t<\/h2>\n<h3>\n\t\t\tKomplette Klimakontrolle f\u00fcr dein Bett\t<\/h3>\n\t<p>Steuere CoolSleep mit der praktischen Fernbedienung, ohne aus dem Bett aufzustehen. Die kompakte Steuereinheit erledigt ihre Aufgabe aus angemessener Entfernung. Du kannst dich auf sie verlassen.<\/p>\n\t\t\t<a href=\"\"  target=\"_self\">\n\t\t\t\t\t\t\t30 N\u00e4chte lang risikofrei testen\n\t\t\t\t\t<\/a>\n\t\t\t<a href=\"\"  target=\"_self\">\n\t\t\t\t\t\t\t3 Jahre Garantie\n\t\t\t\t\t<\/a>\n\t\t\t<a href=\"\"  target=\"_self\">\n\t\t\t\t\t\t\tNiederl\u00e4ndisches Unternehmen\n\t\t\t\t\t<\/a>\n\t\t\t<a href=\"\"  target=\"_self\">\n\t\t\t\t\t\t\tSchnelle Lieferung\n\t\t\t\t\t<\/a>\n<figure itemscope itemtype=\"https:\/\/schema.org\/ImageObject\">\n\t\t\t\t<img decoding=\"async\" src=\"https:\/\/kozeliving.com\/wp-content\/uploads\/2026\/03\/Firefly_could-you-add-a-beter-quality-bed-frame-white-wooden-looks-more-nice-the-rest-all-596564-1.png\" alt=\"Firefly_could you add a beter quality bed frame, white wooden, looks more nice, the rest all 596564 (1)\" height=\"848\" width=\"1264\" title=\"Firefly_could you add a beter quality bed frame, white wooden, looks more nice, the rest all 596564 (1)\" onerror=\"this.style.display='none'\" loading=\"lazy\" \/>\n\t<\/figure>\n\t\t<h5><a href=\"https:\/\/kozeliving.com\/de\/produkt\/bett-kuehler\/\" target=\"_self\">Bist du bereit f\u00fcr CoolSleep-N\u00e4chte?<\/a><\/h5><p>Probiere es aus und sieh, wie es deinen Tiefschlaf beeinflusst:<\/p>\n<ul>\n<li>30 N\u00e4chte lang risikofrei testen<\/li>\n<li>3 Jahre Garantie<\/li>\n<li>Niederl\u00e4ndisches Unternehmen<\/li>\n<li>Schnelle Lieferung<\/li>\n<\/ul>\n\n\t\t\t<a href=\"https:\/\/kozeliving.com\/de\/produkt\/bett-kuehler\/\"  target=\"_self\">\n\t\t\t\t\t\t\tJetzt kaufen\n\t\t\t\t\t<\/a>\n<h2>CoolSleep Bett k\u00fchler<\/h2>\n<p><bdi>&euro;735.00<\/bdi><\/p>\n\t<p>Die aktive Matratzenauflage k\u00fchlend mit pr\u00e4ziser Temperaturregulierung zwischen 12 \u00b0C und 48 \u00b0C f\u00fcr jede Nacht.<\/p>\n\t<a \n\t\thref=\"https:\/\/kozeliving.com\/de\/produkt-kategorie\/coolsleep\/\" \n\t\ttarget=\"_self\" \n\t\t\t\tclass=\"button woopack-product-button woopack-product-button-custom\">\n\t\tmehr Infos\t<\/a>\n  <!-- product-content -->\n\t\t\t <!-- summary -->\n\t\t <!-- woopack-single-product -->\n\t\t<figure itemscope itemtype=\"https:\/\/schema.org\/ImageObject\">\n\t\t\t\t<img decoding=\"async\" src=\"https:\/\/kozeliving.com\/wp-content\/uploads\/2026\/04\/Cool-bed.jpg\" alt=\"Cool bed\" height=\"1696\" width=\"2528\" title=\"Cool bed\" onerror=\"this.style.display='none'\" loading=\"lazy\" \/>\n\t<\/figure>\n<h5>\n\t\t\tKompakt und m\u00fchelos, passt in jedes Bett\t<\/h5>\n<h3>\n\t\t\tEin weiches K\u00fchlkissen, das die ganze Nacht \u00fcber bequem bleibt\t<\/h3>\n\t<p>Wir haben genau das Richtige f\u00fcr Sie. Egal, ob Sie eine Einzelmatratze, ein franz\u00f6sisches Bett of een Kingsize-Bett haben &#8211; unsere k\u00fchlenden Matratzenauflagen passen perfekt.<br \/>Mit einer Standardbreite von 90 cm (35 Zoll) ist das kOZ-E cooLsleep\u2122 so konzipiert, dass es auf jede Matratzengr\u00f6\u00dfe passt. Genie\u00dfen Sie k\u00fchlen und komfortablen Schlaf, unabh\u00e4ngig von Ihrer Bettgr\u00f6\u00dfe.  <\/p>\n\t\t\n\t\t<p>M\u00f6chtest du mehr \u00fcber die Vorteile von KOZ-E CoolSleep erfahren?<\/p>\n\t\t\t<a href=\"https:\/\/kozeliving.com\/de\/coolsleep-bett-kuehler\/\"  target=\"_self\">\n\t\t\t\t\t\t\tCoolSleep Vorteile\n\t\t\t\t\t<\/a>\n\t\t\t\t\t\t\t\t\t\t<button type=\"button\" id=\"fl-accordion--icon-0\" aria-expanded=\"true\" aria-controls=\"fl-accordion--panel-0\"><i>Collapse<\/i><\/button>\n\t\t\t\t\t<h4 id=\"fl-accordion--label-0\">Vorteile f\u00fcr dich<\/h4>\n\t\t\t\t\t<ul>\n<li>Schneller einschlafen, selbst an hei\u00dfen Sommertagen.<\/li>\n<li>Tiefer und ungest\u00f6rter Schlaf &#8211; das ganze Jahr \u00fcber.<\/li>\n<li>Individueller Komfort: Stellen Sie Ihre Wunschtemperatur pr\u00e4zise ab 12 Grad ein.<\/li>\n<\/ul>\n\t\t\t\t\t\t\t\t\t\t<button type=\"button\" id=\"fl-accordion--icon-1\" aria-expanded=\"false\" aria-controls=\"fl-accordion--panel-1\"><i>Expand<\/i><\/button>\n\t\t\t\t\t<h4 id=\"fl-accordion--label-1\">Hauptmerkmale<\/h4>\n\t\t\t\t\t<ul>\n<li>Effiziente W\u00e4rmeableitung: Unser Hochleistungs-Wasserk\u00fchlsystem leitet \u00fcbersch\u00fcssige W\u00e4rme direkt von Ihrem K\u00f6rper ab.<\/li>\n<li>Fl\u00fcsterleiser Betrieb: Ger\u00e4uscharm konzipiert f\u00fcr einen ungest\u00f6rten und tiefen Schlaf.<\/li>\n<li>Weich gepolsterte Auflage f\u00fcr ein angenehmes Liegegef\u00fchl.<\/li>\n<li>Vormontierte Spanngurte, die auf jede Matratzengr\u00f6\u00dfe passen.<\/li>\n<li>Gro\u00dfer Wassertank mit automatischer Warnanzeige bei Wassermangel.<\/li>\n<li>Langlebiges Design: Hochwertige Verarbeitung f\u00fcr jahrelange Zuverl\u00e4ssigkeit.<\/li>\n<li>Ganzj\u00e4hrig nutzbar: Verwenden Sie das System auch im Winter &#8211; es w\u00e4rmt Sie in kalten N\u00e4chten zuverl\u00e4ssig bis zu 48\u00b0C.<\/li>\n<\/ul>\n\t\t\t\t\t\t\t\t\t\t<button type=\"button\" id=\"fl-accordion--icon-2\" aria-expanded=\"false\" aria-controls=\"fl-accordion--panel-2\"><i>Expand<\/i><\/button>\n\t\t\t\t\t<h4 id=\"fl-accordion--label-2\">KOZ-E<\/h4>\n\t\t\t\t\t<ul>\n<li>Einfachheit der Nutzung<\/li>\n<li>Verl\u00e4sslichkeit<\/li>\n<li>Komfort<\/li>\n<\/ul>\n\t\t\t\t\t\t\t\t\t\t<button type=\"button\" id=\"fl-accordion--icon-3\" aria-expanded=\"false\" aria-controls=\"fl-accordion--panel-3\"><i>Expand<\/i><\/button>\n\t\t\t\t\t<h4 id=\"fl-accordion--label-3\">CoolSleep von KOZ-E<\/h4>\n\t\t\t\t\t<h4>Der Matratzen k\u00fchler, der dich in warmen N\u00e4chten angenehm k\u00fchl h\u00e4lt<\/h4>\n<p>Da bekommt man richtig Lust, ins Bett zu gehen.<\/p>\n<ul>\n<li>Leistungsstark und fl\u00fcsterleise<\/li>\n<li>Komfortabel und einfach<\/li>\n<li>Passt auf jedes Bett<\/li>\n<\/ul>\n<h4>Produktvorteile:<\/h4>\n<ul>\n<li>Effiziente W\u00e4rmeableitung: Unser Hochleistungs-Wasserk\u00fchlsystem leitet \u00fcbersch\u00fcssige W\u00e4rme direkt von Ihrem K\u00f6rper ab.<\/li>\n<li>Fl\u00fcsterleiser Betrieb f\u00fcr ungest\u00f6rten Schlaf<\/li>\n<li>Weich gepolsterte Auflage f\u00fcr ein angenehmes Liegegef\u00fchl.<\/li>\n<li>Vormontierte Spanngurte, die auf jede Matratzengr\u00f6\u00dfe passen.<\/li>\n<li>Gro\u00dfer Wassertank mit automatischer Warnanzeige bei Wassermangel.<\/li>\n<li>Langlebiges Design: Hochwertige Verarbeitung f\u00fcr jahrelange Zuverl\u00e4ssigkeit.<\/li>\n<li>Use it in winter:it also warms on cold nights<\/li>\n\n<\/ul>\n\t\t<h2><a href=\"https:\/\/nl.trustpilot.com\/review\/kozeliving.com\" target=\"_self\">Echte Erfahrungen:<\/a><\/h2><p>Das sagt unsere Community nach mehr als 6 Monaten mit kOZ-E CoolSleep\u2122<\/p>\n\t\t\t<a href=\"https:\/\/nl.trustpilot.com\/review\/kozeliving.com\"  target=\"_self\">\n\t\t\t\t\t\t\tMehr Bewertungen lesen\n\t\t\t\t\t<\/a>\n\t\t\t\tTop-Produkt \nDiese Matratze hat mir im Winter mit ihrer W\u00e4rme und im Sommer mit ihrer K\u00fchle sehr geholfen. Dadurch schlafe ich jetzt viel besser.\nIch m\u00f6chte sie nicht mehr missen.\ud83d\ude0a\ud83d\udc4d\n\t\t\t\t<h4>Anneke<\/h4>\n\t\t\t\t&#8222;Bessere N\u00e4chte mit dem Matratzenk\u00fchler\nLetztes Jahr habe ich mir den Matratzenk\u00fchler gekauft. Ich bin jemand, dem nachts schnell (wirklich sehr schnell) hei\u00df wird, und im Sommer wird es bei mir zu Hause unglaublich hei\u00df. Der Matratzenk\u00fchler ist ein echter Gl\u00fccksfall. Sogar mein Whoop zeigt, dass ich besser schlafe und mich besser erhole, wenn ich mit dem Matratzenk\u00fchler schlafe. Einfach zu bedienen und relativ leise. Sehr zu empfehlen!&#8220;\n\t\t\t\t<h4>Nikita<\/h4>\n\t\t\t\t<p>&#8222;Ich habe die KOZ-E Sleep-Matratzenauflage nun seit 9 Monaten und bin wirklich sehr zufrieden damit. Was f\u00fcr eine Verbesserung! Ich schwitze nachts nicht mehr; die Temperatur ist genau richtig. Ich kann sie jedem empfehlen.&#8220;<\/p>\n\t\t\t\t<h4>Mark<\/h4>\n<h2>\n\t\t\tWas sagt ein Schlafexperte?\t<\/h2>\n\t\t\t\t&#8222;Als Schlafforscher wei\u00df ich, dass zu warm oder zu kalt eines der Hauptprobleme f\u00fcr einen guten Schlaf ist. Vor allem die Einschlaflatenz wird negativ beeinflusst; es dauert l\u00e4nger, bis man einschl\u00e4ft, wenn es im Bett zu warm oder zu kalt ist.\nDeshalb habe ich im Jahr 2023 KOZ-E Sleep getestet. Ich stellte fest, dass das Produkt ausgezeichnet funktioniert; sowohl das K\u00fchlen als auch das W\u00e4rmen waren sehr angenehm. KOZ-E Sleep kann dazu beitragen, dass man in warmen Sommer- und kalten Wintern\u00e4chten leichter einschl\u00e4ft und besser durchschl\u00e4ft.&#8220;\nThat&#8217;s why in 2023 I&#8217;ve tested the KOZ-E sleep. We see that the product performs well from a functional point of view; both cooling and warming works well and is comfortable. It can help you fall asleep more easy and better during a heatwave or a cold winter.&#8220;\n\t\t\t\t<h4>Geert<\/h4>\n<figure itemscope itemtype=\"https:\/\/schema.org\/ImageObject\">\n\t\t\t\t<img decoding=\"async\" src=\"https:\/\/kozeliving.com\/wp-content\/uploads\/2024\/05\/GEERT-DOORLAG.jpeg\" alt=\"GEERT DOORLAG\" height=\"896\" width=\"1600\" title=\"GEERT DOORLAG\" onerror=\"this.style.display='none'\" loading=\"lazy\" \/>\n\t<\/figure>\n\t<h6>GEERT DOORSLAG<\/h6>\n<p>Schlafforscher Koninglijke, Auping<\/p>\n\t<p>Geert Doorlag ist Forscher bei Royal Auping und besch\u00e4ftigt sich mit zwei strategischen Themen: Schlaf und Nachhaltigkeit. Ausgebildet an der Technischen Universit\u00e4t Delft als Industriedesigner (MSc 2008), arbeitet er seit 2009 bei Auping, zun\u00e4chst als Produktentwickler, dann als Test- und Validierungsingenieur und in den letzten Jahren als Forscher.<\/p>\n<h2>\n\t\t\tEndlich! \u00dcbernehmen Sie die Kontrolle \u00fcber Ihre K\u00f6rpertemperatur und wachen Sie erholt auf.\t<\/h2>\n<h3>\n\t\t\tEntdecke die Kraft von CoolSleep und f\u00fchle dich wieder gro\u00dfartig.\t<\/h3>\n\t<p>Unsere Leidenschaft bei KOZ-E ist deine Gesundheit. Wir streben nach Innovation, um dir das Wohlbefinden zu geben, das du verdienst. Lebe nicht einfach mit einem gest\u00f6rten Thermostat &#8211; schlie\u00dfe die L\u00fccke mit einer Technologie, die f\u00fcr deine Genesung entwickelt wurde. Werde Teil der KOZ-E-Familie und hol dir noch heute deine N\u00e4chte zur\u00fcck.<\/p>\n\t\t<h4><a href=\"https:\/\/kozeliving.com\/de\/produkt\/bett-kuehler\/\" target=\"_self\">Bereit f\u00fcr das CoolSleep-Erlebnis?<\/a><\/h4><p>Probieren du es aus und erlebe selbst, wie es deinen Tiefschlaf verbessert.<\/p>\n\t\t\t<a href=\"https:\/\/kozeliving.com\/de\/produkt\/bett-kuehler\/\"  target=\"_self\">\n\t\t\t\t\t\t\tCoolSleep risikofrei testen\n\t\t\t\t\t<\/a>\n<h2>\n\t\t\tCoolSleep Matratzenk\u00fchler FAQ\t<\/h2>\n\t\t\t\t<h2>Wie hilft kOZ-E cooLsleep\u2122 bei St\u00f6rungen der K\u00f6rpertemperaturregulierung?<\/h2>\n\t\t\t\t\t<p>Wenn du an einer St\u00f6rung der K\u00f6rpertemperaturregulierung leidest, kann der interne Thermostat deines Gehirns deinem K\u00f6rper nicht signalisieren, sich richtig abzuk\u00fchlen oder aufzuw\u00e4rmen. Die CoolSleep Matratzenk\u00fchlung fungiert als wichtiger externer Regler.<br \/>Anstatt sich auf die ineffizienten Signale deines K\u00f6rpers zu verlassen, nutzt unser System eine hochwertige Wasserzirkulation, um eine konstante, voreingestellte Temperatur zu halten. Indem es aktiv \u00fcbersch\u00fcssige W\u00e4rme direkt von deiner Haut aufnimmt, gleicht es die Unf\u00e4higkeit deines K\u00f6rpers aus, sich selbst zu regulieren. Das sorgt f\u00fcr die thermische Stabilit\u00e4t, die deine Biologie nicht mehr bieten kann, und erm\u00f6glicht es dir, die ganze Nacht in einem tiefen, erholsamen Schlafzustand zu bleiben.   <\/p>\n\t\t\t\t<h2>Hitzeintoleranz: Was funktioniert wirklich und was nicht?<\/h2>\n\t\t\t\t\tDie kurze Antwort: Bei echter Hitzeintoleranz helfen oberfl\u00e4chliche L\u00f6sungen wie Ventilatoren oder herk\u00f6mmliche Gel-Matratzentopper kaum, da sie die K\u00f6rperw\u00e4rme nicht aktiv ableiten.\n<ul data-path-to-node=\"5\">\n<li>\nWas NICHT funktioniert: * Ventilatoren: Bewegen nur warme Luft, senken aber nicht die K\u00f6rperkerntemperatur.\n<ul data-path-to-node=\"5,0,1\">\n<li>\nPassive Gel-Topper: Diese nehmen K\u00f6rperw\u00e4rme auf, speichern sie jedoch und strahlen sie nach kurzer Zeit wieder zur\u00fcck (\u201eW\u00e4rmestau&#8220;).\n<\/li>\n<\/ul>\n<\/li>\n<li>\nWas WIRKLICH funktioniert: * Aktive Thermoregulation: Nur ein System, das W\u00e4rme aktiv vom K\u00f6rper ableitet (wie die wassergef\u00fchrte Technologie von kOZ-E cooLsleep), kann den \u201eThermostat&#8220; Ihres K\u00f6rpers stabilisieren. Wasser leitet W\u00e4rme 25-mal effizienter als Luft und sorgt so f\u00fcr eine konstante Tiefk\u00fchlung, die den Tiefschlaf erm\u00f6glicht.\n<\/li>\n<\/ul>\n\t\t\t\t<h2>Warum kann mein K\u00f6rper meine K\u00f6rpertemperatur nicht richtig regulieren?<\/h2>\n\t\t\t\t\t<b data-path-to-node=\"4\" data-index-in-node=\"0\">Die kurze Antwort:<\/b> Eine gest\u00f6rte Thermoregulation kann viele Ursachen haben. Oft liegt es daran, dass der \u201einterne Thermostat&#8220; im Gehirn (der Hypothalamus) fehlerhafte Signale sendet oder die Schwei\u00dfdr\u00fcsen und Blutgef\u00e4\u00dfe nicht schnell genug auf Temperaturschwankungen reagieren.\n<b data-path-to-node=\"5\" data-index-in-node=\"0\">Die h\u00e4ufigsten Gr\u00fcnde:<\/b>\n<ul data-path-to-node=\"6\">\n<li>\n<b data-path-to-node=\"6,0,0\" data-index-in-node=\"0\">Hormonelle Umstellungen:<\/b> Besonders in den <b data-path-to-node=\"6,0,0\" data-index-in-node=\"42\">Wechseljahren<\/b> (Menopause) sorgt ein sinkender \u00d6strogenspiegel daf\u00fcr, dass der K\u00f6rper f\u00e4lschlicherweise \u201e\u00dcberhitzung&#8220; meldet.\n<\/li>\n<li>\n<b data-path-to-node=\"6,1,0\" data-index-in-node=\"0\">Neurologische Ursachen:<\/b> Stress, Schlafmangel oder Erkrankungen des Nervensystems k\u00f6nnen die nat\u00fcrliche Temperatursteuerung st\u00f6ren.\n<\/li>\n<li>\n<b data-path-to-node=\"6,2,0\" data-index-in-node=\"0\">Medikamente &amp; Lebensstil:<\/b> Bestimmte Medikamente oder eine \u00dcberreizung des K\u00f6rpers erschweren die n\u00e4chtliche Abk\u00fchlung.\n<\/li>\n<\/ul>\n<b data-path-to-node=\"7\" data-index-in-node=\"0\">Die L\u00f6sung:<\/b> Wenn die interne Regulierung versagt, ben\u00f6tigt der K\u00f6rper Unterst\u00fctzung von au\u00dfen. Ein <b data-path-to-node=\"7\" data-index-in-node=\"99\">aktiver Matratzenk\u00fchler<\/b> \u00fcbernimmt die Stabilisierung Ihrer K\u00f6rpertemperatur, damit Sie nicht mehr in der \u201ethermischen Achterbahn&#8220; gefangen sind.\n\t\t\t\t<h2>Kann die CoolSleep Matratzenk\u00fchlung meinen Hypothalamus im Schlaf &#8222;zur\u00fccksetzen&#8220;?<\/h2>\n\t\t\t\t\tNein, ein Matratzenk\u00fchler kann den Hypothalamus (die Steuerzentrale im Gehirn) nicht medizinisch \u201eneu programmieren&#8220;. Aber: Er \u00fcbernimmt dessen wichtigste Aufgabe, wenn dieser versagt.\n<b data-path-to-node=\"5\" data-index-in-node=\"0\">Die Erkl\u00e4rung:<\/b> Wenn Ihr Hypothalamus aufgrund von <b data-path-to-node=\"5\" data-index-in-node=\"50\">Hormonschwankungen<\/b> (z. B. in den Wechseljahren) oder Stress fehlerhafte Signale sendet, ger\u00e4t Ihr K\u00f6rper in die \u201ethermische Achterbahn&#8220;.\n<ul data-path-to-node=\"6\">\n<li>\n<b data-path-to-node=\"6,0,0\" data-index-in-node=\"0\">Die Entlastung:<\/b> kOZ-E cooLsleep\u2122 fungiert als <b data-path-to-node=\"6,0,0\" data-index-in-node=\"46\">externer Thermostat<\/b>. Anstatt dass Ihr K\u00f6rper vergeblich versucht, sich durch Schwei\u00dfausbr\u00fcche abzuk\u00fchlen, sorgt das System f\u00fcr eine konstante, k\u00fchle Umgebung.\n<\/li>\n<li>\n<b data-path-to-node=\"6,1,0\" data-index-in-node=\"0\">Der Erholungseffekt:<\/b> Durch die stabile Temperatur wird Ihr Nervensystem beruhigt. Das verhindert die typischen Panikreaktionen des K\u00f6rpers (Herzrasen, Aufwachen durch Hitze), sodass Sie in der <b data-path-to-node=\"6,1,0\" data-index-in-node=\"193\">Tiefschlafphase<\/b> bleiben.\n<\/li>\n<li>\n<b data-path-to-node=\"6,2,0\" data-index-in-node=\"0\">Das Ergebnis:<\/b> Sie wachen nicht \u201egeheilt&#8220;, aber <b data-path-to-node=\"6,2,0\" data-index-in-node=\"47\">maximal erholt<\/b> auf, da Ihr K\u00f6rper die Nacht nicht mit dem Kampf gegen die Hitze verschwendet hat.\n<\/li>\n<\/ul>\n\n","protected":false},"excerpt":{"rendered":"<p>CoolSleep Matratzen k\u00fchler: Die aktiveL\u00f6sung gegen Nachtschwei\u00dff\u00fcr sp\u00fcrbar trockenere N\u00e4chte entdecke Coolsleep\u00ae CoolSleep Schneller und tiefer einschlafen CoolSleep Ihr Begleiter f\u00fcr endlich erholsamen Schlaf. CoolSleep Immer das perfekte Bettklima &#8211; exakt nach Ihren W\u00fcnschen. Play Video Bring deinen K\u00f6rperthermostat ins Gleichgewicht: F\u00fcr N\u00e4chte ohne st\u00e4ndiges Auf und Ab. Sind Sie es leid, dass die \u201ethermische&hellip;<\/p>\n","protected":false},"author":2,"featured_media":13737,"parent":0,"menu_order":0,"comment_status":"closed","ping_status":"closed","template":"","meta":{"_acf_changed":false,"inline_featured_image":false,"footnotes":""},"class_list":["post-13402","page","type-page","status-publish","has-post-thumbnail","hentry"],"acf":[],"_links":{"self":[{"href":"https:\/\/kozeliving.com\/de\/wp-json\/wp\/v2\/pages\/13402","targetHints":{"allow":["GET"]}}],"collection":[{"href":"https:\/\/kozeliving.com\/de\/wp-json\/wp\/v2\/pages"}],"about":[{"href":"https:\/\/kozeliving.com\/de\/wp-json\/wp\/v2\/types\/page"}],"author":[{"embeddable":true,"href":"https:\/\/kozeliving.com\/de\/wp-json\/wp\/v2\/users\/2"}],"replies":[{"embeddable":true,"href":"https:\/\/kozeliving.com\/de\/wp-json\/wp\/v2\/comments?post=13402"}],"version-history":[{"count":4,"href":"https:\/\/kozeliving.com\/de\/wp-json\/wp\/v2\/pages\/13402\/revisions"}],"predecessor-version":[{"id":14268,"href":"https:\/\/kozeliving.com\/de\/wp-json\/wp\/v2\/pages\/13402\/revisions\/14268"}],"wp:featuredmedia":[{"embeddable":true,"href":"https:\/\/kozeliving.com\/de\/wp-json\/wp\/v2\/media\/13737"}],"wp:attachment":[{"href":"https:\/\/kozeliving.com\/de\/wp-json\/wp\/v2\/media?parent=13402"}],"curies":[{"name":"wp","href":"https:\/\/api.w.org\/{rel}","templated":true}]}}