{"id":13396,"date":"2026-03-18T11:36:44","date_gmt":"2026-03-18T10:36:44","guid":{"rendered":"https:\/\/staging.kozeliving.com\/matratzenkuehler-fuer-partner-denen-es-im-bett-zu-heiss-wird\/"},"modified":"2026-04-08T17:03:48","modified_gmt":"2026-04-08T15:03:48","slug":"partner-zu-heiss-im-bett","status":"publish","type":"page","link":"https:\/\/kozeliving.com\/de\/partner-zu-heiss-im-bett\/","title":{"rendered":"Partner zu hei\u00df zum Kuscheln? Schlaft endlich beide bei Idealtemperatuur!"},"content":{"rendered":"\n<h5>\n\t\t\tCoolSleep\t<\/h5>\n<h1>\n\t\t\tPartner zu hei\u00df zum Kuscheln?<br \/>CoolSleep: Endlich frisch schlafen  <br \/> ohne Hitze im Bett.\t<\/h1>\n\t\t\t<a href=\"https:\/\/kozeliving.com\/de\/produkt\/bett-kuehler\/\"  target=\"_self\">\n\t\t\t\t\t\t\tentdecke Coolsleep\u00ae \n\t\t\t\t\t<\/a>\n\t\t\t\t\t\t\t<img decoding=\"async\" src=\"https:\/\/kozeliving.com\/wp-content\/uploads\/2026\/03\/icoon-houd-je-lichaam-koel-grey.png\" alt=\"icoon - houd je lichaam koel - grey\" width=\"568\" height=\"568\" title=\"\">\n\t\t\t\t\t\t<h4>CoolSleep  <\/h4>\t\t\t\t\t\n\t\t\t\t\t<p>Individuelle K\u00fchlung ohne St\u00f6rung des Partners<\/p>\t\t\t\t\n\t\t\t\t\t\t\t<img decoding=\"async\" src=\"https:\/\/kozeliving.com\/wp-content\/uploads\/2026\/02\/icoon-past-op-elk-matras-grey.png\" alt=\"icoon - past op elk matras - grey\" width=\"568\" height=\"568\" title=\"\">\n\t\t\t\t\t\t<h4>CoolSleep<\/h4>\t\t\t\t\t\n\t\t\t\t\t<p>Deine Seite, dein Klima, keine Argumente mehr<\/p>\t\t\t\t\n\t\t\t\t\t\t\t<img decoding=\"async\" src=\"https:\/\/kozeliving.com\/wp-content\/uploads\/2026\/03\/icoon-maximal-hygiene-in-bed-grey.png\" alt=\"icoon - maximal hygie\u0308ne in bed - grey\" width=\"568\" height=\"568\" title=\"\">\n\t\t\t\t\t\t<h4>CoolSleep<\/h4>\t\t\t\t\t\n\t\t\t\t\t<p>Passt auf jede Matratze<\/p>\t\t\t\t\n\t<iframe allowfullscreen allow=\"autoplay\" data-src=\"https:\/\/www.youtube-nocookie.com\/embed\/4X9FUzOHLhQ?feature=oembed&amp;autoplay=1&amp;playlist=4X9FUzOHLhQ&amp;start=3&amp;end=15&amp;wmode=opaque&amp;loop=1&amp;controls=1&amp;mute=1&amp;rel=0&amp;modestbranding=1\"><\/iframe>\t\t\n\t\t\t\t\tPlay Video\n<h2>\n\t\t\tWieder entspannt gemeinsam einschlafen? Die KOZ-E k\u00fchlende Matratze hilft euch dabei.\t<\/h2>\n<h3>\n\t\t\tCoolSleep fresh together, Schlafe frisch neben einem hei\u00dfen Schl\u00e4fer\t<\/h3>\n\tViele Paare kennen das: Man kann sich einfach nicht auf die ideale Temperatur im Bett einigen. Was eigentlich ein gem\u00fctlicher Moment sein sollte, wird mit der Zeit zu einer kleinen Belastung f\u00fcr die Beziehung. W\u00e4hrend der eine es gerne kuschelig warm mag, sehnt sich de andere nach einer angenehmen Frische zum Schlafen.\nEhrlicherweise ist das kein Grund f\u00fcr Streit oder schlechte Laune. Mit der KOZ-E k\u00fchlenden Matratze finden du und dein Partner eure ganz pers\u00f6nliche Wohlf\u00fchltemperatur. So k\u00f6nnt ihr die N\u00e4he wieder genie\u00dfen, ohne dass es einem von euch zu warm wird. Einfach besser schlafen &#8211; gemeinsam.\n\t\t<h5>Entdecke den Komfort des Kuschelns, w\u00e4hrend du frisch bleibst.<\/h5>\n\t\t<p>Mit KOZ-E CoolSleep neutralisierst du die Hitze und bewahrst die Intimit\u00e4t.<\/p>\n\t\t\t<a href=\"https:\/\/kozeliving.com\/de\/produkt\/bett-kuehler\/\"  target=\"_self\">\n\t\t\t\t\t\t\tMehr Infos\n\t\t\t\t\t<\/a>\n<h2>\n\t\t\tCoolSleep: Ein Bett, zwei Temperaturen. Endlich eine M\u00f6glichkeit, in Harmonie zu schlafen, ohne zu \u00fcberhitzen \t<\/h2>\n<h3>\n\t\t\tSchlaf frisch und harmonisch neben deinem Partner, ohne zu \u00fcberhitzen\t<\/h3>\n\t<p>CoolSleep ist die ultimative komfortable Schlafl\u00f6sung f\u00fcr warme und kalte Schl\u00e4fer, die das gleiche Bett teilen. Unsere k\u00fchlenden Matratzen sind 90 Zentimeter breit. Auf einem Standard-Doppelbett ist gerade genug Platz f\u00fcr zwei von ihnen nebeneinander. So k\u00f6nnt ihr beide euer ideales Bettklima selbst bestimmen. Eine optimale Schlaftemperatur ist sehr wichtig f\u00fcr einen erholsamen Nachtschlaf. Du schl\u00e4fst schneller ein und genie\u00dft tiefere, ununterbrochene N\u00e4chte ohne Streit. Mit der Steuereinheit, die du ganz einfach vom Bett aus bedienen kannst, kannst du die Temperatur auf deiner Seite des Bettes von 12 bis mindestens 48 Grad einstellen.<\/p>\n\t\t<h2>Man muss nicht mehr getrennt schlafen, nur weil es dem Partner zu warm ist.<\/h2>\n\t\t<p>Genie\u00dft frische N\u00e4chte und die N\u00e4he zueinander &#8211; mit der KOZ-E CoolSleep-Matratzenk\u00fchlung.<\/p>\n\t\t\t<a href=\"https:\/\/kozeliving.com\/de\/coolsleep-matratzenkuehlung\/\"  target=\"_self\">\n\t\t\t\t\t\t\tmehr \u00fcber CoolSleep \n\t\t\t\t\t<\/a>\n<figure itemscope itemtype=\"https:\/\/schema.org\/ImageObject\">\n\t\t\t\t<img decoding=\"async\" src=\"https:\/\/kozeliving.com\/wp-content\/uploads\/2026\/03\/Firefly_Gemini-Flash_could-you-add-temperatuur-bar-in-circle-shape-above-the-white-duvet-de-man-side-is-307325.png\" alt=\"Firefly_Gemini Flash_could you add temperatuur bar in circle shape, above the white duvet, de man side is 307325\" height=\"672\" width=\"1595\" title=\"Firefly_Gemini Flash_could you add temperatuur bar in circle shape, above the white duvet, de man side is 307325\" onerror=\"this.style.display='none'\" loading=\"lazy\" \/>\n\t<\/figure>\n<h2>\n\t\t\tCoolSleep ist die k\u00fchlste L\u00f6sung f\u00fcr einen Partner, der ein hei\u00dfer Schl\u00e4fer ist  \t<\/h2>\n<h3>\n\t\t\tNeutralisiert \u00fcbersch\u00fcssige K\u00f6rperw\u00e4rme und sorgt die ganze Nacht f\u00fcr ein perfektes Schlafklima von 18\u00b0C.\t<\/h3>\n\t<p>Wird die K\u00f6rpertemperatur deines Partners im Bett zu hei\u00df, so dass ihr beide mitten in der Nacht aufwachen m\u00fcsst? Die L\u00f6sung f\u00fcr eine unruhige Nacht ist vielleicht einfacher, als du denkst. F\u00fcr die meisten Menschen liegt die optimale Schlaftemperatur bei 18\u00b0C bis 19\u00b0C. Doch dicke Bettdecken, ein warmes Zimmer oder die eigene K\u00f6rperw\u00e4rme deines Partners k\u00f6nnen dazu f\u00fchren, dass das Bett \u00fcberhitzt. Wenn es deinem Partner im Bett zu warm wird, st\u00f6rt das den Tiefschlafzyklus f\u00fcr alle. Mit kOZ-E CoolSleep kannst du die Temperatur im Bett neutralisieren und endlich die ganze Nacht durchschlafen.     <\/p>\n\t\t<h5><a href=\"https:\/\/kozeliving.com\/de\/wissenschaftliche-beweise\/\" target=\"_self\">Warum ist k\u00fchler Schlaf so wichtig f\u00fcr deine Gesundheit?<\/a><\/h5><p>CoolSleep hilft dir, schneller und ungest\u00f6rt einzuschlafen. Von Schlafexperten anerkannt und mit einer 3-Jahres-Garantie versehen.<\/p>\n\t\t\t<a href=\"https:\/\/kozeliving.com\/de\/wissenschaftliche-beweise\/\"  target=\"_self\">\n\t\t\t\t\t\t\tWarum k\u00fchler Schlaf  \n\t\t\t\t\t<\/a>\n<h2>\n\t\t\tCoolSleep: Mehr Kuscheln, zusammen schlafen und sich frisch und k\u00fchl f\u00fchlen &#8211; sogar in hei\u00dfen Sommern\u00e4chten.\t<\/h2>\n<h3>\n\t\t\tDie Vertrautheit in eurer Beziehung bewahren\t<\/h3>\n\t<p>Wenn deinem Partner oder deiner Partnerin im Bett zu hei\u00df wird, ist die Intimit\u00e4t das Erste, was verschwindet. Ihr seid dann vielleicht gezwungen, am \u00e4u\u00dfersten Rand der Matratze zu schlafen &#8211; oder sogar in getrennten Zimmern &#8211; nur um k\u00fchl zu bleiben. Das st\u00f6rt nicht nur euren Schlaf, sondern schafft auch eine Distanz zwischen euch. kOZ-E CoolSleep wurde speziell daf\u00fcr entwickelt, dass ihr beide k\u00fchl und bequem miteinander schlafen k\u00f6nnt. Durch die aktive K\u00fchlung wird \u00fcbersch\u00fcssige W\u00e4rme abgeleitet, so dass du k\u00fchl und bequem schlafen kannst, ohne dich \u00fcberhitzt zu f\u00fchlen. Wenn ihr aufwacht, f\u00fchlt ihr euch einander n\u00e4her als je zuvor.     <\/p>\n\t\t<h5>Schlaf frisch und harmonisch an der Seite deines Partners  <\/h5>\n\t\t<p>Einfach die Freude, jeden Morgen gemeinsam aufzuwachen<\/p>\n\t\t\t<a href=\"https:\/\/kozeliving.com\/de\/produkt\/bett-kuehler\/\"  target=\"_self\">\n\t\t\t\t\t\t\t30 N\u00e4chte Probezeit starten\n\t\t\t\t\t<\/a>\n<h2>\n\t\t\tCoolSleep: Deine ideale Temperatur, perfekt geregelt.\t<\/h2>\n<h3>\n\t\t\tWache trocken, erfrischt und bereit f\u00fcr den Tag auf.\t<\/h3>\n\tF\u00fcr viele Paare ist das gemeinsame Schlafen in einem Bett eine kleine Herausforderung &#8211; schlie\u00dflich ist jeder Mensch einzigartig, auch was die W\u00e4rmeempfindlichkeit angeht. Mit der KOZ-E-K\u00fchlmatratze geh\u00f6ren Diskussionen \u00fcber dicke Decken oder st\u00f6rende Ventilatoren der Vergangenheit an.<br \/>\nUnsere Matratzen sind 90 Zentimeter breit. Auf ein Standard-Doppelbett passen also genau zwei Matratzen nebeneinander. Das bedeutet f\u00fcr euch: Jeder kann sein eigenes, ideales Bettklima ganz individuell regulieren. Das ist echter Komfort, der verbindet statt trennt.\n\t\t<p>Probiere es zu Hause 30 N\u00e4chte lang aus. Nicht zufrieden? Geld zur\u00fcck.<\/p>\n\t\t\t<a href=\"https:\/\/kozeliving.com\/de\/produkt\/bett-kuehler\/\"  target=\"_self\">\n\t\t\t\t\t\t\tmehr \u00fcber CoolSleep\n\t\t\t\t\t<\/a>\n<h2>\n\t\t\tKeine elektromagnetische Strahlung im Bett\t<\/h2>\n<h3>\n\t\t\tErlebe die nat\u00fcrliche Effizienz eines wassergek\u00fchlten Schlafsystems zur W\u00e4rmeregulierung, von 12\u00b0C bis 48\u00b0C.\t<\/h3>\n\tCoolSleep nutzt ein innovatives K\u00fchlsystem, das neben deinem Bett steht. Das Wasser im Tank k\u00fchlt deine Matratze, ganz ohne Strom oder elektromagnetische Strahlung in deinem Bett. Kein unheimliches Durcheinander in deinem Bett, sondern einfach die nat\u00fcrliche Wirkung von kaltem Wasser. So kannst du sicher sein, dass du<br \/>\njede Nacht gesch\u00fctzt schl\u00e4fst, ohne Gesundheitsrisiken. K\u00fchle deine N\u00e4chte auf nat\u00fcrliche Weise. Bleibe k\u00fchl durch den direkten Kontakt von Wasser auf deiner Haut statt durch Lufterw\u00e4rmung wie bei Klimaanlagen.\n\t\t\t<a href=\"\"  target=\"_self\">\n\t\t\t\t\t\t\t30 N\u00e4chte lang risikofrei testen\n\t\t\t\t\t<\/a>\n\t\t\t<a href=\"\"  target=\"_self\">\n\t\t\t\t\t\t\t3 Jahre Garantie\n\t\t\t\t\t<\/a>\n\t\t\t<a href=\"\"  target=\"_self\">\n\t\t\t\t\t\t\tNiederl\u00e4ndisches Unternehmen\n\t\t\t\t\t<\/a>\n\t\t\t<a href=\"\"  target=\"_self\">\n\t\t\t\t\t\t\tSchnelle Lieferung\n\t\t\t\t\t<\/a>\n<figure itemscope itemtype=\"https:\/\/schema.org\/ImageObject\">\n\t\t\t\t<img decoding=\"async\" src=\"https:\/\/kozeliving.com\/wp-content\/uploads\/2024\/05\/KOZ-E_01-23-1200x1200-1.png\" alt=\"Hilfe bei Nachtschwei\u00df und Hitzewallungen in den Wechseljahren.\" height=\"2712\" width=\"3014\" title=\"KOZ-E_01-23-1200x1200\" onerror=\"this.style.display='none'\" loading=\"lazy\" \/>\n\t<\/figure>\n\t\t<h5><a href=\"https:\/\/kozeliving.com\/de\/produkt\/bett-kuehler\/\" target=\"_self\">Bist du bereit f\u00fcr CoolSleep-N\u00e4chte?<\/a><\/h5><p>Probiere es aus und sieh, wie es deinen Tiefschlaf beeinflusst:<\/p>\n<ul>\n<li>30 N\u00e4chte lang risikofrei testen<\/li>\n<li>3 Jahre Garantie<\/li>\n<li>Niederl\u00e4ndisches Unternehmen<\/li>\n<li>Schnelle Lieferung<\/li>\n<\/ul>\n<p>Profitiere von westlicher Innovationskraft, einem reibungslosen Kundenservice und einer schnellen Lieferung, ohne dir Gedanken \u00fcber unerwartete Zwischenf\u00e4lle an der Grenze machen zu m\u00fcssen. Wenn du dich f\u00fcr einen lokalen Anbieter entscheidest, unterst\u00fctzt du nicht nur lokale Unternehmen, sondern stellst auch sicher, dass dein CoolSleep \u00fcber eine k\u00fcrzere Transportstrecke zur\u00fccklegt, bevor es bei dir zu Hause ankommt.<\/p>\n\t\t\t<a href=\"https:\/\/kozeliving.com\/de\/produkt\/bett-kuehler\/\"  target=\"_self\">\n\t\t\t\t\t\t\tjetzt bestellen\n\t\t\t\t\t<\/a>\n<h2>CoolSleep Bett k\u00fchler<\/h2>\n\t<p>Die aktive Matratzenauflage k\u00fchlend mit pr\u00e4ziser Temperaturregulierung zwischen 12 \u00b0C und 48 \u00b0C f\u00fcr jede Nacht.<\/p>\n\t<a \n\t\thref=\"https:\/\/kozeliving.com\/de\/produkt\/bett-kuehler\/\" \n\t\ttarget=\"_self\" \n\t\t\t\tclass=\"button woopack-product-button woopack-product-button-custom\">\n\t\tmehr \u00fcber CoolSleep\t<\/a>\n  <!-- product-content -->\n\t\t\t <!-- summary -->\n\t\t <!-- woopack-single-product -->\n\t\t<figure itemscope itemtype=\"https:\/\/schema.org\/ImageObject\">\n\t\t\t\t<img decoding=\"async\" src=\"https:\/\/kozeliving.com\/wp-content\/uploads\/2026\/04\/Cool-bed.jpg\" alt=\"Cool bed\" height=\"1696\" width=\"2528\" title=\"Cool bed\" onerror=\"this.style.display='none'\" loading=\"lazy\" \/>\n\t<\/figure>\n<h5>\n\t\t\tKompakt und m\u00fchelos, passt in jedes Bett\t<\/h5>\n<h3>\n\t\t\tEin weiches K\u00fchlkissen, das die ganze Nacht \u00fcber bequem bleibt\t<\/h3>\n\t<p>Wir haben genau das Richtige f\u00fcr Sie. Egal, ob Sie eine Einzelmatratze, ein franz\u00f6sisches Bett of een Kingsize-Bett haben &#8211; unsere k\u00fchlenden Matratzenauflagen passen perfekt.<br \/>Mit einer Standardbreite von 90 cm (35 Zoll) ist das kOZ-E cooLsleep\u2122 so konzipiert, dass es auf jede Matratzengr\u00f6\u00dfe passt. Genie\u00dfen Sie k\u00fchlen und komfortablen Schlaf, unabh\u00e4ngig von Ihrer Bettgr\u00f6\u00dfe.  <\/p>\n\t\t\n\t\t<p>M\u00f6chtest du mehr \u00fcber die Vorteile von KOZ-E CoolSleep erfahren?<\/p>\n\t\t\t<a href=\"https:\/\/kozeliving.com\/de\/coolsleep-bett-kuehler\/\"  target=\"_self\">\n\t\t\t\t\t\t\tCoolSleep Vorteile\n\t\t\t\t\t<\/a>\n\t\t\t\t\t\t\t\t\t\t<button type=\"button\" id=\"fl-accordion--icon-0\" aria-expanded=\"true\" aria-controls=\"fl-accordion--panel-0\"><i>Collapse<\/i><\/button>\n\t\t\t\t\t<h4 id=\"fl-accordion--label-0\">KOZ-E<\/h4>\n\t\t\t\t\t<ul>\n<li>Einfachheit der Nutzung<\/li>\n<li>Verl\u00e4sslichkeit<\/li>\n<li>Komfort<\/li>\n<\/ul>\n\t\t\t\t\t\t\t\t\t\t<button type=\"button\" id=\"fl-accordion--icon-1\" aria-expanded=\"false\" aria-controls=\"fl-accordion--panel-1\"><i>Expand<\/i><\/button>\n\t\t\t\t\t<h4 id=\"fl-accordion--label-1\">Hauptmerkmale<\/h4>\n\t\t\t\t\t<ul>\n<li>Effiziente W\u00e4rmeableitung: Unser Hochleistungs-Wasserk\u00fchlsystem leitet \u00fcbersch\u00fcssige W\u00e4rme direkt von Ihrem K\u00f6rper ab.<\/li>\n<li>Fl\u00fcsterleiser Betrieb: Ger\u00e4uscharm konzipiert f\u00fcr einen ungest\u00f6rten und tiefen Schlaf.<\/li>\n<li>Weich gepolsterte Auflage f\u00fcr ein angenehmes Liegegef\u00fchl.<\/li>\n<li>Vormontierte Spanngurte, die auf jede Matratzengr\u00f6\u00dfe passen.<\/li>\n<li>Gro\u00dfer Wassertank mit automatischer Warnanzeige bei Wassermangel.<\/li>\n<li>Langlebiges Design: Hochwertige Verarbeitung f\u00fcr jahrelange Zuverl\u00e4ssigkeit.<\/li>\n<li>Ganzj\u00e4hrig nutzbar: Verwenden Sie das System auch im Winter &#8211; es w\u00e4rmt Sie in kalten N\u00e4chten zuverl\u00e4ssig bis zu 48\u00b0C.<\/li>\n<\/ul>\n\t\t\t\t\t\t\t\t\t\t<button type=\"button\" id=\"fl-accordion--icon-2\" aria-expanded=\"false\" aria-controls=\"fl-accordion--panel-2\"><i>Expand<\/i><\/button>\n\t\t\t\t\t<h4 id=\"fl-accordion--label-2\">CoolSleep von KOZ-E<\/h4>\n\t\t\t\t\t<h4>Der Matratzen k\u00fchler, der dich in warmen N\u00e4chten angenehm k\u00fchl h\u00e4lt<\/h4>\n<p>Da bekommt man richtig Lust, ins Bett zu gehen.<\/p>\n<ul>\n<li>Leistungsstark und fl\u00fcsterleise<\/li>\n<li>Komfortabel und einfach<\/li>\n<li>Passt auf jedes Bett<\/li>\n<\/ul>\n<h4>Produktvorteile:<\/h4>\n<ul>\n<li>Effiziente W\u00e4rmeableitung: Unser Hochleistungs-Wasserk\u00fchlsystem leitet \u00fcbersch\u00fcssige W\u00e4rme direkt von Ihrem K\u00f6rper ab.<\/li>\n<li>Fl\u00fcsterleiser Betrieb f\u00fcr ungest\u00f6rten Schlaf<\/li>\n<li>Weich gepolsterte Auflage f\u00fcr ein angenehmes Liegegef\u00fchl.<\/li>\n<li>Vormontierte Spanngurte, die auf jede Matratzengr\u00f6\u00dfe passen.<\/li>\n<li>Gro\u00dfer Wassertank mit automatischer Warnanzeige bei Wassermangel.<\/li>\n<li>Langlebiges Design: Hochwertige Verarbeitung f\u00fcr jahrelange Zuverl\u00e4ssigkeit.<\/li>\n<li>Use it in winter:it also warms on cold nights<\/li>\n\n<\/ul>\n\t\t\t\t\t\t\t\t\t\t<button type=\"button\" id=\"fl-accordion--icon-3\" aria-expanded=\"false\" aria-controls=\"fl-accordion--panel-3\"><i>Expand<\/i><\/button>\n\t\t\t\t\t<h4 id=\"fl-accordion--label-3\">Vorteile f\u00fcr dich<\/h4>\n\t\t\t\t\t<ul>\n<li>Schneller einschlafen, selbst an hei\u00dfen Sommertagen.<\/li>\n<li>Tiefer und ungest\u00f6rter Schlaf &#8211; das ganze Jahr \u00fcber.<\/li>\n<li>Individueller Komfort: Stellen Sie Ihre Wunschtemperatur pr\u00e4zise ab 12 Grad ein.<\/li>\n<\/ul>\n\t\t<h5><a href=\"https:\/\/nl.trustpilot.com\/review\/kozeliving.com\" target=\"_self\">Echte Erfahrungen:<\/a><\/h5><p>Das sagt unsere Community nach mehr als 6 Monaten mit kOZ-E CoolSleep\u2122<\/p>\n\t\t\t<a href=\"https:\/\/nl.trustpilot.com\/review\/kozeliving.com\"  target=\"_self\">\n\t\t\t\t\t\t\tMehr Bewertungen lesen\n\t\t\t\t\t<\/a>\n\t\t\t\tTop-Produkt \nDiese Matratze hat mir im Winter mit ihrer W\u00e4rme und im Sommer mit ihrer K\u00fchle sehr geholfen. Dadurch schlafe ich jetzt viel besser.\nIch m\u00f6chte sie nicht mehr missen.\ud83d\ude0a\ud83d\udc4d\n\t\t\t\t<h4>Anneke<\/h4>\n\t\t\t\t&#8222;Bessere N\u00e4chte mit dem Matratzenk\u00fchler\nLetztes Jahr habe ich mir den Matratzenk\u00fchler gekauft. Ich bin jemand, dem nachts schnell (wirklich sehr schnell) hei\u00df wird, und im Sommer wird es bei mir zu Hause unglaublich hei\u00df. Der Matratzenk\u00fchler ist ein echter Gl\u00fccksfall. Sogar mein Whoop zeigt, dass ich besser schlafe und mich besser erhole, wenn ich mit dem Matratzenk\u00fchler schlafe. Einfach zu bedienen und relativ leise. Sehr zu empfehlen!&#8220;\n\t\t\t\t<h4>Nikita<\/h4>\n\t\t\t\t<p>&#8222;Ich habe die KOZ-E Sleep-Matratzenauflage nun seit 9 Monaten und bin wirklich sehr zufrieden damit. Was f\u00fcr eine Verbesserung! Ich schwitze nachts nicht mehr; die Temperatur ist genau richtig. Ich kann sie jedem empfehlen.&#8220;<\/p>\n\t\t\t\t<h4>Mark<\/h4>\n<h2>\n\t\t\tWas sagt ein Schlafexperte?\t<\/h2>\n\t\t\t\t&#8222;Als Schlafforscher wei\u00df ich, dass zu warm oder zu kalt eines der Hauptprobleme f\u00fcr einen guten Schlaf ist. Vor allem die Einschlaflatenz wird negativ beeinflusst; es dauert l\u00e4nger, bis man einschl\u00e4ft, wenn es im Bett zu warm oder zu kalt ist.\nDeshalb habe ich im Jahr 2023 KOZ-E Sleep getestet. Ich stellte fest, dass das Produkt ausgezeichnet funktioniert; sowohl das K\u00fchlen als auch das W\u00e4rmen waren sehr angenehm. KOZ-E Sleep kann dazu beitragen, dass man in warmen Sommer- und kalten Wintern\u00e4chten leichter einschl\u00e4ft und besser durchschl\u00e4ft.&#8220;\nThat&#8217;s why in 2023 I&#8217;ve tested the KOZ-E sleep. We see that the product performs well from a functional point of view; both cooling and warming works well and is comfortable. It can help you fall asleep more easy and better during a heatwave or a cold winter.&#8220;\n\t\t\t\t<h4>Geert<\/h4>\n<figure itemscope itemtype=\"https:\/\/schema.org\/ImageObject\">\n\t\t\t\t<img decoding=\"async\" src=\"https:\/\/kozeliving.com\/wp-content\/uploads\/2024\/05\/GEERT-DOORLAG.jpeg\" alt=\"GEERT DOORLAG\" height=\"896\" width=\"1600\" title=\"GEERT DOORLAG\" onerror=\"this.style.display='none'\" loading=\"lazy\" \/>\n\t<\/figure>\n\t<h6>GEERT DOORSLAG<\/h6>\n<p>Schlafforscher Koninglijke, Auping<\/p>\n\t<p>Geert Doorlag ist Forscher bei Royal Auping und besch\u00e4ftigt sich mit zwei strategischen Themen: Schlaf und Nachhaltigkeit. Ausgebildet an der Technischen Universit\u00e4t Delft als Industriedesigner (MSc 2008), arbeitet er seit 2009 bei Auping, zun\u00e4chst als Produktentwickler, dann als Test- und Validierungsingenieur und in den letzten Jahren als Forscher.<\/p>\n<h2>\n\t\t\tEndlich: In Harmonie aufwachen und die Intimit\u00e4t eines gemeinsamen Bettes genie\u00dfen, ohne die Hitze\t<\/h2>\n<h3>\n\t\t\tDu und dein Partner schlafen mit der perfekten Temperatur &#8211; nie zu warm und nie zu kalt.\t<\/h3>\n\t<p>Der Kampf mit dem Partner, dem es im Bett zu hei\u00df wird, ist vorbei. Nie mehr auf getrennten Seiten schlafen, CoolSleep hilft dir, nah bei dir zu bleiben und frisch zu schlafen.<\/p>\n\t\t<h4><a href=\"https:\/\/kozeliving.com\/de\/produkt\/bett-kuehler\/\" target=\"_self\">Bist du bereit f\u00fcr frischen Schlaf?<\/a><\/h4><p>Probiere es aus und finde heraus, wie es deinen Tiefschlaf beeinflusst<\/p>\n\t\t\t<a href=\"https:\/\/kozeliving.com\/de\/produkt\/bett-kuehler\/\"  target=\"_self\">\n\t\t\t\t\t\t\tCoolSleep risikofrei testen\n\t\t\t\t\t<\/a>\n<h2>\n\t\t\tCoolSleep Matratzenk\u00fchler FAQ\t<\/h2>\n\t\t\t\t<h2>Was kann ich f\u00fcr meinen Partner tun, der zu hei\u00df im Bett schl\u00e4ft?<\/h2>\n\t\t\t\t\t<p>Wenn sich dein Partner wie ein &#8222;menschlicher Ofen&#8220; f\u00fchlt, reichen Standardtipps wie das \u00d6ffnen eines Fensters oder der Kauf von Baumwollbettw\u00e4sche oft nicht aus. Um das Problem wirklich zu l\u00f6sen, musst du die Hitze dort bek\u00e4mpfen, wo sie entsteht: auf der Schlafoberfl\u00e4che. Hier ist, was du tun kannst Verwende eine k\u00fchlende Matratzenauflage wie die kOZ-E CoolSleep. Weil sie 90 cm breit ist, kannst du die Seite deines Partners auf 12 \u00b0C abk\u00fchlen, ohne dass du im Bett frierst. Anstelle von &#8222;atmungsaktiven&#8220; Stoffen, die sich mit der Zeit erw\u00e4rmen, nutzt kOZ-E die Wasserk\u00fchlungstechnologie, um \u00fcbersch\u00fcssige K\u00f6rperw\u00e4rme die ganze Nacht lang aktiv zu neutralisieren und abzutransportieren. Es hilft dem K\u00f6rper deines Partners, die optimale Schlaftemperatur von 18\u00b0C-19\u00b0C zu erreichen. So wird das st\u00e4ndige Hin- und Herdrehen gestoppt und das anstrengende n\u00e4chtliche Schwitzen verhindert. Durch die Regulierung der Temperatur auf der Seite des Partners k\u00f6nnt ihr euch endlich nahe sein und mehr Umarmungen genie\u00dfen, ohne dass ihr euch \u00fcberhitzt f\u00fchlt.       <\/p>\n\t\t\t\t<h2>Ist es m\u00f6glich, meinen Partner von einem hei\u00dfen Schl\u00e4fer auf eine normale K\u00f6rpertemperatur zu bringen?<\/h2>\n\t\t\t\t\t<p>Du kannst ihren Stoffwechsel nicht \u00e4ndern, aber du kannst die W\u00e4rme, die sie produzieren, neutralisieren. Wenn die K\u00f6rpertemperatur eines Partners oder einer Partnerin im Bett zu hei\u00df wird, liegt das oft daran, dass das Bettzeug als Isolator wirkt. Mit der CoolSleep Matratzenauflage sorgst du f\u00fcr eine &#8222;W\u00e4rmesenke&#8220;, die die \u00fcbersch\u00fcssige W\u00e4rme von der Haut ableitet. Dadurch wird die Kerntemperatur auf nat\u00fcrliche Weise gesenkt, so dass sie im &#8222;normalen&#8220; Bereich von 18\u00b0C bis 19\u00b0C bleibt, dem idealen Bereich f\u00fcr tiefen, erholsamen Schlaf.   <\/p>\n\t\t\t\t<h2>Wie hilft die CoolSleep k\u00fchlende Matratzenauflage Partnern, denen es zu hei\u00df wird?<\/h2>\n\t\t\t\t\t<p>Das kOZ-E CoolSleep wurde speziell f\u00fcr hei\u00dfe Schl\u00e4fer entwickelt.  W\u00e4hrend eine normale Matratze die K\u00f6rperw\u00e4rme aufnimmt und speichert, pumpt unser wassergek\u00fchlter Topper diese W\u00e4rme aktiv ab.  <b data-path-to-node=\"9,0,0\" data-index-in-node=\"0\"><\/b>Da es 90 cm breit ist, k\u00fchlt es nur die Seite der Person, die sich abm\u00fcht. Es f\u00e4ngt nicht einfach kalt an und erw\u00e4rmt sich dann wieder; es bleibt die ganze Nacht \u00fcber auf der von dir eingestellten Temperatur (bis zu 12\u00b0C). So kann der hei\u00dfe Schl\u00e4fer k\u00fchl genug bleiben, um zu kuscheln und eng zu schlafen, ohne dass der andere Partner friert.  <\/p>\n\n","protected":false},"excerpt":{"rendered":"<p>CoolSleep Partner zu hei\u00df zum Kuscheln?CoolSleep: Endlich frisch schlafen ohne Hitze im Bett. entdecke Coolsleep\u00ae CoolSleep Individuelle K\u00fchlung ohne St\u00f6rung des Partners CoolSleep Deine Seite, dein Klima, keine Argumente mehr CoolSleep Passt auf jede Matratze Play Video Wieder entspannt gemeinsam einschlafen? Die KOZ-E k\u00fchlende Matratze hilft euch dabei. CoolSleep fresh together, Schlafe frisch neben einem&hellip;<\/p>\n","protected":false},"author":2,"featured_media":13562,"parent":0,"menu_order":0,"comment_status":"closed","ping_status":"closed","template":"","meta":{"_acf_changed":false,"inline_featured_image":false,"footnotes":""},"class_list":["post-13396","page","type-page","status-publish","has-post-thumbnail","hentry"],"acf":[],"_links":{"self":[{"href":"https:\/\/kozeliving.com\/de\/wp-json\/wp\/v2\/pages\/13396","targetHints":{"allow":["GET"]}}],"collection":[{"href":"https:\/\/kozeliving.com\/de\/wp-json\/wp\/v2\/pages"}],"about":[{"href":"https:\/\/kozeliving.com\/de\/wp-json\/wp\/v2\/types\/page"}],"author":[{"embeddable":true,"href":"https:\/\/kozeliving.com\/de\/wp-json\/wp\/v2\/users\/2"}],"replies":[{"embeddable":true,"href":"https:\/\/kozeliving.com\/de\/wp-json\/wp\/v2\/comments?post=13396"}],"version-history":[{"count":6,"href":"https:\/\/kozeliving.com\/de\/wp-json\/wp\/v2\/pages\/13396\/revisions"}],"predecessor-version":[{"id":14263,"href":"https:\/\/kozeliving.com\/de\/wp-json\/wp\/v2\/pages\/13396\/revisions\/14263"}],"wp:featuredmedia":[{"embeddable":true,"href":"https:\/\/kozeliving.com\/de\/wp-json\/wp\/v2\/media\/13562"}],"wp:attachment":[{"href":"https:\/\/kozeliving.com\/de\/wp-json\/wp\/v2\/media?parent=13396"}],"curies":[{"name":"wp","href":"https:\/\/api.w.org\/{rel}","templated":true}]}}